{"id":3750,"date":"2021-05-13T12:53:00","date_gmt":"2021-05-13T12:53:00","guid":{"rendered":"https:\/\/questheroes.es\/?page_id=3750"},"modified":"2026-01-13T15:34:19","modified_gmt":"2026-01-13T14:34:19","slug":"o-nas","status":"publish","type":"page","link":"https:\/\/questheroes.es\/pl\/about-us\/","title":{"rendered":"O nas"},"content":{"rendered":"<div data-elementor-type=\"wp-page\" data-elementor-id=\"3750\" class=\"elementor elementor-3750\">\n\t\t\t\t\t\t<section class=\"elementor-section elementor-top-section elementor-element elementor-element-69d251f elementor-section-boxed elementor-section-height-default elementor-section-height-default sc_fly_static\" data-id=\"69d251f\" data-element_type=\"section\" data-e-type=\"section\" data-settings=\"{&quot;background_background&quot;:&quot;classic&quot;}\">\n\t\t\t\t\t\t<div class=\"elementor-container elementor-column-gap-extended\">\n\t\t\t\t\t<div class=\"elementor-column elementor-col-100 elementor-top-column elementor-element elementor-element-ff3f4a1 sc_content_align_inherit sc_layouts_column_icons_position_left sc_fly_static\" data-id=\"ff3f4a1\" data-element_type=\"column\" data-e-type=\"column\">\n\t\t\t<div class=\"elementor-widget-wrap elementor-element-populated\">\n\t\t\t\t\t\t<section class=\"elementor-section elementor-inner-section elementor-element elementor-element-90956c9 elementor-section-content-middle elementor-section-boxed elementor-section-height-default elementor-section-height-default sc_fly_static\" data-id=\"90956c9\" data-element_type=\"section\" data-e-type=\"section\">\n\t\t\t\t\t\t<div class=\"elementor-container elementor-column-gap-no\">\n\t\t\t\t\t<div class=\"elementor-column elementor-col-50 elementor-inner-column elementor-element elementor-element-ec6a82b sc_content_align_inherit sc_layouts_column_icons_position_left sc_fly_static\" data-id=\"ec6a82b\" data-element_type=\"column\" data-e-type=\"column\">\n\t\t\t<div class=\"elementor-widget-wrap elementor-element-populated\">\n\t\t\t\t\t\t<section class=\"elementor-section elementor-inner-section elementor-element elementor-element-8056e7f elementor-section-boxed elementor-section-height-default elementor-section-height-default sc_fly_static\" data-id=\"8056e7f\" data-element_type=\"section\" data-e-type=\"section\">\n\t\t\t\t\t\t<div class=\"elementor-container elementor-column-gap-extended\">\n\t\t\t\t\t<div class=\"elementor-column elementor-col-100 elementor-inner-column elementor-element elementor-element-21a3f89 sc_content_align_inherit sc_layouts_column_icons_position_left sc_fly_static\" data-id=\"21a3f89\" data-element_type=\"column\" data-e-type=\"column\">\n\t\t\t<div class=\"elementor-widget-wrap elementor-element-populated\">\n\t\t\t\t\t\t<section class=\"elementor-section elementor-inner-section elementor-element elementor-element-54adb77 elementor-section-boxed elementor-section-height-default elementor-section-height-default sc_fly_static\" data-id=\"54adb77\" data-element_type=\"section\" data-e-type=\"section\">\n\t\t\t\t\t\t<div class=\"elementor-container elementor-column-gap-no\">\n\t\t\t\t\t<div class=\"elementor-column elementor-col-50 elementor-inner-column elementor-element elementor-element-5f8a658 sc_content_align_inherit sc_layouts_column_icons_position_left sc_fly_static\" data-id=\"5f8a658\" data-element_type=\"column\" data-e-type=\"column\">\n\t\t\t<div class=\"elementor-widget-wrap elementor-element-populated\">\n\t\t\t\t\t\t<div class=\"elementor-element elementor-element-39f7626 elementor-widget elementor-widget-spacer\" data-id=\"39f7626\" data-element_type=\"widget\" data-e-type=\"widget\" data-widget_type=\"spacer.default\">\n\t\t\t\t\t\t\t<div class=\"elementor-spacer\">\n\t\t\t<div class=\"elementor-spacer-inner\"><\/div>\n\t\t<\/div>\n\t\t\t\t\t\t<\/div>\n\t\t\t\t<div class=\"elementor-element elementor-element-f0554d2 no-title elementor-widget elementor-widget-image\" data-id=\"f0554d2\" data-element_type=\"widget\" data-e-type=\"widget\" data-widget_type=\"image.default\">\n\t\t\t\t\t\t\t\t\t\t\t\t\t\t\t<img decoding=\"async\" src=\"https:\/\/questheroes.es\/wp-content\/uploads\/elementor\/thumbs\/unnamed234-e1697880807235-qls3imdr7z9cfvq18kx8398hzjfphdgfabsksi9re0.jpeg\" title=\"unnamed234\" alt=\"unnamed234\" loading=\"lazy\" \/>\t\t\t\t\t\t\t\t\t\t\t\t\t\t\t<\/div>\n\t\t\t\t<div class=\"elementor-element elementor-element-231107d sc_layouts_hide_on_mobile elementor-widget elementor-widget-spacer\" data-id=\"231107d\" data-element_type=\"widget\" data-e-type=\"widget\" data-widget_type=\"spacer.default\">\n\t\t\t\t\t\t\t<div class=\"elementor-spacer\">\n\t\t\t<div class=\"elementor-spacer-inner\"><\/div>\n\t\t<\/div>\n\t\t\t\t\t\t<\/div>\n\t\t\t\t\t<\/div>\n\t\t<\/div>\n\t\t\t\t<div class=\"elementor-column elementor-col-50 elementor-inner-column elementor-element elementor-element-bf8862d sc_content_align_inherit sc_layouts_column_icons_position_left sc_fly_static\" data-id=\"bf8862d\" data-element_type=\"column\" data-e-type=\"column\">\n\t\t\t<div class=\"elementor-widget-wrap elementor-element-populated\">\n\t\t\t\t\t\t<div class=\"elementor-element elementor-element-0a1cb12 no-title elementor-widget elementor-widget-image\" data-id=\"0a1cb12\" data-element_type=\"widget\" data-e-type=\"widget\" data-widget_type=\"image.default\">\n\t\t\t\t\t\t\t\t\t\t\t\t\t\t\t<img decoding=\"async\" src=\"https:\/\/questheroes.es\/wp-content\/uploads\/elementor\/thumbs\/unnamed-e1697880772770-qls3ib3re45fbls4ah5umnwcdw41340s1w1nw75fls.jpeg\" title=\"nienazwany\" alt=\"\u0141\u00f3d\u017a na Majorce\" loading=\"lazy\" \/>\t\t\t\t\t\t\t\t\t\t\t\t\t\t\t<\/div>\n\t\t\t\t\t<\/div>\n\t\t<\/div>\n\t\t\t\t\t<\/div>\n\t\t<\/section>\n\t\t\t\t\t<\/div>\n\t\t<\/div>\n\t\t\t\t\t<\/div>\n\t\t<\/section>\n\t\t\t\t\t<\/div>\n\t\t<\/div>\n\t\t\t\t<div class=\"elementor-column elementor-col-50 elementor-inner-column elementor-element elementor-element-57104bc sc_content_align_inherit sc_layouts_column_icons_position_left sc_fly_static\" data-id=\"57104bc\" data-element_type=\"column\" data-e-type=\"column\">\n\t\t\t<div class=\"elementor-widget-wrap elementor-element-populated\">\n\t\t\t\t\t\t<div class=\"elementor-element elementor-element-90bedd7 elementor-widget elementor-widget-spacer\" data-id=\"90bedd7\" data-element_type=\"widget\" data-e-type=\"widget\" data-widget_type=\"spacer.default\">\n\t\t\t\t\t\t\t<div class=\"elementor-spacer\">\n\t\t\t<div class=\"elementor-spacer-inner\"><\/div>\n\t\t<\/div>\n\t\t\t\t\t\t<\/div>\n\t\t\t\t<div class=\"elementor-element elementor-element-f4f45b5 sc_fly_static elementor-widget elementor-widget-trx_sc_title\" data-id=\"f4f45b5\" data-element_type=\"widget\" data-e-type=\"widget\" data-widget_type=\"trx_sc_title.default\">\n\t\t\t\t<div class=\"elementor-widget-container\">\n\t\t\t\t\t<div\t\tclass=\"sc_title sc_title_default\" ><span class=\"sc_item_subtitle sc_title_subtitle sc_item_subtitle_above sc_item_title_style_default\">Bohaterowie misji<\/span><h1 class=\"sc_item_title sc_title_title sc_item_title_style_default sc_item_title_tag\"\n\t\t\t><span class=\"sc_item_title_text\">Wynajem \u0142odzi na Majorce<\/span><\/h1><\/div>\t\t\t\t<\/div>\n\t\t\t\t<\/div>\n\t\t\t\t<div class=\"elementor-element elementor-element-6e0fd19 elementor-widget elementor-widget-spacer\" data-id=\"6e0fd19\" data-element_type=\"widget\" data-e-type=\"widget\" data-widget_type=\"spacer.default\">\n\t\t\t\t\t\t\t<div class=\"elementor-spacer\">\n\t\t\t<div class=\"elementor-spacer-inner\"><\/div>\n\t\t<\/div>\n\t\t\t\t\t\t<\/div>\n\t\t\t\t<div class=\"elementor-element elementor-element-6991c9e elementor-widget elementor-widget-text-editor\" data-id=\"6991c9e\" data-element_type=\"widget\" data-e-type=\"widget\" data-widget_type=\"text-editor.default\">\n\t\t\t\t\t\t\t\t\t<p><span lang=\"EN-US\">Witamy w firmie Boat Rental Quest Heroes z siedzib\u0105 w Port de Alcudia na Majorce.  Zosta\u0142a ona za\u0142o\u017cona w 2016 roku przez entuzjast\u00f3w \u017ceglarstwa i pasjonat\u00f3w morza, kt\u00f3rzy porzucili prac\u0119 w du\u017cych korporacjach i za\u0142o\u017cyli firm\u0119 \u017ceglarsk\u0105, aby odkrywa\u0107 b\u0142\u0119kitne wody Morza \u015ar\u00f3dziemnego.  Dzisiaj\u00a0<\/span>Nasza flota sk\u0142ada si\u0119 z ponad\u00a0<span lang=\"EN-US\">20<\/span>\u00a0motor\u00f3wki<span lang=\"EN-US\">.  W<\/span>mo\u017cemy zaoferowa\u0107\u00a0<span lang=\"EN-US\">du\u017cy wyb\u00f3r od ma\u0142ych \u0142odzi bez licencji do wi\u0119kszych \u0142odzi z kapitanami.  Nasz\u00a0<\/span>Proces rezerwacji wynajmu\u00a0<span lang=\"EN-US\">jest bardzo \u0142atwe, a nasz wykwalifikowany<\/span><span lang=\"EN-US\">Nasz dynamiczny zesp\u00f3\u0142 zapewnia najwy\u017csze standardy obs\u0142ugi rodziny i przyjaci\u00f3\u0142.<u><\/u><u><\/u><\/span><\/p><p><span lang=\"EN-US\">Cieszymy si\u0119, \u017ce mo\u017cemy powita\u0107 Ci\u0119 na pok\u0142adzie i zapewni\u0107 niezapomniane wra\u017cenia.<\/span><\/p>\t\t\t\t\t\t\t\t<\/div>\n\t\t\t\t<div class=\"elementor-element elementor-element-05c5560 elementor-widget elementor-widget-spacer\" data-id=\"05c5560\" data-element_type=\"widget\" data-e-type=\"widget\" data-widget_type=\"spacer.default\">\n\t\t\t\t\t\t\t<div class=\"elementor-spacer\">\n\t\t\t<div class=\"elementor-spacer-inner\"><\/div>\n\t\t<\/div>\n\t\t\t\t\t\t<\/div>\n\t\t\t\t<div class=\"elementor-element elementor-element-ba2ded9 sc_layouts_hide_on_mobile sc_layouts_hide_on_tablet elementor-widget elementor-widget-spacer\" data-id=\"ba2ded9\" data-element_type=\"widget\" data-e-type=\"widget\" data-widget_type=\"spacer.default\">\n\t\t\t\t\t\t\t<div class=\"elementor-spacer\">\n\t\t\t<div class=\"elementor-spacer-inner\"><\/div>\n\t\t<\/div>\n\t\t\t\t\t\t<\/div>\n\t\t\t\t\t<\/div>\n\t\t<\/div>\n\t\t\t\t\t<\/div>\n\t\t<\/section>\n\t\t\t\t\t<\/div>\n\t\t<\/div>\n\t\t\t\t\t<\/div>\n\t\t<\/section>\n\t\t\t\t<section class=\"elementor-section elementor-top-section elementor-element elementor-element-29233c55 elementor-section-stretched elementor-section-boxed elementor-section-height-default elementor-section-height-default sc_fly_static\" data-id=\"29233c55\" data-element_type=\"section\" data-e-type=\"section\" data-settings=\"{&quot;stretch_section&quot;:&quot;section-stretched&quot;,&quot;background_background&quot;:&quot;classic&quot;}\">\n\t\t\t\t\t\t<div class=\"elementor-container elementor-column-gap-extended\">\n\t\t\t\t\t<div class=\"elementor-column elementor-col-100 elementor-top-column elementor-element elementor-element-3a8aec9 sc_content_align_inherit sc_layouts_column_icons_position_left sc_fly_static\" data-id=\"3a8aec9\" data-element_type=\"column\" data-e-type=\"column\">\n\t\t\t<div class=\"elementor-widget-wrap elementor-element-populated\">\n\t\t\t\t\t\t<div class=\"elementor-element elementor-element-57bb7f12 sc_height_large elementor-widget elementor-widget-spacer\" data-id=\"57bb7f12\" data-element_type=\"widget\" data-e-type=\"widget\" data-widget_type=\"spacer.default\">\n\t\t\t\t\t\t\t<div class=\"elementor-spacer\">\n\t\t\t<div class=\"elementor-spacer-inner\"><\/div>\n\t\t<\/div>\n\t\t\t\t\t\t<\/div>\n\t\t\t\t<div class=\"elementor-element elementor-element-73f8735 sc_fly_static elementor-widget elementor-widget-trx_sc_skills\" data-id=\"73f8735\" data-element_type=\"widget\" data-e-type=\"widget\" data-widget_type=\"trx_sc_skills.default\">\n\t\t\t\t<div class=\"elementor-widget-container\">\n\t\t\t\t\t<div\t\tclass=\"sc_skills sc_skills_counter_modern sc_skills_counter_style_counter\"\r\n\t\t\t\tdata-type=\"counter\" ><div class=\"sc_skills_columns sc_item_columns trx_addons_columns_wrap columns_padding_bottom columns_in_single_row\"><div class=\"sc_skills_column trx_addons_column-1_3 trx_addons_column-1_2-mobile\"><div class=\"sc_skills_item_wrap sc_skills_item_icon_position_top\"><div class=\"sc_skills_item\"><div class=\"sc_skills_total\" data-start=\"0\" data-stop=\"8\" data-step=\"0.08\" data-max=\"100\" data-speed=\"15\" data-duration=\"1500\" data-ed=\"\" data-style=\"counter\">0<\/div><\/div><div class=\"sc_skills_item_title\">Lata dzia\u0142alno\u015bci Travelers' Choice<\/div><\/div><\/div><div class=\"sc_skills_column trx_addons_column-1_3 trx_addons_column-1_2-mobile\"><div class=\"sc_skills_item_wrap sc_skills_item_icon_position_top\"><div class=\"sc_skills_item\"><div class=\"sc_skills_total\" data-start=\"0\" data-stop=\"22\" data-step=\"0.22\" data-max=\"100\" data-speed=\"15\" data-duration=\"1500\" data-ed=\"\" data-style=\"counter\">0<\/div><\/div><div class=\"sc_skills_item_title\">\u0141odzie<\/div><\/div><\/div><div class=\"sc_skills_column trx_addons_column-1_3 trx_addons_column-1_2-mobile\"><div class=\"sc_skills_item_wrap sc_skills_item_icon_position_top\"><div class=\"sc_skills_item\"><div class=\"sc_skills_total\" data-start=\"0\" data-stop=\"8\" data-step=\"0.08\" data-max=\"100\" data-speed=\"15\" data-duration=\"1500\" data-ed=\"\" data-style=\"counter\">0<\/div><\/div><div class=\"sc_skills_item_title\">Ludzie<\/div><\/div><\/div><\/div><\/div>\t\t\t\t<\/div>\n\t\t\t\t<\/div>\n\t\t\t\t<div class=\"elementor-element elementor-element-ef73ed7 sc_height_large elementor-widget elementor-widget-spacer\" data-id=\"ef73ed7\" data-element_type=\"widget\" data-e-type=\"widget\" data-widget_type=\"spacer.default\">\n\t\t\t\t\t\t\t<div class=\"elementor-spacer\">\n\t\t\t<div class=\"elementor-spacer-inner\"><\/div>\n\t\t<\/div>\n\t\t\t\t\t\t<\/div>\n\t\t\t\t\t<\/div>\n\t\t<\/div>\n\t\t\t\t\t<\/div>\n\t\t<\/section>\n\t\t\t\t<section class=\"elementor-section elementor-top-section elementor-element elementor-element-69bac89 elementor-section-stretched scheme_dark elementor-section-boxed elementor-section-height-default elementor-section-height-default sc_fly_static\" data-id=\"69bac89\" data-element_type=\"section\" data-e-type=\"section\" data-settings=\"{&quot;stretch_section&quot;:&quot;section-stretched&quot;,&quot;background_background&quot;:&quot;classic&quot;}\">\n\t\t\t\t\t\t\t<div class=\"elementor-background-overlay\"><\/div>\n\t\t\t\t\t\t\t<div class=\"elementor-container elementor-column-gap-extended\">\n\t\t\t\t\t<div class=\"elementor-column elementor-col-100 elementor-top-column elementor-element elementor-element-6a78a70 sc_content_align_inherit sc_layouts_column_icons_position_left sc_fly_static\" data-id=\"6a78a70\" data-element_type=\"column\" data-e-type=\"column\">\n\t\t\t<div class=\"elementor-widget-wrap elementor-element-populated\">\n\t\t\t\t\t\t<div class=\"elementor-element elementor-element-288aea5 sc_height_huge elementor-widget elementor-widget-spacer\" data-id=\"288aea5\" data-element_type=\"widget\" data-e-type=\"widget\" data-widget_type=\"spacer.default\">\n\t\t\t\t\t\t\t<div class=\"elementor-spacer\">\n\t\t\t<div class=\"elementor-spacer-inner\"><\/div>\n\t\t<\/div>\n\t\t\t\t\t\t<\/div>\n\t\t\t\t<div class=\"elementor-element elementor-element-30f1257 sc_fly_static elementor-widget elementor-widget-trx_sc_title\" data-id=\"30f1257\" data-element_type=\"widget\" data-e-type=\"widget\" data-widget_type=\"trx_sc_title.default\">\n\t\t\t\t<div class=\"elementor-widget-container\">\n\t\t\t\t\t<div\t\tclass=\"sc_title color_style_link2 sc_title_default\" ><span class=\"sc_item_subtitle sc_title_subtitle sc_align_center sc_item_subtitle_above sc_item_title_style_default\">Majorka<\/span><h1 class=\"sc_item_title sc_title_title sc_align_center sc_item_title_style_default sc_item_title_tag sc_typed\"\n\t\t\t><span class=\"sc_item_title_text\">Jeste\u015b zainteresowany wynajmem \u0142odzi?<\/span><\/h1><div\tclass=\"sc_item_button sc_button_wrap sc_align_center sc_item_button sc_item_button_hover sc_item_button_size_normal sc_title_button\"><a href=\"https:\/\/fareharbor.com\/embeds\/book\/questheroesboatrentalmallorca\/?full-items=yes\" class=\"sc_button sc_button_hover sc_button_size_normal sc_button_icon_left\"><span class=\"sc_button_text\"><span class=\"sc_button_title\">Zarezerwuj teraz<\/span><\/span><\/a><\/div><\/div>\t\t\t\t<\/div>\n\t\t\t\t<\/div>\n\t\t\t\t<div class=\"elementor-element elementor-element-a6a84dc elementor-widget elementor-widget-spacer\" data-id=\"a6a84dc\" data-element_type=\"widget\" data-e-type=\"widget\" data-widget_type=\"spacer.default\">\n\t\t\t\t\t\t\t<div class=\"elementor-spacer\">\n\t\t\t<div class=\"elementor-spacer-inner\"><\/div>\n\t\t<\/div>\n\t\t\t\t\t\t<\/div>\n\t\t\t\t<div class=\"elementor-element elementor-element-a278466 elementor-widget elementor-widget-spacer\" data-id=\"a278466\" data-element_type=\"widget\" data-e-type=\"widget\" data-widget_type=\"spacer.default\">\n\t\t\t\t\t\t\t<div class=\"elementor-spacer\">\n\t\t\t<div class=\"elementor-spacer-inner\"><\/div>\n\t\t<\/div>\n\t\t\t\t\t\t<\/div>\n\t\t\t\t<div class=\"elementor-element elementor-element-e6659ce sc_height_huge elementor-widget elementor-widget-spacer\" data-id=\"e6659ce\" data-element_type=\"widget\" data-e-type=\"widget\" data-widget_type=\"spacer.default\">\n\t\t\t\t\t\t\t<div class=\"elementor-spacer\">\n\t\t\t<div class=\"elementor-spacer-inner\"><\/div>\n\t\t<\/div>\n\t\t\t\t\t\t<\/div>\n\t\t\t\t\t<\/div>\n\t\t<\/div>\n\t\t\t\t\t<\/div>\n\t\t<\/section>\n\t\t\t\t<\/div>","protected":false},"excerpt":{"rendered":"<p>Quest heroes Wynajem \u0142odzi na Majorce Witamy w firmie Quest Heroes zajmuj\u0105cej si\u0119 wynajmem \u0142odzi\u2026<\/p>","protected":false},"author":4309,"featured_media":0,"parent":0,"menu_order":0,"comment_status":"closed","ping_status":"closed","template":"","meta":{"_joinchat":[],"footnotes":""},"class_list":["post-3750","page","type-page","status-publish","hentry"],"yoast_head":"<!-- This site is optimized with the Yoast SEO plugin v27.3 - https:\/\/yoast.com\/product\/yoast-seo-wordpress\/ -->\n<title>About Us - Quest Heroes Boat Rental Mallorca<\/title>\n<meta name=\"robots\" content=\"index, follow, max-snippet:-1, max-image-preview:large, max-video-preview:-1\" \/>\n<link rel=\"canonical\" href=\"https:\/\/questheroes.es\/pl\/o-nas\/\" \/>\n<meta property=\"og:locale\" content=\"pl_PL\" \/>\n<meta property=\"og:type\" content=\"article\" \/>\n<meta property=\"og:title\" content=\"About Us - Quest Heroes Boat Rental Mallorca\" \/>\n<meta property=\"og:description\" content=\"Quest heroes Your Boat Rental In Mallorca Welcome to the Boat Rental Quest Heroes company&hellip;\" \/>\n<meta property=\"og:url\" content=\"https:\/\/questheroes.es\/pl\/o-nas\/\" \/>\n<meta property=\"og:site_name\" content=\"Quest Heroes Boat Rental Mallorca\" \/>\n<meta property=\"article:modified_time\" content=\"2026-01-13T14:34:19+00:00\" \/>\n<meta property=\"og:image\" content=\"https:\/\/questheroes.es\/wp-content\/uploads\/elementor\/thumbs\/unnamed234-e1697880807235-qls3imdr7z9cfvq18kx8398hzjfphdgfabsksi9re0.jpeg\" \/>\n<meta name=\"twitter:card\" content=\"summary_large_image\" \/>\n<meta name=\"twitter:label1\" content=\"Szacowany czas czytania\" \/>\n\t<meta name=\"twitter:data1\" content=\"1 minuta\" \/>\n<script type=\"application\/ld+json\" class=\"yoast-schema-graph\">{\"@context\":\"https:\\\/\\\/schema.org\",\"@graph\":[{\"@type\":\"WebPage\",\"@id\":\"https:\\\/\\\/questheroes.es\\\/about-us\\\/\",\"url\":\"https:\\\/\\\/questheroes.es\\\/about-us\\\/\",\"name\":\"About Us - Quest Heroes Boat Rental Mallorca\",\"isPartOf\":{\"@id\":\"https:\\\/\\\/questheroes.es\\\/#website\"},\"primaryImageOfPage\":{\"@id\":\"https:\\\/\\\/questheroes.es\\\/about-us\\\/#primaryimage\"},\"image\":{\"@id\":\"https:\\\/\\\/questheroes.es\\\/about-us\\\/#primaryimage\"},\"thumbnailUrl\":\"https:\\\/\\\/questheroes.es\\\/wp-content\\\/uploads\\\/elementor\\\/thumbs\\\/unnamed234-e1697880807235-qls3imdr7z9cfvq18kx8398hzjfphdgfabsksi9re0.jpeg\",\"datePublished\":\"2021-05-13T12:53:00+00:00\",\"dateModified\":\"2026-01-13T14:34:19+00:00\",\"breadcrumb\":{\"@id\":\"https:\\\/\\\/questheroes.es\\\/about-us\\\/#breadcrumb\"},\"inLanguage\":\"pl-PL\",\"potentialAction\":[{\"@type\":\"ReadAction\",\"target\":[\"https:\\\/\\\/questheroes.es\\\/about-us\\\/\"]}]},{\"@type\":\"ImageObject\",\"inLanguage\":\"pl-PL\",\"@id\":\"https:\\\/\\\/questheroes.es\\\/about-us\\\/#primaryimage\",\"url\":\"https:\\\/\\\/questheroes.es\\\/wp-content\\\/uploads\\\/elementor\\\/thumbs\\\/unnamed234-e1697880807235-qls3imdr7z9cfvq18kx8398hzjfphdgfabsksi9re0.jpeg\",\"contentUrl\":\"https:\\\/\\\/questheroes.es\\\/wp-content\\\/uploads\\\/elementor\\\/thumbs\\\/unnamed234-e1697880807235-qls3imdr7z9cfvq18kx8398hzjfphdgfabsksi9re0.jpeg\"},{\"@type\":\"BreadcrumbList\",\"@id\":\"https:\\\/\\\/questheroes.es\\\/about-us\\\/#breadcrumb\",\"itemListElement\":[{\"@type\":\"ListItem\",\"position\":1,\"name\":\"Home\",\"item\":\"https:\\\/\\\/questheroes.es\\\/\"},{\"@type\":\"ListItem\",\"position\":2,\"name\":\"About Us\"}]},{\"@type\":\"WebSite\",\"@id\":\"https:\\\/\\\/questheroes.es\\\/#website\",\"url\":\"https:\\\/\\\/questheroes.es\\\/\",\"name\":\"Quest Heroes Boat Rental Mallorca\",\"description\":\"Rent a Boat In Mallorca\",\"potentialAction\":[{\"@type\":\"SearchAction\",\"target\":{\"@type\":\"EntryPoint\",\"urlTemplate\":\"https:\\\/\\\/questheroes.es\\\/?s={search_term_string}\"},\"query-input\":{\"@type\":\"PropertyValueSpecification\",\"valueRequired\":true,\"valueName\":\"search_term_string\"}}],\"inLanguage\":\"pl-PL\"}]}<\/script>\n<!-- \/ Yoast SEO plugin. -->","yoast_head_json":{"title":"O nas - Quest Heroes Wynajem \u0142odzi Majorka","robots":{"index":"index","follow":"follow","max-snippet":"max-snippet:-1","max-image-preview":"max-image-preview:large","max-video-preview":"max-video-preview:-1"},"canonical":"https:\/\/questheroes.es\/pl\/o-nas\/","og_locale":"pl_PL","og_type":"article","og_title":"About Us - Quest Heroes Boat Rental Mallorca","og_description":"Quest heroes Your Boat Rental In Mallorca Welcome to the Boat Rental Quest Heroes company&hellip;","og_url":"https:\/\/questheroes.es\/pl\/o-nas\/","og_site_name":"Quest Heroes Boat Rental Mallorca","article_modified_time":"2026-01-13T14:34:19+00:00","og_image":[{"url":"https:\/\/questheroes.es\/wp-content\/uploads\/elementor\/thumbs\/unnamed234-e1697880807235-qls3imdr7z9cfvq18kx8398hzjfphdgfabsksi9re0.jpeg","type":"","width":"","height":""}],"twitter_card":"summary_large_image","twitter_misc":{"Szacowany czas czytania":"1 minuta"},"schema":{"@context":"https:\/\/schema.org","@graph":[{"@type":"WebPage","@id":"https:\/\/questheroes.es\/about-us\/","url":"https:\/\/questheroes.es\/about-us\/","name":"O nas - Quest Heroes Wynajem \u0142odzi Majorka","isPartOf":{"@id":"https:\/\/questheroes.es\/#website"},"primaryImageOfPage":{"@id":"https:\/\/questheroes.es\/about-us\/#primaryimage"},"image":{"@id":"https:\/\/questheroes.es\/about-us\/#primaryimage"},"thumbnailUrl":"https:\/\/questheroes.es\/wp-content\/uploads\/elementor\/thumbs\/unnamed234-e1697880807235-qls3imdr7z9cfvq18kx8398hzjfphdgfabsksi9re0.jpeg","datePublished":"2021-05-13T12:53:00+00:00","dateModified":"2026-01-13T14:34:19+00:00","breadcrumb":{"@id":"https:\/\/questheroes.es\/about-us\/#breadcrumb"},"inLanguage":"pl-PL","potentialAction":[{"@type":"ReadAction","target":["https:\/\/questheroes.es\/about-us\/"]}]},{"@type":"ImageObject","inLanguage":"pl-PL","@id":"https:\/\/questheroes.es\/about-us\/#primaryimage","url":"https:\/\/questheroes.es\/wp-content\/uploads\/elementor\/thumbs\/unnamed234-e1697880807235-qls3imdr7z9cfvq18kx8398hzjfphdgfabsksi9re0.jpeg","contentUrl":"https:\/\/questheroes.es\/wp-content\/uploads\/elementor\/thumbs\/unnamed234-e1697880807235-qls3imdr7z9cfvq18kx8398hzjfphdgfabsksi9re0.jpeg"},{"@type":"BreadcrumbList","@id":"https:\/\/questheroes.es\/about-us\/#breadcrumb","itemListElement":[{"@type":"ListItem","position":1,"name":"Home","item":"https:\/\/questheroes.es\/"},{"@type":"ListItem","position":2,"name":"About Us"}]},{"@type":"WebSite","@id":"https:\/\/questheroes.es\/#website","url":"https:\/\/questheroes.es\/","name":"Quest Heroes Wynajem \u0142odzi Majorka","description":"Wynajem \u0142odzi na Majorce","potentialAction":[{"@type":"SearchAction","target":{"@type":"EntryPoint","urlTemplate":"https:\/\/questheroes.es\/?s={search_term_string}"},"query-input":{"@type":"PropertyValueSpecification","valueRequired":true,"valueName":"search_term_string"}}],"inLanguage":"pl-PL"}]}},"_links":{"self":[{"href":"https:\/\/questheroes.es\/pl\/wp-json\/wp\/v2\/pages\/3750","targetHints":{"allow":["GET"]}}],"collection":[{"href":"https:\/\/questheroes.es\/pl\/wp-json\/wp\/v2\/pages"}],"about":[{"href":"https:\/\/questheroes.es\/pl\/wp-json\/wp\/v2\/types\/page"}],"author":[{"embeddable":true,"href":"https:\/\/questheroes.es\/pl\/wp-json\/wp\/v2\/users\/4309"}],"replies":[{"embeddable":true,"href":"https:\/\/questheroes.es\/pl\/wp-json\/wp\/v2\/comments?post=3750"}],"version-history":[{"count":3,"href":"https:\/\/questheroes.es\/pl\/wp-json\/wp\/v2\/pages\/3750\/revisions"}],"predecessor-version":[{"id":22300,"href":"https:\/\/questheroes.es\/pl\/wp-json\/wp\/v2\/pages\/3750\/revisions\/22300"}],"wp:attachment":[{"href":"https:\/\/questheroes.es\/pl\/wp-json\/wp\/v2\/media?parent=3750"}],"curies":[{"name":"wp","href":"https:\/\/api.w.org\/{rel}","templated":true}]}}