{"id":21800,"date":"2025-05-02T22:07:44","date_gmt":"2025-05-02T20:07:44","guid":{"rendered":"https:\/\/questheroes.es\/?page_id=21800"},"modified":"2026-01-31T04:37:52","modified_gmt":"2026-01-31T03:37:52","slug":"v2-7-0","status":"publish","type":"page","link":"https:\/\/questheroes.es\/pl\/v2-7-0\/","title":{"rendered":"V2 7.0"},"content":{"rendered":"<div data-elementor-type=\"wp-page\" data-elementor-id=\"21800\" class=\"elementor elementor-21800\">\n\t\t\t\t\t\t<section class=\"elementor-section elementor-top-section elementor-element elementor-element-4cf4068 elementor-section-boxed elementor-section-height-default elementor-section-height-default sc_fly_static\" data-id=\"4cf4068\" data-element_type=\"section\" data-e-type=\"section\">\n\t\t\t\t\t\t<div class=\"elementor-container elementor-column-gap-extended\">\n\t\t\t\t\t<div class=\"elementor-column elementor-col-50 elementor-top-column elementor-element elementor-element-d6690f2 sc_content_align_inherit sc_layouts_column_icons_position_left sc_fly_static\" data-id=\"d6690f2\" data-element_type=\"column\" data-e-type=\"column\">\n\t\t\t<div class=\"elementor-widget-wrap elementor-element-populated\">\n\t\t\t\t\t\t<div class=\"elementor-element elementor-element-e9a736e sc_fly_static elementor-widget elementor-widget-trx_sc_title\" data-id=\"e9a736e\" data-element_type=\"widget\" data-e-type=\"widget\" data-widget_type=\"trx_sc_title.default\">\n\t\t\t\t<div class=\"elementor-widget-container\">\n\t\t\t\t\t<div\t\tclass=\"sc_title sc_title_default\" ><h1 class=\"sc_item_title sc_title_title sc_item_title_style_default sc_item_title_tag\"\n\t\t\t><span class=\"sc_item_title_text\">V2 7.0<\/span><\/h1><\/div>\t\t\t\t<\/div>\n\t\t\t\t<\/div>\n\t\t\t\t<div class=\"elementor-element elementor-element-0c0f516 gallery-spacing-custom elementor-widget elementor-widget-image-gallery\" data-id=\"0c0f516\" data-element_type=\"widget\" data-e-type=\"widget\" data-widget_type=\"image-gallery.default\">\n\t\t\t\t\t\t\t<div class=\"elementor-image-gallery\">\n\t\t\t<div id='gallery-1' class='gallery galleryid-21800 gallery-columns-2 gallery-size-catamaran-thumb-square'><figure class='gallery-item'>\n\t\t\t<div class='gallery-icon landscape'>\n\t\t\t\t<a data-elementor-open-lightbox=\"yes\" data-elementor-lightbox-slideshow=\"0c0f516\" data-elementor-lightbox-title=\"Rent a boat Mallorca V2 7.0\" data-e-action-hash=\"#elementor-action%3Aaction%3Dlightbox%26settings%3DeyJpZCI6MjE3OTYsInVybCI6Imh0dHBzOlwvXC9xdWVzdGhlcm9lcy5lc1wvd3AtY29udGVudFwvdXBsb2Fkc1wvMjAyNVwvMDVcL0FicmFoYW1HYXJjaWFwaG90b2dyYXBoeS05LndlYnAiLCJzbGlkZXNob3ciOiIwYzBmNTE2In0%3D\" title=\"Wynajem \u0142odzi Majorka V2 7.0\" href='https:\/\/questheroes.es\/wp-content\/uploads\/2025\/05\/AbrahamGarciaphotography-9.webp'><img fetchpriority=\"high\" decoding=\"async\" width=\"890\" height=\"664\" src=\"https:\/\/questheroes.es\/wp-content\/uploads\/2025\/05\/AbrahamGarciaphotography-9-890x664.webp\" class=\"attachment-catamaran-thumb-square size-catamaran-thumb-square\" alt=\"Wynajem \u0142odzi Majorka V2 7.0\" srcset=\"https:\/\/questheroes.es\/wp-content\/uploads\/2025\/05\/AbrahamGarciaphotography-9-890x664.webp 890w, https:\/\/questheroes.es\/wp-content\/uploads\/2025\/05\/AbrahamGarciaphotography-9-18x12.webp 18w\" sizes=\"(max-width: 890px) 100vw, 890px\" \/><\/a>\n\t\t\t<\/div><\/figure><figure class='gallery-item'>\n\t\t\t<div class='gallery-icon portrait'>\n\t\t\t\t<a data-elementor-open-lightbox=\"yes\" data-elementor-lightbox-slideshow=\"0c0f516\" data-elementor-lightbox-title=\"Rent a boat Mallorca V2 7.0\" data-e-action-hash=\"#elementor-action%3Aaction%3Dlightbox%26settings%3DeyJpZCI6MjE3OTUsInVybCI6Imh0dHBzOlwvXC9xdWVzdGhlcm9lcy5lc1wvd3AtY29udGVudFwvdXBsb2Fkc1wvMjAyNVwvMDVcL0FicmFoYW1HYXJjaWFwaG90b2dyYXBoeS03LndlYnAiLCJzbGlkZXNob3ciOiIwYzBmNTE2In0%3D\" title=\"Wynajem \u0142odzi Majorka V2 7.0\" href='https:\/\/questheroes.es\/wp-content\/uploads\/2025\/05\/AbrahamGarciaphotography-7.webp'><img decoding=\"async\" width=\"890\" height=\"664\" src=\"https:\/\/questheroes.es\/wp-content\/uploads\/2025\/05\/AbrahamGarciaphotography-7-890x664.webp\" class=\"attachment-catamaran-thumb-square size-catamaran-thumb-square\" alt=\"Wynajem \u0142odzi Majorka V2 7.0\" \/><\/a>\n\t\t\t<\/div><\/figure><figure class='gallery-item'>\n\t\t\t<div class='gallery-icon portrait'>\n\t\t\t\t<a data-elementor-open-lightbox=\"yes\" data-elementor-lightbox-slideshow=\"0c0f516\" data-elementor-lightbox-title=\"Rent a boat Mallorca V2 7.0\" data-e-action-hash=\"#elementor-action%3Aaction%3Dlightbox%26settings%3DeyJpZCI6MjE3OTQsInVybCI6Imh0dHBzOlwvXC9xdWVzdGhlcm9lcy5lc1wvd3AtY29udGVudFwvdXBsb2Fkc1wvMjAyNVwvMDVcL0FicmFoYW1HYXJjaWFwaG90b2dyYXBoeS01LndlYnAiLCJzbGlkZXNob3ciOiIwYzBmNTE2In0%3D\" title=\"Wynajem \u0142odzi Majorka V2 7.0\" href='https:\/\/questheroes.es\/wp-content\/uploads\/2025\/05\/AbrahamGarciaphotography-5.webp'><img decoding=\"async\" width=\"890\" height=\"664\" src=\"https:\/\/questheroes.es\/wp-content\/uploads\/2025\/05\/AbrahamGarciaphotography-5-890x664.webp\" class=\"attachment-catamaran-thumb-square size-catamaran-thumb-square\" alt=\"Wynajem \u0142odzi Majorka V2 7.0\" \/><\/a>\n\t\t\t<\/div><\/figure><figure class='gallery-item'>\n\t\t\t<div class='gallery-icon landscape'>\n\t\t\t\t<a data-elementor-open-lightbox=\"yes\" data-elementor-lightbox-slideshow=\"0c0f516\" data-elementor-lightbox-title=\"Rent a boat Mallorca V2 7.0\" data-e-action-hash=\"#elementor-action%3Aaction%3Dlightbox%26settings%3DeyJpZCI6MjE3OTMsInVybCI6Imh0dHBzOlwvXC9xdWVzdGhlcm9lcy5lc1wvd3AtY29udGVudFwvdXBsb2Fkc1wvMjAyNVwvMDVcL0FicmFoYW1HYXJjaWFwaG90b2dyYXBoeS00LndlYnAiLCJzbGlkZXNob3ciOiIwYzBmNTE2In0%3D\" title=\"Wynajem \u0142odzi Majorka V2 7.0\" href='https:\/\/questheroes.es\/wp-content\/uploads\/2025\/05\/AbrahamGarciaphotography-4.webp'><img loading=\"lazy\" decoding=\"async\" width=\"890\" height=\"664\" src=\"https:\/\/questheroes.es\/wp-content\/uploads\/2025\/05\/AbrahamGarciaphotography-4-890x664.webp\" class=\"attachment-catamaran-thumb-square size-catamaran-thumb-square\" alt=\"Wynajem \u0142odzi Majorka V2 7.0\" srcset=\"https:\/\/questheroes.es\/wp-content\/uploads\/2025\/05\/AbrahamGarciaphotography-4-890x664.webp 890w, https:\/\/questheroes.es\/wp-content\/uploads\/2025\/05\/AbrahamGarciaphotography-4-18x12.webp 18w\" sizes=\"(max-width: 890px) 100vw, 890px\" \/><\/a>\n\t\t\t<\/div><\/figure><figure class='gallery-item'>\n\t\t\t<div class='gallery-icon landscape'>\n\t\t\t\t<a data-elementor-open-lightbox=\"yes\" data-elementor-lightbox-slideshow=\"0c0f516\" data-elementor-lightbox-title=\"Rent a boat Mallorca V2 7.0\" data-e-action-hash=\"#elementor-action%3Aaction%3Dlightbox%26settings%3DeyJpZCI6MjE3OTIsInVybCI6Imh0dHBzOlwvXC9xdWVzdGhlcm9lcy5lc1wvd3AtY29udGVudFwvdXBsb2Fkc1wvMjAyNVwvMDVcL0FicmFoYW1HYXJjaWFwaG90b2dyYXBoeS0zLndlYnAiLCJzbGlkZXNob3ciOiIwYzBmNTE2In0%3D\" title=\"Wynajem \u0142odzi Majorka V2 7.0\" href='https:\/\/questheroes.es\/wp-content\/uploads\/2025\/05\/AbrahamGarciaphotography-3.webp'><img loading=\"lazy\" decoding=\"async\" width=\"890\" height=\"664\" src=\"https:\/\/questheroes.es\/wp-content\/uploads\/2025\/05\/AbrahamGarciaphotography-3-890x664.webp\" class=\"attachment-catamaran-thumb-square size-catamaran-thumb-square\" alt=\"Wynajem \u0142odzi Majorka V2 7.0\" srcset=\"https:\/\/questheroes.es\/wp-content\/uploads\/2025\/05\/AbrahamGarciaphotography-3-890x664.webp 890w, https:\/\/questheroes.es\/wp-content\/uploads\/2025\/05\/AbrahamGarciaphotography-3-18x12.webp 18w\" sizes=\"(max-width: 890px) 100vw, 890px\" \/><\/a>\n\t\t\t<\/div><\/figure><figure class='gallery-item'>\n\t\t\t<div class='gallery-icon landscape'>\n\t\t\t\t<a data-elementor-open-lightbox=\"yes\" data-elementor-lightbox-slideshow=\"0c0f516\" data-elementor-lightbox-title=\"Rent a boat Mallorca V2 7.0\" data-e-action-hash=\"#elementor-action%3Aaction%3Dlightbox%26settings%3DeyJpZCI6MjE3OTEsInVybCI6Imh0dHBzOlwvXC9xdWVzdGhlcm9lcy5lc1wvd3AtY29udGVudFwvdXBsb2Fkc1wvMjAyNVwvMDVcL0FicmFoYW1HYXJjaWFwaG90b2dyYXBoeS0yLndlYnAiLCJzbGlkZXNob3ciOiIwYzBmNTE2In0%3D\" title=\"Wynajem \u0142odzi Majorka V2 7.0\" href='https:\/\/questheroes.es\/wp-content\/uploads\/2025\/05\/AbrahamGarciaphotography-2.webp'><img loading=\"lazy\" decoding=\"async\" width=\"890\" height=\"664\" src=\"https:\/\/questheroes.es\/wp-content\/uploads\/2025\/05\/AbrahamGarciaphotography-2-890x664.webp\" class=\"attachment-catamaran-thumb-square size-catamaran-thumb-square\" alt=\"Wynajem \u0142odzi Majorka V2 7.0\" srcset=\"https:\/\/questheroes.es\/wp-content\/uploads\/2025\/05\/AbrahamGarciaphotography-2-890x664.webp 890w, https:\/\/questheroes.es\/wp-content\/uploads\/2025\/05\/AbrahamGarciaphotography-2-18x12.webp 18w\" sizes=\"(max-width: 890px) 100vw, 890px\" \/><\/a>\n\t\t\t<\/div><\/figure>\n\t\t<\/div>\n\t\t<\/div>\n\t\t\t\t\t\t<\/div>\n\t\t\t\t<div class=\"elementor-element elementor-element-c714fc9 gallery-spacing-custom elementor-widget elementor-widget-image-gallery\" data-id=\"c714fc9\" data-element_type=\"widget\" data-e-type=\"widget\" data-widget_type=\"image-gallery.default\">\n\t\t\t\t\t\t\t<div class=\"elementor-image-gallery\">\n\t\t\t<div id='gallery-2' class='gallery galleryid-21800 gallery-columns-1 gallery-size-catamaran-thumb-square'><figure class='gallery-item'>\n\t\t\t<div class='gallery-icon landscape'>\n\t\t\t\t<a data-elementor-open-lightbox=\"yes\" data-elementor-lightbox-slideshow=\"c714fc9\" data-elementor-lightbox-title=\"Rent a boat Mallorca V2 7.0\" data-e-action-hash=\"#elementor-action%3Aaction%3Dlightbox%26settings%3DeyJpZCI6MjE3OTMsInVybCI6Imh0dHBzOlwvXC9xdWVzdGhlcm9lcy5lc1wvd3AtY29udGVudFwvdXBsb2Fkc1wvMjAyNVwvMDVcL0FicmFoYW1HYXJjaWFwaG90b2dyYXBoeS00LndlYnAiLCJzbGlkZXNob3ciOiJjNzE0ZmM5In0%3D\" title=\"Wynajem \u0142odzi Majorka V2 7.0\" href='https:\/\/questheroes.es\/wp-content\/uploads\/2025\/05\/AbrahamGarciaphotography-4.webp'><img loading=\"lazy\" decoding=\"async\" width=\"890\" height=\"664\" src=\"https:\/\/questheroes.es\/wp-content\/uploads\/2025\/05\/AbrahamGarciaphotography-4-890x664.webp\" class=\"attachment-catamaran-thumb-square size-catamaran-thumb-square\" alt=\"Wynajem \u0142odzi Majorka V2 7.0\" srcset=\"https:\/\/questheroes.es\/wp-content\/uploads\/2025\/05\/AbrahamGarciaphotography-4-890x664.webp 890w, https:\/\/questheroes.es\/wp-content\/uploads\/2025\/05\/AbrahamGarciaphotography-4-18x12.webp 18w\" sizes=\"(max-width: 890px) 100vw, 890px\" \/><\/a>\n\t\t\t<\/div><\/figure>\n\t\t<\/div>\n\t\t<\/div>\n\t\t\t\t\t\t<\/div>\n\t\t\t\t\t<\/div>\n\t\t<\/div>\n\t\t\t\t<div class=\"elementor-column elementor-col-50 elementor-top-column elementor-element elementor-element-ff3e72d sc_column_fixed sc_content_align_inherit sc_layouts_column_icons_position_left sc_fly_static\" data-id=\"ff3e72d\" data-element_type=\"column\" data-e-type=\"column\">\n\t\t\t<div class=\"elementor-widget-wrap elementor-element-populated\">\n\t\t\t\t\t\t<div class=\"elementor-element elementor-element-bf43d77 elementor-widget elementor-widget-spacer\" data-id=\"bf43d77\" data-element_type=\"widget\" data-e-type=\"widget\" data-widget_type=\"spacer.default\">\n\t\t\t\t\t\t\t<div class=\"elementor-spacer\">\n\t\t\t<div class=\"elementor-spacer-inner\"><\/div>\n\t\t<\/div>\n\t\t\t\t\t\t<\/div>\n\t\t\t\t<div class=\"elementor-element elementor-element-2bc3241 sc_fly_static elementor-widget elementor-widget-trx_sc_title\" data-id=\"2bc3241\" data-element_type=\"widget\" data-e-type=\"widget\" data-widget_type=\"trx_sc_title.default\">\n\t\t\t\t<div class=\"elementor-widget-container\">\n\t\t\t\t\t<div\t\tclass=\"sc_title sc_title_default\" ><span class=\"sc_item_subtitle sc_title_subtitle sc_item_subtitle_above sc_item_title_style_default\">Wymagana licencja, 200 KM, 8 os\u00f3b, 7 metr\u00f3w<\/span><\/div>\t\t\t\t<\/div>\n\t\t\t\t<\/div>\n\t\t\t\t<div class=\"elementor-element elementor-element-1aa1d12 elementor-widget elementor-widget-text-editor\" data-id=\"1aa1d12\" data-element_type=\"widget\" data-e-type=\"widget\" data-widget_type=\"text-editor.default\">\n\t\t\t\t\t\t\t\t\tV2 7.0 to nowoczesna 7-metrowa \u0142\u00f3d\u017a, idealna do wynaj\u0119cia i idealna dla grup do 8 os\u00f3b. Nap\u0119dzana silnikiem o mocy 200 KM, oferuje dynamiczne osi\u0105gi i wygodne rejsy, niezale\u017cnie od tego, czy szukasz emocji, czy relaksuj\u0105cego dnia na morzu. Do obs\u0142ugi \u0142odzi wymagana jest wa\u017cna licencja \u017ceglarska, ale mo\u017cna j\u0105 r\u00f3wnie\u017c wypo\u017cyczy\u0107 z profesjonalnym kapitanem. Przestronna, bezpieczna i stylowa \u0142\u00f3d\u017a V2 7.0 to idealny wyb\u00f3r na niezapomnian\u0105 przygod\u0119 na wodzie.\t\t\t\t\t\t\t\t<\/div>\n\t\t\t\t<div class=\"elementor-element elementor-element-0a26b76 elementor-widget elementor-widget-spacer\" data-id=\"0a26b76\" data-element_type=\"widget\" data-e-type=\"widget\" data-widget_type=\"spacer.default\">\n\t\t\t\t\t\t\t<div class=\"elementor-spacer\">\n\t\t\t<div class=\"elementor-spacer-inner\"><\/div>\n\t\t<\/div>\n\t\t\t\t\t\t<\/div>\n\t\t\t\t<div class=\"elementor-element elementor-element-26956e2 sc_fly_static elementor-widget elementor-widget-trx_sc_table\" data-id=\"26956e2\" data-element_type=\"widget\" data-e-type=\"widget\" data-widget_type=\"trx_sc_table.default\">\n\t\t\t\t<div class=\"elementor-widget-container\">\n\t\t\t\t\t<div class=\"sc_table_wrap\"><div\t\tclass=\"sc_table sc_table_default alignleft trx_addons_inline_1314963333\" ><table cellspacing=\"0\" summary=\"text\">\n\t<tr>\n\t\t<td>4 godziny<\/td>\n\t\t<td>503,80 EUR<\/td>\n\t<\/tr>\n\t<tr>\n\t\t<td>8 godzin<\/td>\n\t\t<td>577,27 EUR<\/td>\n\t<\/tr>\n\t\n<tr>\n\t\t<td>Depozyt<\/td>\n\t\t<td>1000 EUR<\/td>\n\t<\/tr>\n\t<tr>\n\t\t<td>Paliwo<\/td>\n\t\t<td>brak w zestawie<\/td>\n\t<\/tr>\n<\/table><\/div><\/div>\t\t\t\t<\/div>\n\t\t\t\t<\/div>\n\t\t\t\t<div class=\"elementor-element elementor-element-cd7cd71 elementor-widget elementor-widget-spacer\" data-id=\"cd7cd71\" data-element_type=\"widget\" data-e-type=\"widget\" data-widget_type=\"spacer.default\">\n\t\t\t\t\t\t\t<div class=\"elementor-spacer\">\n\t\t\t<div class=\"elementor-spacer-inner\"><\/div>\n\t\t<\/div>\n\t\t\t\t\t\t<\/div>\n\t\t\t\t<div class=\"elementor-element elementor-element-ed60479 sc_fly_static elementor-widget elementor-widget-trx_sc_button\" data-id=\"ed60479\" data-element_type=\"widget\" data-e-type=\"widget\" data-widget_type=\"trx_sc_button.default\">\n\t\t\t\t<div class=\"elementor-widget-container\">\n\t\t\t\t\t<div\tclass=\"sc_item_button sc_button_wrap sc_align_left\" ><a href=\"https:\/\/fareharbor.com\/embeds\/book\/questheroesboatrentalmallorca\/items\/692884\/?full-items=yes&#038;flow=1539119\" class=\"sc_button sc_button_default sc_button_size_normal sc_button_icon_left color_style_link2\" ><span class=\"sc_button_text\"><span class=\"sc_button_title\">Zarezerwuj t\u0119 \u0142\u00f3d\u017a<\/span><\/span><\/a><\/div>\t\t\t\t<\/div>\n\t\t\t\t<\/div>\n\t\t\t\t\t<\/div>\n\t\t<\/div>\n\t\t\t\t\t<\/div>\n\t\t<\/section>\n\t\t\t\t<\/div>","protected":false},"excerpt":{"rendered":"<p>Wymagana licencja V2 7.0, 200 KM, 8 os\u00f3b, 7 metr\u00f3w V2 7.0 to\u2026<\/p>","protected":false},"author":4311,"featured_media":0,"parent":0,"menu_order":0,"comment_status":"closed","ping_status":"closed","template":"","meta":{"_joinchat":[],"footnotes":""},"class_list":["post-21800","page","type-page","status-publish","hentry"],"yoast_head":"<!-- This site is optimized with the Yoast SEO plugin v27.3 - https:\/\/yoast.com\/product\/yoast-seo-wordpress\/ -->\n<title>V2 7.0 - Quest Heroes Boat Rental Mallorca<\/title>\n<meta name=\"robots\" content=\"index, follow, max-snippet:-1, max-image-preview:large, max-video-preview:-1\" \/>\n<link rel=\"canonical\" href=\"https:\/\/questheroes.es\/pl\/v2-7-0\/\" \/>\n<meta property=\"og:locale\" content=\"pl_PL\" \/>\n<meta property=\"og:type\" content=\"article\" \/>\n<meta property=\"og:title\" content=\"V2 7.0 - Quest Heroes Boat Rental Mallorca\" \/>\n<meta property=\"og:description\" content=\"V2 7.0 licence required, 200 HP 8 pax, 7 meters The V2 7.0 is a&hellip;\" \/>\n<meta property=\"og:url\" content=\"https:\/\/questheroes.es\/pl\/v2-7-0\/\" \/>\n<meta property=\"og:site_name\" content=\"Quest Heroes Boat Rental Mallorca\" \/>\n<meta property=\"article:modified_time\" content=\"2026-01-31T03:37:52+00:00\" \/>\n<meta property=\"og:image\" content=\"https:\/\/questheroes.es\/wp-content\/uploads\/2025\/05\/AbrahamGarciaphotography-9-890x664.webp\" \/>\n<meta name=\"twitter:card\" content=\"summary_large_image\" \/>\n<meta name=\"twitter:label1\" content=\"Szacowany czas czytania\" \/>\n\t<meta name=\"twitter:data1\" content=\"1 minuta\" \/>\n<script type=\"application\/ld+json\" class=\"yoast-schema-graph\">{\"@context\":\"https:\\\/\\\/schema.org\",\"@graph\":[{\"@type\":\"WebPage\",\"@id\":\"https:\\\/\\\/questheroes.es\\\/v2-7-0\\\/\",\"url\":\"https:\\\/\\\/questheroes.es\\\/v2-7-0\\\/\",\"name\":\"V2 7.0 - Quest Heroes Boat Rental Mallorca\",\"isPartOf\":{\"@id\":\"https:\\\/\\\/questheroes.es\\\/#website\"},\"primaryImageOfPage\":{\"@id\":\"https:\\\/\\\/questheroes.es\\\/v2-7-0\\\/#primaryimage\"},\"image\":{\"@id\":\"https:\\\/\\\/questheroes.es\\\/v2-7-0\\\/#primaryimage\"},\"thumbnailUrl\":\"https:\\\/\\\/questheroes.es\\\/wp-content\\\/uploads\\\/2025\\\/05\\\/AbrahamGarciaphotography-9-890x664.webp\",\"datePublished\":\"2025-05-02T20:07:44+00:00\",\"dateModified\":\"2026-01-31T03:37:52+00:00\",\"breadcrumb\":{\"@id\":\"https:\\\/\\\/questheroes.es\\\/v2-7-0\\\/#breadcrumb\"},\"inLanguage\":\"pl-PL\",\"potentialAction\":[{\"@type\":\"ReadAction\",\"target\":[\"https:\\\/\\\/questheroes.es\\\/v2-7-0\\\/\"]}]},{\"@type\":\"ImageObject\",\"inLanguage\":\"pl-PL\",\"@id\":\"https:\\\/\\\/questheroes.es\\\/v2-7-0\\\/#primaryimage\",\"url\":\"https:\\\/\\\/questheroes.es\\\/wp-content\\\/uploads\\\/2025\\\/05\\\/AbrahamGarciaphotography-9-890x664.webp\",\"contentUrl\":\"https:\\\/\\\/questheroes.es\\\/wp-content\\\/uploads\\\/2025\\\/05\\\/AbrahamGarciaphotography-9-890x664.webp\"},{\"@type\":\"BreadcrumbList\",\"@id\":\"https:\\\/\\\/questheroes.es\\\/v2-7-0\\\/#breadcrumb\",\"itemListElement\":[{\"@type\":\"ListItem\",\"position\":1,\"name\":\"Home\",\"item\":\"https:\\\/\\\/questheroes.es\\\/\"},{\"@type\":\"ListItem\",\"position\":2,\"name\":\"V2 7.0\"}]},{\"@type\":\"WebSite\",\"@id\":\"https:\\\/\\\/questheroes.es\\\/#website\",\"url\":\"https:\\\/\\\/questheroes.es\\\/\",\"name\":\"Quest Heroes Boat Rental Mallorca\",\"description\":\"Rent a Boat In Mallorca\",\"potentialAction\":[{\"@type\":\"SearchAction\",\"target\":{\"@type\":\"EntryPoint\",\"urlTemplate\":\"https:\\\/\\\/questheroes.es\\\/?s={search_term_string}\"},\"query-input\":{\"@type\":\"PropertyValueSpecification\",\"valueRequired\":true,\"valueName\":\"search_term_string\"}}],\"inLanguage\":\"pl-PL\"}]}<\/script>\n<!-- \/ Yoast SEO plugin. -->","yoast_head_json":{"title":"V2 7.0 - Quest Heroes Boat Rental Mallorca","robots":{"index":"index","follow":"follow","max-snippet":"max-snippet:-1","max-image-preview":"max-image-preview:large","max-video-preview":"max-video-preview:-1"},"canonical":"https:\/\/questheroes.es\/pl\/v2-7-0\/","og_locale":"pl_PL","og_type":"article","og_title":"V2 7.0 - Quest Heroes Boat Rental Mallorca","og_description":"V2 7.0 licence required, 200 HP 8 pax, 7 meters The V2 7.0 is a&hellip;","og_url":"https:\/\/questheroes.es\/pl\/v2-7-0\/","og_site_name":"Quest Heroes Boat Rental Mallorca","article_modified_time":"2026-01-31T03:37:52+00:00","og_image":[{"url":"https:\/\/questheroes.es\/wp-content\/uploads\/2025\/05\/AbrahamGarciaphotography-9-890x664.webp","type":"","width":"","height":""}],"twitter_card":"summary_large_image","twitter_misc":{"Szacowany czas czytania":"1 minuta"},"schema":{"@context":"https:\/\/schema.org","@graph":[{"@type":"WebPage","@id":"https:\/\/questheroes.es\/v2-7-0\/","url":"https:\/\/questheroes.es\/v2-7-0\/","name":"V2 7.0 - Quest Heroes Boat Rental Mallorca","isPartOf":{"@id":"https:\/\/questheroes.es\/#website"},"primaryImageOfPage":{"@id":"https:\/\/questheroes.es\/v2-7-0\/#primaryimage"},"image":{"@id":"https:\/\/questheroes.es\/v2-7-0\/#primaryimage"},"thumbnailUrl":"https:\/\/questheroes.es\/wp-content\/uploads\/2025\/05\/AbrahamGarciaphotography-9-890x664.webp","datePublished":"2025-05-02T20:07:44+00:00","dateModified":"2026-01-31T03:37:52+00:00","breadcrumb":{"@id":"https:\/\/questheroes.es\/v2-7-0\/#breadcrumb"},"inLanguage":"pl-PL","potentialAction":[{"@type":"ReadAction","target":["https:\/\/questheroes.es\/v2-7-0\/"]}]},{"@type":"ImageObject","inLanguage":"pl-PL","@id":"https:\/\/questheroes.es\/v2-7-0\/#primaryimage","url":"https:\/\/questheroes.es\/wp-content\/uploads\/2025\/05\/AbrahamGarciaphotography-9-890x664.webp","contentUrl":"https:\/\/questheroes.es\/wp-content\/uploads\/2025\/05\/AbrahamGarciaphotography-9-890x664.webp"},{"@type":"BreadcrumbList","@id":"https:\/\/questheroes.es\/v2-7-0\/#breadcrumb","itemListElement":[{"@type":"ListItem","position":1,"name":"Home","item":"https:\/\/questheroes.es\/"},{"@type":"ListItem","position":2,"name":"V2 7.0"}]},{"@type":"WebSite","@id":"https:\/\/questheroes.es\/#website","url":"https:\/\/questheroes.es\/","name":"Quest Heroes Wynajem \u0142odzi Majorka","description":"Wynajem \u0142odzi na Majorce","potentialAction":[{"@type":"SearchAction","target":{"@type":"EntryPoint","urlTemplate":"https:\/\/questheroes.es\/?s={search_term_string}"},"query-input":{"@type":"PropertyValueSpecification","valueRequired":true,"valueName":"search_term_string"}}],"inLanguage":"pl-PL"}]}},"_links":{"self":[{"href":"https:\/\/questheroes.es\/pl\/wp-json\/wp\/v2\/pages\/21800","targetHints":{"allow":["GET"]}}],"collection":[{"href":"https:\/\/questheroes.es\/pl\/wp-json\/wp\/v2\/pages"}],"about":[{"href":"https:\/\/questheroes.es\/pl\/wp-json\/wp\/v2\/types\/page"}],"author":[{"embeddable":true,"href":"https:\/\/questheroes.es\/pl\/wp-json\/wp\/v2\/users\/4311"}],"replies":[{"embeddable":true,"href":"https:\/\/questheroes.es\/pl\/wp-json\/wp\/v2\/comments?post=21800"}],"version-history":[{"count":13,"href":"https:\/\/questheroes.es\/pl\/wp-json\/wp\/v2\/pages\/21800\/revisions"}],"predecessor-version":[{"id":22336,"href":"https:\/\/questheroes.es\/pl\/wp-json\/wp\/v2\/pages\/21800\/revisions\/22336"}],"wp:attachment":[{"href":"https:\/\/questheroes.es\/pl\/wp-json\/wp\/v2\/media?parent=21800"}],"curies":[{"name":"wp","href":"https:\/\/api.w.org\/{rel}","templated":true}]}}