{"id":21140,"date":"2024-03-19T11:47:36","date_gmt":"2024-03-19T10:47:36","guid":{"rendered":"https:\/\/questheroes.es\/?page_id=21140"},"modified":"2026-01-31T04:41:58","modified_gmt":"2026-01-31T03:41:58","slug":"de-antonio-36","status":"publish","type":"page","link":"https:\/\/questheroes.es\/pl\/de-antonio-36\/","title":{"rendered":"De Antonio 36"},"content":{"rendered":"<div data-elementor-type=\"wp-page\" data-elementor-id=\"21140\" class=\"elementor elementor-21140\">\n\t\t\t\t\t\t<section class=\"elementor-section elementor-top-section elementor-element elementor-element-4cf4068 elementor-section-boxed elementor-section-height-default elementor-section-height-default sc_fly_static\" data-id=\"4cf4068\" data-element_type=\"section\" data-e-type=\"section\">\n\t\t\t\t\t\t<div class=\"elementor-container elementor-column-gap-extended\">\n\t\t\t\t\t<div class=\"elementor-column elementor-col-50 elementor-top-column elementor-element elementor-element-d6690f2 sc_content_align_inherit sc_layouts_column_icons_position_left sc_fly_static\" data-id=\"d6690f2\" data-element_type=\"column\" data-e-type=\"column\">\n\t\t\t<div class=\"elementor-widget-wrap elementor-element-populated\">\n\t\t\t\t\t\t<div class=\"elementor-element elementor-element-e9a736e sc_fly_static elementor-widget elementor-widget-trx_sc_title\" data-id=\"e9a736e\" data-element_type=\"widget\" data-e-type=\"widget\" data-widget_type=\"trx_sc_title.default\">\n\t\t\t\t<div class=\"elementor-widget-container\">\n\t\t\t\t\t<div\t\tclass=\"sc_title sc_title_default\" ><h1 class=\"sc_item_title sc_title_title sc_item_title_style_default sc_item_title_tag\"\n\t\t\t><span class=\"sc_item_title_text\">De Antonio 36<\/span><\/h1><\/div>\t\t\t\t<\/div>\n\t\t\t\t<\/div>\n\t\t\t\t<div class=\"elementor-element elementor-element-0c0f516 gallery-spacing-custom elementor-widget elementor-widget-image-gallery\" data-id=\"0c0f516\" data-element_type=\"widget\" data-e-type=\"widget\" data-widget_type=\"image-gallery.default\">\n\t\t\t\t\t\t\t<div class=\"elementor-image-gallery\">\n\t\t\t<div id='gallery-1' class='gallery galleryid-21140 gallery-columns-2 gallery-size-catamaran-thumb-square'><figure class='gallery-item'>\n\t\t\t<div class='gallery-icon landscape'>\n\t\t\t\t<a data-elementor-open-lightbox=\"yes\" data-elementor-lightbox-slideshow=\"0c0f516\" data-elementor-lightbox-title=\"boat rental mallorca alcudia de antonio\" data-e-action-hash=\"#elementor-action%3Aaction%3Dlightbox%26settings%3DeyJpZCI6MjE2MDYsInVybCI6Imh0dHBzOlwvXC9xdWVzdGhlcm9lcy5lc1wvd3AtY29udGVudFwvdXBsb2Fkc1wvMjAyNVwvMDJcL2JvYXQtcmVudGFsLW1hbGxvcmNhLXF1ZXN0aGVyb2VzLTEud2VicCIsInNsaWRlc2hvdyI6IjBjMGY1MTYifQ%3D%3D\" title=\"wynajem \u0142odzi majorka alcudia de antonio\" href='https:\/\/questheroes.es\/wp-content\/uploads\/2025\/02\/boat-rental-mallorca-questheroes-1.webp'><img fetchpriority=\"high\" decoding=\"async\" width=\"890\" height=\"664\" src=\"https:\/\/questheroes.es\/wp-content\/uploads\/2025\/02\/boat-rental-mallorca-questheroes-1-890x664.webp\" class=\"attachment-catamaran-thumb-square size-catamaran-thumb-square\" alt=\"wynajem \u0142odzi majorka alcudia de antonio\" srcset=\"https:\/\/questheroes.es\/wp-content\/uploads\/2025\/02\/boat-rental-mallorca-questheroes-1-890x664.webp 890w, https:\/\/questheroes.es\/wp-content\/uploads\/2025\/02\/boat-rental-mallorca-questheroes-1-300x225.webp 300w, https:\/\/questheroes.es\/wp-content\/uploads\/2025\/02\/boat-rental-mallorca-questheroes-1-370x277.webp 370w, https:\/\/questheroes.es\/wp-content\/uploads\/2025\/02\/boat-rental-mallorca-questheroes-1-410x307.webp 410w\" sizes=\"(max-width: 890px) 100vw, 890px\" \/><\/a>\n\t\t\t<\/div><\/figure><figure class='gallery-item'>\n\t\t\t<div class='gallery-icon landscape'>\n\t\t\t\t<a data-elementor-open-lightbox=\"yes\" data-elementor-lightbox-slideshow=\"0c0f516\" data-elementor-lightbox-title=\"boat rental mallorca questheroes3 (1)\" data-e-action-hash=\"#elementor-action%3Aaction%3Dlightbox%26settings%3DeyJpZCI6MjE2MDMsInVybCI6Imh0dHBzOlwvXC9xdWVzdGhlcm9lcy5lc1wvd3AtY29udGVudFwvdXBsb2Fkc1wvMjAyNVwvMDJcL2JvYXQtcmVudGFsLW1hbGxvcmNhLXF1ZXN0aGVyb2VzMy0xLndlYnAiLCJzbGlkZXNob3ciOiIwYzBmNTE2In0%3D\" title=\"wynajem \u0142odzi majorka alcudia de antonio\" href='https:\/\/questheroes.es\/wp-content\/uploads\/2025\/02\/boat-rental-mallorca-questheroes3-1.webp'><img decoding=\"async\" width=\"890\" height=\"664\" src=\"https:\/\/questheroes.es\/wp-content\/uploads\/2025\/02\/boat-rental-mallorca-questheroes3-1-890x664.webp\" class=\"attachment-catamaran-thumb-square size-catamaran-thumb-square\" alt=\"wynajem \u0142odzi majorka alcudia de antonio\" srcset=\"https:\/\/questheroes.es\/wp-content\/uploads\/2025\/02\/boat-rental-mallorca-questheroes3-1-890x664.webp 890w, https:\/\/questheroes.es\/wp-content\/uploads\/2025\/02\/boat-rental-mallorca-questheroes3-1-300x225.webp 300w, https:\/\/questheroes.es\/wp-content\/uploads\/2025\/02\/boat-rental-mallorca-questheroes3-1-370x277.webp 370w, https:\/\/questheroes.es\/wp-content\/uploads\/2025\/02\/boat-rental-mallorca-questheroes3-1-410x307.webp 410w\" sizes=\"(max-width: 890px) 100vw, 890px\" \/><\/a>\n\t\t\t<\/div><\/figure><figure class='gallery-item'>\n\t\t\t<div class='gallery-icon landscape'>\n\t\t\t\t<a data-elementor-open-lightbox=\"yes\" data-elementor-lightbox-slideshow=\"0c0f516\" data-elementor-lightbox-title=\"boat rental mallorca alcudia de antonio\" data-e-action-hash=\"#elementor-action%3Aaction%3Dlightbox%26settings%3DeyJpZCI6MjE2MDQsInVybCI6Imh0dHBzOlwvXC9xdWVzdGhlcm9lcy5lc1wvd3AtY29udGVudFwvdXBsb2Fkc1wvMjAyNVwvMDJcL2JvYXQtcmVudGFsLW1hbGxvcmNhLXF1ZXN0aGVyb2VzMi0xLndlYnAiLCJzbGlkZXNob3ciOiIwYzBmNTE2In0%3D\" title=\"wynajem \u0142odzi majorka alcudia de antonio\" href='https:\/\/questheroes.es\/wp-content\/uploads\/2025\/02\/boat-rental-mallorca-questheroes2-1.webp'><img decoding=\"async\" width=\"890\" height=\"664\" src=\"https:\/\/questheroes.es\/wp-content\/uploads\/2025\/02\/boat-rental-mallorca-questheroes2-1-890x664.webp\" class=\"attachment-catamaran-thumb-square size-catamaran-thumb-square\" alt=\"wynajem \u0142odzi majorka alcudia de antonio\" srcset=\"https:\/\/questheroes.es\/wp-content\/uploads\/2025\/02\/boat-rental-mallorca-questheroes2-1-890x664.webp 890w, https:\/\/questheroes.es\/wp-content\/uploads\/2025\/02\/boat-rental-mallorca-questheroes2-1-300x225.webp 300w, https:\/\/questheroes.es\/wp-content\/uploads\/2025\/02\/boat-rental-mallorca-questheroes2-1-370x277.webp 370w, https:\/\/questheroes.es\/wp-content\/uploads\/2025\/02\/boat-rental-mallorca-questheroes2-1-410x307.webp 410w\" sizes=\"(max-width: 890px) 100vw, 890px\" \/><\/a>\n\t\t\t<\/div><\/figure><figure class='gallery-item'>\n\t\t\t<div class='gallery-icon landscape'>\n\t\t\t\t<a data-elementor-open-lightbox=\"yes\" data-elementor-lightbox-slideshow=\"0c0f516\" data-elementor-lightbox-title=\"boat rental mallorca alcudia de antonio\" data-e-action-hash=\"#elementor-action%3Aaction%3Dlightbox%26settings%3DeyJpZCI6MjE2MDEsInVybCI6Imh0dHBzOlwvXC9xdWVzdGhlcm9lcy5lc1wvd3AtY29udGVudFwvdXBsb2Fkc1wvMjAyNVwvMDJcL2RlLWFudG9uaW8taW50ZXIyLTEud2VicCIsInNsaWRlc2hvdyI6IjBjMGY1MTYifQ%3D%3D\" title=\"wynajem \u0142odzi majorka alcudia de antonio\" href='https:\/\/questheroes.es\/wp-content\/uploads\/2025\/02\/de-antonio-inter2-1.webp'><img loading=\"lazy\" decoding=\"async\" width=\"890\" height=\"664\" src=\"https:\/\/questheroes.es\/wp-content\/uploads\/2025\/02\/de-antonio-inter2-1-890x664.webp\" class=\"attachment-catamaran-thumb-square size-catamaran-thumb-square\" alt=\"wynajem \u0142odzi majorka alcudia de antonio\" srcset=\"https:\/\/questheroes.es\/wp-content\/uploads\/2025\/02\/de-antonio-inter2-1-890x664.webp 890w, https:\/\/questheroes.es\/wp-content\/uploads\/2025\/02\/de-antonio-inter2-1-300x225.webp 300w\" sizes=\"(max-width: 890px) 100vw, 890px\" \/><\/a>\n\t\t\t<\/div><\/figure><figure class='gallery-item'>\n\t\t\t<div class='gallery-icon landscape'>\n\t\t\t\t<a data-elementor-open-lightbox=\"yes\" data-elementor-lightbox-slideshow=\"0c0f516\" data-elementor-lightbox-title=\"boat rental mallorca alcudia de antonio\" data-e-action-hash=\"#elementor-action%3Aaction%3Dlightbox%26settings%3DeyJpZCI6MjE2MDIsInVybCI6Imh0dHBzOlwvXC9xdWVzdGhlcm9lcy5lc1wvd3AtY29udGVudFwvdXBsb2Fkc1wvMjAyNVwvMDJcL2RlLWFudG9uaW8taW50ZXItMS53ZWJwIiwic2xpZGVzaG93IjoiMGMwZjUxNiJ9\" title=\"wynajem \u0142odzi majorka alcudia de antonio\" href='https:\/\/questheroes.es\/wp-content\/uploads\/2025\/02\/de-antonio-inter-1.webp'><img loading=\"lazy\" decoding=\"async\" width=\"890\" height=\"664\" src=\"https:\/\/questheroes.es\/wp-content\/uploads\/2025\/02\/de-antonio-inter-1-890x664.webp\" class=\"attachment-catamaran-thumb-square size-catamaran-thumb-square\" alt=\"wynajem \u0142odzi majorka alcudia de antonio\" srcset=\"https:\/\/questheroes.es\/wp-content\/uploads\/2025\/02\/de-antonio-inter-1-890x664.webp 890w, https:\/\/questheroes.es\/wp-content\/uploads\/2025\/02\/de-antonio-inter-1-300x225.webp 300w\" sizes=\"(max-width: 890px) 100vw, 890px\" \/><\/a>\n\t\t\t<\/div><\/figure><figure class='gallery-item'>\n\t\t\t<div class='gallery-icon portrait'>\n\t\t\t\t<a data-elementor-open-lightbox=\"yes\" data-elementor-lightbox-slideshow=\"0c0f516\" data-elementor-lightbox-title=\"boat rental mallorca alcudia de antonio\" data-e-action-hash=\"#elementor-action%3Aaction%3Dlightbox%26settings%3DeyJpZCI6MjE1NzgsInVybCI6Imh0dHBzOlwvXC9xdWVzdGhlcm9lcy5lc1wvd3AtY29udGVudFwvdXBsb2Fkc1wvMjAyNVwvMDJcL2RlYW50b3BuaW8tYmF0aHJvb20ud2VicCIsInNsaWRlc2hvdyI6IjBjMGY1MTYifQ%3D%3D\" title=\"wynajem \u0142odzi majorka alcudia de antonio\" href='https:\/\/questheroes.es\/wp-content\/uploads\/2025\/02\/deantopnio-bathroom.webp'><img loading=\"lazy\" decoding=\"async\" width=\"890\" height=\"664\" src=\"https:\/\/questheroes.es\/wp-content\/uploads\/2025\/02\/deantopnio-bathroom-890x664.webp\" class=\"attachment-catamaran-thumb-square size-catamaran-thumb-square\" alt=\"wynajem \u0142odzi majorka alcudia de antonio\" \/><\/a>\n\t\t\t<\/div><\/figure>\n\t\t<\/div>\n\t\t<\/div>\n\t\t\t\t\t\t<\/div>\n\t\t\t\t<div class=\"elementor-element elementor-element-fdef696 gallery-spacing-custom elementor-widget elementor-widget-image-gallery\" data-id=\"fdef696\" data-element_type=\"widget\" data-e-type=\"widget\" data-widget_type=\"image-gallery.default\">\n\t\t\t\t\t\t\t<div class=\"elementor-image-gallery\">\n\t\t\t<div id='gallery-2' class='gallery galleryid-21140 gallery-columns-1 gallery-size-full'><figure class='gallery-item'>\n\t\t\t<div class='gallery-icon landscape'>\n\t\t\t\t<a data-elementor-open-lightbox=\"yes\" data-elementor-lightbox-slideshow=\"fdef696\" data-elementor-lightbox-title=\"boat rental mallorca 4\" data-e-action-hash=\"#elementor-action%3Aaction%3Dlightbox%26settings%3DeyJpZCI6MjE1NDEsInVybCI6Imh0dHBzOlwvXC9xdWVzdGhlcm9lcy5lc1wvd3AtY29udGVudFwvdXBsb2Fkc1wvMjAyNVwvMDFcL2JvYXQtcmVudGFsLW1hbGxvcmNhLTQud2VicCIsInNsaWRlc2hvdyI6ImZkZWY2OTYifQ%3D%3D\" title=\"wynajem \u0142odzi majorka\" href='https:\/\/questheroes.es\/wp-content\/uploads\/2025\/01\/boat-rental-mallorca-4.webp'><img loading=\"lazy\" decoding=\"async\" width=\"2000\" height=\"1498\" src=\"https:\/\/questheroes.es\/wp-content\/uploads\/2025\/01\/boat-rental-mallorca-4.webp\" class=\"attachment-full size-full\" alt=\"wynajem \u0142odzi majorka\" srcset=\"https:\/\/questheroes.es\/wp-content\/uploads\/2025\/01\/boat-rental-mallorca-4.webp 2000w, https:\/\/questheroes.es\/wp-content\/uploads\/2025\/01\/boat-rental-mallorca-4-300x225.webp 300w, https:\/\/questheroes.es\/wp-content\/uploads\/2025\/01\/boat-rental-mallorca-4-1024x767.webp 1024w, https:\/\/questheroes.es\/wp-content\/uploads\/2025\/01\/boat-rental-mallorca-4-768x575.webp 768w, https:\/\/questheroes.es\/wp-content\/uploads\/2025\/01\/boat-rental-mallorca-4-1536x1150.webp 1536w, https:\/\/questheroes.es\/wp-content\/uploads\/2025\/01\/boat-rental-mallorca-4-370x277.webp 370w, https:\/\/questheroes.es\/wp-content\/uploads\/2025\/01\/boat-rental-mallorca-4-840x629.webp 840w, https:\/\/questheroes.es\/wp-content\/uploads\/2025\/01\/boat-rental-mallorca-4-410x307.webp 410w\" sizes=\"(max-width: 2000px) 100vw, 2000px\" \/><\/a>\n\t\t\t<\/div><\/figure>\n\t\t<\/div>\n\t\t<\/div>\n\t\t\t\t\t\t<\/div>\n\t\t\t\t\t<\/div>\n\t\t<\/div>\n\t\t\t\t<div class=\"elementor-column elementor-col-50 elementor-top-column elementor-element elementor-element-ff3e72d sc_column_fixed sc_content_align_inherit sc_layouts_column_icons_position_left sc_fly_static\" data-id=\"ff3e72d\" data-element_type=\"column\" data-e-type=\"column\">\n\t\t\t<div class=\"elementor-widget-wrap elementor-element-populated\">\n\t\t\t\t\t\t<div class=\"elementor-element elementor-element-bf43d77 elementor-widget elementor-widget-spacer\" data-id=\"bf43d77\" data-element_type=\"widget\" data-e-type=\"widget\" data-widget_type=\"spacer.default\">\n\t\t\t\t\t\t\t<div class=\"elementor-spacer\">\n\t\t\t<div class=\"elementor-spacer-inner\"><\/div>\n\t\t<\/div>\n\t\t\t\t\t\t<\/div>\n\t\t\t\t<div class=\"elementor-element elementor-element-2bc3241 sc_fly_static elementor-widget elementor-widget-trx_sc_title\" data-id=\"2bc3241\" data-element_type=\"widget\" data-e-type=\"widget\" data-widget_type=\"trx_sc_title.default\">\n\t\t\t\t<div class=\"elementor-widget-container\">\n\t\t\t\t\t<div\t\tclass=\"sc_title sc_title_default\" ><span class=\"sc_item_subtitle sc_title_subtitle sc_item_subtitle_above sc_item_title_style_default\">TYLKO ZE SKIPPEREM, 2X 350 KM, MAKS. 12 OS\u00d3B, 11,5 METRA<\/span><\/div>\t\t\t\t<\/div>\n\t\t\t\t<\/div>\n\t\t\t\t<div class=\"elementor-element elementor-element-1aa1d12 elementor-widget elementor-widget-text-editor\" data-id=\"1aa1d12\" data-element_type=\"widget\" data-e-type=\"widget\" data-widget_type=\"text-editor.default\">\n\t\t\t\t\t\t\t\t\t<div class=\"elementor-element elementor-element-fd757e9 elementor-widget elementor-widget-text-editor\" data-id=\"fd757e9\" data-element_type=\"widget\" data-widget_type=\"text-editor.default\"><div class=\"elementor-widget-container\"><div class=\"elementor-text-editor elementor-clearfix\"><div class=\"elementor-element elementor-element-ea01128 elementor-widget elementor-widget-text-editor\" data-id=\"ea01128\" data-element_type=\"widget\" data-widget_type=\"text-editor.default\"><div class=\"elementor-widget-container\"><div class=\"elementor-text-editor elementor-clearfix\"><div class=\"elementor-element elementor-element-06bc604 elementor-widget elementor-widget-text-editor\" data-id=\"06bc604\" data-element_type=\"widget\" data-widget_type=\"text-editor.default\"><div class=\"elementor-widget-container\"><div class=\"elementor-text-editor elementor-clearfix\"><div class=\"elementor-element elementor-element-17a382b elementor-widget elementor-widget-text-editor\" data-id=\"17a382b\" data-element_type=\"widget\" data-widget_type=\"text-editor.default\"><div class=\"elementor-widget-container\"><div class=\"elementor-text-editor elementor-clearfix\"><p style=\"font-weight: 400;\">Model D36 Open otrzyma\u0142 nagrod\u0119 dla najlepszej europejskiej \u0142odzi motorowej roku w kategorii do 14 metr\u00f3w podczas targ\u00f3w Boot na International Boat Show w D\u00fcsseldorfie 2023.\u00a0<\/p><p style=\"font-weight: 400;\">De Antonio 36 okaza\u0142 si\u0119 idealnym wyborem, aby cieszy\u0107 si\u0119 wspania\u0142ym dniem na s\u0142o\u0144cu z rodzin\u0105, imprezowa\u0107 z przyjaci\u00f3\u0142mi lub dla tych, kt\u00f3rzy kochaj\u0105 uczucie prowadzenia otwartej \u0142odzi, ale nadal s\u0105 chronieni przed warunkami atmosferycznymi.<\/p><p style=\"font-weight: 400;\">Wynajem \u0142odzi - Majorka.<\/p><\/div><\/div><\/div><\/div><\/div><\/div><\/div><\/div><\/div><\/div><\/div><\/div>\t\t\t\t\t\t\t\t<\/div>\n\t\t\t\t<div class=\"elementor-element elementor-element-0a26b76 elementor-widget elementor-widget-spacer\" data-id=\"0a26b76\" data-element_type=\"widget\" data-e-type=\"widget\" data-widget_type=\"spacer.default\">\n\t\t\t\t\t\t\t<div class=\"elementor-spacer\">\n\t\t\t<div class=\"elementor-spacer-inner\"><\/div>\n\t\t<\/div>\n\t\t\t\t\t\t<\/div>\n\t\t\t\t<div class=\"elementor-element elementor-element-26956e2 sc_fly_static elementor-widget elementor-widget-trx_sc_table\" data-id=\"26956e2\" data-element_type=\"widget\" data-e-type=\"widget\" data-widget_type=\"trx_sc_table.default\">\n\t\t\t\t<div class=\"elementor-widget-container\">\n\t\t\t\t\t<div class=\"sc_table_wrap\"><div\t\tclass=\"sc_table sc_table_default alignleft trx_addons_inline_257003016\" ><table cellspacing=\"0\" summary=\"text\">\n\t\n\t<tr>\n\t\t<td>8 godzin<\/td>\n\t\t<td>2309,09 EUR*<\/td>\n\t<\/tr>\n<tr>\n\t\t<td>Skipper<\/td>\n\t\t<td>262,40 EUR<\/td>\n\t<\/tr>\n<tr>\n\t\t<td>Paliwo<\/td>\n\t\t<td>Nie zawiera<\/td>\n\t<\/tr>\n\t\n<\/table><\/div><\/div>\t\t\t\t<\/div>\n\t\t\t\t<\/div>\n\t\t\t\t<div class=\"elementor-element elementor-element-cd7cd71 elementor-widget elementor-widget-spacer\" data-id=\"cd7cd71\" data-element_type=\"widget\" data-e-type=\"widget\" data-widget_type=\"spacer.default\">\n\t\t\t\t\t\t\t<div class=\"elementor-spacer\">\n\t\t\t<div class=\"elementor-spacer-inner\"><\/div>\n\t\t<\/div>\n\t\t\t\t\t\t<\/div>\n\t\t\t\t<div class=\"elementor-element elementor-element-e7b58cf elementor-widget elementor-widget-text-editor\" data-id=\"e7b58cf\" data-element_type=\"widget\" data-e-type=\"widget\" data-widget_type=\"text-editor.default\">\n\t\t\t\t\t\t\t\t\t<p>*Cena obejmuje r\u0119czniki, napoje bezalkoholowe, powitaln\u0105 kaw\u0119, piwo, l\u00f3d, desk\u0119 SUP i sprz\u0119t do nurkowania z rurk\u0105.<\/p>\t\t\t\t\t\t\t\t<\/div>\n\t\t\t\t<div class=\"elementor-element elementor-element-4d73f60 sc_fly_static elementor-widget elementor-widget-trx_sc_button\" data-id=\"4d73f60\" data-element_type=\"widget\" data-e-type=\"widget\" data-widget_type=\"trx_sc_button.default\">\n\t\t\t\t<div class=\"elementor-widget-container\">\n\t\t\t\t\t<div\tclass=\"sc_item_button sc_button_wrap sc_align_left\" ><a href=\"https:\/\/fareharbor.com\/embeds\/book\/questheroesboatrentalmallorca\/items\/692875\/?full-items=yes&#038;flow=1539119\" class=\"sc_button sc_button_default sc_button_size_normal sc_button_icon_left color_style_link2\" ><span class=\"sc_button_text\"><span class=\"sc_button_title\">Zarezerwuj t\u0119 \u0142\u00f3d\u017a<\/span><\/span><\/a><\/div>\t\t\t\t<\/div>\n\t\t\t\t<\/div>\n\t\t\t\t\t<\/div>\n\t\t<\/div>\n\t\t\t\t\t<\/div>\n\t\t<\/section>\n\t\t\t\t<\/div>","protected":false},"excerpt":{"rendered":"<p>De Antonio 36 TYLKO Z SKIPPEREM, 2X 350 KM MAKSYMALNIE 12 OS\u00d3B, 11,5 METRA\u2026<\/p>","protected":false},"author":4309,"featured_media":0,"parent":0,"menu_order":0,"comment_status":"closed","ping_status":"closed","template":"","meta":{"_joinchat":[],"footnotes":""},"class_list":["post-21140","page","type-page","status-publish","hentry"],"yoast_head":"<!-- This site is optimized with the Yoast SEO plugin v27.3 - https:\/\/yoast.com\/product\/yoast-seo-wordpress\/ -->\n<title>De Antonio 36 - Quest Heroes Boat Rental Mallorca<\/title>\n<meta name=\"robots\" content=\"index, follow, max-snippet:-1, max-image-preview:large, max-video-preview:-1\" \/>\n<link rel=\"canonical\" href=\"https:\/\/questheroes.es\/pl\/de-antonio-36\/\" \/>\n<meta property=\"og:locale\" content=\"pl_PL\" \/>\n<meta property=\"og:type\" content=\"article\" \/>\n<meta property=\"og:title\" content=\"De Antonio 36 - Quest Heroes Boat Rental Mallorca\" \/>\n<meta property=\"og:description\" content=\"De Antonio 36 WITH SKIPPER ONLY, 2X 350 HP MAX 12 PAX, 11.5 METERS The&hellip;\" \/>\n<meta property=\"og:url\" content=\"https:\/\/questheroes.es\/pl\/de-antonio-36\/\" \/>\n<meta property=\"og:site_name\" content=\"Quest Heroes Boat Rental Mallorca\" \/>\n<meta property=\"article:modified_time\" content=\"2026-01-31T03:41:58+00:00\" \/>\n<meta property=\"og:image\" content=\"https:\/\/questheroes.es\/wp-content\/uploads\/2025\/02\/boat-rental-mallorca-questheroes-1-890x664.webp\" \/>\n<meta name=\"twitter:card\" content=\"summary_large_image\" \/>\n<meta name=\"twitter:label1\" content=\"Szacowany czas czytania\" \/>\n\t<meta name=\"twitter:data1\" content=\"2 minuty\" \/>\n<script type=\"application\/ld+json\" class=\"yoast-schema-graph\">{\"@context\":\"https:\\\/\\\/schema.org\",\"@graph\":[{\"@type\":\"WebPage\",\"@id\":\"https:\\\/\\\/questheroes.es\\\/de-antonio-36\\\/\",\"url\":\"https:\\\/\\\/questheroes.es\\\/de-antonio-36\\\/\",\"name\":\"De Antonio 36 - Quest Heroes Boat Rental Mallorca\",\"isPartOf\":{\"@id\":\"https:\\\/\\\/questheroes.es\\\/#website\"},\"primaryImageOfPage\":{\"@id\":\"https:\\\/\\\/questheroes.es\\\/de-antonio-36\\\/#primaryimage\"},\"image\":{\"@id\":\"https:\\\/\\\/questheroes.es\\\/de-antonio-36\\\/#primaryimage\"},\"thumbnailUrl\":\"https:\\\/\\\/questheroes.es\\\/wp-content\\\/uploads\\\/2025\\\/02\\\/boat-rental-mallorca-questheroes-1-890x664.webp\",\"datePublished\":\"2024-03-19T10:47:36+00:00\",\"dateModified\":\"2026-01-31T03:41:58+00:00\",\"breadcrumb\":{\"@id\":\"https:\\\/\\\/questheroes.es\\\/de-antonio-36\\\/#breadcrumb\"},\"inLanguage\":\"pl-PL\",\"potentialAction\":[{\"@type\":\"ReadAction\",\"target\":[\"https:\\\/\\\/questheroes.es\\\/de-antonio-36\\\/\"]}]},{\"@type\":\"ImageObject\",\"inLanguage\":\"pl-PL\",\"@id\":\"https:\\\/\\\/questheroes.es\\\/de-antonio-36\\\/#primaryimage\",\"url\":\"https:\\\/\\\/questheroes.es\\\/wp-content\\\/uploads\\\/2025\\\/02\\\/boat-rental-mallorca-questheroes-1-890x664.webp\",\"contentUrl\":\"https:\\\/\\\/questheroes.es\\\/wp-content\\\/uploads\\\/2025\\\/02\\\/boat-rental-mallorca-questheroes-1-890x664.webp\"},{\"@type\":\"BreadcrumbList\",\"@id\":\"https:\\\/\\\/questheroes.es\\\/de-antonio-36\\\/#breadcrumb\",\"itemListElement\":[{\"@type\":\"ListItem\",\"position\":1,\"name\":\"Home\",\"item\":\"https:\\\/\\\/questheroes.es\\\/\"},{\"@type\":\"ListItem\",\"position\":2,\"name\":\"De Antonio 36\"}]},{\"@type\":\"WebSite\",\"@id\":\"https:\\\/\\\/questheroes.es\\\/#website\",\"url\":\"https:\\\/\\\/questheroes.es\\\/\",\"name\":\"Quest Heroes Boat Rental Mallorca\",\"description\":\"Rent a Boat In Mallorca\",\"potentialAction\":[{\"@type\":\"SearchAction\",\"target\":{\"@type\":\"EntryPoint\",\"urlTemplate\":\"https:\\\/\\\/questheroes.es\\\/?s={search_term_string}\"},\"query-input\":{\"@type\":\"PropertyValueSpecification\",\"valueRequired\":true,\"valueName\":\"search_term_string\"}}],\"inLanguage\":\"pl-PL\"}]}<\/script>\n<!-- \/ Yoast SEO plugin. -->","yoast_head_json":{"title":"De Antonio 36 - wypo\u017cyczalnia \u0142odzi Quest Heroes na Majorce","robots":{"index":"index","follow":"follow","max-snippet":"max-snippet:-1","max-image-preview":"max-image-preview:large","max-video-preview":"max-video-preview:-1"},"canonical":"https:\/\/questheroes.es\/pl\/de-antonio-36\/","og_locale":"pl_PL","og_type":"article","og_title":"De Antonio 36 - Quest Heroes Boat Rental Mallorca","og_description":"De Antonio 36 WITH SKIPPER ONLY, 2X 350 HP MAX 12 PAX, 11.5 METERS The&hellip;","og_url":"https:\/\/questheroes.es\/pl\/de-antonio-36\/","og_site_name":"Quest Heroes Boat Rental Mallorca","article_modified_time":"2026-01-31T03:41:58+00:00","og_image":[{"url":"https:\/\/questheroes.es\/wp-content\/uploads\/2025\/02\/boat-rental-mallorca-questheroes-1-890x664.webp","type":"","width":"","height":""}],"twitter_card":"summary_large_image","twitter_misc":{"Szacowany czas czytania":"2 minuty"},"schema":{"@context":"https:\/\/schema.org","@graph":[{"@type":"WebPage","@id":"https:\/\/questheroes.es\/de-antonio-36\/","url":"https:\/\/questheroes.es\/de-antonio-36\/","name":"De Antonio 36 - wypo\u017cyczalnia \u0142odzi Quest Heroes na Majorce","isPartOf":{"@id":"https:\/\/questheroes.es\/#website"},"primaryImageOfPage":{"@id":"https:\/\/questheroes.es\/de-antonio-36\/#primaryimage"},"image":{"@id":"https:\/\/questheroes.es\/de-antonio-36\/#primaryimage"},"thumbnailUrl":"https:\/\/questheroes.es\/wp-content\/uploads\/2025\/02\/boat-rental-mallorca-questheroes-1-890x664.webp","datePublished":"2024-03-19T10:47:36+00:00","dateModified":"2026-01-31T03:41:58+00:00","breadcrumb":{"@id":"https:\/\/questheroes.es\/de-antonio-36\/#breadcrumb"},"inLanguage":"pl-PL","potentialAction":[{"@type":"ReadAction","target":["https:\/\/questheroes.es\/de-antonio-36\/"]}]},{"@type":"ImageObject","inLanguage":"pl-PL","@id":"https:\/\/questheroes.es\/de-antonio-36\/#primaryimage","url":"https:\/\/questheroes.es\/wp-content\/uploads\/2025\/02\/boat-rental-mallorca-questheroes-1-890x664.webp","contentUrl":"https:\/\/questheroes.es\/wp-content\/uploads\/2025\/02\/boat-rental-mallorca-questheroes-1-890x664.webp"},{"@type":"BreadcrumbList","@id":"https:\/\/questheroes.es\/de-antonio-36\/#breadcrumb","itemListElement":[{"@type":"ListItem","position":1,"name":"Home","item":"https:\/\/questheroes.es\/"},{"@type":"ListItem","position":2,"name":"De Antonio 36"}]},{"@type":"WebSite","@id":"https:\/\/questheroes.es\/#website","url":"https:\/\/questheroes.es\/","name":"Quest Heroes Wynajem \u0142odzi Majorka","description":"Wynajem \u0142odzi na Majorce","potentialAction":[{"@type":"SearchAction","target":{"@type":"EntryPoint","urlTemplate":"https:\/\/questheroes.es\/?s={search_term_string}"},"query-input":{"@type":"PropertyValueSpecification","valueRequired":true,"valueName":"search_term_string"}}],"inLanguage":"pl-PL"}]}},"_links":{"self":[{"href":"https:\/\/questheroes.es\/pl\/wp-json\/wp\/v2\/pages\/21140","targetHints":{"allow":["GET"]}}],"collection":[{"href":"https:\/\/questheroes.es\/pl\/wp-json\/wp\/v2\/pages"}],"about":[{"href":"https:\/\/questheroes.es\/pl\/wp-json\/wp\/v2\/types\/page"}],"author":[{"embeddable":true,"href":"https:\/\/questheroes.es\/pl\/wp-json\/wp\/v2\/users\/4309"}],"replies":[{"embeddable":true,"href":"https:\/\/questheroes.es\/pl\/wp-json\/wp\/v2\/comments?post=21140"}],"version-history":[{"count":31,"href":"https:\/\/questheroes.es\/pl\/wp-json\/wp\/v2\/pages\/21140\/revisions"}],"predecessor-version":[{"id":22354,"href":"https:\/\/questheroes.es\/pl\/wp-json\/wp\/v2\/pages\/21140\/revisions\/22354"}],"wp:attachment":[{"href":"https:\/\/questheroes.es\/pl\/wp-json\/wp\/v2\/media?parent=21140"}],"curies":[{"name":"wp","href":"https:\/\/api.w.org\/{rel}","templated":true}]}}