{"id":20377,"date":"2023-07-09T23:18:17","date_gmt":"2023-07-09T21:18:17","guid":{"rendered":"https:\/\/questheroes.es\/?page_id=20377"},"modified":"2026-01-31T04:39:44","modified_gmt":"2026-01-31T03:39:44","slug":"axopar-x-jobe-revolve-xxii-t-top","status":"publish","type":"page","link":"https:\/\/questheroes.es\/pl\/axopar-x-jobe-revolve-xxii-t-top\/","title":{"rendered":"Axopar x Jobe Revolve XXII T-Top"},"content":{"rendered":"<div data-elementor-type=\"wp-page\" data-elementor-id=\"20377\" class=\"elementor elementor-20377\">\n\t\t\t\t\t\t<section class=\"elementor-section elementor-top-section elementor-element elementor-element-4cf4068 elementor-section-boxed elementor-section-height-default elementor-section-height-default sc_fly_static\" data-id=\"4cf4068\" data-element_type=\"section\" data-e-type=\"section\">\n\t\t\t\t\t\t<div class=\"elementor-container elementor-column-gap-extended\">\n\t\t\t\t\t<div class=\"elementor-column elementor-col-50 elementor-top-column elementor-element elementor-element-d6690f2 sc_content_align_inherit sc_layouts_column_icons_position_left sc_fly_static\" data-id=\"d6690f2\" data-element_type=\"column\" data-e-type=\"column\">\n\t\t\t<div class=\"elementor-widget-wrap elementor-element-populated\">\n\t\t\t\t\t\t<div class=\"elementor-element elementor-element-e9a736e sc_fly_static elementor-widget elementor-widget-trx_sc_title\" data-id=\"e9a736e\" data-element_type=\"widget\" data-e-type=\"widget\" data-widget_type=\"trx_sc_title.default\">\n\t\t\t\t<div class=\"elementor-widget-container\">\n\t\t\t\t\t<div\t\tclass=\"sc_title sc_title_default\" ><h1 class=\"sc_item_title sc_title_title sc_item_title_style_default sc_item_title_tag\"\n\t\t\t><span class=\"sc_item_title_text\">Axopar x Jobe Revolve XXII T-Top<\/span><\/h1><\/div>\t\t\t\t<\/div>\n\t\t\t\t<\/div>\n\t\t\t\t<div class=\"elementor-element elementor-element-0c0f516 gallery-spacing-custom elementor-widget elementor-widget-image-gallery\" data-id=\"0c0f516\" data-element_type=\"widget\" data-e-type=\"widget\" data-widget_type=\"image-gallery.default\">\n\t\t\t\t\t\t\t<div class=\"elementor-image-gallery\">\n\t\t\t<div id='gallery-1' class='gallery galleryid-20377 gallery-columns-2 gallery-size-catamaran-thumb-square'><figure class='gallery-item'>\n\t\t\t<div class='gallery-icon portrait'>\n\t\t\t\t<a data-elementor-open-lightbox=\"yes\" data-elementor-lightbox-slideshow=\"0c0f516\" data-elementor-lightbox-title=\"Nimbus, Axopar 22.\" data-e-action-hash=\"#elementor-action%3Aaction%3Dlightbox%26settings%3DeyJpZCI6MjAzODcsInVybCI6Imh0dHBzOlwvXC9xdWVzdGhlcm9lcy5lc1wvd3AtY29udGVudFwvdXBsb2Fkc1wvMjAyM1wvMDdcL0FicmFoYW0tR2FyY2lhLVBob3RvZ3JhcGh5LTZfd2Vic2l6ZS5qcGciLCJzbGlkZXNob3ciOiIwYzBmNTE2In0%3D\" href='https:\/\/questheroes.es\/wp-content\/uploads\/2023\/07\/Abraham-Garcia-Photography-6_websize.jpg'><img fetchpriority=\"high\" decoding=\"async\" width=\"890\" height=\"664\" src=\"https:\/\/questheroes.es\/wp-content\/uploads\/2023\/07\/Abraham-Garcia-Photography-6_websize-890x664.jpg\" class=\"attachment-catamaran-thumb-square size-catamaran-thumb-square\" alt=\"\" \/><\/a>\n\t\t\t<\/div><\/figure><figure class='gallery-item'>\n\t\t\t<div class='gallery-icon landscape'>\n\t\t\t\t<a data-elementor-open-lightbox=\"yes\" data-elementor-lightbox-slideshow=\"0c0f516\" data-elementor-lightbox-title=\"Nimbus, Axopar 22.\" data-e-action-hash=\"#elementor-action%3Aaction%3Dlightbox%26settings%3DeyJpZCI6MjAzODUsInVybCI6Imh0dHBzOlwvXC9xdWVzdGhlcm9lcy5lc1wvd3AtY29udGVudFwvdXBsb2Fkc1wvMjAyM1wvMDdcL0FicmFoYW0tR2FyY2lhLVBob3RvZ3JhcGh5LTEyX3dlYnNpemUuanBnIiwic2xpZGVzaG93IjoiMGMwZjUxNiJ9\" href='https:\/\/questheroes.es\/wp-content\/uploads\/2023\/07\/Abraham-Garcia-Photography-12_websize.jpg'><img decoding=\"async\" width=\"890\" height=\"664\" src=\"https:\/\/questheroes.es\/wp-content\/uploads\/2023\/07\/Abraham-Garcia-Photography-12_websize-890x664.jpg\" class=\"attachment-catamaran-thumb-square size-catamaran-thumb-square\" alt=\"\" \/><\/a>\n\t\t\t<\/div><\/figure><figure class='gallery-item'>\n\t\t\t<div class='gallery-icon landscape'>\n\t\t\t\t<a data-elementor-open-lightbox=\"yes\" data-elementor-lightbox-slideshow=\"0c0f516\" data-elementor-lightbox-title=\"Nimbus, Axopar 22.\" data-e-action-hash=\"#elementor-action%3Aaction%3Dlightbox%26settings%3DeyJpZCI6MjAzODYsInVybCI6Imh0dHBzOlwvXC9xdWVzdGhlcm9lcy5lc1wvd3AtY29udGVudFwvdXBsb2Fkc1wvMjAyM1wvMDdcL0FicmFoYW0tR2FyY2lhLVBob3RvZ3JhcGh5LTlfd2Vic2l6ZS5qcGciLCJzbGlkZXNob3ciOiIwYzBmNTE2In0%3D\" href='https:\/\/questheroes.es\/wp-content\/uploads\/2023\/07\/Abraham-Garcia-Photography-9_websize.jpg'><img decoding=\"async\" width=\"890\" height=\"664\" src=\"https:\/\/questheroes.es\/wp-content\/uploads\/2023\/07\/Abraham-Garcia-Photography-9_websize-890x664.jpg\" class=\"attachment-catamaran-thumb-square size-catamaran-thumb-square\" alt=\"\" \/><\/a>\n\t\t\t<\/div><\/figure><figure class='gallery-item'>\n\t\t\t<div class='gallery-icon portrait'>\n\t\t\t\t<a data-elementor-open-lightbox=\"yes\" data-elementor-lightbox-slideshow=\"0c0f516\" data-elementor-lightbox-title=\"Nimbus, Axopar 22.\" data-e-action-hash=\"#elementor-action%3Aaction%3Dlightbox%26settings%3DeyJpZCI6MjAzNzksInVybCI6Imh0dHBzOlwvXC9xdWVzdGhlcm9lcy5lc1wvd3AtY29udGVudFwvdXBsb2Fkc1wvMjAyM1wvMDdcL0FicmFoYW0tR2FyY2lhLVBob3RvZ3JhcGh5LTExNF93ZWJzaXplLmpwZyIsInNsaWRlc2hvdyI6IjBjMGY1MTYifQ%3D%3D\" href='https:\/\/questheroes.es\/wp-content\/uploads\/2023\/07\/Abraham-Garcia-Photography-114_websize.jpg'><img loading=\"lazy\" decoding=\"async\" width=\"890\" height=\"664\" src=\"https:\/\/questheroes.es\/wp-content\/uploads\/2023\/07\/Abraham-Garcia-Photography-114_websize-890x664.jpg\" class=\"attachment-catamaran-thumb-square size-catamaran-thumb-square\" alt=\"\" \/><\/a>\n\t\t\t<\/div><\/figure><figure class='gallery-item'>\n\t\t\t<div class='gallery-icon portrait'>\n\t\t\t\t<a data-elementor-open-lightbox=\"yes\" data-elementor-lightbox-slideshow=\"0c0f516\" data-elementor-lightbox-title=\"Nimbus, Axopar 22.\" data-e-action-hash=\"#elementor-action%3Aaction%3Dlightbox%26settings%3DeyJpZCI6MjAzODAsInVybCI6Imh0dHBzOlwvXC9xdWVzdGhlcm9lcy5lc1wvd3AtY29udGVudFwvdXBsb2Fkc1wvMjAyM1wvMDdcL0FicmFoYW0tR2FyY2lhLVBob3RvZ3JhcGh5LTExM193ZWJzaXplLmpwZyIsInNsaWRlc2hvdyI6IjBjMGY1MTYifQ%3D%3D\" href='https:\/\/questheroes.es\/wp-content\/uploads\/2023\/07\/Abraham-Garcia-Photography-113_websize.jpg'><img loading=\"lazy\" decoding=\"async\" width=\"890\" height=\"664\" src=\"https:\/\/questheroes.es\/wp-content\/uploads\/2023\/07\/Abraham-Garcia-Photography-113_websize-890x664.jpg\" class=\"attachment-catamaran-thumb-square size-catamaran-thumb-square\" alt=\"\" \/><\/a>\n\t\t\t<\/div><\/figure><figure class='gallery-item'>\n\t\t\t<div class='gallery-icon portrait'>\n\t\t\t\t<a data-elementor-open-lightbox=\"yes\" data-elementor-lightbox-slideshow=\"0c0f516\" data-elementor-lightbox-title=\"Nimbus, Axopar 22.\" data-e-action-hash=\"#elementor-action%3Aaction%3Dlightbox%26settings%3DeyJpZCI6MjAzODEsInVybCI6Imh0dHBzOlwvXC9xdWVzdGhlcm9lcy5lc1wvd3AtY29udGVudFwvdXBsb2Fkc1wvMjAyM1wvMDdcL0FicmFoYW0tR2FyY2lhLVBob3RvZ3JhcGh5LTExMl93ZWJzaXplLmpwZyIsInNsaWRlc2hvdyI6IjBjMGY1MTYifQ%3D%3D\" href='https:\/\/questheroes.es\/wp-content\/uploads\/2023\/07\/Abraham-Garcia-Photography-112_websize.jpg'><img loading=\"lazy\" decoding=\"async\" width=\"890\" height=\"664\" src=\"https:\/\/questheroes.es\/wp-content\/uploads\/2023\/07\/Abraham-Garcia-Photography-112_websize-890x664.jpg\" class=\"attachment-catamaran-thumb-square size-catamaran-thumb-square\" alt=\"\" \/><\/a>\n\t\t\t<\/div><\/figure><figure class='gallery-item'>\n\t\t\t<div class='gallery-icon portrait'>\n\t\t\t\t<a data-elementor-open-lightbox=\"yes\" data-elementor-lightbox-slideshow=\"0c0f516\" data-elementor-lightbox-title=\"Nimbus, Axopar 22.\" data-e-action-hash=\"#elementor-action%3Aaction%3Dlightbox%26settings%3DeyJpZCI6MjAzODIsInVybCI6Imh0dHBzOlwvXC9xdWVzdGhlcm9lcy5lc1wvd3AtY29udGVudFwvdXBsb2Fkc1wvMjAyM1wvMDdcL0FicmFoYW0tR2FyY2lhLVBob3RvZ3JhcGh5LTExMF93ZWJzaXplLmpwZyIsInNsaWRlc2hvdyI6IjBjMGY1MTYifQ%3D%3D\" href='https:\/\/questheroes.es\/wp-content\/uploads\/2023\/07\/Abraham-Garcia-Photography-110_websize.jpg'><img loading=\"lazy\" decoding=\"async\" width=\"890\" height=\"664\" src=\"https:\/\/questheroes.es\/wp-content\/uploads\/2023\/07\/Abraham-Garcia-Photography-110_websize-890x664.jpg\" class=\"attachment-catamaran-thumb-square size-catamaran-thumb-square\" alt=\"\" \/><\/a>\n\t\t\t<\/div><\/figure><figure class='gallery-item'>\n\t\t\t<div class='gallery-icon portrait'>\n\t\t\t\t<a data-elementor-open-lightbox=\"yes\" data-elementor-lightbox-slideshow=\"0c0f516\" data-elementor-lightbox-title=\"Nimbus, Axopar 22.\" data-e-action-hash=\"#elementor-action%3Aaction%3Dlightbox%26settings%3DeyJpZCI6MjAzODMsInVybCI6Imh0dHBzOlwvXC9xdWVzdGhlcm9lcy5lc1wvd3AtY29udGVudFwvdXBsb2Fkc1wvMjAyM1wvMDdcL0FicmFoYW0tR2FyY2lhLVBob3RvZ3JhcGh5LTEwOV93ZWJzaXplLmpwZyIsInNsaWRlc2hvdyI6IjBjMGY1MTYifQ%3D%3D\" href='https:\/\/questheroes.es\/wp-content\/uploads\/2023\/07\/Abraham-Garcia-Photography-109_websize.jpg'><img loading=\"lazy\" decoding=\"async\" width=\"890\" height=\"664\" src=\"https:\/\/questheroes.es\/wp-content\/uploads\/2023\/07\/Abraham-Garcia-Photography-109_websize-890x664.jpg\" class=\"attachment-catamaran-thumb-square size-catamaran-thumb-square\" alt=\"\" \/><\/a>\n\t\t\t<\/div><\/figure>\n\t\t<\/div>\n\t\t<\/div>\n\t\t\t\t\t\t<\/div>\n\t\t\t\t<div class=\"elementor-element elementor-element-0cddcc6 gallery-spacing-custom elementor-widget elementor-widget-image-gallery\" data-id=\"0cddcc6\" data-element_type=\"widget\" data-e-type=\"widget\" data-widget_type=\"image-gallery.default\">\n\t\t\t\t\t\t\t<div class=\"elementor-image-gallery\">\n\t\t\t<div id='gallery-2' class='gallery galleryid-20377 gallery-columns-1 gallery-size-catamaran-thumb-square'><figure class='gallery-item'>\n\t\t\t<div class='gallery-icon landscape'>\n\t\t\t\t<a data-elementor-open-lightbox=\"yes\" data-elementor-lightbox-slideshow=\"0cddcc6\" data-elementor-lightbox-title=\"Nimbus, Axopar 22.\" data-e-action-hash=\"#elementor-action%3Aaction%3Dlightbox%26settings%3DeyJpZCI6MjAzOTUsInVybCI6Imh0dHBzOlwvXC9xdWVzdGhlcm9lcy5lc1wvd3AtY29udGVudFwvdXBsb2Fkc1wvMjAyM1wvMDdcL0FicmFoYW0tR2FyY2lhLVBob3RvZ3JhcGh5LTVfd2Vic2l6ZS1lMTY4OTcwMDEwNzQ0MS5qcGciLCJzbGlkZXNob3ciOiIwY2RkY2M2In0%3D\" href='https:\/\/questheroes.es\/wp-content\/uploads\/2023\/07\/Abraham-Garcia-Photography-5_websize-e1689700107441.jpg'><img loading=\"lazy\" decoding=\"async\" width=\"890\" height=\"664\" src=\"https:\/\/questheroes.es\/wp-content\/uploads\/2023\/07\/Abraham-Garcia-Photography-5_websize-e1689700107441-890x664.jpg\" class=\"attachment-catamaran-thumb-square size-catamaran-thumb-square\" alt=\"\" \/><\/a>\n\t\t\t<\/div><\/figure>\n\t\t<\/div>\n\t\t<\/div>\n\t\t\t\t\t\t<\/div>\n\t\t\t\t\t<\/div>\n\t\t<\/div>\n\t\t\t\t<div class=\"elementor-column elementor-col-50 elementor-top-column elementor-element elementor-element-ff3e72d sc_column_fixed sc_content_align_inherit sc_layouts_column_icons_position_left sc_fly_static\" data-id=\"ff3e72d\" data-element_type=\"column\" data-e-type=\"column\">\n\t\t\t<div class=\"elementor-widget-wrap elementor-element-populated\">\n\t\t\t\t\t\t<div class=\"elementor-element elementor-element-bf43d77 elementor-widget elementor-widget-spacer\" data-id=\"bf43d77\" data-element_type=\"widget\" data-e-type=\"widget\" data-widget_type=\"spacer.default\">\n\t\t\t\t\t\t\t<div class=\"elementor-spacer\">\n\t\t\t<div class=\"elementor-spacer-inner\"><\/div>\n\t\t<\/div>\n\t\t\t\t\t\t<\/div>\n\t\t\t\t<div class=\"elementor-element elementor-element-2bc3241 sc_fly_static elementor-widget elementor-widget-trx_sc_title\" data-id=\"2bc3241\" data-element_type=\"widget\" data-e-type=\"widget\" data-widget_type=\"trx_sc_title.default\">\n\t\t\t\t<div class=\"elementor-widget-container\">\n\t\t\t\t\t<div\t\tclass=\"sc_title sc_title_default\" ><span class=\"sc_item_subtitle sc_title_subtitle sc_item_subtitle_above sc_item_title_style_default\">z licencj\u0105 lub kapitanem, 200 KM, 7 os\u00f3b, 7 metr\u00f3w<\/span><\/div>\t\t\t\t<\/div>\n\t\t\t\t<\/div>\n\t\t\t\t<div class=\"elementor-element elementor-element-1aa1d12 elementor-widget elementor-widget-text-editor\" data-id=\"1aa1d12\" data-element_type=\"widget\" data-e-type=\"widget\" data-widget_type=\"text-editor.default\">\n\t\t\t\t\t\t\t\t\t<div class=\"elementor-element elementor-element-fd757e9 elementor-widget elementor-widget-text-editor\" data-id=\"fd757e9\" data-element_type=\"widget\" data-widget_type=\"text-editor.default\"><div class=\"elementor-widget-container\"><div class=\"elementor-text-editor elementor-clearfix\"><div class=\"elementor-element elementor-element-ea01128 elementor-widget elementor-widget-text-editor\" data-id=\"ea01128\" data-element_type=\"widget\" data-widget_type=\"text-editor.default\"><div class=\"elementor-widget-container\"><div class=\"elementor-text-editor elementor-clearfix\"><div class=\"elementor-element elementor-element-06bc604 elementor-widget elementor-widget-text-editor\" data-id=\"06bc604\" data-element_type=\"widget\" data-widget_type=\"text-editor.default\"><div class=\"elementor-widget-container\"><div class=\"elementor-text-editor elementor-clearfix\"><p>ZMIENIACZ GIER, WSZECHSTRONNY PRODUKT, KT\u00d3RY \u0141\u0104CZY W SOBIE DOSKONA\u0141\u0104 OCHRON\u0118 I OTWART\u0104 PRZESTRZE\u0143.<\/p><p>Axopar 22 Jobe Spider ze swoimi wielofunkcyjnymi w\u0142a\u015bciwo\u015bciami okaza\u0142 si\u0119 idealnym po\u0142\u0105czeniem otwartej i zamkni\u0119tej \u0142odzi. Doskonale nadaje si\u0119 do sp\u0119dzania s\u0142onecznych dni z rodzin\u0105, delektowania si\u0119 posi\u0142kami na \u015bwie\u017cym powietrzu, imprezowania z przyjaci\u00f3\u0142mi lub dla tych, kt\u00f3rzy uwielbiaj\u0105 prowadzi\u0107 otwart\u0105 \u0142\u00f3d\u017a, ale nadal s\u0105 chronieni przed warunkami atmosferycznymi. Axopar 22 Jobe Spider okaza\u0142 si\u0119 idealnym wyborem, z \u0142atwo\u015bci\u0105 uzasadniaj\u0105c swoj\u0105 pozycj\u0119 jako prawdziwy prze\u0142om.<\/p><p>Wynajem \u0142odzi - Majorka.<\/p><\/div><\/div><\/div><\/div><\/div><\/div><\/div><\/div><\/div>\t\t\t\t\t\t\t\t<\/div>\n\t\t\t\t<div class=\"elementor-element elementor-element-0a26b76 elementor-widget elementor-widget-spacer\" data-id=\"0a26b76\" data-element_type=\"widget\" data-e-type=\"widget\" data-widget_type=\"spacer.default\">\n\t\t\t\t\t\t\t<div class=\"elementor-spacer\">\n\t\t\t<div class=\"elementor-spacer-inner\"><\/div>\n\t\t<\/div>\n\t\t\t\t\t\t<\/div>\n\t\t\t\t<div class=\"elementor-element elementor-element-26956e2 sc_fly_static elementor-widget elementor-widget-trx_sc_table\" data-id=\"26956e2\" data-element_type=\"widget\" data-e-type=\"widget\" data-widget_type=\"trx_sc_table.default\">\n\t\t\t\t<div class=\"elementor-widget-container\">\n\t\t\t\t\t<div class=\"sc_table_wrap\"><div\t\tclass=\"sc_table sc_table_default alignleft trx_addons_inline_146808423\" ><table cellspacing=\"0\" summary=\"text\">\n\t<tr>\n\t\t<td>4 godziny<\/td>\n\t\t<td>514,30 EUR<\/td>\n\t<\/tr>\n\t<tr>\n\t\t<td>8 godzin<\/td>\n\t\t<td>619,26 EUR<\/td>\n\t<\/tr>\n\t<tr>\n\t\t<td>Skipper<\/td>\n\t\t<td>262,40 EUR<\/td>\n\t<\/tr>\n<tr>\n\t\t<td>Depozyt<\/td>\n\t\t<td>1000 EUR<\/td>\n\t<\/tr>\n\t<tr>\n\t\t<td>Paliwo<\/td>\n\t\t<td>brak w zestawie<\/td>\n\t<\/tr>\n<\/table><\/div><\/div>\t\t\t\t<\/div>\n\t\t\t\t<\/div>\n\t\t\t\t<div class=\"elementor-element elementor-element-cd7cd71 elementor-widget elementor-widget-spacer\" data-id=\"cd7cd71\" data-element_type=\"widget\" data-e-type=\"widget\" data-widget_type=\"spacer.default\">\n\t\t\t\t\t\t\t<div class=\"elementor-spacer\">\n\t\t\t<div class=\"elementor-spacer-inner\"><\/div>\n\t\t<\/div>\n\t\t\t\t\t\t<\/div>\n\t\t\t\t<div class=\"elementor-element elementor-element-f01869f sc_fly_static elementor-widget elementor-widget-trx_sc_button\" data-id=\"f01869f\" data-element_type=\"widget\" data-e-type=\"widget\" data-widget_type=\"trx_sc_button.default\">\n\t\t\t\t<div class=\"elementor-widget-container\">\n\t\t\t\t\t<div\tclass=\"sc_item_button sc_button_wrap sc_align_left\" ><a href=\"https:\/\/fareharbor.com\/embeds\/book\/questheroesboatrentalmallorca\/items\/692887\/?full-items=yes&#038;flow=1539119\" class=\"sc_button sc_button_default sc_button_size_normal sc_button_icon_left color_style_link2\" ><span class=\"sc_button_text\"><span class=\"sc_button_title\">Zarezerwuj t\u0119 \u0142\u00f3d\u017a<\/span><\/span><\/a><\/div>\t\t\t\t<\/div>\n\t\t\t\t<\/div>\n\t\t\t\t\t<\/div>\n\t\t<\/div>\n\t\t\t\t\t<\/div>\n\t\t<\/section>\n\t\t\t\t<\/div>","protected":false},"excerpt":{"rendered":"<p>Axopar x Jobe Revolve XXII T-Top z licencj\u0105 lub skipperem, 200 KM, 7 os\u00f3b, 7...<\/p>","protected":false},"author":4309,"featured_media":0,"parent":0,"menu_order":0,"comment_status":"closed","ping_status":"closed","template":"","meta":{"_joinchat":[],"footnotes":""},"class_list":["post-20377","page","type-page","status-publish","hentry"],"yoast_head":"<!-- This site is optimized with the Yoast SEO plugin v27.3 - https:\/\/yoast.com\/product\/yoast-seo-wordpress\/ -->\n<title>Axopar x Jobe Revolve XXII T-Top - Quest Heroes Boat Rental Mallorca<\/title>\n<meta name=\"robots\" content=\"index, follow, max-snippet:-1, max-image-preview:large, max-video-preview:-1\" \/>\n<link rel=\"canonical\" href=\"https:\/\/questheroes.es\/pl\/axopar-x-jobe-revolve-xxii-t-top\/\" \/>\n<meta property=\"og:locale\" content=\"pl_PL\" \/>\n<meta property=\"og:type\" content=\"article\" \/>\n<meta property=\"og:title\" content=\"Axopar x Jobe Revolve XXII T-Top - Quest Heroes Boat Rental Mallorca\" \/>\n<meta property=\"og:description\" content=\"Axopar x Jobe Revolve XXII T-Top\u200b with license or skipper, 200 HP, 7 pax, 7&hellip;\" \/>\n<meta property=\"og:url\" content=\"https:\/\/questheroes.es\/pl\/axopar-x-jobe-revolve-xxii-t-top\/\" \/>\n<meta property=\"og:site_name\" content=\"Quest Heroes Boat Rental Mallorca\" \/>\n<meta property=\"article:modified_time\" content=\"2026-01-31T03:39:44+00:00\" \/>\n<meta property=\"og:image\" content=\"https:\/\/questheroes.es\/wp-content\/uploads\/2023\/07\/Abraham-Garcia-Photography-6_websize-890x664.jpg\" \/>\n<meta name=\"twitter:card\" content=\"summary_large_image\" \/>\n<meta name=\"twitter:label1\" content=\"Szacowany czas czytania\" \/>\n\t<meta name=\"twitter:data1\" content=\"2 minuty\" \/>\n<script type=\"application\/ld+json\" class=\"yoast-schema-graph\">{\"@context\":\"https:\\\/\\\/schema.org\",\"@graph\":[{\"@type\":\"WebPage\",\"@id\":\"https:\\\/\\\/questheroes.es\\\/axopar-x-jobe-revolve-xxii-t-top\\\/\",\"url\":\"https:\\\/\\\/questheroes.es\\\/axopar-x-jobe-revolve-xxii-t-top\\\/\",\"name\":\"Axopar x Jobe Revolve XXII T-Top - Quest Heroes Boat Rental Mallorca\",\"isPartOf\":{\"@id\":\"https:\\\/\\\/questheroes.es\\\/#website\"},\"primaryImageOfPage\":{\"@id\":\"https:\\\/\\\/questheroes.es\\\/axopar-x-jobe-revolve-xxii-t-top\\\/#primaryimage\"},\"image\":{\"@id\":\"https:\\\/\\\/questheroes.es\\\/axopar-x-jobe-revolve-xxii-t-top\\\/#primaryimage\"},\"thumbnailUrl\":\"https:\\\/\\\/questheroes.es\\\/wp-content\\\/uploads\\\/2023\\\/07\\\/Abraham-Garcia-Photography-6_websize-890x664.jpg\",\"datePublished\":\"2023-07-09T21:18:17+00:00\",\"dateModified\":\"2026-01-31T03:39:44+00:00\",\"breadcrumb\":{\"@id\":\"https:\\\/\\\/questheroes.es\\\/axopar-x-jobe-revolve-xxii-t-top\\\/#breadcrumb\"},\"inLanguage\":\"pl-PL\",\"potentialAction\":[{\"@type\":\"ReadAction\",\"target\":[\"https:\\\/\\\/questheroes.es\\\/axopar-x-jobe-revolve-xxii-t-top\\\/\"]}]},{\"@type\":\"ImageObject\",\"inLanguage\":\"pl-PL\",\"@id\":\"https:\\\/\\\/questheroes.es\\\/axopar-x-jobe-revolve-xxii-t-top\\\/#primaryimage\",\"url\":\"https:\\\/\\\/questheroes.es\\\/wp-content\\\/uploads\\\/2023\\\/07\\\/Abraham-Garcia-Photography-6_websize-890x664.jpg\",\"contentUrl\":\"https:\\\/\\\/questheroes.es\\\/wp-content\\\/uploads\\\/2023\\\/07\\\/Abraham-Garcia-Photography-6_websize-890x664.jpg\"},{\"@type\":\"BreadcrumbList\",\"@id\":\"https:\\\/\\\/questheroes.es\\\/axopar-x-jobe-revolve-xxii-t-top\\\/#breadcrumb\",\"itemListElement\":[{\"@type\":\"ListItem\",\"position\":1,\"name\":\"Home\",\"item\":\"https:\\\/\\\/questheroes.es\\\/\"},{\"@type\":\"ListItem\",\"position\":2,\"name\":\"Axopar x Jobe Revolve XXII T-Top\"}]},{\"@type\":\"WebSite\",\"@id\":\"https:\\\/\\\/questheroes.es\\\/#website\",\"url\":\"https:\\\/\\\/questheroes.es\\\/\",\"name\":\"Quest Heroes Boat Rental Mallorca\",\"description\":\"Rent a Boat In Mallorca\",\"potentialAction\":[{\"@type\":\"SearchAction\",\"target\":{\"@type\":\"EntryPoint\",\"urlTemplate\":\"https:\\\/\\\/questheroes.es\\\/?s={search_term_string}\"},\"query-input\":{\"@type\":\"PropertyValueSpecification\",\"valueRequired\":true,\"valueName\":\"search_term_string\"}}],\"inLanguage\":\"pl-PL\"}]}<\/script>\n<!-- \/ Yoast SEO plugin. -->","yoast_head_json":{"title":"Axopar x Jobe Revolve XXII T-Top - wypo\u017cyczalnia \u0142odzi Quest Heroes na Majorce","robots":{"index":"index","follow":"follow","max-snippet":"max-snippet:-1","max-image-preview":"max-image-preview:large","max-video-preview":"max-video-preview:-1"},"canonical":"https:\/\/questheroes.es\/pl\/axopar-x-jobe-revolve-xxii-t-top\/","og_locale":"pl_PL","og_type":"article","og_title":"Axopar x Jobe Revolve XXII T-Top - Quest Heroes Boat Rental Mallorca","og_description":"Axopar x Jobe Revolve XXII T-Top\u200b with license or skipper, 200 HP, 7 pax, 7&hellip;","og_url":"https:\/\/questheroes.es\/pl\/axopar-x-jobe-revolve-xxii-t-top\/","og_site_name":"Quest Heroes Boat Rental Mallorca","article_modified_time":"2026-01-31T03:39:44+00:00","og_image":[{"url":"https:\/\/questheroes.es\/wp-content\/uploads\/2023\/07\/Abraham-Garcia-Photography-6_websize-890x664.jpg","type":"","width":"","height":""}],"twitter_card":"summary_large_image","twitter_misc":{"Szacowany czas czytania":"2 minuty"},"schema":{"@context":"https:\/\/schema.org","@graph":[{"@type":"WebPage","@id":"https:\/\/questheroes.es\/axopar-x-jobe-revolve-xxii-t-top\/","url":"https:\/\/questheroes.es\/axopar-x-jobe-revolve-xxii-t-top\/","name":"Axopar x Jobe Revolve XXII T-Top - wypo\u017cyczalnia \u0142odzi Quest Heroes na Majorce","isPartOf":{"@id":"https:\/\/questheroes.es\/#website"},"primaryImageOfPage":{"@id":"https:\/\/questheroes.es\/axopar-x-jobe-revolve-xxii-t-top\/#primaryimage"},"image":{"@id":"https:\/\/questheroes.es\/axopar-x-jobe-revolve-xxii-t-top\/#primaryimage"},"thumbnailUrl":"https:\/\/questheroes.es\/wp-content\/uploads\/2023\/07\/Abraham-Garcia-Photography-6_websize-890x664.jpg","datePublished":"2023-07-09T21:18:17+00:00","dateModified":"2026-01-31T03:39:44+00:00","breadcrumb":{"@id":"https:\/\/questheroes.es\/axopar-x-jobe-revolve-xxii-t-top\/#breadcrumb"},"inLanguage":"pl-PL","potentialAction":[{"@type":"ReadAction","target":["https:\/\/questheroes.es\/axopar-x-jobe-revolve-xxii-t-top\/"]}]},{"@type":"ImageObject","inLanguage":"pl-PL","@id":"https:\/\/questheroes.es\/axopar-x-jobe-revolve-xxii-t-top\/#primaryimage","url":"https:\/\/questheroes.es\/wp-content\/uploads\/2023\/07\/Abraham-Garcia-Photography-6_websize-890x664.jpg","contentUrl":"https:\/\/questheroes.es\/wp-content\/uploads\/2023\/07\/Abraham-Garcia-Photography-6_websize-890x664.jpg"},{"@type":"BreadcrumbList","@id":"https:\/\/questheroes.es\/axopar-x-jobe-revolve-xxii-t-top\/#breadcrumb","itemListElement":[{"@type":"ListItem","position":1,"name":"Home","item":"https:\/\/questheroes.es\/"},{"@type":"ListItem","position":2,"name":"Axopar x Jobe Revolve XXII T-Top"}]},{"@type":"WebSite","@id":"https:\/\/questheroes.es\/#website","url":"https:\/\/questheroes.es\/","name":"Quest Heroes Wynajem \u0142odzi Majorka","description":"Wynajem \u0142odzi na Majorce","potentialAction":[{"@type":"SearchAction","target":{"@type":"EntryPoint","urlTemplate":"https:\/\/questheroes.es\/?s={search_term_string}"},"query-input":{"@type":"PropertyValueSpecification","valueRequired":true,"valueName":"search_term_string"}}],"inLanguage":"pl-PL"}]}},"_links":{"self":[{"href":"https:\/\/questheroes.es\/pl\/wp-json\/wp\/v2\/pages\/20377","targetHints":{"allow":["GET"]}}],"collection":[{"href":"https:\/\/questheroes.es\/pl\/wp-json\/wp\/v2\/pages"}],"about":[{"href":"https:\/\/questheroes.es\/pl\/wp-json\/wp\/v2\/types\/page"}],"author":[{"embeddable":true,"href":"https:\/\/questheroes.es\/pl\/wp-json\/wp\/v2\/users\/4309"}],"replies":[{"embeddable":true,"href":"https:\/\/questheroes.es\/pl\/wp-json\/wp\/v2\/comments?post=20377"}],"version-history":[{"count":12,"href":"https:\/\/questheroes.es\/pl\/wp-json\/wp\/v2\/pages\/20377\/revisions"}],"predecessor-version":[{"id":22342,"href":"https:\/\/questheroes.es\/pl\/wp-json\/wp\/v2\/pages\/20377\/revisions\/22342"}],"wp:attachment":[{"href":"https:\/\/questheroes.es\/pl\/wp-json\/wp\/v2\/media?parent=20377"}],"curies":[{"name":"wp","href":"https:\/\/api.w.org\/{rel}","templated":true}]}}