{"id":18116,"date":"2021-10-15T11:07:12","date_gmt":"2021-10-15T11:07:12","guid":{"rendered":"https:\/\/questheroes.es\/?page_id=18116"},"modified":"2023-07-02T13:30:29","modified_gmt":"2023-07-02T11:30:29","slug":"polityka-prywatnosci-2","status":"publish","type":"page","link":"https:\/\/questheroes.es\/pl\/privacy-policy-2\/","title":{"rendered":"Polityka prywatno\u015bci"},"content":{"rendered":"<div data-elementor-type=\"wp-page\" data-elementor-id=\"18116\" class=\"elementor elementor-18116\">\n\t\t\t\t\t\t<section class=\"elementor-section elementor-top-section elementor-element elementor-element-c24f627 elementor-section-boxed elementor-section-height-default elementor-section-height-default sc_fly_static\" data-id=\"c24f627\" data-element_type=\"section\" data-e-type=\"section\">\n\t\t\t\t\t\t<div class=\"elementor-container elementor-column-gap-extended\">\n\t\t\t\t\t<div class=\"elementor-column elementor-col-100 elementor-top-column elementor-element elementor-element-0b569d5 sc_content_align_inherit sc_layouts_column_icons_position_left sc_fly_static\" data-id=\"0b569d5\" data-element_type=\"column\" data-e-type=\"column\">\n\t\t\t<div class=\"elementor-widget-wrap elementor-element-populated\">\n\t\t\t\t\t\t<div class=\"elementor-element elementor-element-472dc1e elementor-widget elementor-widget-text-editor\" data-id=\"472dc1e\" data-element_type=\"widget\" data-e-type=\"widget\" data-widget_type=\"text-editor.default\">\n\t\t\t\t\t\t\t\t\t<p>Informujemy, \u017ce dane osobowe naszych Klient\u00f3w s\u0105 przetwarzane zgodnie z zasadami przejrzysto\u015bci, ograniczenia celu, minimalizacji danych, prawid\u0142owo\u015bci, integralno\u015bci i poufno\u015bci oraz zgodnie z innymi obowi\u0105zkami i gwarancjami ustanowionymi w Rozporz\u0105dzeniu Parlamentu Europejskiego i Rady (UE) 2016\/679 z dnia 27 kwietnia 2016 r. w sprawie ochrony os\u00f3b fizycznych w zwi\u0105zku z przetwarzaniem danych osobowych i w sprawie swobodnego przep\u0142ywu takich danych.<\/p><p>Aby zachowa\u0107 zgodno\u015b\u0107 z Rozporz\u0105dzeniem, zaktualizowali\u015bmy nasz\u0105 Polityk\u0119 prywatno\u015bci:<\/p><ol><li><b>Administrator danych:<\/b>\u00a0Quest Heroes S.L., NIF B57957466, adres: C\/ Ginebro 417 A 1\u00ba, 07458 Playa de Muro, Telefon:\u00a0<a href=\"about:blank\">+34 63 636 0349<\/a>, e-mail:\u00a0<a href=\"mailto:info@questheroes.es\">info@questheroes.es<\/a><\/li><li><b>Cel przetwarzania:<\/b>\u00a0Przetwarzamy dane u\u017cytkownika w celu \u015bwiadczenia mu \u017c\u0105danych us\u0142ug, wysy\u0142ania mu wiadomo\u015bci dotycz\u0105cych zakupionych lub podobnych produkt\u00f3w oraz wystawiania faktur.<\/li><li><b>Pochodzenie i kategoria przetwarzanych danych:<\/b>\u00a0Przetwarzane przez nas dane osobowe to dane identyfikacyjne podawane przez u\u017cytkownika za po\u015brednictwem formularza rejestracyjnego na naszej stronie internetowej.<\/li><li><b>Czas przechowywania:<\/b>\u00a0dostarczone dane b\u0119d\u0105 przechowywane tak d\u0142ugo, jak d\u0142ugo trwa stosunek umowny lub przez liczb\u0119 lat niezb\u0119dn\u0105 do wype\u0142nienia naszych zobowi\u0105za\u0144 prawnych.<\/li><li><b>Legalno\u015b\u0107:<\/b>\u00a0Przetwarzamy dane u\u017cytkownika wy\u0142\u0105cznie za jego wyra\u017an\u0105 i \u015bwiadom\u0105 zgod\u0105 i zawsze zgodnie z opisanymi celami.<\/li><li><b>Odbiorcy:<\/b>\u00a0podane przez u\u017cytkownika dane nie b\u0119d\u0105 przekazywane stronom trzecim, z wyj\u0105tkiem przypadk\u00f3w, w kt\u00f3rych istnieje taki obowi\u0105zek prawny.<br \/>Jednak w celu realizacji niekt\u00f3rych funkcji niezb\u0119dnych do \u015bwiadczenia us\u0142ugi dane u\u017cytkownika mog\u0105 by\u0107 przetwarzane przez osoby trzecie, kt\u00f3re dzia\u0142aj\u0105 jako podmioty przetwarzaj\u0105ce dane i s\u0105 zobowi\u0105zane umow\u0105 do przestrzegania swoich zobowi\u0105za\u0144 prawnych do zachowania poufno\u015bci i tajemnicy informacji.\u00a0<\/li><li><b>Przelewy mi\u0119dzynarodowe:<\/b>\u00a0U\u017cytkownik jest informowany, \u017ce Sp\u00f3\u0142ka zleca zarz\u0105dzanie niekt\u00f3rymi funkcjami niezb\u0119dnymi do \u015bwiadczenia us\u0142ugi podmiotom przetwarzaj\u0105cym dane zlokalizowanym poza UE i \u017ce gwarantuj\u0105 one odpowiedni poziom ochrony danych osobowych.<\/li><li><b>Prawa:<\/b>\u00a0u\u017cytkownikowi przys\u0142uguj\u0105 nast\u0119puj\u0105ce prawa w odniesieniu do jego danych osobowych:<br \/>- Prawo do \u017c\u0105dania dost\u0119pu do danych osobowych.<br \/>- Prawo do \u017c\u0105dania poprawienia lub usuni\u0119cia danych.<br \/>- Prawo do \u017c\u0105dania ograniczenia przetwarzania lub wniesienia sprzeciwu wobec przetwarzania.<br \/>- Prawo do przenoszenia danych.\u00a0<\/li><\/ol><p>Aby skorzysta\u0107 ze swoich praw, u\u017cytkownik mo\u017ce powiadomi\u0107 nas poczt\u0105 elektroniczn\u0105 na adres\u00a0<a href=\"mailto:info@questheroes.es\">info@questheroes.es<\/a>, okre\u015blaj\u0105c prawo, z kt\u00f3rego chcesz skorzysta\u0107.<\/p><p>Informujemy r\u00f3wnie\u017c, \u017ce u\u017cytkownik mo\u017ce wnie\u015b\u0107 roszczenie o ochron\u0119 praw do Hiszpa\u0144skiej Agencji Ochrony Danych, kt\u00f3rej adres to Calle de Jorge Juan, 6, 28001 Madryt.<\/p><p><a href=\"https:\/\/www.nautal.com\/#privacy-more\">Zobacz wi\u0119cej<\/a>\u00a0<\/p><h4><b><i>Wprowadzenie<\/i><\/b><\/h4><p>Informujemy, \u017ce dane osobowe naszych Klient\u00f3w s\u0105 przetwarzane zgodnie z zasadami przejrzysto\u015bci, ograniczenia celu, minimalizacji danych, prawid\u0142owo\u015bci, integralno\u015bci i poufno\u015bci oraz zgodnie z innymi obowi\u0105zkami i gwarancjami ustanowionymi w Rozporz\u0105dzeniu Parlamentu Europejskiego i Rady (UE) 2016\/679 z dnia 27 kwietnia 2016 r. w sprawie ochrony os\u00f3b fizycznych w zwi\u0105zku z przetwarzaniem danych osobowych i w sprawie swobodnego przep\u0142ywu takich danych.<\/p><p>Aby zachowa\u0107 zgodno\u015b\u0107 z wy\u017cej wymienionym rozporz\u0105dzeniem, zaktualizowali\u015bmy nasz\u0105 Polityk\u0119 prywatno\u015bci, kt\u00f3ra znajduje si\u0119 poni\u017cej:<\/p><p>\u00a0<\/p><ul><li><b>Kto jest administratorem danych u\u017cytkownika?<\/b><\/li><\/ul><ul><li>W jakim celu przetwarzamy dane u\u017cytkownika i na jakiej podstawie?<\/li><\/ul><ul><li>Jakie kategorie danych przetwarzamy i sk\u0105d je pozyskujemy?<\/li><\/ul><ul><li>Kim s\u0105 odbiorcy danych u\u017cytkownika i w jaki spos\u00f3b je przechowujemy?<\/li><\/ul><ul><li>Jak d\u0142ugo przechowujemy dane u\u017cytkownika?<\/li><\/ul><ul><li>Jakie s\u0105 Twoje prawa i jak mo\u017cesz z nich korzysta\u0107?<\/li><\/ul><ul><li>Zmiany w Polityce prywatno\u015bci.<\/li><\/ul><p>\u00a0<\/p><p><br \/><br \/><\/p><h6><b>1. KTO JEST ADMINISTRATOREM DANYCH U\u017bYTKOWNIKA?\u00a0<\/b><\/h6><p>Administratorem danych jest sp\u00f3\u0142ka Quest Heroes S.L., NIP: NIF B57957466, adres: C\/ Ginebro 417 A 1\u00ba, 07458 Playa de Muro, reprezentowana przez Paw\u0142a Wiertel, jako administratora. Telefon:\u00a0<a href=\"about:blank\">+34 636 36 03 49<\/a>,\u00a0<a href=\"mailto:info@questheroes.es\">info@questheroes.es<\/a>.<br \/>Sp\u00f3\u0142ka zajmuje si\u0119 wynajmem \u0142odzi rekreacyjnych i oferuje swoje us\u0142ugi pod mark\u0105 Quest Heroes.<br \/>(zwana dalej \"Sp\u00f3\u0142k\u0105\").\u00a0<\/p><h6><b>2. W JAKIM CELU PRZETWARZAMY DANE U\u017bYTKOWNIKA I NA JAKIEJ PODSTAWIE?<\/b><\/h6><p>Informacje podawane przez u\u017cytkownika za po\u015brednictwem strony internetowej lub aplikacji mog\u0105 si\u0119 r\u00f3\u017cni\u0107 w zale\u017cno\u015bci od \u017c\u0105danych us\u0142ug lub dzia\u0142a\u0144, do kt\u00f3rych wykonania u\u017cytkownik wyra\u017anie nas upowa\u017cnia. Mo\u017cemy przetwarza\u0107 dane u\u017cytkownika w nast\u0119puj\u0105cych celach:<\/p><ol><li>Aby \u015bwiadczy\u0107 us\u0142ugi wynajmu \u0142odzi rekreacyjnych, zarejestrowa\u0107 u\u017cytkownika jako klienta i zarz\u0105dza\u0107 stosunkiem umownym, kt\u00f3ry mamy z u\u017cytkownikiem. Podstaw\u0105 prawn\u0105 tego celu jest stosunek umowny mi\u0119dzy u\u017cytkownikiem, Klientem, a nami, Sp\u00f3\u0142k\u0105, oraz wniosek u\u017cytkownika o rejestracj\u0119.\u00a0<\/li><li>Wysy\u0142anie u\u017cytkownikowi wiadomo\u015bci e-mail dotycz\u0105cych zakontraktowanych lub podobnych us\u0142ug. Je\u015bli u\u017cytkownik nie chce otrzymywa\u0107 takich wiadomo\u015bci, mo\u017ce w dowolnym momencie zrezygnowa\u0107 z ich otrzymywania, odpowiadaj\u0105c na otrzyman\u0105 wiadomo\u015b\u0107 e-mail lub kontaktuj\u0105c si\u0119 z naszym dzia\u0142em obs\u0142ugi klienta. Podstaw\u0105 prawn\u0105 tego celu jest stosunek umowny mi\u0119dzy u\u017cytkownikiem, klientem, a nami, Sp\u00f3\u0142k\u0105, oraz udzielona przez u\u017cytkownika zgoda.\u00a0<\/li><li>Wystawianie faktur za nasze us\u0142ugi. Podstaw\u0105 prawn\u0105 tego celu jest stosunek umowny mi\u0119dzy Tob\u0105, Klientem, a nami, Sp\u00f3\u0142k\u0105.\u00a0<\/li><\/ol><h6><b>3. JAKIE KATEGORIE DANYCH PRZETWARZAMY I SK\u0104D JE POZYSKUJEMY?<\/b><\/h6><p>Przetwarzane przez nas dane osobowe to informacje identyfikacyjne podawane bezpo\u015brednio przez u\u017cytkownika za po\u015brednictwem formularza rejestracyjnego na naszej stronie internetowej lub w inny spos\u00f3b, np. w przypadku zapyta\u0144 lub skarg kierowanych do naszego dzia\u0142u obs\u0142ugi klienta.<\/p><p>Przetwarzane dane osobowe obejmuj\u0105 nast\u0119puj\u0105ce kategorie:<\/p><ul><li><b>Informacje identyfikacyjne:<\/b>\u00a0imi\u0119 i nazwisko, adres, adres e-mail, numer telefonu, numer paszportu lub uznanego dokumentu to\u017csamo\u015bci oraz informacje.<\/li><li><b>Informacje dotycz\u0105ce p\u0142atno\u015bci:<\/b>\u00a0dane karty kredytowej\/debetowej lub inne informacje dotycz\u0105ce p\u0142atno\u015bci.<\/li><li><b>Lokalizacja:<\/b>\u00a0je\u015bli u\u017cytkownik korzysta z funkcji opartych na lokalizacji i ma w\u0142\u0105czone us\u0142ugi lokalizacji w ustawieniach komputera lub telefonu kom\u00f3rkowego, jego po\u0142o\u017cenie geograficzne w czasie rzeczywistym i adres IP, a tak\u017ce lokalizacje hotspot\u00f3w Wi-Fi i anten przeka\u017anik\u00f3w telefonicznych.<\/li><\/ul><p>Sp\u00f3\u0142ka w \u017cadnym wypadku nie ponosi odpowiedzialno\u015bci za wykorzystanie nieprawdziwych, niedok\u0142adnych, niekompletnych lub nieaktualnych informacji dostarczonych przez Klienta.<\/p><h6><b>4. KIM S\u0104 ODBIORCY DANYCH U\u017bYTKOWNIKA I W JAKI SPOS\u00d3B JE PRZECHOWUJEMY?<\/b><\/h6><p><b>4.1. Odbiorcy:<\/b>\u00a0podane przez u\u017cytkownika dane nie b\u0119d\u0105 przekazywane \u017cadnym stronom trzecim, z wyj\u0105tkiem w\u0142adz publicznych, s\u0119dzi\u00f3w, s\u0105d\u00f3w lub policji, je\u015bli b\u0119dziemy do tego prawnie zobowi\u0105zani.<\/p><p><b>4.2. Podmioty przetwarzaj\u0105ce dane:<\/b>\u00a0w celu wykonywania pewnych funkcji niezb\u0119dnych do \u015bwiadczenia us\u0142ug Sp\u00f3\u0142ki, dane u\u017cytkownika mog\u0105 by\u0107 przetwarzane przez osoby trzecie, kt\u00f3re dzia\u0142aj\u0105 jako podmioty przetwarzaj\u0105ce dane i s\u0105 zobowi\u0105zane umow\u0105 do przestrzegania swoich zobowi\u0105za\u0144 prawnych do zachowania poufno\u015bci i tajemnicy informacji.<\/p><p><b>4.3. Przelewy mi\u0119dzynarodowe:<\/b>\u00a0Chocia\u017c dane, kt\u00f3re gromadzimy na temat u\u017cytkownika, s\u0105 zazwyczaj przechowywane na terenie Europejskiego Obszaru Gospodarczego (EOG), mog\u0105 by\u0107 r\u00f3wnie\u017c przekazywane i przetwarzane w kraju spoza EOG przy u\u017cyciu modelu przechowywania danych w chmurze. Informujemy, \u017ce wszelkie transfery do lokalizacji poza EOG s\u0105 dokonywane wy\u0142\u0105cznie do firm nale\u017c\u0105cych do Tarczy Prywatno\u015bci UE-USA, kt\u00f3ra gwarantuje odpowiedni poziom ochrony danych osobowych. Dalsze informacje s\u0105 dost\u0119pne pod adresem:\u00a0<a href=\"https:\/\/www.privacyshield.gov\/welcome\">https:\/\/www.privacyshield.gov\/welcome.\u00a0<\/a><\/p><p><b>4.4. Kategorie:<\/b>\u00a0Kategorie odbiorc\u00f3w, kt\u00f3rzy mog\u0105 przetwarza\u0107 dane u\u017cytkownika we wskazanych celach i zgodnie z podstaw\u0105 prawn\u0105, s\u0105 nast\u0119puj\u0105ce:<\/p><table><tbody><tr><td><p><b>ODBIORCA<\/b><\/p><\/td><td><p><b>RODZAJ DANYCH<\/b><\/p><\/td><td><p><b>PODSTAWA LEGITYMIZUJ\u0104CA<\/b><\/p><\/td><\/tr><tr><td><p>W\u0142adze publiczne, s\u0119dziowie, s\u0105dy, policja<\/p><\/td><td><p>Informacje identyfikacyjne<\/p><\/td><td><p>Zgodno\u015b\u0107 z obowi\u0105zkiem prawnym<\/p><\/td><\/tr><tr><td><p>Us\u0142ugi hostingu i przechowywania w chmurze<\/p><\/td><td><p>Informacje identyfikacyjne<\/p><\/td><td><p>Zarz\u0105dzanie stosunkiem umownym<\/p><\/td><\/tr><tr><td><p>Us\u0142ugi pocztowe, dystrybucyjne i przesy\u0142ania wiadomo\u015bci<\/p><\/td><td><p>Informacje identyfikacyjne<\/p><\/td><td><p>Zarz\u0105dzanie stosunkiem umownym<\/p><\/td><\/tr><\/tbody><\/table><h6><b>5. JAK D\u0141UGO PRZECHOWUJEMY DANE U\u017bYTKOWNIKA?<\/b><\/h6><p>Podane dane b\u0119d\u0105 przechowywane tak d\u0142ugo, jak d\u0142ugo trwa stosunek umowny z u\u017cytkownikiem, klientem.<\/p><p>Gdy dane u\u017cytkownika nie b\u0119d\u0105 ju\u017c potrzebne do cel\u00f3w, dla kt\u00f3rych zosta\u0142y uzyskane, zostan\u0105 zablokowane i udost\u0119pnione wy\u0142\u0105cznie w\u0142a\u015bciwym organom publicznym, s\u0119dziom, s\u0105dom, prokuratorom itp. na ich wniosek, przez okres niezb\u0119dny do wype\u0142nienia zobowi\u0105za\u0144 prawnych, po czym zostan\u0105 ca\u0142kowicie usuni\u0119te.<\/p><h6><b>6. JAKIE S\u0104 TWOJE PRAWA I JAK MO\u017bESZ Z NICH KORZYSTA\u0106?<\/b><\/h6><p><b>6.1. Prawa.<\/b>\u00a0Nasze przepisy o ochronie danych osobowych przyznaj\u0105 u\u017cytkownikowi szereg praw w zwi\u0105zku z przetwarzaniem jego danych podczas korzystania z naszych us\u0142ug. Mo\u017cna je podsumowa\u0107 w nast\u0119puj\u0105cy spos\u00f3b:<\/p><ol><li><b>Prawo dost\u0119pu:<\/b>\u00a0aby dowiedzie\u0107 si\u0119, jakie dane u\u017cytkownika przetwarzamy.<\/li><li><b>Prawo do korekty:<\/b>\u00a0\u017c\u0105dania korekty wszelkich danych u\u017cytkownika, kt\u00f3re s\u0105 niedok\u0142adne lub nieprawdziwe.<\/li><li><b>Prawo do usuni\u0119cia:<\/b>\u00a0\u017c\u0105dania usuni\u0119cia danych, gdy ich przetwarzanie nie jest ju\u017c konieczne.<\/li><li><b>Prawo do ogranicze\u0144:<\/b>\u00a0ograniczenia przetwarzania danych w przysz\u0142o\u015bci.<\/li><li><b>Prawo do sprzeciwu:<\/b>\u00a0odm\u00f3wi\u0107 otrzymywania informacji handlowych.<\/li><li><b>Prawo do przenoszenia:<\/b>\u00a0aby umo\u017cliwi\u0107 u\u017cytkownikowi otrzymanie jego danych osobowych w powszechnie u\u017cywanym, ustrukturyzowanym i nadaj\u0105cym si\u0119 do odczytu maszynowego formacie, tak aby mo\u017cna je by\u0142o przesy\u0142a\u0107, kopiowa\u0107 lub przekazywa\u0107 innemu administratorowi danych.<\/li><\/ol><p><b>6.2. Prawo do wycofania zgody.<\/b>\u00a0U\u017cytkownik mo\u017ce wycofa\u0107 udzielon\u0105 zgod\u0119, powiadamiaj\u0105c nas o tym poczt\u0105 elektroniczn\u0105 na adres\u00a0<a href=\"mailto:info@questheroes.es\">info@questheroes.es<\/a>\u00a0lub poczt\u0105 na adres Apartado de Correos 6, 07400 Alcudia, Hiszpania.<\/p><p><b>6.3. Prawo do niebycia przedmiotem decyzji opartej wy\u0142\u0105cznie na zautomatyzowanym przetwarzaniu danych.<\/b>\u00a0U\u017cytkownik ma r\u00f3wnie\u017c prawo za\u017c\u0105da\u0107 zaprzestania przetwarzania danych osobowych, kt\u00f3re wi\u0105\u017ce si\u0119 z podejmowaniem przez administratora danych decyzji, kt\u00f3re mog\u0105 mie\u0107 znacz\u0105cy wp\u0142yw na u\u017cytkownika, w oparciu o zautomatyzowane przetwarzanie danych bez interwencji cz\u0142owieka.<\/p><p><b>6.4. Wykonywanie praw.<\/b>\u00a0Sp\u00f3\u0142ka gwarantuje podj\u0119cie niezb\u0119dnych \u015brodk\u00f3w w celu zapewnienia mo\u017cliwo\u015bci bezp\u0142atnego korzystania z tych praw. Aby skorzysta\u0107 ze swoich praw, mo\u017cna powiadomi\u0107 nas poczt\u0105 elektroniczn\u0105 na adres\u00a0<a href=\"mailto:info@questheroes.es\">info@questheroes.es<\/a>, okre\u015blaj\u0105c prawo, z kt\u00f3rego chcesz skorzysta\u0107.<\/p><p><b>6.5. Prawo do wniesienia skargi do organu nadzorczego.<\/b>\u00a0Informujemy r\u00f3wnie\u017c, \u017ce u\u017cytkownik mo\u017ce wnie\u015b\u0107 roszczenie o ochron\u0119 praw do Hiszpa\u0144skiej Agencji Ochrony Danych, kt\u00f3rej adres to Calle de Jorge Juan, 6, 28001 Madryt.<\/p><h6><b>7. ZMIANY W POLITYCE PRYWATNO\u015aCI.\u00a0<\/b><\/h6><p>Nasza Polityka prywatno\u015bci podlega okresowym zmianom. Najnowsz\u0105 wersj\u0119 naszej Polityki prywatno\u015bci mo\u017cna znale\u017a\u0107 na naszej stronie internetowej.<\/p>\t\t\t\t\t\t\t\t<\/div>\n\t\t\t\t\t<\/div>\n\t\t<\/div>\n\t\t\t\t\t<\/div>\n\t\t<\/section>\n\t\t\t\t<\/div>","protected":false},"excerpt":{"rendered":"<p>We inform you that the personal data of our Customers is processed in accordance with&hellip;<\/p>","protected":false},"author":4309,"featured_media":0,"parent":0,"menu_order":0,"comment_status":"closed","ping_status":"closed","template":"","meta":{"_joinchat":[],"footnotes":""},"class_list":["post-18116","page","type-page","status-publish","hentry"],"yoast_head":"<!-- This site is optimized with the Yoast SEO plugin v27.5 - https:\/\/yoast.com\/product\/yoast-seo-wordpress\/ -->\n<title>Privacy Policy - Quest Heroes Boat Rental Mallorca<\/title>\n<meta name=\"robots\" content=\"index, follow, max-snippet:-1, max-image-preview:large, max-video-preview:-1\" \/>\n<link rel=\"canonical\" href=\"https:\/\/questheroes.es\/pl\/polityka-prywatnosci-2\/\" \/>\n<meta property=\"og:locale\" content=\"pl_PL\" \/>\n<meta property=\"og:type\" content=\"article\" \/>\n<meta property=\"og:title\" content=\"Privacy Policy - Quest Heroes Boat Rental Mallorca\" \/>\n<meta property=\"og:description\" content=\"We inform you that the personal data of our Customers is processed in accordance with&hellip;\" \/>\n<meta property=\"og:url\" content=\"https:\/\/questheroes.es\/pl\/polityka-prywatnosci-2\/\" \/>\n<meta property=\"og:site_name\" content=\"Quest Heroes Boat Rental Mallorca\" \/>\n<meta property=\"article:modified_time\" content=\"2023-07-02T11:30:29+00:00\" \/>\n<meta name=\"twitter:card\" content=\"summary_large_image\" \/>\n<meta name=\"twitter:label1\" content=\"Szacowany czas czytania\" \/>\n\t<meta name=\"twitter:data1\" content=\"8 minut\" \/>\n<script type=\"application\/ld+json\" class=\"yoast-schema-graph\">{\"@context\":\"https:\\\/\\\/schema.org\",\"@graph\":[{\"@type\":\"WebPage\",\"@id\":\"https:\\\/\\\/questheroes.es\\\/privacy-policy-2\\\/\",\"url\":\"https:\\\/\\\/questheroes.es\\\/privacy-policy-2\\\/\",\"name\":\"Privacy Policy - Quest Heroes Boat Rental Mallorca\",\"isPartOf\":{\"@id\":\"https:\\\/\\\/questheroes.es\\\/#website\"},\"datePublished\":\"2021-10-15T11:07:12+00:00\",\"dateModified\":\"2023-07-02T11:30:29+00:00\",\"breadcrumb\":{\"@id\":\"https:\\\/\\\/questheroes.es\\\/privacy-policy-2\\\/#breadcrumb\"},\"inLanguage\":\"pl-PL\",\"potentialAction\":[{\"@type\":\"ReadAction\",\"target\":[\"https:\\\/\\\/questheroes.es\\\/privacy-policy-2\\\/\"]}]},{\"@type\":\"BreadcrumbList\",\"@id\":\"https:\\\/\\\/questheroes.es\\\/privacy-policy-2\\\/#breadcrumb\",\"itemListElement\":[{\"@type\":\"ListItem\",\"position\":1,\"name\":\"Home\",\"item\":\"https:\\\/\\\/questheroes.es\\\/\"},{\"@type\":\"ListItem\",\"position\":2,\"name\":\"Privacy Policy\"}]},{\"@type\":\"WebSite\",\"@id\":\"https:\\\/\\\/questheroes.es\\\/#website\",\"url\":\"https:\\\/\\\/questheroes.es\\\/\",\"name\":\"Quest Heroes Boat Rental Mallorca\",\"description\":\"Rent a Boat In Mallorca\",\"potentialAction\":[{\"@type\":\"SearchAction\",\"target\":{\"@type\":\"EntryPoint\",\"urlTemplate\":\"https:\\\/\\\/questheroes.es\\\/?s={search_term_string}\"},\"query-input\":{\"@type\":\"PropertyValueSpecification\",\"valueRequired\":true,\"valueName\":\"search_term_string\"}}],\"inLanguage\":\"pl-PL\"}]}<\/script>\n<!-- \/ Yoast SEO plugin. -->","yoast_head_json":{"title":"Polityka prywatno\u015bci - Quest Heroes Boat Rental Mallorca","robots":{"index":"index","follow":"follow","max-snippet":"max-snippet:-1","max-image-preview":"max-image-preview:large","max-video-preview":"max-video-preview:-1"},"canonical":"https:\/\/questheroes.es\/pl\/polityka-prywatnosci-2\/","og_locale":"pl_PL","og_type":"article","og_title":"Privacy Policy - Quest Heroes Boat Rental Mallorca","og_description":"We inform you that the personal data of our Customers is processed in accordance with&hellip;","og_url":"https:\/\/questheroes.es\/pl\/polityka-prywatnosci-2\/","og_site_name":"Quest Heroes Boat Rental Mallorca","article_modified_time":"2023-07-02T11:30:29+00:00","twitter_card":"summary_large_image","twitter_misc":{"Szacowany czas czytania":"8 minut"},"schema":{"@context":"https:\/\/schema.org","@graph":[{"@type":"WebPage","@id":"https:\/\/questheroes.es\/privacy-policy-2\/","url":"https:\/\/questheroes.es\/privacy-policy-2\/","name":"Polityka prywatno\u015bci - Quest Heroes Boat Rental Mallorca","isPartOf":{"@id":"https:\/\/questheroes.es\/#website"},"datePublished":"2021-10-15T11:07:12+00:00","dateModified":"2023-07-02T11:30:29+00:00","breadcrumb":{"@id":"https:\/\/questheroes.es\/privacy-policy-2\/#breadcrumb"},"inLanguage":"pl-PL","potentialAction":[{"@type":"ReadAction","target":["https:\/\/questheroes.es\/privacy-policy-2\/"]}]},{"@type":"BreadcrumbList","@id":"https:\/\/questheroes.es\/privacy-policy-2\/#breadcrumb","itemListElement":[{"@type":"ListItem","position":1,"name":"Home","item":"https:\/\/questheroes.es\/"},{"@type":"ListItem","position":2,"name":"Privacy Policy"}]},{"@type":"WebSite","@id":"https:\/\/questheroes.es\/#website","url":"https:\/\/questheroes.es\/","name":"Quest Heroes Wynajem \u0142odzi Majorka","description":"Wynajem \u0142odzi na Majorce","potentialAction":[{"@type":"SearchAction","target":{"@type":"EntryPoint","urlTemplate":"https:\/\/questheroes.es\/?s={search_term_string}"},"query-input":{"@type":"PropertyValueSpecification","valueRequired":true,"valueName":"search_term_string"}}],"inLanguage":"pl-PL"}]}},"_links":{"self":[{"href":"https:\/\/questheroes.es\/pl\/wp-json\/wp\/v2\/pages\/18116","targetHints":{"allow":["GET"]}}],"collection":[{"href":"https:\/\/questheroes.es\/pl\/wp-json\/wp\/v2\/pages"}],"about":[{"href":"https:\/\/questheroes.es\/pl\/wp-json\/wp\/v2\/types\/page"}],"author":[{"embeddable":true,"href":"https:\/\/questheroes.es\/pl\/wp-json\/wp\/v2\/users\/4309"}],"replies":[{"embeddable":true,"href":"https:\/\/questheroes.es\/pl\/wp-json\/wp\/v2\/comments?post=18116"}],"version-history":[{"count":0,"href":"https:\/\/questheroes.es\/pl\/wp-json\/wp\/v2\/pages\/18116\/revisions"}],"wp:attachment":[{"href":"https:\/\/questheroes.es\/pl\/wp-json\/wp\/v2\/media?parent=18116"}],"curies":[{"name":"wp","href":"https:\/\/api.w.org\/{rel}","templated":true}]}}