{"id":18041,"date":"2021-10-15T08:12:55","date_gmt":"2021-10-15T08:12:55","guid":{"rendered":"https:\/\/questheroes.es\/?page_id=18041"},"modified":"2022-05-30T09:11:35","modified_gmt":"2022-05-30T09:11:35","slug":"usluga-plus","status":"publish","type":"page","link":"https:\/\/questheroes.es\/pl\/service-plus\/","title":{"rendered":"Us\u0142uga Plus"},"content":{"rendered":"<div data-elementor-type=\"wp-page\" data-elementor-id=\"18041\" class=\"elementor elementor-18041\">\n\t\t\t\t\t\t<section class=\"elementor-section elementor-top-section elementor-element elementor-element-16f9992 elementor-section-boxed elementor-section-height-default elementor-section-height-default sc_fly_static\" data-id=\"16f9992\" data-element_type=\"section\" data-e-type=\"section\" data-settings=\"{&quot;background_background&quot;:&quot;classic&quot;}\">\n\t\t\t\t\t\t<div class=\"elementor-container elementor-column-gap-extended\">\n\t\t\t\t\t<div class=\"elementor-column elementor-col-100 elementor-top-column elementor-element elementor-element-1900e3f sc_content_align_inherit sc_layouts_column_icons_position_left sc_fly_static\" data-id=\"1900e3f\" data-element_type=\"column\" data-e-type=\"column\">\n\t\t\t<div class=\"elementor-widget-wrap elementor-element-populated\">\n\t\t\t\t\t\t<section class=\"elementor-section elementor-inner-section elementor-element elementor-element-7193f8f elementor-section-boxed elementor-section-height-default elementor-section-height-default sc_fly_static\" data-id=\"7193f8f\" data-element_type=\"section\" data-e-type=\"section\">\n\t\t\t\t\t\t<div class=\"elementor-container elementor-column-gap-no\">\n\t\t\t\t\t<div class=\"elementor-column elementor-col-100 elementor-inner-column elementor-element elementor-element-fc970f2 sc_content_align_inherit sc_layouts_column_icons_position_left sc_fly_static\" data-id=\"fc970f2\" data-element_type=\"column\" data-e-type=\"column\">\n\t\t\t<div class=\"elementor-widget-wrap elementor-element-populated\">\n\t\t\t\t\t\t<div class=\"elementor-element elementor-element-292caf4 elementor-widget elementor-widget-spacer\" data-id=\"292caf4\" data-element_type=\"widget\" data-e-type=\"widget\" data-widget_type=\"spacer.default\">\n\t\t\t\t\t\t\t<div class=\"elementor-spacer\">\n\t\t\t<div class=\"elementor-spacer-inner\"><\/div>\n\t\t<\/div>\n\t\t\t\t\t\t<\/div>\n\t\t\t\t<div class=\"elementor-element elementor-element-aa49ccf sc_fly_static elementor-widget elementor-widget-trx_sc_layouts_title\" data-id=\"aa49ccf\" data-element_type=\"widget\" data-e-type=\"widget\" data-widget_type=\"trx_sc_layouts_title.default\">\n\t\t\t\t<div class=\"elementor-widget-container\">\n\t\t\t\t\t<div class=\"sc_layouts_title sc_align_center with_content without_image without_tint\" ><div class=\"sc_layouts_title_content\"><div class=\"sc_layouts_title_title\"><h1 class=\"sc_layouts_title_caption\">Us\u0142uga Plus<\/h1><\/div><\/div><\/div>\t\t\t\t<\/div>\n\t\t\t\t<\/div>\n\t\t\t\t<div class=\"elementor-element elementor-element-995b483 elementor-widget elementor-widget-spacer\" data-id=\"995b483\" data-element_type=\"widget\" data-e-type=\"widget\" data-widget_type=\"spacer.default\">\n\t\t\t\t\t\t\t<div class=\"elementor-spacer\">\n\t\t\t<div class=\"elementor-spacer-inner\"><\/div>\n\t\t<\/div>\n\t\t\t\t\t\t<\/div>\n\t\t\t\t<div class=\"elementor-element elementor-element-bbeec11 elementor-view-default elementor-widget elementor-widget-icon\" data-id=\"bbeec11\" data-element_type=\"widget\" data-e-type=\"widget\" data-widget_type=\"icon.default\">\n\t\t\t\t\t\t\t<div class=\"elementor-icon-wrapper\">\n\t\t\t<div class=\"elementor-icon\">\n\t\t\t\t\t\t<\/div>\n\t\t<\/div>\n\t\t\t\t\t\t<\/div>\n\t\t\t\t<div class=\"elementor-element elementor-element-073eef4 sc_height_huge elementor-widget elementor-widget-spacer\" data-id=\"073eef4\" data-element_type=\"widget\" data-e-type=\"widget\" data-widget_type=\"spacer.default\">\n\t\t\t\t\t\t\t<div class=\"elementor-spacer\">\n\t\t\t<div class=\"elementor-spacer-inner\"><\/div>\n\t\t<\/div>\n\t\t\t\t\t\t<\/div>\n\t\t\t\t\t<\/div>\n\t\t<\/div>\n\t\t\t\t\t<\/div>\n\t\t<\/section>\n\t\t\t\t<section class=\"elementor-section elementor-inner-section elementor-element elementor-element-7c719fc elementor-section-boxed elementor-section-height-default elementor-section-height-default sc_fly_static\" data-id=\"7c719fc\" data-element_type=\"section\" data-e-type=\"section\">\n\t\t\t\t\t\t<div class=\"elementor-container elementor-column-gap-no\">\n\t\t\t\t\t<div class=\"elementor-column elementor-col-100 elementor-inner-column elementor-element elementor-element-b9f5c09 sc_content_align_inherit sc_layouts_column_icons_position_left sc_fly_static\" data-id=\"b9f5c09\" data-element_type=\"column\" data-e-type=\"column\">\n\t\t\t<div class=\"elementor-widget-wrap elementor-element-populated\">\n\t\t\t\t\t\t<div class=\"elementor-element elementor-element-cb76821 sc_fly_static elementor-widget elementor-widget-trx_sc_title\" data-id=\"cb76821\" data-element_type=\"widget\" data-e-type=\"widget\" data-widget_type=\"trx_sc_title.default\">\n\t\t\t\t<div class=\"elementor-widget-container\">\n\t\t\t\t\t<div\t\tclass=\"sc_title sc_title_default\" ><h5 class=\"sc_item_title sc_title_title sc_item_title_style_default sc_item_title_tag\"\n\t\t\t><span class=\"sc_item_title_text\">Szanowni Klienci,<\/span><\/h5><\/div>\t\t\t\t<\/div>\n\t\t\t\t<\/div>\n\t\t\t\t<div class=\"elementor-element elementor-element-d34a474 elementor-widget elementor-widget-text-editor\" data-id=\"d34a474\" data-element_type=\"widget\" data-e-type=\"widget\" data-widget_type=\"text-editor.default\">\n\t\t\t\t\t\t\t\t\t<p>Naszym g\u0142\u00f3wnym celem jest opracowanie bezpiecznego i konfigurowalnego frameworka motyw\u00f3w, kt\u00f3ry spe\u0142nia potrzeby u\u017cytkownika ko\u0144cowego. Dzi\u0119ki temu nasi klienci mog\u0105 tworzy\u0107 strony internetowe w oparciu o nasze szablony przy minimalnym wysi\u0142ku! Proces ten wymaga minimalnej wiedzy na temat WordPressa lub kodowania, a obszerna dokumentacja oraz nasz zesp\u00f3\u0142 wsparcia technicznego s\u0105 zawsze do Pa\u0144stwa dyspozycji. Prosimy jednak pami\u0119ta\u0107, \u017ce czasami zdarzaj\u0105 si\u0119 problemy, kt\u00f3re nie s\u0105 spowodowane nieprawid\u0142owym dzia\u0142aniem szablonu. Mog\u0105 zaistnie\u0107 sytuacje, w kt\u00f3rych ani sam produkt, ani nasza platforma nie ponosz\u0105 winy. Na dzia\u0142anie motywu mog\u0105 mie\u0107 wp\u0142yw mi\u0119dzy innymi ustawienia serwera, dodatkowe funkcje wymagaj\u0105ce g\u0142\u0119bokiej personalizacji plik\u00f3w, u\u017cycie zewn\u0119trznych wtyczek i oczywi\u015bcie pr\u00f3by zbudowania strony internetowej w bardzo kr\u00f3tkim czasie.<\/p><p>Znamy wszystkie tajniki naszej struktury motyw\u00f3w i dysponujemy wysoce profesjonalnym zespo\u0142em programist\u00f3w. Pomog\u0105 Ci oni stworzy\u0107 stron\u0119 internetow\u0105, kt\u00f3rej potrzebujesz. Je\u015bli potrzebujesz dostosowania strony internetowej, skontaktuj si\u0119 z naszym zespo\u0142em pomocy technicznej, aby uzyska\u0107 wi\u0119cej informacji: <a href=\"https:\/\/themerex.net\/support\/\">https:\/\/themerex.net\/support\/<\/a>.<\/p>\t\t\t\t\t\t\t\t<\/div>\n\t\t\t\t<div class=\"elementor-element elementor-element-12b1da0 sc_layouts_hide_on_tablet sc_layouts_hide_on_mobile elementor-widget elementor-widget-spacer\" data-id=\"12b1da0\" data-element_type=\"widget\" data-e-type=\"widget\" data-widget_type=\"spacer.default\">\n\t\t\t\t\t\t\t<div class=\"elementor-spacer\">\n\t\t\t<div class=\"elementor-spacer-inner\"><\/div>\n\t\t<\/div>\n\t\t\t\t\t\t<\/div>\n\t\t\t\t\t<\/div>\n\t\t<\/div>\n\t\t\t\t\t<\/div>\n\t\t<\/section>\n\t\t\t\t<section class=\"elementor-section elementor-inner-section elementor-element elementor-element-cdf0d72 elementor-section-boxed elementor-section-height-default elementor-section-height-default sc_fly_static\" data-id=\"cdf0d72\" data-element_type=\"section\" data-e-type=\"section\">\n\t\t\t\t\t\t<div class=\"elementor-container elementor-column-gap-no\">\n\t\t\t\t\t<div class=\"elementor-column elementor-col-100 elementor-inner-column elementor-element elementor-element-08a806d sc_content_align_inherit sc_layouts_column_icons_position_left sc_fly_static\" data-id=\"08a806d\" data-element_type=\"column\" data-e-type=\"column\">\n\t\t\t<div class=\"elementor-widget-wrap elementor-element-populated\">\n\t\t\t\t\t\t<div class=\"elementor-element elementor-element-c25b9fb sc_height_large elementor-widget elementor-widget-spacer\" data-id=\"c25b9fb\" data-element_type=\"widget\" data-e-type=\"widget\" data-widget_type=\"spacer.default\">\n\t\t\t\t\t\t\t<div class=\"elementor-spacer\">\n\t\t\t<div class=\"elementor-spacer-inner\"><\/div>\n\t\t<\/div>\n\t\t\t\t\t\t<\/div>\n\t\t\t\t<div class=\"elementor-element elementor-element-234663c sc_fly_static elementor-widget elementor-widget-trx_sc_title\" data-id=\"234663c\" data-element_type=\"widget\" data-e-type=\"widget\" data-widget_type=\"trx_sc_title.default\">\n\t\t\t\t<div class=\"elementor-widget-container\">\n\t\t\t\t\t<div\t\tclass=\"sc_title sc_title_default\" ><span class=\"sc_item_subtitle sc_title_subtitle sc_align_center sc_item_subtitle_above sc_item_title_style_default\">Personalizacja<\/span><h1 class=\"sc_item_title sc_title_title sc_align_center sc_item_title_style_default sc_item_title_tag\"\n\t\t\t><span class=\"sc_item_title_text\">Pakiety<\/span><\/h1><\/div>\t\t\t\t<\/div>\n\t\t\t\t<\/div>\n\t\t\t\t<div class=\"elementor-element elementor-element-6b1b6e8 elementor-widget elementor-widget-spacer\" data-id=\"6b1b6e8\" data-element_type=\"widget\" data-e-type=\"widget\" data-widget_type=\"spacer.default\">\n\t\t\t\t\t\t\t<div class=\"elementor-spacer\">\n\t\t\t<div class=\"elementor-spacer-inner\"><\/div>\n\t\t<\/div>\n\t\t\t\t\t\t<\/div>\n\t\t\t\t<div class=\"elementor-element elementor-element-54e2143 sc_fly_static elementor-widget elementor-widget-trx_sc_price\" data-id=\"54e2143\" data-element_type=\"widget\" data-e-type=\"widget\" data-widget_type=\"trx_sc_price.default\">\n\t\t\t\t<div class=\"elementor-widget-container\">\n\t\t\t\t\t<div  \r\n\tclass=\"sc_price color_style_link2 sc_price_focus\"><div class=\"sc_price_columns_wrap sc_item_columns trx_addons_columns_wrap columns_padding_bottom columns_in_single_row\"><div class=\"trx_addons_column-1_3\"><div class=\"sc_price_item sc_price_item_focus\">\r\n\t\t\t<div class=\"sc_price_item_inner\"><div class=\"sc_price_item_info_top\"><h3 class=\"sc_price_item_title\"><span>Instalacja + zmiana logo<\/span><\/h3><\/div><div class=\"sc_price_item_icon sc_price_item_icon_type_ icon-buoys\"\r\n\t\t\t\t\t\t\t\t\t\t\t\t><span class=\"sc_icon_type_ icon-buoys\"\r\n\t\t\t\t\t\t\t\t\t\t\t\t\t\t\t><\/span><\/div><div class=\"sc_price_item_info\"><div class=\"sc_price_item_price\"><span class=\"sc_price_item_price_before\">$<\/span><span class=\"sc_price_item_price_value\">39<\/span><\/div><div class=\"sc_price_item_details\"><ul class=\"trx_addons_list trx_addons_list_dot\">\n \t<li>Szablon zostanie zainstalowany na Twoim serwerze dok\u0142adnie tak, jak wygl\u0105da wersja demonstracyjna. Otrzymasz dost\u0119p do panelu administracyjnego, dzi\u0119ki czemu b\u0119dziesz m\u00f3g\u0142 zarz\u0105dza\u0107 swoj\u0105 stron\u0105 internetow\u0105.<\/li>\n \t<li>Na ka\u017cdej stronie szablonu zast\u0105pimy logo szablonu Twoim logo. Logo musi by\u0107 dobrej jako\u015bci i mie\u0107 format .PSD, .EPS, .PNG lub .JPG. Szeroko\u015b\u0107 logo powinna wynosi\u0107 300 pikseli i 600 pikseli.<\/li>\n<\/ul><\/div><a href=\"https:\/\/themerex.net\/downloads\/theme-installation\/?utm_source=demosplus&#038;utm_medium=demosplus&#038;utm_campaign=demosplus\" class=\"sc_price_item_link sc_button_bordered sc_button\" target=\"_blank\">SKORZYSTAJ Z TEJ OFERTY<\/a><\/div><!-- \/.sc_price_item_info --><\/div><!-- \/.sc_price_item_inner --><\/div><\/div><div class=\"trx_addons_column-1_3\"><div class=\"sc_price_item sc_price_active sc_price_item_focus\">\r\n\t\t\t<div class=\"sc_price_item_inner\"><div class=\"sc_price_item_info_top\"><h3 class=\"sc_price_item_title\"><span>Gotowa do u\u017cycia strona internetowa<\/span><\/h3><\/div><div class=\"sc_price_item_icon sc_price_item_icon_type_ icon-compass\"\r\n\t\t\t\t\t\t\t\t\t\t\t\t><span class=\"sc_icon_type_ icon-compass\"\r\n\t\t\t\t\t\t\t\t\t\t\t\t\t\t\t><\/span><\/div><div class=\"sc_price_item_info\"><div class=\"sc_price_item_price\"><span class=\"sc_price_item_price_before\">$<\/span><span class=\"sc_price_item_price_value\">350<\/span><\/div><div class=\"sc_price_item_details\"><ul class=\"trx_addons_list trx_addons_list_dot\">\n \t<li class=\"icon-check-1\" aria-level=\"1\">Instalacja motywu na serwerze z Twoim logo<\/li>\n \t<li class=\"icon icon-check-1\" aria-level=\"1\">Mapa Google z ustawionym adresem<\/li>\n \t<li class=\"icon icon-check-1\" aria-level=\"1\">Zast\u0105pienie tre\u015bci i obraz\u00f3w do 6 stron (bez zmiany uk\u0142adu)<\/li>\n \t<li class=\"icon icon-check-1\" aria-level=\"1\">Usuwanie element\u00f3w, kt\u00f3re nie s\u0105 potrzebne na Twojej stronie internetowej<\/li>\n \t<li class=\"icon icon-check-1\" aria-level=\"1\">Zestaw ikon spo\u0142eczno\u015bciowych (bez zmiany uk\u0142adu motywu)<\/li>\n \t<li class=\"icon icon-check-1\" aria-level=\"1\">Zast\u0105pienie schematu kolor\u00f3w<\/li>\n<\/ul><\/div><a href=\"https:\/\/themerex.net\/downloads\/ready-use-website\/?utm_source=demosplus&#038;utm_medium=demosplus&#038;utm_campaign=demosplus\" class=\"sc_price_item_link sc_button_bordered sc_button\" target=\"_blank\">SKORZYSTAJ Z TEJ OFERTY<\/a><\/div><!-- \/.sc_price_item_info --><\/div><!-- \/.sc_price_item_inner --><\/div><\/div><div class=\"trx_addons_column-1_3\"><div class=\"sc_price_item sc_price_item_focus\">\r\n\t\t\t<div class=\"sc_price_item_inner\"><div class=\"sc_price_item_info_top\"><h3 class=\"sc_price_item_title\"><span>Pe\u0142ny pakiet strony internetowej<\/span><\/h3><\/div><div class=\"sc_price_item_icon sc_price_item_icon_type_ icon-yacht\"\r\n\t\t\t\t\t\t\t\t\t\t\t\t><span class=\"sc_icon_type_ icon-yacht\"\r\n\t\t\t\t\t\t\t\t\t\t\t\t\t\t\t><\/span><\/div><div class=\"sc_price_item_info\"><div class=\"sc_price_item_price\"><span class=\"sc_price_item_price_before\">$<\/span><span class=\"sc_price_item_price_value\">699<\/span><\/div><div class=\"sc_price_item_details\"><ul class=\"trx_addons_list trx_addons_list_dot\">\n \t<li class=\"icon icon-check-1\" aria-level=\"1\">Instalacja WordPressa i motywu<\/li>\n \t<li class=\"icon icon-check-1\" aria-level=\"1\">Dostosowanie brandingu strony internetowej<\/li>\n \t<li class=\"icon icon-check-1\" aria-level=\"1\">Opracowanie tre\u015bci (15 obraz\u00f3w bez op\u0142at licencyjnych i 1500 s\u0142\u00f3w tekstu)<\/li>\n \t<li class=\"icon icon-check-1\" aria-level=\"1\">Konfiguracja tre\u015bci (dodanie 6 stron, 6 post\u00f3w, suwaki Revolution)<\/li>\n \t<li class=\"icon icon-check-1\" aria-level=\"1\">Podstawy SEO<\/li>\n \t<li class=\"icon icon-check-1\" aria-level=\"1\">Optymalizacja szybko\u015bci dzia\u0142ania strony internetowej<\/li>\n<\/ul><\/div><a href=\"https:\/\/themerex.net\/downloads\/full-website-package\/?utm_source=demosplus&#038;utm_medium=demosplus&#038;utm_campaign=demosplus\" class=\"sc_price_item_link sc_button_bordered sc_button\" target=\"_blank\">SKORZYSTAJ Z TEJ OFERTY<\/a><\/div><!-- \/.sc_price_item_info --><\/div><!-- \/.sc_price_item_inner --><\/div><\/div><\/div><\/div><!-- \/.sc_price -->\t\t\t\t<\/div>\n\t\t\t\t<\/div>\n\t\t\t\t<div class=\"elementor-element elementor-element-6e5fc0b sc_height_huge sc_layouts_hide_on_mobile elementor-widget elementor-widget-spacer\" data-id=\"6e5fc0b\" data-element_type=\"widget\" data-e-type=\"widget\" data-widget_type=\"spacer.default\">\n\t\t\t\t\t\t\t<div class=\"elementor-spacer\">\n\t\t\t<div class=\"elementor-spacer-inner\"><\/div>\n\t\t<\/div>\n\t\t\t\t\t\t<\/div>\n\t\t\t\t<div class=\"elementor-element elementor-element-9049989 sc_height_medium sc_layouts_hide_on_wide sc_layouts_hide_on_desktop sc_layouts_hide_on_notebook sc_layouts_hide_on_tablet elementor-widget elementor-widget-spacer\" data-id=\"9049989\" data-element_type=\"widget\" data-e-type=\"widget\" data-widget_type=\"spacer.default\">\n\t\t\t\t\t\t\t<div class=\"elementor-spacer\">\n\t\t\t<div class=\"elementor-spacer-inner\"><\/div>\n\t\t<\/div>\n\t\t\t\t\t\t<\/div>\n\t\t\t\t\t<\/div>\n\t\t<\/div>\n\t\t\t\t\t<\/div>\n\t\t<\/section>\n\t\t\t\t\t<\/div>\n\t\t<\/div>\n\t\t\t\t\t<\/div>\n\t\t<\/section>\n\t\t\t\t<\/div>","protected":false},"excerpt":{"rendered":"<p>Service Plus Dear Customers, Our primary goal is developing a secure and customizable theme framework&hellip;<\/p>","protected":false},"author":4309,"featured_media":0,"parent":0,"menu_order":0,"comment_status":"closed","ping_status":"closed","template":"","meta":{"_joinchat":[],"footnotes":""},"class_list":["post-18041","page","type-page","status-publish","hentry"],"yoast_head":"<!-- This site is optimized with the Yoast SEO plugin v27.5 - https:\/\/yoast.com\/product\/yoast-seo-wordpress\/ -->\n<title>Service Plus - Quest Heroes Boat Rental Mallorca<\/title>\n<meta name=\"robots\" content=\"index, follow, max-snippet:-1, max-image-preview:large, max-video-preview:-1\" \/>\n<link rel=\"canonical\" href=\"https:\/\/questheroes.es\/pl\/usluga-plus\/\" \/>\n<meta property=\"og:locale\" content=\"pl_PL\" \/>\n<meta property=\"og:type\" content=\"article\" \/>\n<meta property=\"og:title\" content=\"Service Plus - Quest Heroes Boat Rental Mallorca\" \/>\n<meta property=\"og:description\" content=\"Service Plus Dear Customers, Our primary goal is developing a secure and customizable theme framework&hellip;\" \/>\n<meta property=\"og:url\" content=\"https:\/\/questheroes.es\/pl\/usluga-plus\/\" \/>\n<meta property=\"og:site_name\" content=\"Quest Heroes Boat Rental Mallorca\" \/>\n<meta property=\"article:modified_time\" content=\"2022-05-30T09:11:35+00:00\" \/>\n<meta name=\"twitter:card\" content=\"summary_large_image\" \/>\n<meta name=\"twitter:label1\" content=\"Szacowany czas czytania\" \/>\n\t<meta name=\"twitter:data1\" content=\"2 minuty\" \/>\n<script type=\"application\/ld+json\" class=\"yoast-schema-graph\">{\"@context\":\"https:\\\/\\\/schema.org\",\"@graph\":[{\"@type\":\"WebPage\",\"@id\":\"https:\\\/\\\/questheroes.es\\\/service-plus\\\/\",\"url\":\"https:\\\/\\\/questheroes.es\\\/service-plus\\\/\",\"name\":\"Service Plus - Quest Heroes Boat Rental Mallorca\",\"isPartOf\":{\"@id\":\"https:\\\/\\\/questheroes.es\\\/#website\"},\"datePublished\":\"2021-10-15T08:12:55+00:00\",\"dateModified\":\"2022-05-30T09:11:35+00:00\",\"breadcrumb\":{\"@id\":\"https:\\\/\\\/questheroes.es\\\/service-plus\\\/#breadcrumb\"},\"inLanguage\":\"pl-PL\",\"potentialAction\":[{\"@type\":\"ReadAction\",\"target\":[\"https:\\\/\\\/questheroes.es\\\/service-plus\\\/\"]}]},{\"@type\":\"BreadcrumbList\",\"@id\":\"https:\\\/\\\/questheroes.es\\\/service-plus\\\/#breadcrumb\",\"itemListElement\":[{\"@type\":\"ListItem\",\"position\":1,\"name\":\"Home\",\"item\":\"https:\\\/\\\/questheroes.es\\\/\"},{\"@type\":\"ListItem\",\"position\":2,\"name\":\"Service Plus\"}]},{\"@type\":\"WebSite\",\"@id\":\"https:\\\/\\\/questheroes.es\\\/#website\",\"url\":\"https:\\\/\\\/questheroes.es\\\/\",\"name\":\"Quest Heroes Boat Rental Mallorca\",\"description\":\"Rent a Boat In Mallorca\",\"potentialAction\":[{\"@type\":\"SearchAction\",\"target\":{\"@type\":\"EntryPoint\",\"urlTemplate\":\"https:\\\/\\\/questheroes.es\\\/?s={search_term_string}\"},\"query-input\":{\"@type\":\"PropertyValueSpecification\",\"valueRequired\":true,\"valueName\":\"search_term_string\"}}],\"inLanguage\":\"pl-PL\"}]}<\/script>\n<!-- \/ Yoast SEO plugin. -->","yoast_head_json":{"title":"Service Plus \u2013 Quest Heroes Wypo\u017cyczalnia \u0142odzi na Majorce","robots":{"index":"index","follow":"follow","max-snippet":"max-snippet:-1","max-image-preview":"max-image-preview:large","max-video-preview":"max-video-preview:-1"},"canonical":"https:\/\/questheroes.es\/pl\/usluga-plus\/","og_locale":"pl_PL","og_type":"article","og_title":"Service Plus - Quest Heroes Boat Rental Mallorca","og_description":"Service Plus Dear Customers, Our primary goal is developing a secure and customizable theme framework&hellip;","og_url":"https:\/\/questheroes.es\/pl\/usluga-plus\/","og_site_name":"Quest Heroes Boat Rental Mallorca","article_modified_time":"2022-05-30T09:11:35+00:00","twitter_card":"summary_large_image","twitter_misc":{"Szacowany czas czytania":"2 minuty"},"schema":{"@context":"https:\/\/schema.org","@graph":[{"@type":"WebPage","@id":"https:\/\/questheroes.es\/service-plus\/","url":"https:\/\/questheroes.es\/service-plus\/","name":"Service Plus \u2013 Quest Heroes Wypo\u017cyczalnia \u0142odzi na Majorce","isPartOf":{"@id":"https:\/\/questheroes.es\/#website"},"datePublished":"2021-10-15T08:12:55+00:00","dateModified":"2022-05-30T09:11:35+00:00","breadcrumb":{"@id":"https:\/\/questheroes.es\/service-plus\/#breadcrumb"},"inLanguage":"pl-PL","potentialAction":[{"@type":"ReadAction","target":["https:\/\/questheroes.es\/service-plus\/"]}]},{"@type":"BreadcrumbList","@id":"https:\/\/questheroes.es\/service-plus\/#breadcrumb","itemListElement":[{"@type":"ListItem","position":1,"name":"Home","item":"https:\/\/questheroes.es\/"},{"@type":"ListItem","position":2,"name":"Service Plus"}]},{"@type":"WebSite","@id":"https:\/\/questheroes.es\/#website","url":"https:\/\/questheroes.es\/","name":"Quest Heroes Wynajem \u0142odzi Majorka","description":"Wynajem \u0142odzi na Majorce","potentialAction":[{"@type":"SearchAction","target":{"@type":"EntryPoint","urlTemplate":"https:\/\/questheroes.es\/?s={search_term_string}"},"query-input":{"@type":"PropertyValueSpecification","valueRequired":true,"valueName":"search_term_string"}}],"inLanguage":"pl-PL"}]}},"_links":{"self":[{"href":"https:\/\/questheroes.es\/pl\/wp-json\/wp\/v2\/pages\/18041","targetHints":{"allow":["GET"]}}],"collection":[{"href":"https:\/\/questheroes.es\/pl\/wp-json\/wp\/v2\/pages"}],"about":[{"href":"https:\/\/questheroes.es\/pl\/wp-json\/wp\/v2\/types\/page"}],"author":[{"embeddable":true,"href":"https:\/\/questheroes.es\/pl\/wp-json\/wp\/v2\/users\/4309"}],"replies":[{"embeddable":true,"href":"https:\/\/questheroes.es\/pl\/wp-json\/wp\/v2\/comments?post=18041"}],"version-history":[{"count":0,"href":"https:\/\/questheroes.es\/pl\/wp-json\/wp\/v2\/pages\/18041\/revisions"}],"wp:attachment":[{"href":"https:\/\/questheroes.es\/pl\/wp-json\/wp\/v2\/media?parent=18041"}],"curies":[{"name":"wp","href":"https:\/\/api.w.org\/{rel}","templated":true}]}}