{"id":20294,"date":"2023-07-09T17:00:06","date_gmt":"2023-07-09T15:00:06","guid":{"rendered":"https:\/\/questheroes.es\/?page_id=20294"},"modified":"2026-01-31T04:37:11","modified_gmt":"2026-01-31T03:37:11","slug":"tiempo-marino-563","status":"publish","type":"page","link":"https:\/\/questheroes.es\/es\/marine-time-563\/","title":{"rendered":"Tiempo marino 563"},"content":{"rendered":"<div data-elementor-type=\"wp-page\" data-elementor-id=\"20294\" class=\"elementor elementor-20294\">\n\t\t\t\t\t\t<section class=\"elementor-section elementor-top-section elementor-element elementor-element-4cf4068 elementor-section-boxed elementor-section-height-default elementor-section-height-default sc_fly_static\" data-id=\"4cf4068\" data-element_type=\"section\" data-e-type=\"section\">\n\t\t\t\t\t\t<div class=\"elementor-container elementor-column-gap-extended\">\n\t\t\t\t\t<div class=\"elementor-column elementor-col-50 elementor-top-column elementor-element elementor-element-d6690f2 sc_content_align_inherit sc_layouts_column_icons_position_left sc_fly_static\" data-id=\"d6690f2\" data-element_type=\"column\" data-e-type=\"column\">\n\t\t\t<div class=\"elementor-widget-wrap elementor-element-populated\">\n\t\t\t\t\t\t<div class=\"elementor-element elementor-element-e9a736e sc_fly_static elementor-widget elementor-widget-trx_sc_title\" data-id=\"e9a736e\" data-element_type=\"widget\" data-e-type=\"widget\" data-widget_type=\"trx_sc_title.default\">\n\t\t\t\t<div class=\"elementor-widget-container\">\n\t\t\t\t\t<div\t\tclass=\"sc_title sc_title_default\" ><h1 class=\"sc_item_title sc_title_title sc_item_title_style_default sc_item_title_tag\"\n\t\t\t><span class=\"sc_item_title_text\">Tiempo marino 563<\/span><\/h1><\/div>\t\t\t\t<\/div>\n\t\t\t\t<\/div>\n\t\t\t\t<div class=\"elementor-element elementor-element-0c0f516 gallery-spacing-custom elementor-widget elementor-widget-image-gallery\" data-id=\"0c0f516\" data-element_type=\"widget\" data-e-type=\"widget\" data-widget_type=\"image-gallery.default\">\n\t\t\t\t\t\t\t<div class=\"elementor-image-gallery\">\n\t\t\t<div id='gallery-1' class='gallery galleryid-20294 gallery-columns-2 gallery-size-catamaran-thumb-square'><figure class='gallery-item'>\n\t\t\t<div class='gallery-icon landscape'>\n\t\t\t\t<a data-elementor-open-lightbox=\"yes\" data-elementor-lightbox-slideshow=\"0c0f516\" data-elementor-lightbox-title=\"default\" data-e-action-hash=\"#elementor-action%3Aaction%3Dlightbox%26settings%3DeyJpZCI6MjAyOTksInVybCI6Imh0dHBzOlwvXC9xdWVzdGhlcm9lcy5lc1wvd3AtY29udGVudFwvdXBsb2Fkc1wvMjAyM1wvMDdcL0RKSV8wNjYwLmpwZyIsInNsaWRlc2hvdyI6IjBjMGY1MTYifQ%3D%3D\" title=\"Excursiones en barco en Mallorca\" href='https:\/\/questheroes.es\/wp-content\/uploads\/2023\/07\/DJI_0660.jpg'><img fetchpriority=\"high\" decoding=\"async\" width=\"890\" height=\"664\" src=\"https:\/\/questheroes.es\/wp-content\/uploads\/2023\/07\/DJI_0660-890x664.jpg\" class=\"attachment-catamaran-thumb-square size-catamaran-thumb-square\" alt=\"Excursiones en barco en Mallorca\" aria-describedby=\"gallery-1-20299\" \/><\/a>\n\t\t\t<\/div>\n\t\t\t\t<figcaption class='wp-caption-text gallery-caption' id='gallery-1-20299'>\n\t\t\t\tTiempo marino 563\n\t\t\t\t<\/figcaption><\/figure><figure class='gallery-item'>\n\t\t\t<div class='gallery-icon landscape'>\n\t\t\t\t<a data-elementor-open-lightbox=\"yes\" data-elementor-lightbox-slideshow=\"0c0f516\" data-elementor-lightbox-title=\"default\" data-e-action-hash=\"#elementor-action%3Aaction%3Dlightbox%26settings%3DeyJpZCI6MjAyOTcsInVybCI6Imh0dHBzOlwvXC9xdWVzdGhlcm9lcy5lc1wvd3AtY29udGVudFwvdXBsb2Fkc1wvMjAyM1wvMDdcL0RKSV8wNjY2LXNjYWxlZC5qcGciLCJzbGlkZXNob3ciOiIwYzBmNTE2In0%3D\" title=\"por defecto\" href='https:\/\/questheroes.es\/wp-content\/uploads\/2023\/07\/DJI_0666-scaled.jpg'><img decoding=\"async\" width=\"890\" height=\"664\" src=\"https:\/\/questheroes.es\/wp-content\/uploads\/2023\/07\/DJI_0666-890x664.jpg\" class=\"attachment-catamaran-thumb-square size-catamaran-thumb-square\" alt=\"\" aria-describedby=\"gallery-1-20297\" \/><\/a>\n\t\t\t<\/div>\n\t\t\t\t<figcaption class='wp-caption-text gallery-caption' id='gallery-1-20297'>\n\t\t\t\tTiempo marino 563\n\t\t\t\t<\/figcaption><\/figure><figure class='gallery-item'>\n\t\t\t<div class='gallery-icon landscape'>\n\t\t\t\t<a data-elementor-open-lightbox=\"yes\" data-elementor-lightbox-slideshow=\"0c0f516\" data-elementor-lightbox-title=\"MG_6435-scaled\" data-e-action-hash=\"#elementor-action%3Aaction%3Dlightbox%26settings%3DeyJpZCI6MjEyNDAsInVybCI6Imh0dHBzOlwvXC9xdWVzdGhlcm9lcy5lc1wvd3AtY29udGVudFwvdXBsb2Fkc1wvMjAyNFwvMDRcL01HXzY0MzUtc2NhbGVkLTEuanBnIiwic2xpZGVzaG93IjoiMGMwZjUxNiJ9\" href='https:\/\/questheroes.es\/wp-content\/uploads\/2024\/04\/MG_6435-scaled-1.jpg'><img decoding=\"async\" width=\"890\" height=\"664\" src=\"https:\/\/questheroes.es\/wp-content\/uploads\/2024\/04\/MG_6435-scaled-1-890x664.jpg\" class=\"attachment-catamaran-thumb-square size-catamaran-thumb-square\" alt=\"\" aria-describedby=\"gallery-1-21240\" \/><\/a>\n\t\t\t<\/div>\n\t\t\t\t<figcaption class='wp-caption-text gallery-caption' id='gallery-1-21240'>\n\t\t\t\tTiempo marino 563\n\t\t\t\t<\/figcaption><\/figure><figure class='gallery-item'>\n\t\t\t<div class='gallery-icon landscape'>\n\t\t\t\t<a data-elementor-open-lightbox=\"yes\" data-elementor-lightbox-slideshow=\"0c0f516\" data-elementor-lightbox-title=\"MG_6437-scaled\" data-e-action-hash=\"#elementor-action%3Aaction%3Dlightbox%26settings%3DeyJpZCI6MjEyNDEsInVybCI6Imh0dHBzOlwvXC9xdWVzdGhlcm9lcy5lc1wvd3AtY29udGVudFwvdXBsb2Fkc1wvMjAyNFwvMDRcL01HXzY0Mzctc2NhbGVkLTEuanBnIiwic2xpZGVzaG93IjoiMGMwZjUxNiJ9\" href='https:\/\/questheroes.es\/wp-content\/uploads\/2024\/04\/MG_6437-scaled-1.jpg'><img loading=\"lazy\" decoding=\"async\" width=\"890\" height=\"664\" src=\"https:\/\/questheroes.es\/wp-content\/uploads\/2024\/04\/MG_6437-scaled-1-890x664.jpg\" class=\"attachment-catamaran-thumb-square size-catamaran-thumb-square\" alt=\"\" aria-describedby=\"gallery-1-21241\" \/><\/a>\n\t\t\t<\/div>\n\t\t\t\t<figcaption class='wp-caption-text gallery-caption' id='gallery-1-21241'>\n\t\t\t\tTiempo marino 563\n\t\t\t\t<\/figcaption><\/figure><figure class='gallery-item'>\n\t\t\t<div class='gallery-icon landscape'>\n\t\t\t\t<a data-elementor-open-lightbox=\"yes\" data-elementor-lightbox-slideshow=\"0c0f516\" data-elementor-lightbox-title=\"MG_6432-scaled\" data-e-action-hash=\"#elementor-action%3Aaction%3Dlightbox%26settings%3DeyJpZCI6MjEyMzksInVybCI6Imh0dHBzOlwvXC9xdWVzdGhlcm9lcy5lc1wvd3AtY29udGVudFwvdXBsb2Fkc1wvMjAyNFwvMDRcL01HXzY0MzItc2NhbGVkLTEuanBnIiwic2xpZGVzaG93IjoiMGMwZjUxNiJ9\" href='https:\/\/questheroes.es\/wp-content\/uploads\/2024\/04\/MG_6432-scaled-1.jpg'><img loading=\"lazy\" decoding=\"async\" width=\"890\" height=\"664\" src=\"https:\/\/questheroes.es\/wp-content\/uploads\/2024\/04\/MG_6432-scaled-1-890x664.jpg\" class=\"attachment-catamaran-thumb-square size-catamaran-thumb-square\" alt=\"\" aria-describedby=\"gallery-1-21239\" \/><\/a>\n\t\t\t<\/div>\n\t\t\t\t<figcaption class='wp-caption-text gallery-caption' id='gallery-1-21239'>\n\t\t\t\tTiempo marino 563\n\t\t\t\t<\/figcaption><\/figure><figure class='gallery-item'>\n\t\t\t<div class='gallery-icon landscape'>\n\t\t\t\t<a data-elementor-open-lightbox=\"yes\" data-elementor-lightbox-slideshow=\"0c0f516\" data-elementor-lightbox-title=\"default\" data-e-action-hash=\"#elementor-action%3Aaction%3Dlightbox%26settings%3DeyJpZCI6MjAyOTgsInVybCI6Imh0dHBzOlwvXC9xdWVzdGhlcm9lcy5lc1wvd3AtY29udGVudFwvdXBsb2Fkc1wvMjAyM1wvMDdcL0RKSV8wNjYyLmpwZyIsInNsaWRlc2hvdyI6IjBjMGY1MTYifQ%3D%3D\" title=\"por defecto\" href='https:\/\/questheroes.es\/wp-content\/uploads\/2023\/07\/DJI_0662.jpg'><img loading=\"lazy\" decoding=\"async\" width=\"890\" height=\"664\" src=\"https:\/\/questheroes.es\/wp-content\/uploads\/2023\/07\/DJI_0662-890x664.jpg\" class=\"attachment-catamaran-thumb-square size-catamaran-thumb-square\" alt=\"\" aria-describedby=\"gallery-1-20298\" \/><\/a>\n\t\t\t<\/div>\n\t\t\t\t<figcaption class='wp-caption-text gallery-caption' id='gallery-1-20298'>\n\t\t\t\tTiempo marino 563\n\t\t\t\t<\/figcaption><\/figure>\n\t\t<\/div>\n\t\t<\/div>\n\t\t\t\t\t\t<\/div>\n\t\t\t\t<div class=\"elementor-element elementor-element-8000005 gallery-spacing-custom elementor-widget elementor-widget-image-gallery\" data-id=\"8000005\" data-element_type=\"widget\" data-e-type=\"widget\" data-widget_type=\"image-gallery.default\">\n\t\t\t\t\t\t\t<div class=\"elementor-image-gallery\">\n\t\t\t<div id='gallery-2' class='gallery galleryid-20294 gallery-columns-1 gallery-size-full'><figure class='gallery-item'>\n\t\t\t<div class='gallery-icon landscape'>\n\t\t\t\t<a data-elementor-open-lightbox=\"yes\" data-elementor-lightbox-slideshow=\"8000005\" data-elementor-lightbox-title=\"_MG_6464\" data-e-action-hash=\"#elementor-action%3Aaction%3Dlightbox%26settings%3DeyJpZCI6MjAzMTQsInVybCI6Imh0dHBzOlwvXC9xdWVzdGhlcm9lcy5lc1wvd3AtY29udGVudFwvdXBsb2Fkc1wvMjAyM1wvMDdcL01HXzY0NjQtMS1zY2FsZWQuanBnIiwic2xpZGVzaG93IjoiODAwMDAwNSJ9\" href='https:\/\/questheroes.es\/wp-content\/uploads\/2023\/07\/MG_6464-1-scaled.jpg'><img loading=\"lazy\" decoding=\"async\" width=\"2560\" height=\"1707\" src=\"https:\/\/questheroes.es\/wp-content\/uploads\/2023\/07\/MG_6464-1-scaled.jpg\" class=\"attachment-full size-full\" alt=\"\" srcset=\"https:\/\/questheroes.es\/wp-content\/uploads\/2023\/07\/MG_6464-1-scaled.jpg 2560w, https:\/\/questheroes.es\/wp-content\/uploads\/2023\/07\/MG_6464-1-300x200.jpg 300w, https:\/\/questheroes.es\/wp-content\/uploads\/2023\/07\/MG_6464-1-1024x683.jpg 1024w, https:\/\/questheroes.es\/wp-content\/uploads\/2023\/07\/MG_6464-1-768x512.jpg 768w, https:\/\/questheroes.es\/wp-content\/uploads\/2023\/07\/MG_6464-1-1536x1024.jpg 1536w, https:\/\/questheroes.es\/wp-content\/uploads\/2023\/07\/MG_6464-1-2048x1365.jpg 2048w, https:\/\/questheroes.es\/wp-content\/uploads\/2023\/07\/MG_6464-1-370x247.jpg 370w, https:\/\/questheroes.es\/wp-content\/uploads\/2023\/07\/MG_6464-1-840x560.jpg 840w, https:\/\/questheroes.es\/wp-content\/uploads\/2023\/07\/MG_6464-1-410x273.jpg 410w\" sizes=\"(max-width: 2560px) 100vw, 2560px\" \/><\/a>\n\t\t\t<\/div><\/figure>\n\t\t<\/div>\n\t\t<\/div>\n\t\t\t\t\t\t<\/div>\n\t\t\t\t\t<\/div>\n\t\t<\/div>\n\t\t\t\t<div class=\"elementor-column elementor-col-50 elementor-top-column elementor-element elementor-element-ff3e72d sc_column_fixed sc_content_align_inherit sc_layouts_column_icons_position_left sc_fly_static\" data-id=\"ff3e72d\" data-element_type=\"column\" data-e-type=\"column\">\n\t\t\t<div class=\"elementor-widget-wrap elementor-element-populated\">\n\t\t\t\t\t\t<div class=\"elementor-element elementor-element-bf43d77 elementor-widget elementor-widget-spacer\" data-id=\"bf43d77\" data-element_type=\"widget\" data-e-type=\"widget\" data-widget_type=\"spacer.default\">\n\t\t\t\t\t\t\t<div class=\"elementor-spacer\">\n\t\t\t<div class=\"elementor-spacer-inner\"><\/div>\n\t\t<\/div>\n\t\t\t\t\t\t<\/div>\n\t\t\t\t<div class=\"elementor-element elementor-element-2bc3241 sc_fly_static elementor-widget elementor-widget-trx_sc_title\" data-id=\"2bc3241\" data-element_type=\"widget\" data-e-type=\"widget\" data-widget_type=\"trx_sc_title.default\">\n\t\t\t\t<div class=\"elementor-widget-container\">\n\t\t\t\t\t<div\t\tclass=\"sc_title sc_title_default\" ><span class=\"sc_item_subtitle sc_title_subtitle sc_item_subtitle_above sc_item_title_style_default\">con licencia, 115HP, 5 pax, 5,65 metros<\/span><\/div>\t\t\t\t<\/div>\n\t\t\t\t<\/div>\n\t\t\t\t<div class=\"elementor-element elementor-element-1aa1d12 elementor-widget elementor-widget-text-editor\" data-id=\"1aa1d12\" data-element_type=\"widget\" data-e-type=\"widget\" data-widget_type=\"text-editor.default\">\n\t\t\t\t\t\t\t\t\t<div class=\"elementor-element elementor-element-07a0fc0 elementor-widget elementor-widget-text-editor\" data-id=\"07a0fc0\" data-element_type=\"widget\" data-widget_type=\"text-editor.default\"><div class=\"elementor-widget-container\"><div class=\"elementor-text-editor elementor-clearfix\"><p>Este an\u00a0<strong>excelente boa<\/strong>t para deportes acu\u00e1ticos y nataci\u00f3n recreativa. El barco es una combinaci\u00f3n de un gran solarium y cabina. Hasta 6 tripulantes y con motor de 115 HP se puede explorar las hermosas bah\u00edas alrededor de Alcudia y la bah\u00eda de Pollensa.<\/p><\/div><\/div><\/div><p>Alquile este barco en Alcudia - Mallorca.<\/p>\t\t\t\t\t\t\t\t<\/div>\n\t\t\t\t<div class=\"elementor-element elementor-element-0a26b76 elementor-widget elementor-widget-spacer\" data-id=\"0a26b76\" data-element_type=\"widget\" data-e-type=\"widget\" data-widget_type=\"spacer.default\">\n\t\t\t\t\t\t\t<div class=\"elementor-spacer\">\n\t\t\t<div class=\"elementor-spacer-inner\"><\/div>\n\t\t<\/div>\n\t\t\t\t\t\t<\/div>\n\t\t\t\t<div class=\"elementor-element elementor-element-26956e2 sc_fly_static elementor-widget elementor-widget-trx_sc_table\" data-id=\"26956e2\" data-element_type=\"widget\" data-e-type=\"widget\" data-widget_type=\"trx_sc_table.default\">\n\t\t\t\t<div class=\"elementor-widget-container\">\n\t\t\t\t\t<div class=\"sc_table_wrap\"><div\t\tclass=\"sc_table sc_table_default alignleft trx_addons_inline_203786925\" ><table cellspacing=\"0\" summary=\"text\">\n\t<tr>\n\t\t<td>4 horas<\/td>\n\t\t<td>346,36 EUR<\/td>\n\t<\/tr>\n\t<tr>\n\t\t<td>8 horas<\/td>\n\t\t<td>388,35 EUR<\/td>\n\t<\/tr>\n\n\t<tr>\n\t\t<td>Dep\u00f3sito<\/td>\n\t\t<td>1000 EUR<\/td>\n\t<\/tr>\n\t<tr>\n\t\t<td>Combustible<\/td>\n\t\t<td>no incluido<\/td>\n\t<\/tr>\n<\/table><\/div><\/div>\t\t\t\t<\/div>\n\t\t\t\t<\/div>\n\t\t\t\t<div class=\"elementor-element elementor-element-cd7cd71 elementor-widget elementor-widget-spacer\" data-id=\"cd7cd71\" data-element_type=\"widget\" data-e-type=\"widget\" data-widget_type=\"spacer.default\">\n\t\t\t\t\t\t\t<div class=\"elementor-spacer\">\n\t\t\t<div class=\"elementor-spacer-inner\"><\/div>\n\t\t<\/div>\n\t\t\t\t\t\t<\/div>\n\t\t\t\t<div class=\"elementor-element elementor-element-f0afeed sc_fly_static elementor-widget elementor-widget-trx_sc_button\" data-id=\"f0afeed\" data-element_type=\"widget\" data-e-type=\"widget\" data-widget_type=\"trx_sc_button.default\">\n\t\t\t\t<div class=\"elementor-widget-container\">\n\t\t\t\t\t<div\tclass=\"sc_item_button sc_button_wrap sc_align_left\" ><a href=\"https:\/\/fareharbor.com\/embeds\/book\/questheroesboatrentalmallorca\/items\/692880\/?full-items=yes&#038;flow=1539119\" class=\"sc_button sc_button_default sc_button_size_normal sc_button_icon_left color_style_link2\" ><span class=\"sc_button_text\"><span class=\"sc_button_title\">Reservar este barco<\/span><\/span><\/a><\/div>\t\t\t\t<\/div>\n\t\t\t\t<\/div>\n\t\t\t\t\t<\/div>\n\t\t<\/div>\n\t\t\t\t\t<\/div>\n\t\t<\/section>\n\t\t\t\t<\/div>","protected":false},"excerpt":{"rendered":"<p>Marine Time 563 Marine Time 563 Marine Time 563 Marine Time 563 Marine Time 563&hellip;<\/p>","protected":false},"author":4309,"featured_media":0,"parent":0,"menu_order":0,"comment_status":"closed","ping_status":"closed","template":"","meta":{"_joinchat":[],"footnotes":""},"class_list":["post-20294","page","type-page","status-publish","hentry"],"yoast_head":"<!-- This site is optimized with the Yoast SEO plugin v27.3 - https:\/\/yoast.com\/product\/yoast-seo-wordpress\/ -->\n<title>Marine Time 563 - Quest Heroes Boat Rental Mallorca<\/title>\n<meta name=\"robots\" content=\"index, follow, max-snippet:-1, max-image-preview:large, max-video-preview:-1\" \/>\n<link rel=\"canonical\" href=\"https:\/\/questheroes.es\/es\/tiempo-marino-563\/\" \/>\n<meta property=\"og:locale\" content=\"es_ES\" \/>\n<meta property=\"og:type\" content=\"article\" \/>\n<meta property=\"og:title\" content=\"Marine Time 563 - Quest Heroes Boat Rental Mallorca\" \/>\n<meta property=\"og:description\" content=\"Marine Time 563 Marine Time 563 Marine Time 563 Marine Time 563 Marine Time 563&hellip;\" \/>\n<meta property=\"og:url\" content=\"https:\/\/questheroes.es\/es\/tiempo-marino-563\/\" \/>\n<meta property=\"og:site_name\" content=\"Quest Heroes Boat Rental Mallorca\" \/>\n<meta property=\"article:modified_time\" content=\"2026-01-31T03:37:11+00:00\" \/>\n<meta property=\"og:image\" content=\"https:\/\/questheroes.es\/wp-content\/uploads\/2023\/07\/DJI_0660-890x664.jpg\" \/>\n<meta name=\"twitter:card\" content=\"summary_large_image\" \/>\n<meta name=\"twitter:label1\" content=\"Tiempo de lectura\" \/>\n\t<meta name=\"twitter:data1\" content=\"1 minuto\" \/>\n<script type=\"application\/ld+json\" class=\"yoast-schema-graph\">{\"@context\":\"https:\\\/\\\/schema.org\",\"@graph\":[{\"@type\":\"WebPage\",\"@id\":\"https:\\\/\\\/questheroes.es\\\/marine-time-563\\\/\",\"url\":\"https:\\\/\\\/questheroes.es\\\/marine-time-563\\\/\",\"name\":\"Marine Time 563 - Quest Heroes Boat Rental Mallorca\",\"isPartOf\":{\"@id\":\"https:\\\/\\\/questheroes.es\\\/#website\"},\"primaryImageOfPage\":{\"@id\":\"https:\\\/\\\/questheroes.es\\\/marine-time-563\\\/#primaryimage\"},\"image\":{\"@id\":\"https:\\\/\\\/questheroes.es\\\/marine-time-563\\\/#primaryimage\"},\"thumbnailUrl\":\"https:\\\/\\\/questheroes.es\\\/wp-content\\\/uploads\\\/2023\\\/07\\\/DJI_0660-890x664.jpg\",\"datePublished\":\"2023-07-09T15:00:06+00:00\",\"dateModified\":\"2026-01-31T03:37:11+00:00\",\"breadcrumb\":{\"@id\":\"https:\\\/\\\/questheroes.es\\\/marine-time-563\\\/#breadcrumb\"},\"inLanguage\":\"es\",\"potentialAction\":[{\"@type\":\"ReadAction\",\"target\":[\"https:\\\/\\\/questheroes.es\\\/marine-time-563\\\/\"]}]},{\"@type\":\"ImageObject\",\"inLanguage\":\"es\",\"@id\":\"https:\\\/\\\/questheroes.es\\\/marine-time-563\\\/#primaryimage\",\"url\":\"https:\\\/\\\/questheroes.es\\\/wp-content\\\/uploads\\\/2023\\\/07\\\/DJI_0660-890x664.jpg\",\"contentUrl\":\"https:\\\/\\\/questheroes.es\\\/wp-content\\\/uploads\\\/2023\\\/07\\\/DJI_0660-890x664.jpg\"},{\"@type\":\"BreadcrumbList\",\"@id\":\"https:\\\/\\\/questheroes.es\\\/marine-time-563\\\/#breadcrumb\",\"itemListElement\":[{\"@type\":\"ListItem\",\"position\":1,\"name\":\"Home\",\"item\":\"https:\\\/\\\/questheroes.es\\\/\"},{\"@type\":\"ListItem\",\"position\":2,\"name\":\"Marine Time 563\"}]},{\"@type\":\"WebSite\",\"@id\":\"https:\\\/\\\/questheroes.es\\\/#website\",\"url\":\"https:\\\/\\\/questheroes.es\\\/\",\"name\":\"Quest Heroes Boat Rental Mallorca\",\"description\":\"Rent a Boat In Mallorca\",\"potentialAction\":[{\"@type\":\"SearchAction\",\"target\":{\"@type\":\"EntryPoint\",\"urlTemplate\":\"https:\\\/\\\/questheroes.es\\\/?s={search_term_string}\"},\"query-input\":{\"@type\":\"PropertyValueSpecification\",\"valueRequired\":true,\"valueName\":\"search_term_string\"}}],\"inLanguage\":\"es\"}]}<\/script>\n<!-- \/ Yoast SEO plugin. -->","yoast_head_json":{"title":"Marine Time 563 - Quest Heroes Alquiler de barcos Mallorca","robots":{"index":"index","follow":"follow","max-snippet":"max-snippet:-1","max-image-preview":"max-image-preview:large","max-video-preview":"max-video-preview:-1"},"canonical":"https:\/\/questheroes.es\/es\/tiempo-marino-563\/","og_locale":"es_ES","og_type":"article","og_title":"Marine Time 563 - Quest Heroes Boat Rental Mallorca","og_description":"Marine Time 563 Marine Time 563 Marine Time 563 Marine Time 563 Marine Time 563&hellip;","og_url":"https:\/\/questheroes.es\/es\/tiempo-marino-563\/","og_site_name":"Quest Heroes Boat Rental Mallorca","article_modified_time":"2026-01-31T03:37:11+00:00","og_image":[{"url":"https:\/\/questheroes.es\/wp-content\/uploads\/2023\/07\/DJI_0660-890x664.jpg","type":"","width":"","height":""}],"twitter_card":"summary_large_image","twitter_misc":{"Tiempo de lectura":"1 minuto"},"schema":{"@context":"https:\/\/schema.org","@graph":[{"@type":"WebPage","@id":"https:\/\/questheroes.es\/marine-time-563\/","url":"https:\/\/questheroes.es\/marine-time-563\/","name":"Marine Time 563 - Quest Heroes Alquiler de barcos Mallorca","isPartOf":{"@id":"https:\/\/questheroes.es\/#website"},"primaryImageOfPage":{"@id":"https:\/\/questheroes.es\/marine-time-563\/#primaryimage"},"image":{"@id":"https:\/\/questheroes.es\/marine-time-563\/#primaryimage"},"thumbnailUrl":"https:\/\/questheroes.es\/wp-content\/uploads\/2023\/07\/DJI_0660-890x664.jpg","datePublished":"2023-07-09T15:00:06+00:00","dateModified":"2026-01-31T03:37:11+00:00","breadcrumb":{"@id":"https:\/\/questheroes.es\/marine-time-563\/#breadcrumb"},"inLanguage":"es","potentialAction":[{"@type":"ReadAction","target":["https:\/\/questheroes.es\/marine-time-563\/"]}]},{"@type":"ImageObject","inLanguage":"es","@id":"https:\/\/questheroes.es\/marine-time-563\/#primaryimage","url":"https:\/\/questheroes.es\/wp-content\/uploads\/2023\/07\/DJI_0660-890x664.jpg","contentUrl":"https:\/\/questheroes.es\/wp-content\/uploads\/2023\/07\/DJI_0660-890x664.jpg"},{"@type":"BreadcrumbList","@id":"https:\/\/questheroes.es\/marine-time-563\/#breadcrumb","itemListElement":[{"@type":"ListItem","position":1,"name":"Home","item":"https:\/\/questheroes.es\/"},{"@type":"ListItem","position":2,"name":"Marine Time 563"}]},{"@type":"WebSite","@id":"https:\/\/questheroes.es\/#website","url":"https:\/\/questheroes.es\/","name":"Quest Heroes Alquiler de barcos Mallorca","description":"Alquilar un barco en Mallorca","potentialAction":[{"@type":"SearchAction","target":{"@type":"EntryPoint","urlTemplate":"https:\/\/questheroes.es\/?s={search_term_string}"},"query-input":{"@type":"PropertyValueSpecification","valueRequired":true,"valueName":"search_term_string"}}],"inLanguage":"es"}]}},"_links":{"self":[{"href":"https:\/\/questheroes.es\/es\/wp-json\/wp\/v2\/pages\/20294","targetHints":{"allow":["GET"]}}],"collection":[{"href":"https:\/\/questheroes.es\/es\/wp-json\/wp\/v2\/pages"}],"about":[{"href":"https:\/\/questheroes.es\/es\/wp-json\/wp\/v2\/types\/page"}],"author":[{"embeddable":true,"href":"https:\/\/questheroes.es\/es\/wp-json\/wp\/v2\/users\/4309"}],"replies":[{"embeddable":true,"href":"https:\/\/questheroes.es\/es\/wp-json\/wp\/v2\/comments?post=20294"}],"version-history":[{"count":21,"href":"https:\/\/questheroes.es\/es\/wp-json\/wp\/v2\/pages\/20294\/revisions"}],"predecessor-version":[{"id":22330,"href":"https:\/\/questheroes.es\/es\/wp-json\/wp\/v2\/pages\/20294\/revisions\/22330"}],"wp:attachment":[{"href":"https:\/\/questheroes.es\/es\/wp-json\/wp\/v2\/media?parent=20294"}],"curies":[{"name":"wp","href":"https:\/\/api.w.org\/{rel}","templated":true}]}}