{"id":20288,"date":"2023-07-05T21:22:50","date_gmt":"2023-07-05T19:22:50","guid":{"rendered":"https:\/\/questheroes.es\/?page_id=20288"},"modified":"2026-01-31T04:36:34","modified_gmt":"2026-01-31T03:36:34","slug":"tiempo-marino-562","status":"publish","type":"page","link":"https:\/\/questheroes.es\/es\/marine-time-562\/","title":{"rendered":"Tiempo marino 562"},"content":{"rendered":"<div data-elementor-type=\"wp-page\" data-elementor-id=\"20288\" class=\"elementor elementor-20288\">\n\t\t\t\t\t\t<section class=\"elementor-section elementor-top-section elementor-element elementor-element-4cf4068 elementor-section-boxed elementor-section-height-default elementor-section-height-default sc_fly_static\" data-id=\"4cf4068\" data-element_type=\"section\" data-e-type=\"section\">\n\t\t\t\t\t\t<div class=\"elementor-container elementor-column-gap-extended\">\n\t\t\t\t\t<div class=\"elementor-column elementor-col-50 elementor-top-column elementor-element elementor-element-d6690f2 sc_content_align_inherit sc_layouts_column_icons_position_left sc_fly_static\" data-id=\"d6690f2\" data-element_type=\"column\" data-e-type=\"column\">\n\t\t\t<div class=\"elementor-widget-wrap elementor-element-populated\">\n\t\t\t\t\t\t<div class=\"elementor-element elementor-element-e9a736e sc_fly_static elementor-widget elementor-widget-trx_sc_title\" data-id=\"e9a736e\" data-element_type=\"widget\" data-e-type=\"widget\" data-widget_type=\"trx_sc_title.default\">\n\t\t\t\t<div class=\"elementor-widget-container\">\n\t\t\t\t\t<div\t\tclass=\"sc_title sc_title_default\" ><h1 class=\"sc_item_title sc_title_title sc_item_title_style_default sc_item_title_tag\"\n\t\t\t><span class=\"sc_item_title_text\">Tiempo marino 562<\/span><\/h1><\/div>\t\t\t\t<\/div>\n\t\t\t\t<\/div>\n\t\t\t\t<div class=\"elementor-element elementor-element-0c0f516 gallery-spacing-custom elementor-widget elementor-widget-image-gallery\" data-id=\"0c0f516\" data-element_type=\"widget\" data-e-type=\"widget\" data-widget_type=\"image-gallery.default\">\n\t\t\t\t\t\t\t<div class=\"elementor-image-gallery\">\n\t\t\t<div id='gallery-1' class='gallery galleryid-20288 gallery-columns-2 gallery-size-catamaran-thumb-square'><figure class='gallery-item'>\n\t\t\t<div class='gallery-icon landscape'>\n\t\t\t\t<a data-elementor-open-lightbox=\"yes\" data-elementor-lightbox-slideshow=\"0c0f516\" data-elementor-lightbox-title=\"default\" data-e-action-hash=\"#elementor-action%3Aaction%3Dlightbox%26settings%3DeyJpZCI6MjAzMjIsInVybCI6Imh0dHBzOlwvXC9xdWVzdGhlcm9lcy5lc1wvd3AtY29udGVudFwvdXBsb2Fkc1wvMjAyM1wvMDdcL0RKSV8wNjcyLXNjYWxlZC1lMTY5MjM5NTQ1MDEzOC5qcGciLCJzbGlkZXNob3ciOiIwYzBmNTE2In0%3D\" title=\"por defecto\" href='https:\/\/questheroes.es\/wp-content\/uploads\/2023\/07\/DJI_0672-scaled-e1692395450138.jpg'><img fetchpriority=\"high\" decoding=\"async\" width=\"890\" height=\"664\" src=\"https:\/\/questheroes.es\/wp-content\/uploads\/2023\/07\/DJI_0672-scaled-e1692395450138-890x664.jpg\" class=\"attachment-catamaran-thumb-square size-catamaran-thumb-square\" alt=\"\" aria-describedby=\"gallery-1-20322\" \/><\/a>\n\t\t\t<\/div>\n\t\t\t\t<figcaption class='wp-caption-text gallery-caption' id='gallery-1-20322'>\n\t\t\t\ttiempo marino 562\n\t\t\t\t<\/figcaption><\/figure><figure class='gallery-item'>\n\t\t\t<div class='gallery-icon landscape'>\n\t\t\t\t<a data-elementor-open-lightbox=\"yes\" data-elementor-lightbox-slideshow=\"0c0f516\" data-elementor-lightbox-title=\"MG_6495-scaled\" data-e-action-hash=\"#elementor-action%3Aaction%3Dlightbox%26settings%3DeyJpZCI6MjEyNDcsInVybCI6Imh0dHBzOlwvXC9xdWVzdGhlcm9lcy5lc1wvd3AtY29udGVudFwvdXBsb2Fkc1wvMjAyNFwvMDRcL01HXzY0OTUtc2NhbGVkLTEuanBnIiwic2xpZGVzaG93IjoiMGMwZjUxNiJ9\" href='https:\/\/questheroes.es\/wp-content\/uploads\/2024\/04\/MG_6495-scaled-1.jpg'><img decoding=\"async\" width=\"890\" height=\"664\" src=\"https:\/\/questheroes.es\/wp-content\/uploads\/2024\/04\/MG_6495-scaled-1-890x664.jpg\" class=\"attachment-catamaran-thumb-square size-catamaran-thumb-square\" alt=\"\" aria-describedby=\"gallery-1-21247\" \/><\/a>\n\t\t\t<\/div>\n\t\t\t\t<figcaption class='wp-caption-text gallery-caption' id='gallery-1-21247'>\n\t\t\t\ttiempo marino 562\n\t\t\t\t<\/figcaption><\/figure><figure class='gallery-item'>\n\t\t\t<div class='gallery-icon portrait'>\n\t\t\t\t<a data-elementor-open-lightbox=\"yes\" data-elementor-lightbox-slideshow=\"0c0f516\" data-elementor-lightbox-title=\"MG_6489-scaled\" data-e-action-hash=\"#elementor-action%3Aaction%3Dlightbox%26settings%3DeyJpZCI6MjEyNDUsInVybCI6Imh0dHBzOlwvXC9xdWVzdGhlcm9lcy5lc1wvd3AtY29udGVudFwvdXBsb2Fkc1wvMjAyNFwvMDRcL01HXzY0ODktc2NhbGVkLTEuanBnIiwic2xpZGVzaG93IjoiMGMwZjUxNiJ9\" href='https:\/\/questheroes.es\/wp-content\/uploads\/2024\/04\/MG_6489-scaled-1.jpg'><img decoding=\"async\" width=\"890\" height=\"664\" src=\"https:\/\/questheroes.es\/wp-content\/uploads\/2024\/04\/MG_6489-scaled-1-890x664.jpg\" class=\"attachment-catamaran-thumb-square size-catamaran-thumb-square\" alt=\"\" aria-describedby=\"gallery-1-21245\" \/><\/a>\n\t\t\t<\/div>\n\t\t\t\t<figcaption class='wp-caption-text gallery-caption' id='gallery-1-21245'>\n\t\t\t\ttiempo marino 562\n\t\t\t\t<\/figcaption><\/figure><figure class='gallery-item'>\n\t\t\t<div class='gallery-icon landscape'>\n\t\t\t\t<a data-elementor-open-lightbox=\"yes\" data-elementor-lightbox-slideshow=\"0c0f516\" data-elementor-lightbox-title=\"MG_6492-scaled\" data-e-action-hash=\"#elementor-action%3Aaction%3Dlightbox%26settings%3DeyJpZCI6MjEyNDYsInVybCI6Imh0dHBzOlwvXC9xdWVzdGhlcm9lcy5lc1wvd3AtY29udGVudFwvdXBsb2Fkc1wvMjAyNFwvMDRcL01HXzY0OTItc2NhbGVkLTEuanBnIiwic2xpZGVzaG93IjoiMGMwZjUxNiJ9\" href='https:\/\/questheroes.es\/wp-content\/uploads\/2024\/04\/MG_6492-scaled-1.jpg'><img loading=\"lazy\" decoding=\"async\" width=\"890\" height=\"664\" src=\"https:\/\/questheroes.es\/wp-content\/uploads\/2024\/04\/MG_6492-scaled-1-890x664.jpg\" class=\"attachment-catamaran-thumb-square size-catamaran-thumb-square\" alt=\"\" aria-describedby=\"gallery-1-21246\" \/><\/a>\n\t\t\t<\/div>\n\t\t\t\t<figcaption class='wp-caption-text gallery-caption' id='gallery-1-21246'>\n\t\t\t\ttiempo marino 562\n\t\t\t\t<\/figcaption><\/figure>\n\t\t<\/div>\n\t\t<\/div>\n\t\t\t\t\t\t<\/div>\n\t\t\t\t<div class=\"elementor-element elementor-element-0cddcc6 gallery-spacing-custom elementor-widget elementor-widget-image-gallery\" data-id=\"0cddcc6\" data-element_type=\"widget\" data-e-type=\"widget\" data-widget_type=\"image-gallery.default\">\n\t\t\t\t\t\t\t<div class=\"elementor-image-gallery\">\n\t\t\t<div id='gallery-2' class='gallery galleryid-20288 gallery-columns-1 gallery-size-full'><figure class='gallery-item'>\n\t\t\t<div class='gallery-icon landscape'>\n\t\t\t\t<a data-elementor-open-lightbox=\"yes\" data-elementor-lightbox-slideshow=\"0cddcc6\" data-elementor-lightbox-title=\"_MG_6486\" data-e-action-hash=\"#elementor-action%3Aaction%3Dlightbox%26settings%3DeyJpZCI6MjAzMjgsInVybCI6Imh0dHBzOlwvXC9xdWVzdGhlcm9lcy5lc1wvd3AtY29udGVudFwvdXBsb2Fkc1wvMjAyM1wvMDdcL01HXzY0ODYtMS1zY2FsZWQuanBnIiwic2xpZGVzaG93IjoiMGNkZGNjNiJ9\" href='https:\/\/questheroes.es\/wp-content\/uploads\/2023\/07\/MG_6486-1-scaled.jpg'><img loading=\"lazy\" decoding=\"async\" width=\"2560\" height=\"1643\" src=\"https:\/\/questheroes.es\/wp-content\/uploads\/2023\/07\/MG_6486-1-scaled.jpg\" class=\"attachment-full size-full\" alt=\"\" aria-describedby=\"gallery-2-20328\" srcset=\"https:\/\/questheroes.es\/wp-content\/uploads\/2023\/07\/MG_6486-1-scaled.jpg 2560w, https:\/\/questheroes.es\/wp-content\/uploads\/2023\/07\/MG_6486-1-300x193.jpg 300w, https:\/\/questheroes.es\/wp-content\/uploads\/2023\/07\/MG_6486-1-1024x657.jpg 1024w, https:\/\/questheroes.es\/wp-content\/uploads\/2023\/07\/MG_6486-1-768x493.jpg 768w, https:\/\/questheroes.es\/wp-content\/uploads\/2023\/07\/MG_6486-1-1536x986.jpg 1536w, https:\/\/questheroes.es\/wp-content\/uploads\/2023\/07\/MG_6486-1-2048x1315.jpg 2048w, https:\/\/questheroes.es\/wp-content\/uploads\/2023\/07\/MG_6486-1-370x237.jpg 370w, https:\/\/questheroes.es\/wp-content\/uploads\/2023\/07\/MG_6486-1-840x539.jpg 840w, https:\/\/questheroes.es\/wp-content\/uploads\/2023\/07\/MG_6486-1-410x263.jpg 410w\" sizes=\"(max-width: 2560px) 100vw, 2560px\" \/><\/a>\n\t\t\t<\/div>\n\t\t\t\t<figcaption class='wp-caption-text gallery-caption' id='gallery-2-20328'>\n\t\t\t\ttiempo marino 562\n\t\t\t\t<\/figcaption><\/figure>\n\t\t<\/div>\n\t\t<\/div>\n\t\t\t\t\t\t<\/div>\n\t\t\t\t\t<\/div>\n\t\t<\/div>\n\t\t\t\t<div class=\"elementor-column elementor-col-50 elementor-top-column elementor-element elementor-element-ff3e72d sc_column_fixed sc_content_align_inherit sc_layouts_column_icons_position_left sc_fly_static\" data-id=\"ff3e72d\" data-element_type=\"column\" data-e-type=\"column\">\n\t\t\t<div class=\"elementor-widget-wrap elementor-element-populated\">\n\t\t\t\t\t\t<div class=\"elementor-element elementor-element-bf43d77 elementor-widget elementor-widget-spacer\" data-id=\"bf43d77\" data-element_type=\"widget\" data-e-type=\"widget\" data-widget_type=\"spacer.default\">\n\t\t\t\t\t\t\t<div class=\"elementor-spacer\">\n\t\t\t<div class=\"elementor-spacer-inner\"><\/div>\n\t\t<\/div>\n\t\t\t\t\t\t<\/div>\n\t\t\t\t<div class=\"elementor-element elementor-element-2bc3241 sc_fly_static elementor-widget elementor-widget-trx_sc_title\" data-id=\"2bc3241\" data-element_type=\"widget\" data-e-type=\"widget\" data-widget_type=\"trx_sc_title.default\">\n\t\t\t\t<div class=\"elementor-widget-container\">\n\t\t\t\t\t<div\t\tclass=\"sc_title sc_title_default\" ><span class=\"sc_item_subtitle sc_title_subtitle sc_item_subtitle_above sc_item_title_style_default\">licencia necesaria, 115HP, 6 pax, 5,65 metros<\/span><\/div>\t\t\t\t<\/div>\n\t\t\t\t<\/div>\n\t\t\t\t<div class=\"elementor-element elementor-element-1aa1d12 elementor-widget elementor-widget-text-editor\" data-id=\"1aa1d12\" data-element_type=\"widget\" data-e-type=\"widget\" data-widget_type=\"text-editor.default\">\n\t\t\t\t\t\t\t\t\t<div class=\"elementor-element elementor-element-fd757e9 elementor-widget elementor-widget-text-editor\" data-id=\"fd757e9\" data-element_type=\"widget\" data-widget_type=\"text-editor.default\"><div class=\"elementor-widget-container\"><div class=\"elementor-text-editor elementor-clearfix\"><div class=\"elementor-element elementor-element-ea01128 elementor-widget elementor-widget-text-editor\" data-id=\"ea01128\" data-element_type=\"widget\" data-widget_type=\"text-editor.default\"><div class=\"elementor-widget-container\"><div class=\"elementor-text-editor elementor-clearfix\"><div class=\"elementor-element elementor-element-07a0fc0 elementor-widget elementor-widget-text-editor\" data-id=\"07a0fc0\" data-element_type=\"widget\" data-widget_type=\"text-editor.default\"><div class=\"elementor-widget-container\"><div class=\"elementor-text-editor elementor-clearfix\"><p>Este an\u00a0<strong>excelente boa<\/strong>t para deportes acu\u00e1ticos y nataci\u00f3n recreativa. El barco es una combinaci\u00f3n de un gran solarium y cabina. Hasta 6 tripulantes y con motor de 115 HP se puede explorar las hermosas bah\u00edas alrededor de Alcudia y la bah\u00eda de Pollensa.<\/p><\/div><\/div><\/div><\/div><\/div><\/div><\/div><\/div><\/div><div class=\"elementor-element elementor-element-f048ea6 elementor-widget elementor-widget-spacer\" data-id=\"f048ea6\" data-element_type=\"widget\" data-widget_type=\"spacer.default\"><div class=\"elementor-widget-container\"><div class=\"elementor-spacer\">\u00a0<\/div><\/div><\/div><p>Alquile este barco en Alcudia - Mallorca.<\/p>\t\t\t\t\t\t\t\t<\/div>\n\t\t\t\t<div class=\"elementor-element elementor-element-0a26b76 elementor-widget elementor-widget-spacer\" data-id=\"0a26b76\" data-element_type=\"widget\" data-e-type=\"widget\" data-widget_type=\"spacer.default\">\n\t\t\t\t\t\t\t<div class=\"elementor-spacer\">\n\t\t\t<div class=\"elementor-spacer-inner\"><\/div>\n\t\t<\/div>\n\t\t\t\t\t\t<\/div>\n\t\t\t\t<div class=\"elementor-element elementor-element-26956e2 sc_fly_static elementor-widget elementor-widget-trx_sc_table\" data-id=\"26956e2\" data-element_type=\"widget\" data-e-type=\"widget\" data-widget_type=\"trx_sc_table.default\">\n\t\t\t\t<div class=\"elementor-widget-container\">\n\t\t\t\t\t<div class=\"sc_table_wrap\"><div\t\tclass=\"sc_table sc_table_default alignleft trx_addons_inline_962363370\" ><table cellspacing=\"0\" summary=\"text\">\n\t<tr>\n\t\t<td>4 horas<\/td>\n\t\t<td>346,36 EUR<\/td>\n\t<\/tr>\n\t<tr>\n\t\t<td>8 horas<\/td>\n\t\t<td>388,35 EUR<\/td>\n\t<\/tr>\n\t<tr>\n\t\t<td>Dep\u00f3sito<\/td>\n\t\t<td>1000 EUR<\/td>\n\t<\/tr>\n\n\t<tr>\n\t\t<td>Combustible<\/td>\n\t\t<td>no incluido<\/td>\n\t<\/tr>\n<\/table><\/div><\/div>\t\t\t\t<\/div>\n\t\t\t\t<\/div>\n\t\t\t\t<div class=\"elementor-element elementor-element-cd7cd71 elementor-widget elementor-widget-spacer\" data-id=\"cd7cd71\" data-element_type=\"widget\" data-e-type=\"widget\" data-widget_type=\"spacer.default\">\n\t\t\t\t\t\t\t<div class=\"elementor-spacer\">\n\t\t\t<div class=\"elementor-spacer-inner\"><\/div>\n\t\t<\/div>\n\t\t\t\t\t\t<\/div>\n\t\t\t\t<div class=\"elementor-element elementor-element-e09a3c2 sc_fly_static elementor-widget elementor-widget-trx_sc_button\" data-id=\"e09a3c2\" data-element_type=\"widget\" data-e-type=\"widget\" data-widget_type=\"trx_sc_button.default\">\n\t\t\t\t<div class=\"elementor-widget-container\">\n\t\t\t\t\t<div\tclass=\"sc_item_button sc_button_wrap sc_align_left\" ><a href=\"https:\/\/fareharbor.com\/embeds\/book\/questheroesboatrentalmallorca\/items\/692881\/?full-items=yes&#038;flow=1539119\" class=\"sc_button sc_button_default sc_button_size_normal sc_button_icon_left color_style_link2\" ><span class=\"sc_button_text\"><span class=\"sc_button_title\">Reservar este barco<\/span><\/span><\/a><\/div>\t\t\t\t<\/div>\n\t\t\t\t<\/div>\n\t\t\t\t\t<\/div>\n\t\t<\/div>\n\t\t\t\t\t<\/div>\n\t\t<\/section>\n\t\t\t\t<\/div>","protected":false},"excerpt":{"rendered":"<p>Marine Time 562 marine time 562 marine time 562 marine time 562 marine time 562&hellip;<\/p>","protected":false},"author":4309,"featured_media":0,"parent":0,"menu_order":0,"comment_status":"closed","ping_status":"closed","template":"","meta":{"_joinchat":[],"footnotes":""},"class_list":["post-20288","page","type-page","status-publish","hentry"],"yoast_head":"<!-- This site is optimized with the Yoast SEO plugin v27.3 - https:\/\/yoast.com\/product\/yoast-seo-wordpress\/ -->\n<title>Marine Time 562 - Quest Heroes Boat Rental Mallorca<\/title>\n<meta name=\"robots\" content=\"index, follow, max-snippet:-1, max-image-preview:large, max-video-preview:-1\" \/>\n<link rel=\"canonical\" href=\"https:\/\/questheroes.es\/es\/tiempo-marino-562\/\" \/>\n<meta property=\"og:locale\" content=\"es_ES\" \/>\n<meta property=\"og:type\" content=\"article\" \/>\n<meta property=\"og:title\" content=\"Marine Time 562 - Quest Heroes Boat Rental Mallorca\" \/>\n<meta property=\"og:description\" content=\"Marine Time 562 marine time 562 marine time 562 marine time 562 marine time 562&hellip;\" \/>\n<meta property=\"og:url\" content=\"https:\/\/questheroes.es\/es\/tiempo-marino-562\/\" \/>\n<meta property=\"og:site_name\" content=\"Quest Heroes Boat Rental Mallorca\" \/>\n<meta property=\"article:modified_time\" content=\"2026-01-31T03:36:34+00:00\" \/>\n<meta property=\"og:image\" content=\"https:\/\/questheroes.es\/wp-content\/uploads\/2023\/07\/DJI_0672-scaled-e1692395450138-890x664.jpg\" \/>\n<meta name=\"twitter:card\" content=\"summary_large_image\" \/>\n<meta name=\"twitter:label1\" content=\"Tiempo de lectura\" \/>\n\t<meta name=\"twitter:data1\" content=\"1 minuto\" \/>\n<script type=\"application\/ld+json\" class=\"yoast-schema-graph\">{\"@context\":\"https:\\\/\\\/schema.org\",\"@graph\":[{\"@type\":\"WebPage\",\"@id\":\"https:\\\/\\\/questheroes.es\\\/marine-time-562\\\/\",\"url\":\"https:\\\/\\\/questheroes.es\\\/marine-time-562\\\/\",\"name\":\"Marine Time 562 - Quest Heroes Boat Rental Mallorca\",\"isPartOf\":{\"@id\":\"https:\\\/\\\/questheroes.es\\\/#website\"},\"primaryImageOfPage\":{\"@id\":\"https:\\\/\\\/questheroes.es\\\/marine-time-562\\\/#primaryimage\"},\"image\":{\"@id\":\"https:\\\/\\\/questheroes.es\\\/marine-time-562\\\/#primaryimage\"},\"thumbnailUrl\":\"https:\\\/\\\/questheroes.es\\\/wp-content\\\/uploads\\\/2023\\\/07\\\/DJI_0672-scaled-e1692395450138-890x664.jpg\",\"datePublished\":\"2023-07-05T19:22:50+00:00\",\"dateModified\":\"2026-01-31T03:36:34+00:00\",\"breadcrumb\":{\"@id\":\"https:\\\/\\\/questheroes.es\\\/marine-time-562\\\/#breadcrumb\"},\"inLanguage\":\"es\",\"potentialAction\":[{\"@type\":\"ReadAction\",\"target\":[\"https:\\\/\\\/questheroes.es\\\/marine-time-562\\\/\"]}]},{\"@type\":\"ImageObject\",\"inLanguage\":\"es\",\"@id\":\"https:\\\/\\\/questheroes.es\\\/marine-time-562\\\/#primaryimage\",\"url\":\"https:\\\/\\\/questheroes.es\\\/wp-content\\\/uploads\\\/2023\\\/07\\\/DJI_0672-scaled-e1692395450138-890x664.jpg\",\"contentUrl\":\"https:\\\/\\\/questheroes.es\\\/wp-content\\\/uploads\\\/2023\\\/07\\\/DJI_0672-scaled-e1692395450138-890x664.jpg\"},{\"@type\":\"BreadcrumbList\",\"@id\":\"https:\\\/\\\/questheroes.es\\\/marine-time-562\\\/#breadcrumb\",\"itemListElement\":[{\"@type\":\"ListItem\",\"position\":1,\"name\":\"Home\",\"item\":\"https:\\\/\\\/questheroes.es\\\/\"},{\"@type\":\"ListItem\",\"position\":2,\"name\":\"Marine Time 562\"}]},{\"@type\":\"WebSite\",\"@id\":\"https:\\\/\\\/questheroes.es\\\/#website\",\"url\":\"https:\\\/\\\/questheroes.es\\\/\",\"name\":\"Quest Heroes Boat Rental Mallorca\",\"description\":\"Rent a Boat In Mallorca\",\"potentialAction\":[{\"@type\":\"SearchAction\",\"target\":{\"@type\":\"EntryPoint\",\"urlTemplate\":\"https:\\\/\\\/questheroes.es\\\/?s={search_term_string}\"},\"query-input\":{\"@type\":\"PropertyValueSpecification\",\"valueRequired\":true,\"valueName\":\"search_term_string\"}}],\"inLanguage\":\"es\"}]}<\/script>\n<!-- \/ Yoast SEO plugin. -->","yoast_head_json":{"title":"Marine Time 562 - Quest Heroes Alquiler de barcos Mallorca","robots":{"index":"index","follow":"follow","max-snippet":"max-snippet:-1","max-image-preview":"max-image-preview:large","max-video-preview":"max-video-preview:-1"},"canonical":"https:\/\/questheroes.es\/es\/tiempo-marino-562\/","og_locale":"es_ES","og_type":"article","og_title":"Marine Time 562 - Quest Heroes Boat Rental Mallorca","og_description":"Marine Time 562 marine time 562 marine time 562 marine time 562 marine time 562&hellip;","og_url":"https:\/\/questheroes.es\/es\/tiempo-marino-562\/","og_site_name":"Quest Heroes Boat Rental Mallorca","article_modified_time":"2026-01-31T03:36:34+00:00","og_image":[{"url":"https:\/\/questheroes.es\/wp-content\/uploads\/2023\/07\/DJI_0672-scaled-e1692395450138-890x664.jpg","type":"","width":"","height":""}],"twitter_card":"summary_large_image","twitter_misc":{"Tiempo de lectura":"1 minuto"},"schema":{"@context":"https:\/\/schema.org","@graph":[{"@type":"WebPage","@id":"https:\/\/questheroes.es\/marine-time-562\/","url":"https:\/\/questheroes.es\/marine-time-562\/","name":"Marine Time 562 - Quest Heroes Alquiler de barcos Mallorca","isPartOf":{"@id":"https:\/\/questheroes.es\/#website"},"primaryImageOfPage":{"@id":"https:\/\/questheroes.es\/marine-time-562\/#primaryimage"},"image":{"@id":"https:\/\/questheroes.es\/marine-time-562\/#primaryimage"},"thumbnailUrl":"https:\/\/questheroes.es\/wp-content\/uploads\/2023\/07\/DJI_0672-scaled-e1692395450138-890x664.jpg","datePublished":"2023-07-05T19:22:50+00:00","dateModified":"2026-01-31T03:36:34+00:00","breadcrumb":{"@id":"https:\/\/questheroes.es\/marine-time-562\/#breadcrumb"},"inLanguage":"es","potentialAction":[{"@type":"ReadAction","target":["https:\/\/questheroes.es\/marine-time-562\/"]}]},{"@type":"ImageObject","inLanguage":"es","@id":"https:\/\/questheroes.es\/marine-time-562\/#primaryimage","url":"https:\/\/questheroes.es\/wp-content\/uploads\/2023\/07\/DJI_0672-scaled-e1692395450138-890x664.jpg","contentUrl":"https:\/\/questheroes.es\/wp-content\/uploads\/2023\/07\/DJI_0672-scaled-e1692395450138-890x664.jpg"},{"@type":"BreadcrumbList","@id":"https:\/\/questheroes.es\/marine-time-562\/#breadcrumb","itemListElement":[{"@type":"ListItem","position":1,"name":"Home","item":"https:\/\/questheroes.es\/"},{"@type":"ListItem","position":2,"name":"Marine Time 562"}]},{"@type":"WebSite","@id":"https:\/\/questheroes.es\/#website","url":"https:\/\/questheroes.es\/","name":"Quest Heroes Alquiler de barcos Mallorca","description":"Alquilar un barco en Mallorca","potentialAction":[{"@type":"SearchAction","target":{"@type":"EntryPoint","urlTemplate":"https:\/\/questheroes.es\/?s={search_term_string}"},"query-input":{"@type":"PropertyValueSpecification","valueRequired":true,"valueName":"search_term_string"}}],"inLanguage":"es"}]}},"_links":{"self":[{"href":"https:\/\/questheroes.es\/es\/wp-json\/wp\/v2\/pages\/20288","targetHints":{"allow":["GET"]}}],"collection":[{"href":"https:\/\/questheroes.es\/es\/wp-json\/wp\/v2\/pages"}],"about":[{"href":"https:\/\/questheroes.es\/es\/wp-json\/wp\/v2\/types\/page"}],"author":[{"embeddable":true,"href":"https:\/\/questheroes.es\/es\/wp-json\/wp\/v2\/users\/4309"}],"replies":[{"embeddable":true,"href":"https:\/\/questheroes.es\/es\/wp-json\/wp\/v2\/comments?post=20288"}],"version-history":[{"count":21,"href":"https:\/\/questheroes.es\/es\/wp-json\/wp\/v2\/pages\/20288\/revisions"}],"predecessor-version":[{"id":22327,"href":"https:\/\/questheroes.es\/es\/wp-json\/wp\/v2\/pages\/20288\/revisions\/22327"}],"wp:attachment":[{"href":"https:\/\/questheroes.es\/es\/wp-json\/wp\/v2\/media?parent=20288"}],"curies":[{"name":"wp","href":"https:\/\/api.w.org\/{rel}","templated":true}]}}