{"id":18116,"date":"2021-10-15T11:07:12","date_gmt":"2021-10-15T11:07:12","guid":{"rendered":"https:\/\/questheroes.es\/?page_id=18116"},"modified":"2023-07-02T13:30:29","modified_gmt":"2023-07-02T11:30:29","slug":"politica-de-privacidad-2","status":"publish","type":"page","link":"https:\/\/questheroes.es\/es\/privacy-policy-2\/","title":{"rendered":"Pol\u00edtica de privacidad"},"content":{"rendered":"<div data-elementor-type=\"wp-page\" data-elementor-id=\"18116\" class=\"elementor elementor-18116\">\n\t\t\t\t\t\t<section class=\"elementor-section elementor-top-section elementor-element elementor-element-c24f627 elementor-section-boxed elementor-section-height-default elementor-section-height-default sc_fly_static\" data-id=\"c24f627\" data-element_type=\"section\" data-e-type=\"section\">\n\t\t\t\t\t\t<div class=\"elementor-container elementor-column-gap-extended\">\n\t\t\t\t\t<div class=\"elementor-column elementor-col-100 elementor-top-column elementor-element elementor-element-0b569d5 sc_content_align_inherit sc_layouts_column_icons_position_left sc_fly_static\" data-id=\"0b569d5\" data-element_type=\"column\" data-e-type=\"column\">\n\t\t\t<div class=\"elementor-widget-wrap elementor-element-populated\">\n\t\t\t\t\t\t<div class=\"elementor-element elementor-element-472dc1e elementor-widget elementor-widget-text-editor\" data-id=\"472dc1e\" data-element_type=\"widget\" data-e-type=\"widget\" data-widget_type=\"text-editor.default\">\n\t\t\t\t\t\t\t\t\t<p>Le informamos que los datos personales de nuestros Clientes son tratados de conformidad con los principios de transparencia, limitaci\u00f3n de la finalidad, minimizaci\u00f3n de datos, exactitud, integridad y confidencialidad, y en cumplimiento de las dem\u00e1s obligaciones y garant\u00edas establecidas por el Reglamento (UE) 2016\/679 del Parlamento Europeo y del Consejo, de 27 de abril de 2016, relativo a la protecci\u00f3n de las personas f\u00edsicas en lo que respecta al tratamiento de datos personales y a la libre circulaci\u00f3n de estos datos.<\/p><p>Para cumplir con el Reglamento, hemos actualizado nuestra Pol\u00edtica de Privacidad:<\/p><ol><li><b>Controlador de datos:<\/b>\u00a0Quest Heroes S.L., NIF B57957466, direcci\u00f3n: C\/ Ginebro 417 A 1\u00ba, 07458 Playa de Muro, Tel\u00e9fono:\u00a0<a href=\"about:blank\">+34 63 636 0349<\/a>correo electr\u00f3nico:\u00a0<a href=\"mailto:info@questheroes.es\">info@questheroes.es<\/a><\/li><li><b>Finalidad del tratamiento:<\/b>\u00a0tratamos sus datos para prestarle los servicios que solicita, enviarle mensajes sobre productos adquiridos o similares y realizar la facturaci\u00f3n.<\/li><li><b>Origen y categor\u00eda de los datos tratados:<\/b>\u00a0los datos personales que tratamos son los datos de identificaci\u00f3n que usted nos facilita a trav\u00e9s del formulario de registro de nuestro Sitio Web.<\/li><li><b>Tiempo de almacenamiento:<\/b>\u00a0los datos proporcionados se conservar\u00e1n mientras dure la relaci\u00f3n contractual o durante el n\u00famero de a\u00f1os necesario para cumplir nuestras obligaciones legales.<\/li><li><b>Legitimidad:<\/b>\u00a0s\u00f3lo tratamos sus datos si contamos con su consentimiento expreso e informado, y siempre de acuerdo con las finalidades descritas.<\/li><li><b>Beneficiarios:<\/b>\u00a0los datos que nos facilite no ser\u00e1n transferidos a terceros, salvo en los casos en que exista una obligaci\u00f3n legal de hacerlo.<br \/>No obstante, para llevar a cabo determinadas funciones necesarias para la prestaci\u00f3n del servicio, sus datos podr\u00e1n ser tratados por terceros que act\u00faen como encargados del tratamiento y est\u00e9n obligados contractualmente a cumplir sus obligaciones legales de confidencialidad y secreto de la informaci\u00f3n.\u00a0<\/li><li><b>Transferencias internacionales:<\/b>\u00a0se le informa de que la Empresa contrata la gesti\u00f3n de algunas funciones necesarias para la prestaci\u00f3n del servicio con encargados del tratamiento situados fuera de la UE y que garantizan un nivel adecuado de protecci\u00f3n de los datos personales.<\/li><li><b>Derechos:<\/b>\u00a0usted tiene los siguientes derechos sobre sus datos personales:<br \/>- Derecho a solicitar el acceso a los datos personales.<br \/>- Derecho a solicitar la rectificaci\u00f3n o supresi\u00f3n.<br \/>- Derecho a solicitar la limitaci\u00f3n del tratamiento o a oponerse al mismo.<br \/>- Derecho a la portabilidad de los datos.\u00a0<\/li><\/ol><p>Para ejercer sus derechos, puede notific\u00e1rnoslo por correo electr\u00f3nico a\u00a0<a href=\"mailto:info@questheroes.es\">info@questheroes.es<\/a>especificando el derecho que desea ejercer.<\/p><p>Asimismo, le informamos que puede presentar una reclamaci\u00f3n de tutela de derechos ante la Agencia Espa\u00f1ola de Protecci\u00f3n de Datos, cuya direcci\u00f3n es Calle de Jorge Juan, 6, 28001 Madrid.<\/p><p><a href=\"https:\/\/www.nautal.com\/#privacy-more\">M\u00e1s informaci\u00f3n<\/a>\u00a0<\/p><h4><b><i>Introducci\u00f3n<\/i><\/b><\/h4><p>Le informamos que los datos personales de nuestros Clientes son tratados de conformidad con los principios de transparencia, limitaci\u00f3n de la finalidad, minimizaci\u00f3n de datos, exactitud, integridad y confidencialidad, y en cumplimiento de las dem\u00e1s obligaciones y garant\u00edas establecidas por el Reglamento (UE) 2016\/679 del Parlamento Europeo y del Consejo, de 27 de abril de 2016, relativo a la protecci\u00f3n de las personas f\u00edsicas en lo que respecta al tratamiento de datos personales y a la libre circulaci\u00f3n de estos datos.<\/p><p>Con el fin de cumplir con el citado Reglamento, hemos actualizado nuestra Pol\u00edtica de Privacidad, que se muestra a continuaci\u00f3n:<\/p><p>\u00a0<\/p><ul><li><b>\u00bfQui\u00e9n es el responsable del tratamiento de sus datos?<\/b><\/li><\/ul><ul><li>\u00bfCon qu\u00e9 finalidad tratamos sus datos y bajo qu\u00e9 legitimaci\u00f3n?<\/li><\/ul><ul><li>\u00bfQu\u00e9 categor\u00edas de datos tratamos y de d\u00f3nde los obtenemos?<\/li><\/ul><ul><li>\u00bfQui\u00e9nes son los destinatarios de sus datos y c\u00f3mo los almacenamos?<\/li><\/ul><ul><li>\u00bfCu\u00e1nto tiempo conservamos sus datos?<\/li><\/ul><ul><li>\u00bfCu\u00e1les son sus derechos y c\u00f3mo puede ejercerlos?<\/li><\/ul><ul><li>Cambios en la pol\u00edtica de privacidad.<\/li><\/ul><p>\u00a0<\/p><p><br \/><br \/><\/p><h6><b>1. \u00bfQUI\u00c9N ES EL RESPONSABLE DEL TRATAMIENTO DE SUS DATOS?\u00a0<\/b><\/h6><p>El Responsable del Tratamiento es la empresa Quest Heroes S.L., NIF B57957466, direcci\u00f3n: C\/ Ginebro 417 A 1\u00ba, 07458 Playa de Muro, representada por Pawel Wiertel, en calidad de administrador. Tel\u00e9fono:\u00a0<a href=\"about:blank\">+34 636 36 03 49<\/a>,\u00a0<a href=\"mailto:info@questheroes.es\">info@questheroes.es<\/a>.<br \/>La empresa se dedica al alquiler de embarcaciones de recreo y ofrecemos nuestros servicios a trav\u00e9s de la marca Quest Heroes.<br \/>(en lo sucesivo, la \"Empresa\").\u00a0<\/p><h6><b>2. \u00bfCON QU\u00c9 FINALIDAD TRATAMOS SUS DATOS Y BAJO QU\u00c9 LEGITIMACI\u00d3N?<\/b><\/h6><p>Los datos que nos facilite a trav\u00e9s de la p\u00e1gina web o de la aplicaci\u00f3n pueden variar en funci\u00f3n de los servicios que solicite o de las acciones que nos autorice expresamente a realizar. Podemos tratar sus datos con las siguientes finalidades:<\/p><ol><li>Prestarle servicios de alquiler de embarcaciones de recreo, registrarle como Cliente y gestionar la relaci\u00f3n contractual que mantenemos con usted. La base legitimadora de esta finalidad es la relaci\u00f3n contractual entre usted, el Cliente, y nosotros, la Empresa, y su solicitud de registro.\u00a0<\/li><li>Enviarle por correo electr\u00f3nico mensajes relativos a los servicios contratados o similares. Si no desea recibir estos mensajes, puede, en cualquier momento, rechazar su recepci\u00f3n respondiendo al correo electr\u00f3nico que reciba o poni\u00e9ndose en contacto con nuestro servicio de atenci\u00f3n al cliente. La base legitimadora de esta finalidad es la relaci\u00f3n contractual entre usted, el Cliente, y nosotros, la Empresa, y el consentimiento que usted nos presta.\u00a0<\/li><li>Facturar por nuestro servicio. La base legitimadora de esta finalidad es la relaci\u00f3n contractual entre usted, el Cliente, y nosotros, la Empresa.\u00a0<\/li><\/ol><h6><b>3. \u00bfQU\u00c9 CATEGOR\u00cdAS DE DATOS TRATAMOS Y DE D\u00d3NDE LOS OBTENEMOS?<\/b><\/h6><p>Los datos personales que tratamos son los datos identificativos que usted nos facilita directamente, ya sea a trav\u00e9s del formulario de registro de nuestro Sitio Web o por otros medios, como consultas o reclamaciones realizadas a nuestro servicio de atenci\u00f3n al cliente.<\/p><p>Los datos personales que se tratan incluyen las siguientes categor\u00edas espec\u00edficas:<\/p><ul><li><b>Informaci\u00f3n de identificaci\u00f3n:<\/b>\u00a0nombre y apellidos, direcci\u00f3n, direcci\u00f3n de correo electr\u00f3nico, n\u00famero de tel\u00e9fono, n\u00famero e informaci\u00f3n del pasaporte o documento de identidad reconocido.<\/li><li><b>Informaci\u00f3n sobre el pago:<\/b>\u00a0datos de tarjetas de cr\u00e9dito\/d\u00e9bito u otra informaci\u00f3n de pago.<\/li><li><b>Ubicaci\u00f3n:<\/b>\u00a0si utiliza funciones basadas en la localizaci\u00f3n y tiene activados los servicios de localizaci\u00f3n en los ajustes de su ordenador o m\u00f3vil, su localizaci\u00f3n geogr\u00e1fica en tiempo real y su direcci\u00f3n IP, as\u00ed como las localizaciones de puntos de acceso Wi-Fi y antenas repetidoras de telefon\u00eda.<\/li><\/ul><p>La Empresa no se responsabiliza, en ning\u00fan caso, de la utilizaci\u00f3n de datos falsos, inexactos, incompletos o no actualizados proporcionados por el Cliente.<\/p><h6><b>4. \u00bfQUI\u00c9NES SON LOS DESTINATARIOS DE SUS DATOS Y C\u00d3MO LOS ALMACENAMOS?<\/b><\/h6><p><b>4.1. Destinatarios:<\/b>\u00a0los datos que nos proporcione no se ceder\u00e1n a terceros, salvo a las autoridades p\u00fablicas, los jueces, los tribunales o la polic\u00eda, si estamos legalmente obligados a ello.<\/p><p><b>4.2. Procesadores de datos:<\/b>\u00a0para llevar a cabo determinadas funciones necesarias para la prestaci\u00f3n de los servicios de la Empresa, sus datos podr\u00e1n ser tratados por terceros que act\u00faen como encargados del tratamiento y est\u00e9n obligados contractualmente a cumplir sus obligaciones legales de confidencialidad y secreto de la informaci\u00f3n.<\/p><p><b>4.3. Transferencias internacionales:<\/b>\u00a0Aunque los datos que recopilamos sobre usted suelen almacenarse en el Espacio Econ\u00f3mico Europeo (EEE), tambi\u00e9n pueden transferirse y tratarse en un pa\u00eds fuera del EEE utilizando el modelo de almacenamiento en la nube. Le informamos de que cualquier transferencia a un lugar fuera del EEE s\u00f3lo se realiza a empresas que pertenecen al Escudo de Privacidad UE-EE.UU., que garantiza un nivel adecuado de protecci\u00f3n de los datos personales. Encontrar\u00e1 m\u00e1s informaci\u00f3n en\u00a0<a href=\"https:\/\/www.privacyshield.gov\/welcome\">https:\/\/www.privacyshield.gov\/welcome.\u00a0<\/a><\/p><p><b>4.4. Categor\u00edas:<\/b>\u00a0Las categor\u00edas de destinatarios que pueden tratar sus datos para las finalidades indicadas y seg\u00fan la base legitimadora son las siguientes:<\/p><table><tbody><tr><td><p><b>RECEPTOR<\/b><\/p><\/td><td><p><b>TIPO DE DATOS<\/b><\/p><\/td><td><p><b>BASE LEGITIMADORA<\/b><\/p><\/td><\/tr><tr><td><p>Autoridades p\u00fablicas, jueces, tribunales, polic\u00eda<\/p><\/td><td><p>Informaci\u00f3n de identificaci\u00f3n<\/p><\/td><td><p>Cumplimiento de una obligaci\u00f3n legal<\/p><\/td><\/tr><tr><td><p>Servicios de alojamiento y almacenamiento en la nube<\/p><\/td><td><p>Informaci\u00f3n de identificaci\u00f3n<\/p><\/td><td><p>Gesti\u00f3n de la relaci\u00f3n contractual<\/p><\/td><\/tr><tr><td><p>Servicios postales, de distribuci\u00f3n y mensajer\u00eda<\/p><\/td><td><p>Informaci\u00f3n de identificaci\u00f3n<\/p><\/td><td><p>Gesti\u00f3n de la relaci\u00f3n contractual<\/p><\/td><\/tr><\/tbody><\/table><h6><b>5. \u00bfCU\u00c1NTO TIEMPO CONSERVAMOS SUS DATOS?<\/b><\/h6><p>Los datos facilitados se conservar\u00e1n mientras dure la relaci\u00f3n contractual con usted, el Cliente.<\/p><p>Cuando sus datos dejen de ser necesarios para la finalidad para la que se obtuvieron, se bloquear\u00e1n y s\u00f3lo se pondr\u00e1n a disposici\u00f3n de las autoridades p\u00fablicas competentes, jueces, tribunales, fiscales, etc., a petici\u00f3n de \u00e9stos, durante el n\u00famero de a\u00f1os necesario para cumplir con las obligaciones legales, tras lo cual se suprimir\u00e1n por completo.<\/p><h6><b>6. \u00bfCU\u00c1LES SON TUS DERECHOS Y C\u00d3MO PUEDES EJERCERLOS?<\/b><\/h6><p><b>6.1. Derechos.<\/b>\u00a0Nuestra normativa de protecci\u00f3n de datos le otorga una serie de derechos en relaci\u00f3n con el tratamiento de sus datos cuando contrata nuestros servicios. Pueden resumirse como sigue:<\/p><ol><li><b>Derecho de acceso:<\/b>\u00a0para saber qu\u00e9 datos suyos estamos tratando.<\/li><li><b>Derecho de rectificaci\u00f3n:<\/b>\u00a0solicitar la rectificaci\u00f3n de cualquiera de sus datos que sea inexacto o falso.<\/li><li><b>Derecho de supresi\u00f3n:<\/b>\u00a0solicitar la supresi\u00f3n de sus datos cuando el tratamiento ya no sea necesario.<\/li><li><b>Derecho de restricci\u00f3n:<\/b>\u00a0restringir el tratamiento futuro de sus datos.<\/li><li><b>Derecho de oposici\u00f3n:<\/b>\u00a0rechazar la recepci\u00f3n de comunicaciones comerciales.<\/li><li><b>Derecho de portabilidad:<\/b>\u00a0permitirle recibir sus datos personales en un formato de uso com\u00fan, estructurado y legible por m\u00e1quina, de modo que puedan transferirse, copiarse o transmitirse a otro responsable del tratamiento.<\/li><\/ol><p><b>6.2. Derecho de retirada del consentimiento.<\/b>\u00a0Puede retirar el consentimiento que nos ha proporcionado notific\u00e1ndonoslo por correo electr\u00f3nico a\u00a0<a href=\"mailto:info@questheroes.es\">info@questheroes.es<\/a>\u00a0o por correo postal a Apartado de Correos 6, 07400 Alcudia, Espa\u00f1a.<\/p><p><b>6.3. Derecho a no ser objeto de una decisi\u00f3n basada \u00fanicamente en el tratamiento automatizado de datos.<\/b>\u00a0Tambi\u00e9n tiene derecho a solicitar que no se lleve a cabo ning\u00fan tratamiento de datos personales que implique que el responsable del tratamiento tome decisiones que puedan afectarle de forma significativa basadas en el tratamiento automatizado de datos sin intervenci\u00f3n humana.<\/p><p><b>6.4. Ejercicio de los derechos.<\/b>\u00a0La Empresa garantiza la adopci\u00f3n de las medidas necesarias para asegurar el ejercicio gratuito de estos derechos. Para ejercer sus derechos, puede notific\u00e1rnoslo por correo electr\u00f3nico a\u00a0<a href=\"mailto:info@questheroes.es\">info@questheroes.es<\/a>especificando el derecho que desea ejercer.<\/p><p><b>6.5. Derecho a presentar una reclamaci\u00f3n ante la autoridad de control.<\/b>\u00a0Asimismo, le informamos que puede presentar una reclamaci\u00f3n de tutela de derechos ante la Agencia Espa\u00f1ola de Protecci\u00f3n de Datos, cuya direcci\u00f3n es Calle de Jorge Juan, 6, 28001 Madrid.<\/p><h6><b>7. CAMBIOS EN LA POL\u00cdTICA DE PRIVACIDAD.\u00a0<\/b><\/h6><p>Nuestra Pol\u00edtica de Privacidad est\u00e1 sujeta a cambios peri\u00f3dicos. La \u00faltima versi\u00f3n de nuestra Pol\u00edtica de Privacidad puede consultarse en nuestro sitio web.<\/p>\t\t\t\t\t\t\t\t<\/div>\n\t\t\t\t\t<\/div>\n\t\t<\/div>\n\t\t\t\t\t<\/div>\n\t\t<\/section>\n\t\t\t\t<\/div>","protected":false},"excerpt":{"rendered":"<p>We inform you that the personal data of our Customers is processed in accordance with&hellip;<\/p>","protected":false},"author":4309,"featured_media":0,"parent":0,"menu_order":0,"comment_status":"closed","ping_status":"closed","template":"","meta":{"_joinchat":[],"footnotes":""},"class_list":["post-18116","page","type-page","status-publish","hentry"],"yoast_head":"<!-- This site is optimized with the Yoast SEO plugin v27.3 - https:\/\/yoast.com\/product\/yoast-seo-wordpress\/ -->\n<title>Privacy Policy - Quest Heroes Boat Rental Mallorca<\/title>\n<meta name=\"robots\" content=\"index, follow, max-snippet:-1, max-image-preview:large, max-video-preview:-1\" \/>\n<link rel=\"canonical\" href=\"https:\/\/questheroes.es\/es\/politica-de-privacidad-2\/\" \/>\n<meta property=\"og:locale\" content=\"es_ES\" \/>\n<meta property=\"og:type\" content=\"article\" \/>\n<meta property=\"og:title\" content=\"Privacy Policy - Quest Heroes Boat Rental Mallorca\" \/>\n<meta property=\"og:description\" content=\"We inform you that the personal data of our Customers is processed in accordance with&hellip;\" \/>\n<meta property=\"og:url\" content=\"https:\/\/questheroes.es\/es\/politica-de-privacidad-2\/\" \/>\n<meta property=\"og:site_name\" content=\"Quest Heroes Boat Rental Mallorca\" \/>\n<meta property=\"article:modified_time\" content=\"2023-07-02T11:30:29+00:00\" \/>\n<meta name=\"twitter:card\" content=\"summary_large_image\" \/>\n<meta name=\"twitter:label1\" content=\"Tiempo de lectura\" \/>\n\t<meta name=\"twitter:data1\" content=\"8 minutos\" \/>\n<script type=\"application\/ld+json\" class=\"yoast-schema-graph\">{\"@context\":\"https:\\\/\\\/schema.org\",\"@graph\":[{\"@type\":\"WebPage\",\"@id\":\"https:\\\/\\\/questheroes.es\\\/privacy-policy-2\\\/\",\"url\":\"https:\\\/\\\/questheroes.es\\\/privacy-policy-2\\\/\",\"name\":\"Privacy Policy - Quest Heroes Boat Rental Mallorca\",\"isPartOf\":{\"@id\":\"https:\\\/\\\/questheroes.es\\\/#website\"},\"datePublished\":\"2021-10-15T11:07:12+00:00\",\"dateModified\":\"2023-07-02T11:30:29+00:00\",\"breadcrumb\":{\"@id\":\"https:\\\/\\\/questheroes.es\\\/privacy-policy-2\\\/#breadcrumb\"},\"inLanguage\":\"es\",\"potentialAction\":[{\"@type\":\"ReadAction\",\"target\":[\"https:\\\/\\\/questheroes.es\\\/privacy-policy-2\\\/\"]}]},{\"@type\":\"BreadcrumbList\",\"@id\":\"https:\\\/\\\/questheroes.es\\\/privacy-policy-2\\\/#breadcrumb\",\"itemListElement\":[{\"@type\":\"ListItem\",\"position\":1,\"name\":\"Home\",\"item\":\"https:\\\/\\\/questheroes.es\\\/\"},{\"@type\":\"ListItem\",\"position\":2,\"name\":\"Privacy Policy\"}]},{\"@type\":\"WebSite\",\"@id\":\"https:\\\/\\\/questheroes.es\\\/#website\",\"url\":\"https:\\\/\\\/questheroes.es\\\/\",\"name\":\"Quest Heroes Boat Rental Mallorca\",\"description\":\"Rent a Boat In Mallorca\",\"potentialAction\":[{\"@type\":\"SearchAction\",\"target\":{\"@type\":\"EntryPoint\",\"urlTemplate\":\"https:\\\/\\\/questheroes.es\\\/?s={search_term_string}\"},\"query-input\":{\"@type\":\"PropertyValueSpecification\",\"valueRequired\":true,\"valueName\":\"search_term_string\"}}],\"inLanguage\":\"es\"}]}<\/script>\n<!-- \/ Yoast SEO plugin. -->","yoast_head_json":{"title":"Pol\u00edtica de privacidad - Quest Heroes Boat Rental Mallorca","robots":{"index":"index","follow":"follow","max-snippet":"max-snippet:-1","max-image-preview":"max-image-preview:large","max-video-preview":"max-video-preview:-1"},"canonical":"https:\/\/questheroes.es\/es\/politica-de-privacidad-2\/","og_locale":"es_ES","og_type":"article","og_title":"Privacy Policy - Quest Heroes Boat Rental Mallorca","og_description":"We inform you that the personal data of our Customers is processed in accordance with&hellip;","og_url":"https:\/\/questheroes.es\/es\/politica-de-privacidad-2\/","og_site_name":"Quest Heroes Boat Rental Mallorca","article_modified_time":"2023-07-02T11:30:29+00:00","twitter_card":"summary_large_image","twitter_misc":{"Tiempo de lectura":"8 minutos"},"schema":{"@context":"https:\/\/schema.org","@graph":[{"@type":"WebPage","@id":"https:\/\/questheroes.es\/privacy-policy-2\/","url":"https:\/\/questheroes.es\/privacy-policy-2\/","name":"Pol\u00edtica de privacidad - Quest Heroes Boat Rental Mallorca","isPartOf":{"@id":"https:\/\/questheroes.es\/#website"},"datePublished":"2021-10-15T11:07:12+00:00","dateModified":"2023-07-02T11:30:29+00:00","breadcrumb":{"@id":"https:\/\/questheroes.es\/privacy-policy-2\/#breadcrumb"},"inLanguage":"es","potentialAction":[{"@type":"ReadAction","target":["https:\/\/questheroes.es\/privacy-policy-2\/"]}]},{"@type":"BreadcrumbList","@id":"https:\/\/questheroes.es\/privacy-policy-2\/#breadcrumb","itemListElement":[{"@type":"ListItem","position":1,"name":"Home","item":"https:\/\/questheroes.es\/"},{"@type":"ListItem","position":2,"name":"Privacy Policy"}]},{"@type":"WebSite","@id":"https:\/\/questheroes.es\/#website","url":"https:\/\/questheroes.es\/","name":"Quest Heroes Alquiler de barcos Mallorca","description":"Alquilar un barco en Mallorca","potentialAction":[{"@type":"SearchAction","target":{"@type":"EntryPoint","urlTemplate":"https:\/\/questheroes.es\/?s={search_term_string}"},"query-input":{"@type":"PropertyValueSpecification","valueRequired":true,"valueName":"search_term_string"}}],"inLanguage":"es"}]}},"_links":{"self":[{"href":"https:\/\/questheroes.es\/es\/wp-json\/wp\/v2\/pages\/18116","targetHints":{"allow":["GET"]}}],"collection":[{"href":"https:\/\/questheroes.es\/es\/wp-json\/wp\/v2\/pages"}],"about":[{"href":"https:\/\/questheroes.es\/es\/wp-json\/wp\/v2\/types\/page"}],"author":[{"embeddable":true,"href":"https:\/\/questheroes.es\/es\/wp-json\/wp\/v2\/users\/4309"}],"replies":[{"embeddable":true,"href":"https:\/\/questheroes.es\/es\/wp-json\/wp\/v2\/comments?post=18116"}],"version-history":[{"count":0,"href":"https:\/\/questheroes.es\/es\/wp-json\/wp\/v2\/pages\/18116\/revisions"}],"wp:attachment":[{"href":"https:\/\/questheroes.es\/es\/wp-json\/wp\/v2\/media?parent=18116"}],"curies":[{"name":"wp","href":"https:\/\/api.w.org\/{rel}","templated":true}]}}