{"id":18041,"date":"2021-10-15T08:12:55","date_gmt":"2021-10-15T08:12:55","guid":{"rendered":"https:\/\/questheroes.es\/?page_id=18041"},"modified":"2022-05-30T09:11:35","modified_gmt":"2022-05-30T09:11:35","slug":"servicio-plus","status":"publish","type":"page","link":"https:\/\/questheroes.es\/es\/service-plus\/","title":{"rendered":"Servicio Plus"},"content":{"rendered":"<div data-elementor-type=\"wp-page\" data-elementor-id=\"18041\" class=\"elementor elementor-18041\">\n\t\t\t\t\t\t<section class=\"elementor-section elementor-top-section elementor-element elementor-element-16f9992 elementor-section-boxed elementor-section-height-default elementor-section-height-default sc_fly_static\" data-id=\"16f9992\" data-element_type=\"section\" data-e-type=\"section\" data-settings=\"{&quot;background_background&quot;:&quot;classic&quot;}\">\n\t\t\t\t\t\t<div class=\"elementor-container elementor-column-gap-extended\">\n\t\t\t\t\t<div class=\"elementor-column elementor-col-100 elementor-top-column elementor-element elementor-element-1900e3f sc_content_align_inherit sc_layouts_column_icons_position_left sc_fly_static\" data-id=\"1900e3f\" data-element_type=\"column\" data-e-type=\"column\">\n\t\t\t<div class=\"elementor-widget-wrap elementor-element-populated\">\n\t\t\t\t\t\t<section class=\"elementor-section elementor-inner-section elementor-element elementor-element-7193f8f elementor-section-boxed elementor-section-height-default elementor-section-height-default sc_fly_static\" data-id=\"7193f8f\" data-element_type=\"section\" data-e-type=\"section\">\n\t\t\t\t\t\t<div class=\"elementor-container elementor-column-gap-no\">\n\t\t\t\t\t<div class=\"elementor-column elementor-col-100 elementor-inner-column elementor-element elementor-element-fc970f2 sc_content_align_inherit sc_layouts_column_icons_position_left sc_fly_static\" data-id=\"fc970f2\" data-element_type=\"column\" data-e-type=\"column\">\n\t\t\t<div class=\"elementor-widget-wrap elementor-element-populated\">\n\t\t\t\t\t\t<div class=\"elementor-element elementor-element-292caf4 elementor-widget elementor-widget-spacer\" data-id=\"292caf4\" data-element_type=\"widget\" data-e-type=\"widget\" data-widget_type=\"spacer.default\">\n\t\t\t\t\t\t\t<div class=\"elementor-spacer\">\n\t\t\t<div class=\"elementor-spacer-inner\"><\/div>\n\t\t<\/div>\n\t\t\t\t\t\t<\/div>\n\t\t\t\t<div class=\"elementor-element elementor-element-aa49ccf sc_fly_static elementor-widget elementor-widget-trx_sc_layouts_title\" data-id=\"aa49ccf\" data-element_type=\"widget\" data-e-type=\"widget\" data-widget_type=\"trx_sc_layouts_title.default\">\n\t\t\t\t<div class=\"elementor-widget-container\">\n\t\t\t\t\t<div class=\"sc_layouts_title sc_align_center with_content without_image without_tint\" ><div class=\"sc_layouts_title_content\"><div class=\"sc_layouts_title_title\"><h1 class=\"sc_layouts_title_caption\">Servicio Plus<\/h1><\/div><\/div><\/div>\t\t\t\t<\/div>\n\t\t\t\t<\/div>\n\t\t\t\t<div class=\"elementor-element elementor-element-995b483 elementor-widget elementor-widget-spacer\" data-id=\"995b483\" data-element_type=\"widget\" data-e-type=\"widget\" data-widget_type=\"spacer.default\">\n\t\t\t\t\t\t\t<div class=\"elementor-spacer\">\n\t\t\t<div class=\"elementor-spacer-inner\"><\/div>\n\t\t<\/div>\n\t\t\t\t\t\t<\/div>\n\t\t\t\t<div class=\"elementor-element elementor-element-bbeec11 elementor-view-default elementor-widget elementor-widget-icon\" data-id=\"bbeec11\" data-element_type=\"widget\" data-e-type=\"widget\" data-widget_type=\"icon.default\">\n\t\t\t\t\t\t\t<div class=\"elementor-icon-wrapper\">\n\t\t\t<div class=\"elementor-icon\">\n\t\t\t\t\t\t<\/div>\n\t\t<\/div>\n\t\t\t\t\t\t<\/div>\n\t\t\t\t<div class=\"elementor-element elementor-element-073eef4 sc_height_huge elementor-widget elementor-widget-spacer\" data-id=\"073eef4\" data-element_type=\"widget\" data-e-type=\"widget\" data-widget_type=\"spacer.default\">\n\t\t\t\t\t\t\t<div class=\"elementor-spacer\">\n\t\t\t<div class=\"elementor-spacer-inner\"><\/div>\n\t\t<\/div>\n\t\t\t\t\t\t<\/div>\n\t\t\t\t\t<\/div>\n\t\t<\/div>\n\t\t\t\t\t<\/div>\n\t\t<\/section>\n\t\t\t\t<section class=\"elementor-section elementor-inner-section elementor-element elementor-element-7c719fc elementor-section-boxed elementor-section-height-default elementor-section-height-default sc_fly_static\" data-id=\"7c719fc\" data-element_type=\"section\" data-e-type=\"section\">\n\t\t\t\t\t\t<div class=\"elementor-container elementor-column-gap-no\">\n\t\t\t\t\t<div class=\"elementor-column elementor-col-100 elementor-inner-column elementor-element elementor-element-b9f5c09 sc_content_align_inherit sc_layouts_column_icons_position_left sc_fly_static\" data-id=\"b9f5c09\" data-element_type=\"column\" data-e-type=\"column\">\n\t\t\t<div class=\"elementor-widget-wrap elementor-element-populated\">\n\t\t\t\t\t\t<div class=\"elementor-element elementor-element-cb76821 sc_fly_static elementor-widget elementor-widget-trx_sc_title\" data-id=\"cb76821\" data-element_type=\"widget\" data-e-type=\"widget\" data-widget_type=\"trx_sc_title.default\">\n\t\t\t\t<div class=\"elementor-widget-container\">\n\t\t\t\t\t<div\t\tclass=\"sc_title sc_title_default\" ><h5 class=\"sc_item_title sc_title_title sc_item_title_style_default sc_item_title_tag\"\n\t\t\t><span class=\"sc_item_title_text\">Estimados clientes,<\/span><\/h5><\/div>\t\t\t\t<\/div>\n\t\t\t\t<\/div>\n\t\t\t\t<div class=\"elementor-element elementor-element-d34a474 elementor-widget elementor-widget-text-editor\" data-id=\"d34a474\" data-element_type=\"widget\" data-e-type=\"widget\" data-widget_type=\"text-editor.default\">\n\t\t\t\t\t\t\t\t\t<p>Nuestro principal objetivo es desarrollar un marco tem\u00e1tico seguro y personalizable que satisfaga las necesidades del usuario final. Por lo tanto, nuestros clientes pueden crear sitios web basados en nuestras plantillas con muy poco esfuerzo. Este proceso requiere un conocimiento m\u00ednimo de WordPress o de codificaci\u00f3n; y una amplia documentaci\u00f3n, as\u00ed como nuestro Equipo de Soporte, est\u00e1n siempre a su servicio. Sin embargo, le pedimos que tenga en cuenta que a veces se producen problemas que no est\u00e1n causados por un mal funcionamiento de la plantilla. Puede haber situaciones en las que ni el producto en s\u00ed ni nuestro framework sean culpables. Entre otras cosas, el rendimiento del tema puede verse afectado por la configuraci\u00f3n del servidor, la funcionalidad adicional que requiere una personalizaci\u00f3n profunda de los archivos, el uso de plugins externos y, por supuesto, los intentos de crear un sitio web en muy poco tiempo.<\/p><p>Conocemos los entresijos de nuestro framework tem\u00e1tico y contamos con un equipo de desarrolladores altamente profesional. Ellos le ayudar\u00e1n a desarrollar el sitio web que necesita. Si necesitas personalizar el sitio web, ponte en contacto con nuestro equipo de asistencia para obtener m\u00e1s informaci\u00f3n: <a href=\"https:\/\/themerex.net\/support\/\">https:\/\/themerex.net\/support\/<\/a>.<\/p>\t\t\t\t\t\t\t\t<\/div>\n\t\t\t\t<div class=\"elementor-element elementor-element-12b1da0 sc_layouts_hide_on_tablet sc_layouts_hide_on_mobile elementor-widget elementor-widget-spacer\" data-id=\"12b1da0\" data-element_type=\"widget\" data-e-type=\"widget\" data-widget_type=\"spacer.default\">\n\t\t\t\t\t\t\t<div class=\"elementor-spacer\">\n\t\t\t<div class=\"elementor-spacer-inner\"><\/div>\n\t\t<\/div>\n\t\t\t\t\t\t<\/div>\n\t\t\t\t\t<\/div>\n\t\t<\/div>\n\t\t\t\t\t<\/div>\n\t\t<\/section>\n\t\t\t\t<section class=\"elementor-section elementor-inner-section elementor-element elementor-element-cdf0d72 elementor-section-boxed elementor-section-height-default elementor-section-height-default sc_fly_static\" data-id=\"cdf0d72\" data-element_type=\"section\" data-e-type=\"section\">\n\t\t\t\t\t\t<div class=\"elementor-container elementor-column-gap-no\">\n\t\t\t\t\t<div class=\"elementor-column elementor-col-100 elementor-inner-column elementor-element elementor-element-08a806d sc_content_align_inherit sc_layouts_column_icons_position_left sc_fly_static\" data-id=\"08a806d\" data-element_type=\"column\" data-e-type=\"column\">\n\t\t\t<div class=\"elementor-widget-wrap elementor-element-populated\">\n\t\t\t\t\t\t<div class=\"elementor-element elementor-element-c25b9fb sc_height_large elementor-widget elementor-widget-spacer\" data-id=\"c25b9fb\" data-element_type=\"widget\" data-e-type=\"widget\" data-widget_type=\"spacer.default\">\n\t\t\t\t\t\t\t<div class=\"elementor-spacer\">\n\t\t\t<div class=\"elementor-spacer-inner\"><\/div>\n\t\t<\/div>\n\t\t\t\t\t\t<\/div>\n\t\t\t\t<div class=\"elementor-element elementor-element-234663c sc_fly_static elementor-widget elementor-widget-trx_sc_title\" data-id=\"234663c\" data-element_type=\"widget\" data-e-type=\"widget\" data-widget_type=\"trx_sc_title.default\">\n\t\t\t\t<div class=\"elementor-widget-container\">\n\t\t\t\t\t<div\t\tclass=\"sc_title sc_title_default\" ><span class=\"sc_item_subtitle sc_title_subtitle sc_align_center sc_item_subtitle_above sc_item_title_style_default\">Personalizaci\u00f3n<\/span><h1 class=\"sc_item_title sc_title_title sc_align_center sc_item_title_style_default sc_item_title_tag\"\n\t\t\t><span class=\"sc_item_title_text\">Paquetes<\/span><\/h1><\/div>\t\t\t\t<\/div>\n\t\t\t\t<\/div>\n\t\t\t\t<div class=\"elementor-element elementor-element-6b1b6e8 elementor-widget elementor-widget-spacer\" data-id=\"6b1b6e8\" data-element_type=\"widget\" data-e-type=\"widget\" data-widget_type=\"spacer.default\">\n\t\t\t\t\t\t\t<div class=\"elementor-spacer\">\n\t\t\t<div class=\"elementor-spacer-inner\"><\/div>\n\t\t<\/div>\n\t\t\t\t\t\t<\/div>\n\t\t\t\t<div class=\"elementor-element elementor-element-54e2143 sc_fly_static elementor-widget elementor-widget-trx_sc_price\" data-id=\"54e2143\" data-element_type=\"widget\" data-e-type=\"widget\" data-widget_type=\"trx_sc_price.default\">\n\t\t\t\t<div class=\"elementor-widget-container\">\n\t\t\t\t\t<div  \r\n\tclass=\"sc_price color_style_link2 sc_price_focus\"><div class=\"sc_price_columns_wrap sc_item_columns trx_addons_columns_wrap columns_padding_bottom columns_in_single_row\"><div class=\"trx_addons_column-1_3\"><div class=\"sc_price_item sc_price_item_focus\">\r\n\t\t\t<div class=\"sc_price_item_inner\"><div class=\"sc_price_item_info_top\"><h3 class=\"sc_price_item_title\"><span>Instalaci\u00f3n + cambio de logotipo<\/span><\/h3><\/div><div class=\"sc_price_item_icon sc_price_item_icon_type_ icon-buoys\"\r\n\t\t\t\t\t\t\t\t\t\t\t\t><span class=\"sc_icon_type_ icon-buoys\"\r\n\t\t\t\t\t\t\t\t\t\t\t\t\t\t\t><\/span><\/div><div class=\"sc_price_item_info\"><div class=\"sc_price_item_price\"><span class=\"sc_price_item_price_before\">$<\/span><span class=\"sc_price_item_price_value\">39<\/span><\/div><div class=\"sc_price_item_details\"><ul class=\"trx_addons_list trx_addons_list_dot\">\n \t<li>La plantilla se instalar\u00e1 en tu servidor exactamente como se ve en la demo. Obtendr\u00e1 acceso al panel de administraci\u00f3n, para que pueda gestionar su sitio web<\/li>\n \t<li>Sustituiremos el logotipo de la plantilla por el suyo en cada p\u00e1gina de la plantilla. El logotipo tiene que ser de buena calidad en formato .PSD, .EPS, .PNG, .JPG. La anchura del logotipo debe ser de 300px y 600px<\/li>\n<\/ul><\/div><a href=\"https:\/\/themerex.net\/downloads\/theme-installation\/?utm_source=demosplus&#038;utm_medium=demosplus&#038;utm_campaign=demosplus\" class=\"sc_price_item_link sc_button_bordered sc_button\" target=\"_blank\">APROVECHE ESTA OFERTA<\/a><\/div><!-- \/.sc_price_item_info --><\/div><!-- \/.sc_price_item_inner --><\/div><\/div><div class=\"trx_addons_column-1_3\"><div class=\"sc_price_item sc_price_active sc_price_item_focus\">\r\n\t\t\t<div class=\"sc_price_item_inner\"><div class=\"sc_price_item_info_top\"><h3 class=\"sc_price_item_title\"><span>Sitio web listo para usar<\/span><\/h3><\/div><div class=\"sc_price_item_icon sc_price_item_icon_type_ icon-compass\"\r\n\t\t\t\t\t\t\t\t\t\t\t\t><span class=\"sc_icon_type_ icon-compass\"\r\n\t\t\t\t\t\t\t\t\t\t\t\t\t\t\t><\/span><\/div><div class=\"sc_price_item_info\"><div class=\"sc_price_item_price\"><span class=\"sc_price_item_price_before\">$<\/span><span class=\"sc_price_item_price_value\">350<\/span><\/div><div class=\"sc_price_item_details\"><ul class=\"trx_addons_list trx_addons_list_dot\">\n \t<li class=\"icon-check-1\" aria-level=\"1\">Instalaci\u00f3n del tema en su servidor con su logotipo<\/li>\n \t<li class=\"icon icon-check-1\" aria-level=\"1\">Mapa de Google con tu direcci\u00f3n<\/li>\n \t<li class=\"icon icon-check-1\" aria-level=\"1\">Sustituci\u00f3n de contenidos e im\u00e1genes hasta 6 p\u00e1ginas (sin cambio de maquetaci\u00f3n)<\/li>\n \t<li class=\"icon icon-check-1\" aria-level=\"1\">Eliminar elementos que no necesita en su sitio web<\/li>\n \t<li class=\"icon icon-check-1\" aria-level=\"1\">Conjunto de iconos sociales (sin cambiar el dise\u00f1o del tema)<\/li>\n \t<li class=\"icon icon-check-1\" aria-level=\"1\">Sustituci\u00f3n de la combinaci\u00f3n de colores<\/li>\n<\/ul><\/div><a href=\"https:\/\/themerex.net\/downloads\/ready-use-website\/?utm_source=demosplus&#038;utm_medium=demosplus&#038;utm_campaign=demosplus\" class=\"sc_price_item_link sc_button_bordered sc_button\" target=\"_blank\">APROVECHE ESTA OFERTA<\/a><\/div><!-- \/.sc_price_item_info --><\/div><!-- \/.sc_price_item_inner --><\/div><\/div><div class=\"trx_addons_column-1_3\"><div class=\"sc_price_item sc_price_item_focus\">\r\n\t\t\t<div class=\"sc_price_item_inner\"><div class=\"sc_price_item_info_top\"><h3 class=\"sc_price_item_title\"><span>Paquete web completo<\/span><\/h3><\/div><div class=\"sc_price_item_icon sc_price_item_icon_type_ icon-yacht\"\r\n\t\t\t\t\t\t\t\t\t\t\t\t><span class=\"sc_icon_type_ icon-yacht\"\r\n\t\t\t\t\t\t\t\t\t\t\t\t\t\t\t><\/span><\/div><div class=\"sc_price_item_info\"><div class=\"sc_price_item_price\"><span class=\"sc_price_item_price_before\">$<\/span><span class=\"sc_price_item_price_value\">699<\/span><\/div><div class=\"sc_price_item_details\"><ul class=\"trx_addons_list trx_addons_list_dot\">\n \t<li class=\"icon icon-check-1\" aria-level=\"1\">WordPress e instalaci\u00f3n de temas<\/li>\n \t<li class=\"icon icon-check-1\" aria-level=\"1\">Personalizaci\u00f3n de la marca del sitio web<\/li>\n \t<li class=\"icon icon-check-1\" aria-level=\"1\">Desarrollo de contenidos (15 im\u00e1genes libres de derechos y 1500 palabras de texto)<\/li>\n \t<li class=\"icon icon-check-1\" aria-level=\"1\">Configuraci\u00f3n de contenido (a\u00f1adir 6 p\u00e1ginas, 6 posts, Revolution sliders)<\/li>\n \t<li class=\"icon icon-check-1\" aria-level=\"1\">Lo esencial de SEO<\/li>\n \t<li class=\"icon icon-check-1\" aria-level=\"1\">Optimizaci\u00f3n de la velocidad del sitio web<\/li>\n<\/ul><\/div><a href=\"https:\/\/themerex.net\/downloads\/full-website-package\/?utm_source=demosplus&#038;utm_medium=demosplus&#038;utm_campaign=demosplus\" class=\"sc_price_item_link sc_button_bordered sc_button\" target=\"_blank\">APROVECHE ESTA OFERTA<\/a><\/div><!-- \/.sc_price_item_info --><\/div><!-- \/.sc_price_item_inner --><\/div><\/div><\/div><\/div><!-- \/.sc_price -->\t\t\t\t<\/div>\n\t\t\t\t<\/div>\n\t\t\t\t<div class=\"elementor-element elementor-element-6e5fc0b sc_height_huge sc_layouts_hide_on_mobile elementor-widget elementor-widget-spacer\" data-id=\"6e5fc0b\" data-element_type=\"widget\" data-e-type=\"widget\" data-widget_type=\"spacer.default\">\n\t\t\t\t\t\t\t<div class=\"elementor-spacer\">\n\t\t\t<div class=\"elementor-spacer-inner\"><\/div>\n\t\t<\/div>\n\t\t\t\t\t\t<\/div>\n\t\t\t\t<div class=\"elementor-element elementor-element-9049989 sc_height_medium sc_layouts_hide_on_wide sc_layouts_hide_on_desktop sc_layouts_hide_on_notebook sc_layouts_hide_on_tablet elementor-widget elementor-widget-spacer\" data-id=\"9049989\" data-element_type=\"widget\" data-e-type=\"widget\" data-widget_type=\"spacer.default\">\n\t\t\t\t\t\t\t<div class=\"elementor-spacer\">\n\t\t\t<div class=\"elementor-spacer-inner\"><\/div>\n\t\t<\/div>\n\t\t\t\t\t\t<\/div>\n\t\t\t\t\t<\/div>\n\t\t<\/div>\n\t\t\t\t\t<\/div>\n\t\t<\/section>\n\t\t\t\t\t<\/div>\n\t\t<\/div>\n\t\t\t\t\t<\/div>\n\t\t<\/section>\n\t\t\t\t<\/div>","protected":false},"excerpt":{"rendered":"<p>Service Plus Dear Customers, Our primary goal is developing a secure and customizable theme framework&hellip;<\/p>","protected":false},"author":4309,"featured_media":0,"parent":0,"menu_order":0,"comment_status":"closed","ping_status":"closed","template":"","meta":{"_joinchat":[],"footnotes":""},"class_list":["post-18041","page","type-page","status-publish","hentry"],"yoast_head":"<!-- This site is optimized with the Yoast SEO plugin v27.5 - https:\/\/yoast.com\/product\/yoast-seo-wordpress\/ -->\n<title>Service Plus - Quest Heroes Boat Rental Mallorca<\/title>\n<meta name=\"robots\" content=\"index, follow, max-snippet:-1, max-image-preview:large, max-video-preview:-1\" \/>\n<link rel=\"canonical\" href=\"https:\/\/questheroes.es\/es\/servicio-plus\/\" \/>\n<meta property=\"og:locale\" content=\"es_ES\" \/>\n<meta property=\"og:type\" content=\"article\" \/>\n<meta property=\"og:title\" content=\"Service Plus - Quest Heroes Boat Rental Mallorca\" \/>\n<meta property=\"og:description\" content=\"Service Plus Dear Customers, Our primary goal is developing a secure and customizable theme framework&hellip;\" \/>\n<meta property=\"og:url\" content=\"https:\/\/questheroes.es\/es\/servicio-plus\/\" \/>\n<meta property=\"og:site_name\" content=\"Quest Heroes Boat Rental Mallorca\" \/>\n<meta property=\"article:modified_time\" content=\"2022-05-30T09:11:35+00:00\" \/>\n<meta name=\"twitter:card\" content=\"summary_large_image\" \/>\n<meta name=\"twitter:label1\" content=\"Tiempo de lectura\" \/>\n\t<meta name=\"twitter:data1\" content=\"2 minutos\" \/>\n<script type=\"application\/ld+json\" class=\"yoast-schema-graph\">{\"@context\":\"https:\\\/\\\/schema.org\",\"@graph\":[{\"@type\":\"WebPage\",\"@id\":\"https:\\\/\\\/questheroes.es\\\/service-plus\\\/\",\"url\":\"https:\\\/\\\/questheroes.es\\\/service-plus\\\/\",\"name\":\"Service Plus - Quest Heroes Boat Rental Mallorca\",\"isPartOf\":{\"@id\":\"https:\\\/\\\/questheroes.es\\\/#website\"},\"datePublished\":\"2021-10-15T08:12:55+00:00\",\"dateModified\":\"2022-05-30T09:11:35+00:00\",\"breadcrumb\":{\"@id\":\"https:\\\/\\\/questheroes.es\\\/service-plus\\\/#breadcrumb\"},\"inLanguage\":\"es\",\"potentialAction\":[{\"@type\":\"ReadAction\",\"target\":[\"https:\\\/\\\/questheroes.es\\\/service-plus\\\/\"]}]},{\"@type\":\"BreadcrumbList\",\"@id\":\"https:\\\/\\\/questheroes.es\\\/service-plus\\\/#breadcrumb\",\"itemListElement\":[{\"@type\":\"ListItem\",\"position\":1,\"name\":\"Home\",\"item\":\"https:\\\/\\\/questheroes.es\\\/\"},{\"@type\":\"ListItem\",\"position\":2,\"name\":\"Service Plus\"}]},{\"@type\":\"WebSite\",\"@id\":\"https:\\\/\\\/questheroes.es\\\/#website\",\"url\":\"https:\\\/\\\/questheroes.es\\\/\",\"name\":\"Quest Heroes Boat Rental Mallorca\",\"description\":\"Rent a Boat In Mallorca\",\"potentialAction\":[{\"@type\":\"SearchAction\",\"target\":{\"@type\":\"EntryPoint\",\"urlTemplate\":\"https:\\\/\\\/questheroes.es\\\/?s={search_term_string}\"},\"query-input\":{\"@type\":\"PropertyValueSpecification\",\"valueRequired\":true,\"valueName\":\"search_term_string\"}}],\"inLanguage\":\"es\"}]}<\/script>\n<!-- \/ Yoast SEO plugin. -->","yoast_head_json":{"title":"Service Plus - Quest Heroes Alquiler de barcos Mallorca","robots":{"index":"index","follow":"follow","max-snippet":"max-snippet:-1","max-image-preview":"max-image-preview:large","max-video-preview":"max-video-preview:-1"},"canonical":"https:\/\/questheroes.es\/es\/servicio-plus\/","og_locale":"es_ES","og_type":"article","og_title":"Service Plus - Quest Heroes Boat Rental Mallorca","og_description":"Service Plus Dear Customers, Our primary goal is developing a secure and customizable theme framework&hellip;","og_url":"https:\/\/questheroes.es\/es\/servicio-plus\/","og_site_name":"Quest Heroes Boat Rental Mallorca","article_modified_time":"2022-05-30T09:11:35+00:00","twitter_card":"summary_large_image","twitter_misc":{"Tiempo de lectura":"2 minutos"},"schema":{"@context":"https:\/\/schema.org","@graph":[{"@type":"WebPage","@id":"https:\/\/questheroes.es\/service-plus\/","url":"https:\/\/questheroes.es\/service-plus\/","name":"Service Plus - Quest Heroes Alquiler de barcos Mallorca","isPartOf":{"@id":"https:\/\/questheroes.es\/#website"},"datePublished":"2021-10-15T08:12:55+00:00","dateModified":"2022-05-30T09:11:35+00:00","breadcrumb":{"@id":"https:\/\/questheroes.es\/service-plus\/#breadcrumb"},"inLanguage":"es","potentialAction":[{"@type":"ReadAction","target":["https:\/\/questheroes.es\/service-plus\/"]}]},{"@type":"BreadcrumbList","@id":"https:\/\/questheroes.es\/service-plus\/#breadcrumb","itemListElement":[{"@type":"ListItem","position":1,"name":"Home","item":"https:\/\/questheroes.es\/"},{"@type":"ListItem","position":2,"name":"Service Plus"}]},{"@type":"WebSite","@id":"https:\/\/questheroes.es\/#website","url":"https:\/\/questheroes.es\/","name":"Quest Heroes Alquiler de barcos Mallorca","description":"Alquilar un barco en Mallorca","potentialAction":[{"@type":"SearchAction","target":{"@type":"EntryPoint","urlTemplate":"https:\/\/questheroes.es\/?s={search_term_string}"},"query-input":{"@type":"PropertyValueSpecification","valueRequired":true,"valueName":"search_term_string"}}],"inLanguage":"es"}]}},"_links":{"self":[{"href":"https:\/\/questheroes.es\/es\/wp-json\/wp\/v2\/pages\/18041","targetHints":{"allow":["GET"]}}],"collection":[{"href":"https:\/\/questheroes.es\/es\/wp-json\/wp\/v2\/pages"}],"about":[{"href":"https:\/\/questheroes.es\/es\/wp-json\/wp\/v2\/types\/page"}],"author":[{"embeddable":true,"href":"https:\/\/questheroes.es\/es\/wp-json\/wp\/v2\/users\/4309"}],"replies":[{"embeddable":true,"href":"https:\/\/questheroes.es\/es\/wp-json\/wp\/v2\/comments?post=18041"}],"version-history":[{"count":0,"href":"https:\/\/questheroes.es\/es\/wp-json\/wp\/v2\/pages\/18041\/revisions"}],"wp:attachment":[{"href":"https:\/\/questheroes.es\/es\/wp-json\/wp\/v2\/media?parent=18041"}],"curies":[{"name":"wp","href":"https:\/\/api.w.org\/{rel}","templated":true}]}}