{"id":20444,"date":"2023-07-09T23:51:08","date_gmt":"2023-07-09T21:51:08","guid":{"rendered":"https:\/\/questheroes.es\/?page_id=20444"},"modified":"2026-01-31T04:40:17","modified_gmt":"2026-01-31T03:40:17","slug":"abaris-23-2","status":"publish","type":"page","link":"https:\/\/questheroes.es\/de\/abaris-23-2\/","title":{"rendered":"Abaris 23"},"content":{"rendered":"<div data-elementor-type=\"wp-page\" data-elementor-id=\"20444\" class=\"elementor elementor-20444\">\n\t\t\t\t\t\t<section class=\"elementor-section elementor-top-section elementor-element elementor-element-4cf4068 elementor-section-boxed elementor-section-height-default elementor-section-height-default sc_fly_static\" data-id=\"4cf4068\" data-element_type=\"section\" data-e-type=\"section\">\n\t\t\t\t\t\t<div class=\"elementor-container elementor-column-gap-extended\">\n\t\t\t\t\t<div class=\"elementor-column elementor-col-50 elementor-top-column elementor-element elementor-element-d6690f2 sc_content_align_inherit sc_layouts_column_icons_position_left sc_fly_static\" data-id=\"d6690f2\" data-element_type=\"column\" data-e-type=\"column\">\n\t\t\t<div class=\"elementor-widget-wrap elementor-element-populated\">\n\t\t\t\t\t\t<div class=\"elementor-element elementor-element-e9a736e sc_fly_static elementor-widget elementor-widget-trx_sc_title\" data-id=\"e9a736e\" data-element_type=\"widget\" data-e-type=\"widget\" data-widget_type=\"trx_sc_title.default\">\n\t\t\t\t<div class=\"elementor-widget-container\">\n\t\t\t\t\t<div\t\tclass=\"sc_title sc_title_default\" ><h1 class=\"sc_item_title sc_title_title sc_item_title_style_default sc_item_title_tag\"\n\t\t\t><span class=\"sc_item_title_text\">Abaris 23<\/span><\/h1><\/div>\t\t\t\t<\/div>\n\t\t\t\t<\/div>\n\t\t\t\t<div class=\"elementor-element elementor-element-0c0f516 gallery-spacing-custom elementor-widget elementor-widget-image-gallery\" data-id=\"0c0f516\" data-element_type=\"widget\" data-e-type=\"widget\" data-widget_type=\"image-gallery.default\">\n\t\t\t\t\t\t\t<div class=\"elementor-image-gallery\">\n\t\t\t<div id='gallery-1' class='gallery galleryid-20444 gallery-columns-2 gallery-size-catamaran-thumb-square'><figure class='gallery-item'>\n\t\t\t<div class='gallery-icon landscape'>\n\t\t\t\t<a data-elementor-open-lightbox=\"yes\" data-elementor-lightbox-slideshow=\"0c0f516\" data-elementor-lightbox-title=\"Rent a boat Mallorca V2 7.0\" data-e-action-hash=\"#elementor-action%3Aaction%3Dlightbox%26settings%3DeyJpZCI6MjA0MDEsInVybCI6Imh0dHBzOlwvXC9xdWVzdGhlcm9lcy5lc1wvd3AtY29udGVudFwvdXBsb2Fkc1wvMjAyM1wvMDdcL0RKSV8wMTAyLXNjYWxlZC5qcGciLCJzbGlkZXNob3ciOiIwYzBmNTE2In0%3D\" title=\"Mieten Sie ein Boot Mallorca V2 7.0\" href='https:\/\/questheroes.es\/wp-content\/uploads\/2023\/07\/DJI_0102-scaled.jpg'><img fetchpriority=\"high\" decoding=\"async\" width=\"890\" height=\"478\" src=\"https:\/\/questheroes.es\/wp-content\/uploads\/2023\/07\/DJI_0102-scaled.jpg\" class=\"attachment-catamaran-thumb-square size-catamaran-thumb-square\" alt=\"Mieten Sie ein Boot Mallorca V2 7.0\" aria-describedby=\"gallery-1-20401\" srcset=\"https:\/\/questheroes.es\/wp-content\/uploads\/2023\/07\/DJI_0102-scaled.jpg 2560w, https:\/\/questheroes.es\/wp-content\/uploads\/2023\/07\/DJI_0102-300x161.jpg 300w\" sizes=\"(max-width: 890px) 100vw, 890px\" \/><\/a>\n\t\t\t<\/div>\n\t\t\t\t<figcaption class='wp-caption-text gallery-caption' id='gallery-1-20401'>\n\t\t\t\tabaris\n\t\t\t\t<\/figcaption><\/figure><figure class='gallery-item'>\n\t\t\t<div class='gallery-icon landscape'>\n\t\t\t\t<a data-elementor-open-lightbox=\"yes\" data-elementor-lightbox-slideshow=\"0c0f516\" data-elementor-lightbox-title=\"_MG_9519\" data-e-action-hash=\"#elementor-action%3Aaction%3Dlightbox%26settings%3DeyJpZCI6MjA0MDMsInVybCI6Imh0dHBzOlwvXC9xdWVzdGhlcm9lcy5lc1wvd3AtY29udGVudFwvdXBsb2Fkc1wvMjAyM1wvMDdcL01HXzk1MTktc2NhbGVkLmpwZyIsInNsaWRlc2hvdyI6IjBjMGY1MTYifQ%3D%3D\" href='https:\/\/questheroes.es\/wp-content\/uploads\/2023\/07\/MG_9519-scaled.jpg'><img decoding=\"async\" width=\"890\" height=\"664\" src=\"https:\/\/questheroes.es\/wp-content\/uploads\/2023\/07\/MG_9519-890x664.jpg\" class=\"attachment-catamaran-thumb-square size-catamaran-thumb-square\" alt=\"\" aria-describedby=\"gallery-1-20403\" \/><\/a>\n\t\t\t<\/div>\n\t\t\t\t<figcaption class='wp-caption-text gallery-caption' id='gallery-1-20403'>\n\t\t\t\tabaris\n\t\t\t\t<\/figcaption><\/figure><figure class='gallery-item'>\n\t\t\t<div class='gallery-icon landscape'>\n\t\t\t\t<a data-elementor-open-lightbox=\"yes\" data-elementor-lightbox-slideshow=\"0c0f516\" data-elementor-lightbox-title=\"_MG_9518\" data-e-action-hash=\"#elementor-action%3Aaction%3Dlightbox%26settings%3DeyJpZCI6MjA0MDUsInVybCI6Imh0dHBzOlwvXC9xdWVzdGhlcm9lcy5lc1wvd3AtY29udGVudFwvdXBsb2Fkc1wvMjAyM1wvMDdcL01HXzk1MTgtc2NhbGVkLmpwZyIsInNsaWRlc2hvdyI6IjBjMGY1MTYifQ%3D%3D\" href='https:\/\/questheroes.es\/wp-content\/uploads\/2023\/07\/MG_9518-scaled.jpg'><img decoding=\"async\" width=\"890\" height=\"664\" src=\"https:\/\/questheroes.es\/wp-content\/uploads\/2023\/07\/MG_9518-890x664.jpg\" class=\"attachment-catamaran-thumb-square size-catamaran-thumb-square\" alt=\"\" aria-describedby=\"gallery-1-20405\" \/><\/a>\n\t\t\t<\/div>\n\t\t\t\t<figcaption class='wp-caption-text gallery-caption' id='gallery-1-20405'>\n\t\t\t\tabaris\n\t\t\t\t<\/figcaption><\/figure><figure class='gallery-item'>\n\t\t\t<div class='gallery-icon landscape'>\n\t\t\t\t<a data-elementor-open-lightbox=\"yes\" data-elementor-lightbox-slideshow=\"0c0f516\" data-elementor-lightbox-title=\"default\" data-e-action-hash=\"#elementor-action%3Aaction%3Dlightbox%26settings%3DeyJpZCI6MjA0MDIsInVybCI6Imh0dHBzOlwvXC9xdWVzdGhlcm9lcy5lc1wvd3AtY29udGVudFwvdXBsb2Fkc1wvMjAyM1wvMDdcL0RKSV8wMTAwLXNjYWxlZC5qcGciLCJzbGlkZXNob3ciOiIwYzBmNTE2In0%3D\" title=\"Standard\" href='https:\/\/questheroes.es\/wp-content\/uploads\/2023\/07\/DJI_0100-scaled.jpg'><img loading=\"lazy\" decoding=\"async\" width=\"890\" height=\"538\" src=\"https:\/\/questheroes.es\/wp-content\/uploads\/2023\/07\/DJI_0100-scaled.jpg\" class=\"attachment-catamaran-thumb-square size-catamaran-thumb-square\" alt=\"\" aria-describedby=\"gallery-1-20402\" srcset=\"https:\/\/questheroes.es\/wp-content\/uploads\/2023\/07\/DJI_0100-scaled.jpg 2560w, https:\/\/questheroes.es\/wp-content\/uploads\/2023\/07\/DJI_0100-300x181.jpg 300w\" sizes=\"(max-width: 890px) 100vw, 890px\" \/><\/a>\n\t\t\t<\/div>\n\t\t\t\t<figcaption class='wp-caption-text gallery-caption' id='gallery-1-20402'>\n\t\t\t\tabaris\n\t\t\t\t<\/figcaption><\/figure><figure class='gallery-item'>\n\t\t\t<div class='gallery-icon landscape'>\n\t\t\t\t<a data-elementor-open-lightbox=\"yes\" data-elementor-lightbox-slideshow=\"0c0f516\" data-elementor-lightbox-title=\"_MG_9338\" data-e-action-hash=\"#elementor-action%3Aaction%3Dlightbox%26settings%3DeyJpZCI6MjA0MDksInVybCI6Imh0dHBzOlwvXC9xdWVzdGhlcm9lcy5lc1wvd3AtY29udGVudFwvdXBsb2Fkc1wvMjAyM1wvMDdcL01HXzkzMzgtc2NhbGVkLmpwZyIsInNsaWRlc2hvdyI6IjBjMGY1MTYifQ%3D%3D\" href='https:\/\/questheroes.es\/wp-content\/uploads\/2023\/07\/MG_9338-scaled.jpg'><img loading=\"lazy\" decoding=\"async\" width=\"890\" height=\"664\" src=\"https:\/\/questheroes.es\/wp-content\/uploads\/2023\/07\/MG_9338-890x664.jpg\" class=\"attachment-catamaran-thumb-square size-catamaran-thumb-square\" alt=\"\" aria-describedby=\"gallery-1-20409\" \/><\/a>\n\t\t\t<\/div>\n\t\t\t\t<figcaption class='wp-caption-text gallery-caption' id='gallery-1-20409'>\n\t\t\t\tabaris\n\t\t\t\t<\/figcaption><\/figure><figure class='gallery-item'>\n\t\t\t<div class='gallery-icon landscape'>\n\t\t\t\t<a data-elementor-open-lightbox=\"yes\" data-elementor-lightbox-slideshow=\"0c0f516\" data-elementor-lightbox-title=\"_MG_9513\" data-e-action-hash=\"#elementor-action%3Aaction%3Dlightbox%26settings%3DeyJpZCI6MjA0MDYsInVybCI6Imh0dHBzOlwvXC9xdWVzdGhlcm9lcy5lc1wvd3AtY29udGVudFwvdXBsb2Fkc1wvMjAyM1wvMDdcL01HXzk1MTMtc2NhbGVkLmpwZyIsInNsaWRlc2hvdyI6IjBjMGY1MTYifQ%3D%3D\" href='https:\/\/questheroes.es\/wp-content\/uploads\/2023\/07\/MG_9513-scaled.jpg'><img loading=\"lazy\" decoding=\"async\" width=\"890\" height=\"664\" src=\"https:\/\/questheroes.es\/wp-content\/uploads\/2023\/07\/MG_9513-890x664.jpg\" class=\"attachment-catamaran-thumb-square size-catamaran-thumb-square\" alt=\"\" aria-describedby=\"gallery-1-20406\" \/><\/a>\n\t\t\t<\/div>\n\t\t\t\t<figcaption class='wp-caption-text gallery-caption' id='gallery-1-20406'>\n\t\t\t\tabaris\n\t\t\t\t<\/figcaption><\/figure><figure class='gallery-item'>\n\t\t\t<div class='gallery-icon landscape'>\n\t\t\t\t<a data-elementor-open-lightbox=\"yes\" data-elementor-lightbox-slideshow=\"0c0f516\" data-elementor-lightbox-title=\"_MG_9509\" data-e-action-hash=\"#elementor-action%3Aaction%3Dlightbox%26settings%3DeyJpZCI6MjA0MDcsInVybCI6Imh0dHBzOlwvXC9xdWVzdGhlcm9lcy5lc1wvd3AtY29udGVudFwvdXBsb2Fkc1wvMjAyM1wvMDdcL01HXzk1MDktc2NhbGVkLmpwZyIsInNsaWRlc2hvdyI6IjBjMGY1MTYifQ%3D%3D\" href='https:\/\/questheroes.es\/wp-content\/uploads\/2023\/07\/MG_9509-scaled.jpg'><img loading=\"lazy\" decoding=\"async\" width=\"890\" height=\"664\" src=\"https:\/\/questheroes.es\/wp-content\/uploads\/2023\/07\/MG_9509-890x664.jpg\" class=\"attachment-catamaran-thumb-square size-catamaran-thumb-square\" alt=\"\" aria-describedby=\"gallery-1-20407\" \/><\/a>\n\t\t\t<\/div>\n\t\t\t\t<figcaption class='wp-caption-text gallery-caption' id='gallery-1-20407'>\n\t\t\t\tabaris\n\t\t\t\t<\/figcaption><\/figure><figure class='gallery-item'>\n\t\t\t<div class='gallery-icon landscape'>\n\t\t\t\t<a data-elementor-open-lightbox=\"yes\" data-elementor-lightbox-slideshow=\"0c0f516\" data-elementor-lightbox-title=\"_MG_9502\" data-e-action-hash=\"#elementor-action%3Aaction%3Dlightbox%26settings%3DeyJpZCI6MjA0MDgsInVybCI6Imh0dHBzOlwvXC9xdWVzdGhlcm9lcy5lc1wvd3AtY29udGVudFwvdXBsb2Fkc1wvMjAyM1wvMDdcL01HXzk1MDItc2NhbGVkLmpwZyIsInNsaWRlc2hvdyI6IjBjMGY1MTYifQ%3D%3D\" href='https:\/\/questheroes.es\/wp-content\/uploads\/2023\/07\/MG_9502-scaled.jpg'><img loading=\"lazy\" decoding=\"async\" width=\"890\" height=\"664\" src=\"https:\/\/questheroes.es\/wp-content\/uploads\/2023\/07\/MG_9502-890x664.jpg\" class=\"attachment-catamaran-thumb-square size-catamaran-thumb-square\" alt=\"\" aria-describedby=\"gallery-1-20408\" \/><\/a>\n\t\t\t<\/div>\n\t\t\t\t<figcaption class='wp-caption-text gallery-caption' id='gallery-1-20408'>\n\t\t\t\tabaris\n\t\t\t\t<\/figcaption><\/figure>\n\t\t<\/div>\n\t\t<\/div>\n\t\t\t\t\t\t<\/div>\n\t\t\t\t<div class=\"elementor-element elementor-element-c714fc9 gallery-spacing-custom elementor-widget elementor-widget-image-gallery\" data-id=\"c714fc9\" data-element_type=\"widget\" data-e-type=\"widget\" data-widget_type=\"image-gallery.default\">\n\t\t\t\t\t\t\t<div class=\"elementor-image-gallery\">\n\t\t\t<div id='gallery-2' class='gallery galleryid-20444 gallery-columns-1 gallery-size-catamaran-thumb-square'><figure class='gallery-item'>\n\t\t\t<div class='gallery-icon landscape'>\n\t\t\t\t<a data-elementor-open-lightbox=\"yes\" data-elementor-lightbox-slideshow=\"c714fc9\" data-elementor-lightbox-title=\"_MG_9324\" data-e-action-hash=\"#elementor-action%3Aaction%3Dlightbox%26settings%3DeyJpZCI6MjA0MTEsInVybCI6Imh0dHBzOlwvXC9xdWVzdGhlcm9lcy5lc1wvd3AtY29udGVudFwvdXBsb2Fkc1wvMjAyM1wvMDdcL01HXzkzMjQtMS1zY2FsZWQuanBnIiwic2xpZGVzaG93IjoiYzcxNGZjOSJ9\" href='https:\/\/questheroes.es\/wp-content\/uploads\/2023\/07\/MG_9324-1-scaled.jpg'><img loading=\"lazy\" decoding=\"async\" width=\"890\" height=\"497\" src=\"https:\/\/questheroes.es\/wp-content\/uploads\/2023\/07\/MG_9324-1-scaled.jpg\" class=\"attachment-catamaran-thumb-square size-catamaran-thumb-square\" alt=\"\" srcset=\"https:\/\/questheroes.es\/wp-content\/uploads\/2023\/07\/MG_9324-1-scaled.jpg 2560w, https:\/\/questheroes.es\/wp-content\/uploads\/2023\/07\/MG_9324-1-300x168.jpg 300w\" sizes=\"(max-width: 890px) 100vw, 890px\" \/><\/a>\n\t\t\t<\/div><\/figure>\n\t\t<\/div>\n\t\t<\/div>\n\t\t\t\t\t\t<\/div>\n\t\t\t\t\t<\/div>\n\t\t<\/div>\n\t\t\t\t<div class=\"elementor-column elementor-col-50 elementor-top-column elementor-element elementor-element-ff3e72d sc_column_fixed sc_content_align_inherit sc_layouts_column_icons_position_left sc_fly_static\" data-id=\"ff3e72d\" data-element_type=\"column\" data-e-type=\"column\">\n\t\t\t<div class=\"elementor-widget-wrap elementor-element-populated\">\n\t\t\t\t\t\t<div class=\"elementor-element elementor-element-bf43d77 elementor-widget elementor-widget-spacer\" data-id=\"bf43d77\" data-element_type=\"widget\" data-e-type=\"widget\" data-widget_type=\"spacer.default\">\n\t\t\t\t\t\t\t<div class=\"elementor-spacer\">\n\t\t\t<div class=\"elementor-spacer-inner\"><\/div>\n\t\t<\/div>\n\t\t\t\t\t\t<\/div>\n\t\t\t\t<div class=\"elementor-element elementor-element-2bc3241 sc_fly_static elementor-widget elementor-widget-trx_sc_title\" data-id=\"2bc3241\" data-element_type=\"widget\" data-e-type=\"widget\" data-widget_type=\"trx_sc_title.default\">\n\t\t\t\t<div class=\"elementor-widget-container\">\n\t\t\t\t\t<div\t\tclass=\"sc_title sc_title_default\" ><span class=\"sc_item_subtitle sc_title_subtitle sc_item_subtitle_above sc_item_title_style_default\">mit F\u00fchrerschein oder Skipper, 250 PS, 10 Personen, 7,40 Meter<\/span><\/div>\t\t\t\t<\/div>\n\t\t\t\t<\/div>\n\t\t\t\t<div class=\"elementor-element elementor-element-1aa1d12 elementor-widget elementor-widget-text-editor\" data-id=\"1aa1d12\" data-element_type=\"widget\" data-e-type=\"widget\" data-widget_type=\"text-editor.default\">\n\t\t\t\t\t\t\t\t\t<div class=\"elementor-element elementor-element-fd757e9 elementor-widget elementor-widget-text-editor\" data-id=\"fd757e9\" data-element_type=\"widget\" data-widget_type=\"text-editor.default\"><div class=\"elementor-widget-container\"><div class=\"elementor-text-editor elementor-clearfix\"><div class=\"elementor-element elementor-element-ea01128 elementor-widget elementor-widget-text-editor\" data-id=\"ea01128\" data-element_type=\"widget\" data-widget_type=\"text-editor.default\"><div class=\"elementor-widget-container\"><div class=\"elementor-text-editor elementor-clearfix\"><div class=\"elementor-element elementor-element-06bc604 elementor-widget elementor-widget-text-editor\" data-id=\"06bc604\" data-element_type=\"widget\" data-widget_type=\"text-editor.default\"><div class=\"elementor-widget-container\"><div class=\"elementor-text-editor elementor-clearfix\"><div class=\"elementor-element elementor-element-17a382b elementor-widget elementor-widget-text-editor\" data-id=\"17a382b\" data-element_type=\"widget\" data-widget_type=\"text-editor.default\"><div class=\"elementor-widget-container\"><div class=\"elementor-text-editor elementor-clearfix\"><p>Abaris ist eine Wahl f\u00fcr die ganze Familie, gebaut mit Komfort und mit einem erweiterten Bugbereich, der ein gro\u00dfz\u00fcgiges Sonnendeck beherbergt. Es bietet Platz f\u00fcr 10 Passagiere und mit 250 PS k\u00f6nnen Sie die Buchten von Alcudia und Pollensa wie nie zuvor erkunden.<\/p><\/div><\/div><\/div><p>Mieten Sie ein Boot - Mallorca.<\/p><\/div><\/div><\/div><\/div><\/div><\/div><\/div><\/div><\/div>\t\t\t\t\t\t\t\t<\/div>\n\t\t\t\t<div class=\"elementor-element elementor-element-0a26b76 elementor-widget elementor-widget-spacer\" data-id=\"0a26b76\" data-element_type=\"widget\" data-e-type=\"widget\" data-widget_type=\"spacer.default\">\n\t\t\t\t\t\t\t<div class=\"elementor-spacer\">\n\t\t\t<div class=\"elementor-spacer-inner\"><\/div>\n\t\t<\/div>\n\t\t\t\t\t\t<\/div>\n\t\t\t\t<div class=\"elementor-element elementor-element-26956e2 sc_fly_static elementor-widget elementor-widget-trx_sc_table\" data-id=\"26956e2\" data-element_type=\"widget\" data-e-type=\"widget\" data-widget_type=\"trx_sc_table.default\">\n\t\t\t\t<div class=\"elementor-widget-container\">\n\t\t\t\t\t<div class=\"sc_table_wrap\"><div\t\tclass=\"sc_table sc_table_default alignleft trx_addons_inline_405177892\" ><table cellspacing=\"0\" summary=\"text\">\n\t<tr>\n\t\t<td>4 Stunden<\/td>\n\t\t<td>577,27 EUR<\/td>\n\t<\/tr>\n\t<tr>\n\t\t<td>8 Stunden<\/td>\n\t\t<td>682,23 EUR<\/td>\n\t<\/tr>\n\t<tr>\n\t\t<td>Skipper<\/td>\n\t\t<td>262,40 EUR<\/td>\n\t<\/tr>\n<tr>\n\t\t<td>Einzahlung<\/td>\n\t\t<td>1000 EUR<\/td>\n\t<\/tr>\n\t<tr>\n\t\t<td>Kraftstoff<\/td>\n\t\t<td>nicht enthalten<\/td>\n\t<\/tr>\n<\/table><\/div><\/div>\t\t\t\t<\/div>\n\t\t\t\t<\/div>\n\t\t\t\t<div class=\"elementor-element elementor-element-cd7cd71 elementor-widget elementor-widget-spacer\" data-id=\"cd7cd71\" data-element_type=\"widget\" data-e-type=\"widget\" data-widget_type=\"spacer.default\">\n\t\t\t\t\t\t\t<div class=\"elementor-spacer\">\n\t\t\t<div class=\"elementor-spacer-inner\"><\/div>\n\t\t<\/div>\n\t\t\t\t\t\t<\/div>\n\t\t\t\t<div class=\"elementor-element elementor-element-ed60479 sc_fly_static elementor-widget elementor-widget-trx_sc_button\" data-id=\"ed60479\" data-element_type=\"widget\" data-e-type=\"widget\" data-widget_type=\"trx_sc_button.default\">\n\t\t\t\t<div class=\"elementor-widget-container\">\n\t\t\t\t\t<div\tclass=\"sc_item_button sc_button_wrap sc_align_left\" ><a href=\"https:\/\/fareharbor.com\/embeds\/book\/questheroesboatrentalmallorca\/items\/692877\/?full-items=yes&#038;flow=1539119\" class=\"sc_button sc_button_default sc_button_size_normal sc_button_icon_left color_style_link2\" ><span class=\"sc_button_text\"><span class=\"sc_button_title\">Buchen Sie dieses Boot<\/span><\/span><\/a><\/div>\t\t\t\t<\/div>\n\t\t\t\t<\/div>\n\t\t\t\t\t<\/div>\n\t\t<\/div>\n\t\t\t\t\t<\/div>\n\t\t<\/section>\n\t\t\t\t<\/div>","protected":false},"excerpt":{"rendered":"<p>Abaris 23 Abaris Abaris Abaris Abaris Abaris Abaris Abaris mit Lizenz oder Skipper, 250\u2026<\/p>","protected":false},"author":4309,"featured_media":0,"parent":0,"menu_order":0,"comment_status":"closed","ping_status":"closed","template":"","meta":{"_joinchat":[],"footnotes":""},"class_list":["post-20444","page","type-page","status-publish","hentry"],"yoast_head":"<!-- This site is optimized with the Yoast SEO plugin v27.3 - https:\/\/yoast.com\/product\/yoast-seo-wordpress\/ -->\n<title>Abaris 23 - Quest Heroes Boat Rental Mallorca<\/title>\n<meta name=\"robots\" content=\"index, follow, max-snippet:-1, max-image-preview:large, max-video-preview:-1\" \/>\n<link rel=\"canonical\" href=\"https:\/\/questheroes.es\/de\/abaris-23-2\/\" \/>\n<meta property=\"og:locale\" content=\"de_DE\" \/>\n<meta property=\"og:type\" content=\"article\" \/>\n<meta property=\"og:title\" content=\"Abaris 23 - Quest Heroes Boat Rental Mallorca\" \/>\n<meta property=\"og:description\" content=\"Abaris 23 abaris abaris abaris abaris abaris abaris abaris abaris with license or skipper, 250&hellip;\" \/>\n<meta property=\"og:url\" content=\"https:\/\/questheroes.es\/de\/abaris-23-2\/\" \/>\n<meta property=\"og:site_name\" content=\"Quest Heroes Boat Rental Mallorca\" \/>\n<meta property=\"article:modified_time\" content=\"2026-01-31T03:40:17+00:00\" \/>\n<meta property=\"og:image\" content=\"https:\/\/questheroes.es\/wp-content\/uploads\/2023\/07\/DJI_0102-scaled.jpg\" \/>\n<meta name=\"twitter:card\" content=\"summary_large_image\" \/>\n<meta name=\"twitter:label1\" content=\"Gesch\u00e4tzte Lesezeit\" \/>\n\t<meta name=\"twitter:data1\" content=\"1\u00a0Minute\" \/>\n<script type=\"application\/ld+json\" class=\"yoast-schema-graph\">{\"@context\":\"https:\\\/\\\/schema.org\",\"@graph\":[{\"@type\":\"WebPage\",\"@id\":\"https:\\\/\\\/questheroes.es\\\/abaris-23-2\\\/\",\"url\":\"https:\\\/\\\/questheroes.es\\\/abaris-23-2\\\/\",\"name\":\"Abaris 23 - Quest Heroes Boat Rental Mallorca\",\"isPartOf\":{\"@id\":\"https:\\\/\\\/questheroes.es\\\/#website\"},\"primaryImageOfPage\":{\"@id\":\"https:\\\/\\\/questheroes.es\\\/abaris-23-2\\\/#primaryimage\"},\"image\":{\"@id\":\"https:\\\/\\\/questheroes.es\\\/abaris-23-2\\\/#primaryimage\"},\"thumbnailUrl\":\"https:\\\/\\\/questheroes.es\\\/wp-content\\\/uploads\\\/2023\\\/07\\\/DJI_0102-scaled.jpg\",\"datePublished\":\"2023-07-09T21:51:08+00:00\",\"dateModified\":\"2026-01-31T03:40:17+00:00\",\"breadcrumb\":{\"@id\":\"https:\\\/\\\/questheroes.es\\\/abaris-23-2\\\/#breadcrumb\"},\"inLanguage\":\"de\",\"potentialAction\":[{\"@type\":\"ReadAction\",\"target\":[\"https:\\\/\\\/questheroes.es\\\/abaris-23-2\\\/\"]}]},{\"@type\":\"ImageObject\",\"inLanguage\":\"de\",\"@id\":\"https:\\\/\\\/questheroes.es\\\/abaris-23-2\\\/#primaryimage\",\"url\":\"https:\\\/\\\/questheroes.es\\\/wp-content\\\/uploads\\\/2023\\\/07\\\/DJI_0102-scaled.jpg\",\"contentUrl\":\"https:\\\/\\\/questheroes.es\\\/wp-content\\\/uploads\\\/2023\\\/07\\\/DJI_0102-scaled.jpg\"},{\"@type\":\"BreadcrumbList\",\"@id\":\"https:\\\/\\\/questheroes.es\\\/abaris-23-2\\\/#breadcrumb\",\"itemListElement\":[{\"@type\":\"ListItem\",\"position\":1,\"name\":\"Home\",\"item\":\"https:\\\/\\\/questheroes.es\\\/\"},{\"@type\":\"ListItem\",\"position\":2,\"name\":\"Abaris 23\"}]},{\"@type\":\"WebSite\",\"@id\":\"https:\\\/\\\/questheroes.es\\\/#website\",\"url\":\"https:\\\/\\\/questheroes.es\\\/\",\"name\":\"Quest Heroes Boat Rental Mallorca\",\"description\":\"Rent a Boat In Mallorca\",\"potentialAction\":[{\"@type\":\"SearchAction\",\"target\":{\"@type\":\"EntryPoint\",\"urlTemplate\":\"https:\\\/\\\/questheroes.es\\\/?s={search_term_string}\"},\"query-input\":{\"@type\":\"PropertyValueSpecification\",\"valueRequired\":true,\"valueName\":\"search_term_string\"}}],\"inLanguage\":\"de\"}]}<\/script>\n<!-- \/ Yoast SEO plugin. -->","yoast_head_json":{"title":"Abaris 23 - Quest Heroes Bootsverleih Mallorca","robots":{"index":"index","follow":"follow","max-snippet":"max-snippet:-1","max-image-preview":"max-image-preview:large","max-video-preview":"max-video-preview:-1"},"canonical":"https:\/\/questheroes.es\/de\/abaris-23-2\/","og_locale":"de_DE","og_type":"article","og_title":"Abaris 23 - Quest Heroes Boat Rental Mallorca","og_description":"Abaris 23 abaris abaris abaris abaris abaris abaris abaris abaris with license or skipper, 250&hellip;","og_url":"https:\/\/questheroes.es\/de\/abaris-23-2\/","og_site_name":"Quest Heroes Boat Rental Mallorca","article_modified_time":"2026-01-31T03:40:17+00:00","og_image":[{"url":"https:\/\/questheroes.es\/wp-content\/uploads\/2023\/07\/DJI_0102-scaled.jpg","type":"","width":"","height":""}],"twitter_card":"summary_large_image","twitter_misc":{"Gesch\u00e4tzte Lesezeit":"1\u00a0Minute"},"schema":{"@context":"https:\/\/schema.org","@graph":[{"@type":"WebPage","@id":"https:\/\/questheroes.es\/abaris-23-2\/","url":"https:\/\/questheroes.es\/abaris-23-2\/","name":"Abaris 23 - Quest Heroes Bootsverleih Mallorca","isPartOf":{"@id":"https:\/\/questheroes.es\/#website"},"primaryImageOfPage":{"@id":"https:\/\/questheroes.es\/abaris-23-2\/#primaryimage"},"image":{"@id":"https:\/\/questheroes.es\/abaris-23-2\/#primaryimage"},"thumbnailUrl":"https:\/\/questheroes.es\/wp-content\/uploads\/2023\/07\/DJI_0102-scaled.jpg","datePublished":"2023-07-09T21:51:08+00:00","dateModified":"2026-01-31T03:40:17+00:00","breadcrumb":{"@id":"https:\/\/questheroes.es\/abaris-23-2\/#breadcrumb"},"inLanguage":"de","potentialAction":[{"@type":"ReadAction","target":["https:\/\/questheroes.es\/abaris-23-2\/"]}]},{"@type":"ImageObject","inLanguage":"de","@id":"https:\/\/questheroes.es\/abaris-23-2\/#primaryimage","url":"https:\/\/questheroes.es\/wp-content\/uploads\/2023\/07\/DJI_0102-scaled.jpg","contentUrl":"https:\/\/questheroes.es\/wp-content\/uploads\/2023\/07\/DJI_0102-scaled.jpg"},{"@type":"BreadcrumbList","@id":"https:\/\/questheroes.es\/abaris-23-2\/#breadcrumb","itemListElement":[{"@type":"ListItem","position":1,"name":"Home","item":"https:\/\/questheroes.es\/"},{"@type":"ListItem","position":2,"name":"Abaris 23"}]},{"@type":"WebSite","@id":"https:\/\/questheroes.es\/#website","url":"https:\/\/questheroes.es\/","name":"Quest Heroes Bootsverleih Mallorca","description":"Mieten Sie ein Boot auf Mallorca","potentialAction":[{"@type":"SearchAction","target":{"@type":"EntryPoint","urlTemplate":"https:\/\/questheroes.es\/?s={search_term_string}"},"query-input":{"@type":"PropertyValueSpecification","valueRequired":true,"valueName":"search_term_string"}}],"inLanguage":"de"}]}},"_links":{"self":[{"href":"https:\/\/questheroes.es\/de\/wp-json\/wp\/v2\/pages\/20444","targetHints":{"allow":["GET"]}}],"collection":[{"href":"https:\/\/questheroes.es\/de\/wp-json\/wp\/v2\/pages"}],"about":[{"href":"https:\/\/questheroes.es\/de\/wp-json\/wp\/v2\/types\/page"}],"author":[{"embeddable":true,"href":"https:\/\/questheroes.es\/de\/wp-json\/wp\/v2\/users\/4309"}],"replies":[{"embeddable":true,"href":"https:\/\/questheroes.es\/de\/wp-json\/wp\/v2\/comments?post=20444"}],"version-history":[{"count":12,"href":"https:\/\/questheroes.es\/de\/wp-json\/wp\/v2\/pages\/20444\/revisions"}],"predecessor-version":[{"id":22345,"href":"https:\/\/questheroes.es\/de\/wp-json\/wp\/v2\/pages\/20444\/revisions\/22345"}],"wp:attachment":[{"href":"https:\/\/questheroes.es\/de\/wp-json\/wp\/v2\/media?parent=20444"}],"curies":[{"name":"wp","href":"https:\/\/api.w.org\/{rel}","templated":true}]}}