{"id":20429,"date":"2023-07-09T23:44:46","date_gmt":"2023-07-09T21:44:46","guid":{"rendered":"https:\/\/questheroes.es\/?page_id=20429"},"modified":"2026-01-31T04:41:34","modified_gmt":"2026-01-31T03:41:34","slug":"ryck-280","status":"publish","type":"page","link":"https:\/\/questheroes.es\/de\/ryck-280\/","title":{"rendered":"Ryck 280"},"content":{"rendered":"<div data-elementor-type=\"wp-page\" data-elementor-id=\"20429\" class=\"elementor elementor-20429\">\n\t\t\t\t\t\t<section class=\"elementor-section elementor-top-section elementor-element elementor-element-4cf4068 elementor-section-boxed elementor-section-height-default elementor-section-height-default sc_fly_static\" data-id=\"4cf4068\" data-element_type=\"section\" data-e-type=\"section\">\n\t\t\t\t\t\t<div class=\"elementor-container elementor-column-gap-extended\">\n\t\t\t\t\t<div class=\"elementor-column elementor-col-50 elementor-top-column elementor-element elementor-element-d6690f2 sc_content_align_inherit sc_layouts_column_icons_position_left sc_fly_static\" data-id=\"d6690f2\" data-element_type=\"column\" data-e-type=\"column\">\n\t\t\t<div class=\"elementor-widget-wrap elementor-element-populated\">\n\t\t\t\t\t\t<div class=\"elementor-element elementor-element-e9a736e sc_fly_static elementor-widget elementor-widget-trx_sc_title\" data-id=\"e9a736e\" data-element_type=\"widget\" data-e-type=\"widget\" data-widget_type=\"trx_sc_title.default\">\n\t\t\t\t<div class=\"elementor-widget-container\">\n\t\t\t\t\t<div\t\tclass=\"sc_title sc_title_default\" ><h1 class=\"sc_item_title sc_title_title sc_item_title_style_default sc_item_title_tag\"\n\t\t\t><span class=\"sc_item_title_text\">Ryck 280<\/span><\/h1><\/div>\t\t\t\t<\/div>\n\t\t\t\t<\/div>\n\t\t\t\t<div class=\"elementor-element elementor-element-0c0f516 gallery-spacing-custom elementor-widget elementor-widget-image-gallery\" data-id=\"0c0f516\" data-element_type=\"widget\" data-e-type=\"widget\" data-widget_type=\"image-gallery.default\">\n\t\t\t\t\t\t\t<div class=\"elementor-image-gallery\">\n\t\t\t<div id='gallery-1' class='gallery galleryid-20429 gallery-columns-2 gallery-size-catamaran-thumb-square'><figure class='gallery-item'>\n\t\t\t<div class='gallery-icon landscape'>\n\t\t\t\t<a data-elementor-open-lightbox=\"yes\" data-elementor-lightbox-slideshow=\"0c0f516\" data-elementor-lightbox-title=\"default\" data-e-action-hash=\"#elementor-action%3Aaction%3Dlightbox%26settings%3DeyJpZCI6MjA0MzgsInVybCI6Imh0dHBzOlwvXC9xdWVzdGhlcm9lcy5lc1wvd3AtY29udGVudFwvdXBsb2Fkc1wvMjAyM1wvMDdcL3IyODA2LXNjYWxlZC1lMTY5NTIxNDU0NTgzMy5qcGciLCJzbGlkZXNob3ciOiIwYzBmNTE2In0%3D\" title=\"Standard\" href='https:\/\/questheroes.es\/wp-content\/uploads\/2023\/07\/r2806-scaled-e1695214545833.jpg'><img fetchpriority=\"high\" decoding=\"async\" width=\"890\" height=\"664\" src=\"https:\/\/questheroes.es\/wp-content\/uploads\/2023\/07\/r2806-scaled-e1695214545833-890x664.jpg\" class=\"attachment-catamaran-thumb-square size-catamaran-thumb-square\" alt=\"\" aria-describedby=\"gallery-1-20438\" \/><\/a>\n\t\t\t<\/div>\n\t\t\t\t<figcaption class='wp-caption-text gallery-caption' id='gallery-1-20438'>\n\t\t\t\tStandard\n\t\t\t\t<\/figcaption><\/figure><figure class='gallery-item'>\n\t\t\t<div class='gallery-icon landscape'>\n\t\t\t\t<a data-elementor-open-lightbox=\"yes\" data-elementor-lightbox-slideshow=\"0c0f516\" data-elementor-lightbox-title=\"r28014\" data-e-action-hash=\"#elementor-action%3Aaction%3Dlightbox%26settings%3DeyJpZCI6MjA0MzIsInVybCI6Imh0dHBzOlwvXC9xdWVzdGhlcm9lcy5lc1wvd3AtY29udGVudFwvdXBsb2Fkc1wvMjAyM1wvMDdcL3IyODAxNC1zY2FsZWQuanBnIiwic2xpZGVzaG93IjoiMGMwZjUxNiJ9\" href='https:\/\/questheroes.es\/wp-content\/uploads\/2023\/07\/r28014-scaled.jpg'><img decoding=\"async\" width=\"890\" height=\"664\" src=\"https:\/\/questheroes.es\/wp-content\/uploads\/2023\/07\/r28014-890x664.jpg\" class=\"attachment-catamaran-thumb-square size-catamaran-thumb-square\" alt=\"\" \/><\/a>\n\t\t\t<\/div><\/figure><figure class='gallery-item'>\n\t\t\t<div class='gallery-icon landscape'>\n\t\t\t\t<a data-elementor-open-lightbox=\"yes\" data-elementor-lightbox-slideshow=\"0c0f516\" data-elementor-lightbox-title=\"r28013\" data-e-action-hash=\"#elementor-action%3Aaction%3Dlightbox%26settings%3DeyJpZCI6MjA0MzQsInVybCI6Imh0dHBzOlwvXC9xdWVzdGhlcm9lcy5lc1wvd3AtY29udGVudFwvdXBsb2Fkc1wvMjAyM1wvMDdcL3IyODAxMy1zY2FsZWQuanBnIiwic2xpZGVzaG93IjoiMGMwZjUxNiJ9\" href='https:\/\/questheroes.es\/wp-content\/uploads\/2023\/07\/r28013-scaled.jpg'><img decoding=\"async\" width=\"890\" height=\"664\" src=\"https:\/\/questheroes.es\/wp-content\/uploads\/2023\/07\/r28013-890x664.jpg\" class=\"attachment-catamaran-thumb-square size-catamaran-thumb-square\" alt=\"\" \/><\/a>\n\t\t\t<\/div><\/figure><figure class='gallery-item'>\n\t\t\t<div class='gallery-icon landscape'>\n\t\t\t\t<a data-elementor-open-lightbox=\"yes\" data-elementor-lightbox-slideshow=\"0c0f516\" data-elementor-lightbox-title=\"r2808\" data-e-action-hash=\"#elementor-action%3Aaction%3Dlightbox%26settings%3DeyJpZCI6MjA0MzcsInVybCI6Imh0dHBzOlwvXC9xdWVzdGhlcm9lcy5lc1wvd3AtY29udGVudFwvdXBsb2Fkc1wvMjAyM1wvMDdcL3IyODA4LXNjYWxlZC5qcGciLCJzbGlkZXNob3ciOiIwYzBmNTE2In0%3D\" href='https:\/\/questheroes.es\/wp-content\/uploads\/2023\/07\/r2808-scaled.jpg'><img loading=\"lazy\" decoding=\"async\" width=\"890\" height=\"664\" src=\"https:\/\/questheroes.es\/wp-content\/uploads\/2023\/07\/r2808-890x664.jpg\" class=\"attachment-catamaran-thumb-square size-catamaran-thumb-square\" alt=\"\" \/><\/a>\n\t\t\t<\/div><\/figure><figure class='gallery-item'>\n\t\t\t<div class='gallery-icon landscape'>\n\t\t\t\t<a data-elementor-open-lightbox=\"yes\" data-elementor-lightbox-slideshow=\"0c0f516\" data-elementor-lightbox-title=\"default\" data-e-action-hash=\"#elementor-action%3Aaction%3Dlightbox%26settings%3DeyJpZCI6MjA0MzksInVybCI6Imh0dHBzOlwvXC9xdWVzdGhlcm9lcy5lc1wvd3AtY29udGVudFwvdXBsb2Fkc1wvMjAyM1wvMDdcL3IyODAzLXNjYWxlZC5qcGciLCJzbGlkZXNob3ciOiIwYzBmNTE2In0%3D\" title=\"Standard\" href='https:\/\/questheroes.es\/wp-content\/uploads\/2023\/07\/r2803-scaled.jpg'><img loading=\"lazy\" decoding=\"async\" width=\"890\" height=\"489\" src=\"https:\/\/questheroes.es\/wp-content\/uploads\/2023\/07\/r2803-scaled.jpg\" class=\"attachment-catamaran-thumb-square size-catamaran-thumb-square\" alt=\"\" aria-describedby=\"gallery-1-20439\" srcset=\"https:\/\/questheroes.es\/wp-content\/uploads\/2023\/07\/r2803-scaled.jpg 2560w, https:\/\/questheroes.es\/wp-content\/uploads\/2023\/07\/r2803-300x165.jpg 300w\" sizes=\"(max-width: 890px) 100vw, 890px\" \/><\/a>\n\t\t\t<\/div>\n\t\t\t\t<figcaption class='wp-caption-text gallery-caption' id='gallery-1-20439'>\n\t\t\t\tStandard\n\t\t\t\t<\/figcaption><\/figure><figure class='gallery-item'>\n\t\t\t<div class='gallery-icon landscape'>\n\t\t\t\t<a data-elementor-open-lightbox=\"yes\" data-elementor-lightbox-slideshow=\"0c0f516\" data-elementor-lightbox-title=\"r28015\" data-e-action-hash=\"#elementor-action%3Aaction%3Dlightbox%26settings%3DeyJpZCI6MjA0MzEsInVybCI6Imh0dHBzOlwvXC9xdWVzdGhlcm9lcy5lc1wvd3AtY29udGVudFwvdXBsb2Fkc1wvMjAyM1wvMDdcL3IyODAxNS1zY2FsZWQuanBnIiwic2xpZGVzaG93IjoiMGMwZjUxNiJ9\" href='https:\/\/questheroes.es\/wp-content\/uploads\/2023\/07\/r28015-scaled.jpg'><img loading=\"lazy\" decoding=\"async\" width=\"890\" height=\"664\" src=\"https:\/\/questheroes.es\/wp-content\/uploads\/2023\/07\/r28015-890x664.jpg\" class=\"attachment-catamaran-thumb-square size-catamaran-thumb-square\" alt=\"\" \/><\/a>\n\t\t\t<\/div><\/figure><figure class='gallery-item'>\n\t\t\t<div class='gallery-icon portrait'>\n\t\t\t\t<a data-elementor-open-lightbox=\"yes\" data-elementor-lightbox-slideshow=\"0c0f516\" data-elementor-lightbox-title=\"r28012\" data-e-action-hash=\"#elementor-action%3Aaction%3Dlightbox%26settings%3DeyJpZCI6MjA0MzUsInVybCI6Imh0dHBzOlwvXC9xdWVzdGhlcm9lcy5lc1wvd3AtY29udGVudFwvdXBsb2Fkc1wvMjAyM1wvMDdcL3IyODAxMi1zY2FsZWQuanBnIiwic2xpZGVzaG93IjoiMGMwZjUxNiJ9\" href='https:\/\/questheroes.es\/wp-content\/uploads\/2023\/07\/r28012-scaled.jpg'><img loading=\"lazy\" decoding=\"async\" width=\"890\" height=\"664\" src=\"https:\/\/questheroes.es\/wp-content\/uploads\/2023\/07\/r28012-890x664.jpg\" class=\"attachment-catamaran-thumb-square size-catamaran-thumb-square\" alt=\"\" \/><\/a>\n\t\t\t<\/div><\/figure><figure class='gallery-item'>\n\t\t\t<div class='gallery-icon landscape'>\n\t\t\t\t<a data-elementor-open-lightbox=\"yes\" data-elementor-lightbox-slideshow=\"0c0f516\" data-elementor-lightbox-title=\"r28011\" data-e-action-hash=\"#elementor-action%3Aaction%3Dlightbox%26settings%3DeyJpZCI6MjA0MzYsInVybCI6Imh0dHBzOlwvXC9xdWVzdGhlcm9lcy5lc1wvd3AtY29udGVudFwvdXBsb2Fkc1wvMjAyM1wvMDdcL3IyODAxMS1zY2FsZWQuanBnIiwic2xpZGVzaG93IjoiMGMwZjUxNiJ9\" href='https:\/\/questheroes.es\/wp-content\/uploads\/2023\/07\/r28011-scaled.jpg'><img loading=\"lazy\" decoding=\"async\" width=\"890\" height=\"664\" src=\"https:\/\/questheroes.es\/wp-content\/uploads\/2023\/07\/r28011-890x664.jpg\" class=\"attachment-catamaran-thumb-square size-catamaran-thumb-square\" alt=\"\" \/><\/a>\n\t\t\t<\/div><\/figure>\n\t\t<\/div>\n\t\t<\/div>\n\t\t\t\t\t\t<\/div>\n\t\t\t\t<div class=\"elementor-element elementor-element-c714fc9 gallery-spacing-custom elementor-widget elementor-widget-image-gallery\" data-id=\"c714fc9\" data-element_type=\"widget\" data-e-type=\"widget\" data-widget_type=\"image-gallery.default\">\n\t\t\t\t\t\t\t<div class=\"elementor-image-gallery\">\n\t\t\t<div id='gallery-2' class='gallery galleryid-20429 gallery-columns-1 gallery-size-catamaran-thumb-square'><figure class='gallery-item'>\n\t\t\t<div class='gallery-icon landscape'>\n\t\t\t\t<a data-elementor-open-lightbox=\"yes\" data-elementor-lightbox-slideshow=\"c714fc9\" data-elementor-lightbox-title=\"default\" data-e-action-hash=\"#elementor-action%3Aaction%3Dlightbox%26settings%3DeyJpZCI6MjA0NDAsInVybCI6Imh0dHBzOlwvXC9xdWVzdGhlcm9lcy5lc1wvd3AtY29udGVudFwvdXBsb2Fkc1wvMjAyM1wvMDdcL3IyODAxLXNjYWxlZC5qcGciLCJzbGlkZXNob3ciOiJjNzE0ZmM5In0%3D\" title=\"Standard\" href='https:\/\/questheroes.es\/wp-content\/uploads\/2023\/07\/r2801-scaled.jpg'><img loading=\"lazy\" decoding=\"async\" width=\"890\" height=\"664\" src=\"https:\/\/questheroes.es\/wp-content\/uploads\/2023\/07\/r2801-890x664.jpg\" class=\"attachment-catamaran-thumb-square size-catamaran-thumb-square\" alt=\"\" aria-describedby=\"gallery-2-20440\" \/><\/a>\n\t\t\t<\/div>\n\t\t\t\t<figcaption class='wp-caption-text gallery-caption' id='gallery-2-20440'>\n\t\t\t\tStandard\n\t\t\t\t<\/figcaption><\/figure>\n\t\t<\/div>\n\t\t<\/div>\n\t\t\t\t\t\t<\/div>\n\t\t\t\t\t<\/div>\n\t\t<\/div>\n\t\t\t\t<div class=\"elementor-column elementor-col-50 elementor-top-column elementor-element elementor-element-ff3e72d sc_column_fixed sc_content_align_inherit sc_layouts_column_icons_position_left sc_fly_static\" data-id=\"ff3e72d\" data-element_type=\"column\" data-e-type=\"column\">\n\t\t\t<div class=\"elementor-widget-wrap elementor-element-populated\">\n\t\t\t\t\t\t<div class=\"elementor-element elementor-element-bf43d77 elementor-widget elementor-widget-spacer\" data-id=\"bf43d77\" data-element_type=\"widget\" data-e-type=\"widget\" data-widget_type=\"spacer.default\">\n\t\t\t\t\t\t\t<div class=\"elementor-spacer\">\n\t\t\t<div class=\"elementor-spacer-inner\"><\/div>\n\t\t<\/div>\n\t\t\t\t\t\t<\/div>\n\t\t\t\t<div class=\"elementor-element elementor-element-2bc3241 sc_fly_static elementor-widget elementor-widget-trx_sc_title\" data-id=\"2bc3241\" data-element_type=\"widget\" data-e-type=\"widget\" data-widget_type=\"trx_sc_title.default\">\n\t\t\t\t<div class=\"elementor-widget-container\">\n\t\t\t\t\t<div\t\tclass=\"sc_title sc_title_default\" ><span class=\"sc_item_subtitle sc_title_subtitle sc_item_subtitle_above sc_item_title_style_default\">mit F\u00fchrerschein oder Skipper, 300 PS, 8 Passagiere, 8,80 Meter<\/span><\/div>\t\t\t\t<\/div>\n\t\t\t\t<\/div>\n\t\t\t\t<div class=\"elementor-element elementor-element-1aa1d12 elementor-widget elementor-widget-text-editor\" data-id=\"1aa1d12\" data-element_type=\"widget\" data-e-type=\"widget\" data-widget_type=\"text-editor.default\">\n\t\t\t\t\t\t\t\t\t<div class=\"elementor-element elementor-element-fd757e9 elementor-widget elementor-widget-text-editor\" data-id=\"fd757e9\" data-element_type=\"widget\" data-widget_type=\"text-editor.default\">\n<div class=\"elementor-widget-container\">\n<div class=\"elementor-text-editor elementor-clearfix\">\n<div class=\"elementor-element elementor-element-ea01128 elementor-widget elementor-widget-text-editor\" data-id=\"ea01128\" data-element_type=\"widget\" data-widget_type=\"text-editor.default\">\n<div class=\"elementor-widget-container\">\n<div class=\"elementor-text-editor elementor-clearfix\">\n<div class=\"elementor-element elementor-element-06bc604 elementor-widget elementor-widget-text-editor\" data-id=\"06bc604\" data-element_type=\"widget\" data-widget_type=\"text-editor.default\">\n<div class=\"elementor-widget-container\">\n<div class=\"elementor-text-editor elementor-clearfix\">\n<div class=\"elementor-element elementor-element-17a382b elementor-widget elementor-widget-text-editor\" data-id=\"17a382b\" data-element_type=\"widget\" data-widget_type=\"text-editor.default\">\n<div class=\"elementor-widget-container\">\n<div class=\"elementor-text-editor elementor-clearfix\">\n<p>Dieses hochklassige Modell ist f\u00fcr diejenigen gedacht, die den neuesten Bootstrends folgen. Mit bis zu 8 Besatzungsmitgliedern und einem 300-PS-Motor k\u00f6nnen Sie die sch\u00f6nen Buchten um Alcudia und Pollensa erkunden.<\/p>\n<p>Mieten Sie dieses Boot in Alcudia - Mallorca.<\/p>\n<\/div>\n<\/div>\n<\/div>\n<\/div>\n<\/div>\n<\/div>\n<\/div>\n<\/div>\n<\/div>\n<\/div>\n<\/div>\n<\/div>\t\t\t\t\t\t\t\t<\/div>\n\t\t\t\t<div class=\"elementor-element elementor-element-0a26b76 elementor-widget elementor-widget-spacer\" data-id=\"0a26b76\" data-element_type=\"widget\" data-e-type=\"widget\" data-widget_type=\"spacer.default\">\n\t\t\t\t\t\t\t<div class=\"elementor-spacer\">\n\t\t\t<div class=\"elementor-spacer-inner\"><\/div>\n\t\t<\/div>\n\t\t\t\t\t\t<\/div>\n\t\t\t\t<div class=\"elementor-element elementor-element-26956e2 sc_fly_static elementor-widget elementor-widget-trx_sc_table\" data-id=\"26956e2\" data-element_type=\"widget\" data-e-type=\"widget\" data-widget_type=\"trx_sc_table.default\">\n\t\t\t\t<div class=\"elementor-widget-container\">\n\t\t\t\t\t<div class=\"sc_table_wrap\"><div\t\tclass=\"sc_table sc_table_default alignleft trx_addons_inline_1725430902\" ><table cellspacing=\"0\" summary=\"text\">\n\t<tr>\n\t\t<td>4 Stunden<\/td>\n\t\t<td>734,71 EUR<\/td>\n\t<\/tr>\n\t<tr>\n\t\t<td>8 Stunden<\/td>\n\t\t<td>944,63 EUR<\/td>\n\t<\/tr>\n\t<tr>\n\t\t<td>Skipper<\/td>\n\t\t<td>262,40 EUR<\/td>\n\t<\/tr>\n<tr>\n\t\t<td>Einzahlung<\/td>\n\t\t<td>2000 EUR<\/td>\n\t<\/tr>\n\t<tr>\n\t\t<td>Kraftstoff<\/td>\n\t\t<td>nicht enthalten<\/td>\n\t<\/tr>\n<\/table><\/div><\/div>\t\t\t\t<\/div>\n\t\t\t\t<\/div>\n\t\t\t\t<div class=\"elementor-element elementor-element-cd7cd71 elementor-widget elementor-widget-spacer\" data-id=\"cd7cd71\" data-element_type=\"widget\" data-e-type=\"widget\" data-widget_type=\"spacer.default\">\n\t\t\t\t\t\t\t<div class=\"elementor-spacer\">\n\t\t\t<div class=\"elementor-spacer-inner\"><\/div>\n\t\t<\/div>\n\t\t\t\t\t\t<\/div>\n\t\t\t\t<div class=\"elementor-element elementor-element-06133a7 sc_fly_static elementor-widget elementor-widget-trx_sc_button\" data-id=\"06133a7\" data-element_type=\"widget\" data-e-type=\"widget\" data-widget_type=\"trx_sc_button.default\">\n\t\t\t\t<div class=\"elementor-widget-container\">\n\t\t\t\t\t<div\tclass=\"sc_item_button sc_button_wrap sc_align_left\" ><a href=\"https:\/\/fareharbor.com\/embeds\/book\/questheroesboatrentalmallorca\/items\/692876\/?full-items=yes&#038;flow=1539119\" class=\"sc_button sc_button_default sc_button_size_normal sc_button_icon_left color_style_link2\" ><span class=\"sc_button_text\"><span class=\"sc_button_title\">Buchen Sie dieses Boot<\/span><\/span><\/a><\/div>\t\t\t\t<\/div>\n\t\t\t\t<\/div>\n\t\t\t\t\t<\/div>\n\t\t<\/div>\n\t\t\t\t\t<\/div>\n\t\t<\/section>\n\t\t\t\t<\/div>","protected":false},"excerpt":{"rendered":"<p>Ryck 280 Standard Standard Standard mit Lizenz oder Skipper, 300 PS, 8 Personen, 8,80 Meter\u2026<\/p>","protected":false},"author":4309,"featured_media":0,"parent":0,"menu_order":0,"comment_status":"closed","ping_status":"closed","template":"","meta":{"_joinchat":[],"footnotes":""},"class_list":["post-20429","page","type-page","status-publish","hentry"],"yoast_head":"<!-- This site is optimized with the Yoast SEO plugin v27.3 - https:\/\/yoast.com\/product\/yoast-seo-wordpress\/ -->\n<title>Ryck 280 - Quest Heroes Boat Rental Mallorca<\/title>\n<meta name=\"robots\" content=\"index, follow, max-snippet:-1, max-image-preview:large, max-video-preview:-1\" \/>\n<link rel=\"canonical\" href=\"https:\/\/questheroes.es\/de\/ryck-280\/\" \/>\n<meta property=\"og:locale\" content=\"de_DE\" \/>\n<meta property=\"og:type\" content=\"article\" \/>\n<meta property=\"og:title\" content=\"Ryck 280 - Quest Heroes Boat Rental Mallorca\" \/>\n<meta property=\"og:description\" content=\"Ryck 280 default default default with license or skipper, 300 HP, 8 pax, 8.80 meters&hellip;\" \/>\n<meta property=\"og:url\" content=\"https:\/\/questheroes.es\/de\/ryck-280\/\" \/>\n<meta property=\"og:site_name\" content=\"Quest Heroes Boat Rental Mallorca\" \/>\n<meta property=\"article:modified_time\" content=\"2026-01-31T03:41:34+00:00\" \/>\n<meta property=\"og:image\" content=\"https:\/\/questheroes.es\/wp-content\/uploads\/2023\/07\/r2806-scaled-e1695214545833-890x664.jpg\" \/>\n<meta name=\"twitter:card\" content=\"summary_large_image\" \/>\n<meta name=\"twitter:label1\" content=\"Gesch\u00e4tzte Lesezeit\" \/>\n\t<meta name=\"twitter:data1\" content=\"1\u00a0Minute\" \/>\n<script type=\"application\/ld+json\" class=\"yoast-schema-graph\">{\"@context\":\"https:\\\/\\\/schema.org\",\"@graph\":[{\"@type\":\"WebPage\",\"@id\":\"https:\\\/\\\/questheroes.es\\\/ryck-280\\\/\",\"url\":\"https:\\\/\\\/questheroes.es\\\/ryck-280\\\/\",\"name\":\"Ryck 280 - Quest Heroes Boat Rental Mallorca\",\"isPartOf\":{\"@id\":\"https:\\\/\\\/questheroes.es\\\/#website\"},\"primaryImageOfPage\":{\"@id\":\"https:\\\/\\\/questheroes.es\\\/ryck-280\\\/#primaryimage\"},\"image\":{\"@id\":\"https:\\\/\\\/questheroes.es\\\/ryck-280\\\/#primaryimage\"},\"thumbnailUrl\":\"https:\\\/\\\/questheroes.es\\\/wp-content\\\/uploads\\\/2023\\\/07\\\/r2806-scaled-e1695214545833-890x664.jpg\",\"datePublished\":\"2023-07-09T21:44:46+00:00\",\"dateModified\":\"2026-01-31T03:41:34+00:00\",\"breadcrumb\":{\"@id\":\"https:\\\/\\\/questheroes.es\\\/ryck-280\\\/#breadcrumb\"},\"inLanguage\":\"de\",\"potentialAction\":[{\"@type\":\"ReadAction\",\"target\":[\"https:\\\/\\\/questheroes.es\\\/ryck-280\\\/\"]}]},{\"@type\":\"ImageObject\",\"inLanguage\":\"de\",\"@id\":\"https:\\\/\\\/questheroes.es\\\/ryck-280\\\/#primaryimage\",\"url\":\"https:\\\/\\\/questheroes.es\\\/wp-content\\\/uploads\\\/2023\\\/07\\\/r2806-scaled-e1695214545833-890x664.jpg\",\"contentUrl\":\"https:\\\/\\\/questheroes.es\\\/wp-content\\\/uploads\\\/2023\\\/07\\\/r2806-scaled-e1695214545833-890x664.jpg\"},{\"@type\":\"BreadcrumbList\",\"@id\":\"https:\\\/\\\/questheroes.es\\\/ryck-280\\\/#breadcrumb\",\"itemListElement\":[{\"@type\":\"ListItem\",\"position\":1,\"name\":\"Home\",\"item\":\"https:\\\/\\\/questheroes.es\\\/\"},{\"@type\":\"ListItem\",\"position\":2,\"name\":\"Ryck 280\"}]},{\"@type\":\"WebSite\",\"@id\":\"https:\\\/\\\/questheroes.es\\\/#website\",\"url\":\"https:\\\/\\\/questheroes.es\\\/\",\"name\":\"Quest Heroes Boat Rental Mallorca\",\"description\":\"Rent a Boat In Mallorca\",\"potentialAction\":[{\"@type\":\"SearchAction\",\"target\":{\"@type\":\"EntryPoint\",\"urlTemplate\":\"https:\\\/\\\/questheroes.es\\\/?s={search_term_string}\"},\"query-input\":{\"@type\":\"PropertyValueSpecification\",\"valueRequired\":true,\"valueName\":\"search_term_string\"}}],\"inLanguage\":\"de\"}]}<\/script>\n<!-- \/ Yoast SEO plugin. -->","yoast_head_json":{"title":"Ryck 280 - Quest Heroes Bootsverleih Mallorca","robots":{"index":"index","follow":"follow","max-snippet":"max-snippet:-1","max-image-preview":"max-image-preview:large","max-video-preview":"max-video-preview:-1"},"canonical":"https:\/\/questheroes.es\/de\/ryck-280\/","og_locale":"de_DE","og_type":"article","og_title":"Ryck 280 - Quest Heroes Boat Rental Mallorca","og_description":"Ryck 280 default default default with license or skipper, 300 HP, 8 pax, 8.80 meters&hellip;","og_url":"https:\/\/questheroes.es\/de\/ryck-280\/","og_site_name":"Quest Heroes Boat Rental Mallorca","article_modified_time":"2026-01-31T03:41:34+00:00","og_image":[{"url":"https:\/\/questheroes.es\/wp-content\/uploads\/2023\/07\/r2806-scaled-e1695214545833-890x664.jpg","type":"","width":"","height":""}],"twitter_card":"summary_large_image","twitter_misc":{"Gesch\u00e4tzte Lesezeit":"1\u00a0Minute"},"schema":{"@context":"https:\/\/schema.org","@graph":[{"@type":"WebPage","@id":"https:\/\/questheroes.es\/ryck-280\/","url":"https:\/\/questheroes.es\/ryck-280\/","name":"Ryck 280 - Quest Heroes Bootsverleih Mallorca","isPartOf":{"@id":"https:\/\/questheroes.es\/#website"},"primaryImageOfPage":{"@id":"https:\/\/questheroes.es\/ryck-280\/#primaryimage"},"image":{"@id":"https:\/\/questheroes.es\/ryck-280\/#primaryimage"},"thumbnailUrl":"https:\/\/questheroes.es\/wp-content\/uploads\/2023\/07\/r2806-scaled-e1695214545833-890x664.jpg","datePublished":"2023-07-09T21:44:46+00:00","dateModified":"2026-01-31T03:41:34+00:00","breadcrumb":{"@id":"https:\/\/questheroes.es\/ryck-280\/#breadcrumb"},"inLanguage":"de","potentialAction":[{"@type":"ReadAction","target":["https:\/\/questheroes.es\/ryck-280\/"]}]},{"@type":"ImageObject","inLanguage":"de","@id":"https:\/\/questheroes.es\/ryck-280\/#primaryimage","url":"https:\/\/questheroes.es\/wp-content\/uploads\/2023\/07\/r2806-scaled-e1695214545833-890x664.jpg","contentUrl":"https:\/\/questheroes.es\/wp-content\/uploads\/2023\/07\/r2806-scaled-e1695214545833-890x664.jpg"},{"@type":"BreadcrumbList","@id":"https:\/\/questheroes.es\/ryck-280\/#breadcrumb","itemListElement":[{"@type":"ListItem","position":1,"name":"Home","item":"https:\/\/questheroes.es\/"},{"@type":"ListItem","position":2,"name":"Ryck 280"}]},{"@type":"WebSite","@id":"https:\/\/questheroes.es\/#website","url":"https:\/\/questheroes.es\/","name":"Quest Heroes Bootsverleih Mallorca","description":"Mieten Sie ein Boot auf Mallorca","potentialAction":[{"@type":"SearchAction","target":{"@type":"EntryPoint","urlTemplate":"https:\/\/questheroes.es\/?s={search_term_string}"},"query-input":{"@type":"PropertyValueSpecification","valueRequired":true,"valueName":"search_term_string"}}],"inLanguage":"de"}]}},"_links":{"self":[{"href":"https:\/\/questheroes.es\/de\/wp-json\/wp\/v2\/pages\/20429","targetHints":{"allow":["GET"]}}],"collection":[{"href":"https:\/\/questheroes.es\/de\/wp-json\/wp\/v2\/pages"}],"about":[{"href":"https:\/\/questheroes.es\/de\/wp-json\/wp\/v2\/types\/page"}],"author":[{"embeddable":true,"href":"https:\/\/questheroes.es\/de\/wp-json\/wp\/v2\/users\/4309"}],"replies":[{"embeddable":true,"href":"https:\/\/questheroes.es\/de\/wp-json\/wp\/v2\/comments?post=20429"}],"version-history":[{"count":15,"href":"https:\/\/questheroes.es\/de\/wp-json\/wp\/v2\/pages\/20429\/revisions"}],"predecessor-version":[{"id":22351,"href":"https:\/\/questheroes.es\/de\/wp-json\/wp\/v2\/pages\/20429\/revisions\/22351"}],"wp:attachment":[{"href":"https:\/\/questheroes.es\/de\/wp-json\/wp\/v2\/media?parent=20429"}],"curies":[{"name":"wp","href":"https:\/\/api.w.org\/{rel}","templated":true}]}}