{"id":20349,"date":"2023-07-09T17:24:44","date_gmt":"2023-07-09T15:24:44","guid":{"rendered":"https:\/\/questheroes.es\/?page_id=20349"},"modified":"2024-07-29T11:19:27","modified_gmt":"2024-07-29T09:19:27","slug":"grose-600","status":"publish","type":"page","link":"https:\/\/questheroes.es\/de\/grand-600\/","title":{"rendered":"Grand 600"},"content":{"rendered":"<div data-elementor-type=\"wp-page\" data-elementor-id=\"20349\" class=\"elementor elementor-20349\">\n\t\t\t\t\t\t<section class=\"elementor-section elementor-top-section elementor-element elementor-element-4cf4068 elementor-section-boxed elementor-section-height-default elementor-section-height-default sc_fly_static\" data-id=\"4cf4068\" data-element_type=\"section\" data-e-type=\"section\">\n\t\t\t\t\t\t<div class=\"elementor-container elementor-column-gap-extended\">\n\t\t\t\t\t<div class=\"elementor-column elementor-col-50 elementor-top-column elementor-element elementor-element-d6690f2 sc_content_align_inherit sc_layouts_column_icons_position_left sc_fly_static\" data-id=\"d6690f2\" data-element_type=\"column\" data-e-type=\"column\">\n\t\t\t<div class=\"elementor-widget-wrap elementor-element-populated\">\n\t\t\t\t\t\t<div class=\"elementor-element elementor-element-e9a736e sc_fly_static elementor-widget elementor-widget-trx_sc_title\" data-id=\"e9a736e\" data-element_type=\"widget\" data-e-type=\"widget\" data-widget_type=\"trx_sc_title.default\">\n\t\t\t\t<div class=\"elementor-widget-container\">\n\t\t\t\t\t<div\t\tclass=\"sc_title sc_title_default\" ><h1 class=\"sc_item_title sc_title_title sc_item_title_style_default sc_item_title_tag\"\n\t\t\t><span class=\"sc_item_title_text\">Grand 600<\/span><\/h1><\/div>\t\t\t\t<\/div>\n\t\t\t\t<\/div>\n\t\t\t\t<div class=\"elementor-element elementor-element-0c0f516 gallery-spacing-custom elementor-widget elementor-widget-image-gallery\" data-id=\"0c0f516\" data-element_type=\"widget\" data-e-type=\"widget\" data-widget_type=\"image-gallery.default\">\n\t\t\t\t\t\t\t<div class=\"elementor-image-gallery\">\n\t\t\t<div id='gallery-1' class='gallery galleryid-20349 gallery-columns-2 gallery-size-medium_large'><figure class='gallery-item'>\n\t\t\t<div class='gallery-icon landscape'>\n\t\t\t\t<a data-elementor-open-lightbox=\"yes\" data-elementor-lightbox-slideshow=\"0c0f516\" data-elementor-lightbox-title=\"Axopar\" data-e-action-hash=\"#elementor-action%3Aaction%3Dlightbox%26settings%3DeyJpZCI6MjAzNTQsInVybCI6Imh0dHBzOlwvXC9xdWVzdGhlcm9lcy5lc1wvd3AtY29udGVudFwvdXBsb2Fkc1wvMjAyM1wvMDdcL0FicmFoYW1HYXJjaWFwaG90b2dyYXBoeS0xMC0yLmpwZyIsInNsaWRlc2hvdyI6IjBjMGY1MTYifQ%3D%3D\" href='https:\/\/questheroes.es\/wp-content\/uploads\/2023\/07\/AbrahamGarciaphotography-10-2.jpg'><img fetchpriority=\"high\" decoding=\"async\" width=\"768\" height=\"512\" src=\"https:\/\/questheroes.es\/wp-content\/uploads\/2023\/07\/AbrahamGarciaphotography-10-2-768x512.jpg\" class=\"attachment-medium_large size-medium_large\" alt=\"\" srcset=\"https:\/\/questheroes.es\/wp-content\/uploads\/2023\/07\/AbrahamGarciaphotography-10-2-768x512.jpg 768w, https:\/\/questheroes.es\/wp-content\/uploads\/2023\/07\/AbrahamGarciaphotography-10-2-300x200.jpg 300w, https:\/\/questheroes.es\/wp-content\/uploads\/2023\/07\/AbrahamGarciaphotography-10-2-1024x683.jpg 1024w, https:\/\/questheroes.es\/wp-content\/uploads\/2023\/07\/AbrahamGarciaphotography-10-2-1536x1024.jpg 1536w, https:\/\/questheroes.es\/wp-content\/uploads\/2023\/07\/AbrahamGarciaphotography-10-2-370x247.jpg 370w, https:\/\/questheroes.es\/wp-content\/uploads\/2023\/07\/AbrahamGarciaphotography-10-2-840x560.jpg 840w, https:\/\/questheroes.es\/wp-content\/uploads\/2023\/07\/AbrahamGarciaphotography-10-2-410x273.jpg 410w, https:\/\/questheroes.es\/wp-content\/uploads\/2023\/07\/AbrahamGarciaphotography-10-2.jpg 1600w\" sizes=\"(max-width: 768px) 100vw, 768px\" \/><\/a>\n\t\t\t<\/div><\/figure><figure class='gallery-item'>\n\t\t\t<div class='gallery-icon landscape'>\n\t\t\t\t<a data-elementor-open-lightbox=\"yes\" data-elementor-lightbox-slideshow=\"0c0f516\" data-elementor-lightbox-title=\"Axopar\" data-e-action-hash=\"#elementor-action%3Aaction%3Dlightbox%26settings%3DeyJpZCI6MjAzNTcsInVybCI6Imh0dHBzOlwvXC9xdWVzdGhlcm9lcy5lc1wvd3AtY29udGVudFwvdXBsb2Fkc1wvMjAyM1wvMDdcL0FicmFoYW1HYXJjaWFwaG90b2dyYXBoeS0zLTQuanBnIiwic2xpZGVzaG93IjoiMGMwZjUxNiJ9\" href='https:\/\/questheroes.es\/wp-content\/uploads\/2023\/07\/AbrahamGarciaphotography-3-4.jpg'><img decoding=\"async\" width=\"768\" height=\"512\" src=\"https:\/\/questheroes.es\/wp-content\/uploads\/2023\/07\/AbrahamGarciaphotography-3-4-768x512.jpg\" class=\"attachment-medium_large size-medium_large\" alt=\"\" srcset=\"https:\/\/questheroes.es\/wp-content\/uploads\/2023\/07\/AbrahamGarciaphotography-3-4-768x512.jpg 768w, https:\/\/questheroes.es\/wp-content\/uploads\/2023\/07\/AbrahamGarciaphotography-3-4-300x200.jpg 300w, https:\/\/questheroes.es\/wp-content\/uploads\/2023\/07\/AbrahamGarciaphotography-3-4-1024x682.jpg 1024w, https:\/\/questheroes.es\/wp-content\/uploads\/2023\/07\/AbrahamGarciaphotography-3-4-1536x1023.jpg 1536w, https:\/\/questheroes.es\/wp-content\/uploads\/2023\/07\/AbrahamGarciaphotography-3-4-370x247.jpg 370w, https:\/\/questheroes.es\/wp-content\/uploads\/2023\/07\/AbrahamGarciaphotography-3-4-840x560.jpg 840w, https:\/\/questheroes.es\/wp-content\/uploads\/2023\/07\/AbrahamGarciaphotography-3-4-410x273.jpg 410w, https:\/\/questheroes.es\/wp-content\/uploads\/2023\/07\/AbrahamGarciaphotography-3-4.jpg 1600w\" sizes=\"(max-width: 768px) 100vw, 768px\" \/><\/a>\n\t\t\t<\/div><\/figure><figure class='gallery-item'>\n\t\t\t<div class='gallery-icon landscape'>\n\t\t\t\t<a data-elementor-open-lightbox=\"yes\" data-elementor-lightbox-slideshow=\"0c0f516\" data-elementor-lightbox-title=\"Axopar\" data-e-action-hash=\"#elementor-action%3Aaction%3Dlightbox%26settings%3DeyJpZCI6MjAzNTUsInVybCI6Imh0dHBzOlwvXC9xdWVzdGhlcm9lcy5lc1wvd3AtY29udGVudFwvdXBsb2Fkc1wvMjAyM1wvMDdcL0FicmFoYW1HYXJjaWFwaG90b2dyYXBoeS02LTEtZTE2ODk2OTk5MjkxNjQuanBnIiwic2xpZGVzaG93IjoiMGMwZjUxNiJ9\" title=\"Familienausfl\u00fcge mit dem Boot auf Mallorca\" href='https:\/\/questheroes.es\/wp-content\/uploads\/2023\/07\/AbrahamGarciaphotography-6-1-e1689699929164.jpg'><img decoding=\"async\" width=\"768\" height=\"554\" src=\"https:\/\/questheroes.es\/wp-content\/uploads\/2023\/07\/AbrahamGarciaphotography-6-1-e1689699929164-768x554.jpg\" class=\"attachment-medium_large size-medium_large\" alt=\"Familienausfl\u00fcge mit dem Boot auf Mallorca\" srcset=\"https:\/\/questheroes.es\/wp-content\/uploads\/2023\/07\/AbrahamGarciaphotography-6-1-e1689699929164-768x554.jpg 768w, https:\/\/questheroes.es\/wp-content\/uploads\/2023\/07\/AbrahamGarciaphotography-6-1-e1689699929164-300x216.jpg 300w, https:\/\/questheroes.es\/wp-content\/uploads\/2023\/07\/AbrahamGarciaphotography-6-1-e1689699929164-1024x738.jpg 1024w, https:\/\/questheroes.es\/wp-content\/uploads\/2023\/07\/AbrahamGarciaphotography-6-1-e1689699929164-370x267.jpg 370w, https:\/\/questheroes.es\/wp-content\/uploads\/2023\/07\/AbrahamGarciaphotography-6-1-e1689699929164-840x606.jpg 840w, https:\/\/questheroes.es\/wp-content\/uploads\/2023\/07\/AbrahamGarciaphotography-6-1-e1689699929164-410x296.jpg 410w, https:\/\/questheroes.es\/wp-content\/uploads\/2023\/07\/AbrahamGarciaphotography-6-1-e1689699929164.jpg 1480w\" sizes=\"(max-width: 768px) 100vw, 768px\" \/><\/a>\n\t\t\t<\/div><\/figure><figure class='gallery-item'>\n\t\t\t<div class='gallery-icon landscape'>\n\t\t\t\t<a data-elementor-open-lightbox=\"yes\" data-elementor-lightbox-slideshow=\"0c0f516\" data-elementor-lightbox-title=\"Axopar\" data-e-action-hash=\"#elementor-action%3Aaction%3Dlightbox%26settings%3DeyJpZCI6MjAzNTYsInVybCI6Imh0dHBzOlwvXC9xdWVzdGhlcm9lcy5lc1wvd3AtY29udGVudFwvdXBsb2Fkc1wvMjAyM1wvMDdcL0FicmFoYW1HYXJjaWFwaG90b2dyYXBoeS00LTMuanBnIiwic2xpZGVzaG93IjoiMGMwZjUxNiJ9\" href='https:\/\/questheroes.es\/wp-content\/uploads\/2023\/07\/AbrahamGarciaphotography-4-3.jpg'><img loading=\"lazy\" decoding=\"async\" width=\"768\" height=\"512\" src=\"https:\/\/questheroes.es\/wp-content\/uploads\/2023\/07\/AbrahamGarciaphotography-4-3-768x512.jpg\" class=\"attachment-medium_large size-medium_large\" alt=\"\" srcset=\"https:\/\/questheroes.es\/wp-content\/uploads\/2023\/07\/AbrahamGarciaphotography-4-3-768x512.jpg 768w, https:\/\/questheroes.es\/wp-content\/uploads\/2023\/07\/AbrahamGarciaphotography-4-3-300x200.jpg 300w, https:\/\/questheroes.es\/wp-content\/uploads\/2023\/07\/AbrahamGarciaphotography-4-3-1024x682.jpg 1024w, https:\/\/questheroes.es\/wp-content\/uploads\/2023\/07\/AbrahamGarciaphotography-4-3-1536x1023.jpg 1536w, https:\/\/questheroes.es\/wp-content\/uploads\/2023\/07\/AbrahamGarciaphotography-4-3-370x247.jpg 370w, https:\/\/questheroes.es\/wp-content\/uploads\/2023\/07\/AbrahamGarciaphotography-4-3-840x560.jpg 840w, https:\/\/questheroes.es\/wp-content\/uploads\/2023\/07\/AbrahamGarciaphotography-4-3-410x273.jpg 410w, https:\/\/questheroes.es\/wp-content\/uploads\/2023\/07\/AbrahamGarciaphotography-4-3.jpg 1600w\" sizes=\"(max-width: 768px) 100vw, 768px\" \/><\/a>\n\t\t\t<\/div><\/figure>\n\t\t<\/div>\n\t\t<\/div>\n\t\t\t\t\t\t<\/div>\n\t\t\t\t<div class=\"elementor-element elementor-element-0cddcc6 gallery-spacing-custom elementor-widget elementor-widget-image-gallery\" data-id=\"0cddcc6\" data-element_type=\"widget\" data-e-type=\"widget\" data-widget_type=\"image-gallery.default\">\n\t\t\t\t\t\t\t<div class=\"elementor-image-gallery\">\n\t\t\t<div id='gallery-2' class='gallery galleryid-20349 gallery-columns-1 gallery-size-full'><figure class='gallery-item'>\n\t\t\t<div class='gallery-icon landscape'>\n\t\t\t\t<a data-elementor-open-lightbox=\"yes\" data-elementor-lightbox-slideshow=\"0cddcc6\" data-elementor-lightbox-title=\"Axopar\" data-e-action-hash=\"#elementor-action%3Aaction%3Dlightbox%26settings%3DeyJpZCI6MjAzNTgsInVybCI6Imh0dHBzOlwvXC9xdWVzdGhlcm9lcy5lc1wvd3AtY29udGVudFwvdXBsb2Fkc1wvMjAyM1wvMDdcL0FicmFoYW1HYXJjaWFwaG90b2dyYXBoeS0xLmpwZyIsInNsaWRlc2hvdyI6IjBjZGRjYzYifQ%3D%3D\" href='https:\/\/questheroes.es\/wp-content\/uploads\/2023\/07\/AbrahamGarciaphotography-1.jpg'><img loading=\"lazy\" decoding=\"async\" width=\"1600\" height=\"1066\" src=\"https:\/\/questheroes.es\/wp-content\/uploads\/2023\/07\/AbrahamGarciaphotography-1.jpg\" class=\"attachment-full size-full\" alt=\"\" srcset=\"https:\/\/questheroes.es\/wp-content\/uploads\/2023\/07\/AbrahamGarciaphotography-1.jpg 1600w, https:\/\/questheroes.es\/wp-content\/uploads\/2023\/07\/AbrahamGarciaphotography-1-300x200.jpg 300w, https:\/\/questheroes.es\/wp-content\/uploads\/2023\/07\/AbrahamGarciaphotography-1-1024x682.jpg 1024w, https:\/\/questheroes.es\/wp-content\/uploads\/2023\/07\/AbrahamGarciaphotography-1-768x512.jpg 768w, https:\/\/questheroes.es\/wp-content\/uploads\/2023\/07\/AbrahamGarciaphotography-1-1536x1023.jpg 1536w, https:\/\/questheroes.es\/wp-content\/uploads\/2023\/07\/AbrahamGarciaphotography-1-370x247.jpg 370w, https:\/\/questheroes.es\/wp-content\/uploads\/2023\/07\/AbrahamGarciaphotography-1-840x560.jpg 840w, https:\/\/questheroes.es\/wp-content\/uploads\/2023\/07\/AbrahamGarciaphotography-1-410x273.jpg 410w\" sizes=\"(max-width: 1600px) 100vw, 1600px\" \/><\/a>\n\t\t\t<\/div><\/figure>\n\t\t<\/div>\n\t\t<\/div>\n\t\t\t\t\t\t<\/div>\n\t\t\t\t\t<\/div>\n\t\t<\/div>\n\t\t\t\t<div data-parallax-params=\"{&quot;parallax&quot;:1,&quot;flow&quot;:&quot;entrance&quot;,&quot;crop&quot;:&quot;none&quot;,&quot;ease&quot;:&quot;power2&quot;,&quot;duration&quot;:1,&quot;delay&quot;:0,&quot;squeeze&quot;:1,&quot;text&quot;:&quot;block&quot;,&quot;text_separate&quot;:0,&quot;text_wrap&quot;:0,&quot;mouse&quot;:0,&quot;mouse_type&quot;:&quot;transform3d&quot;,&quot;mouse_tilt_amount&quot;:70,&quot;mouse_speed&quot;:10,&quot;mouse_z&quot;:&quot;&quot;,&quot;mouse_handler&quot;:&quot;row&quot;,&quot;range_start&quot;:0,&quot;range_end&quot;:40,&quot;sticky_offset&quot;:0,&quot;lag&quot;:0,&quot;x_start&quot;:0,&quot;x_start_unit&quot;:&quot;px&quot;,&quot;x_end&quot;:0,&quot;x_end_unit&quot;:&quot;px&quot;,&quot;y_start&quot;:0,&quot;y_start_unit&quot;:&quot;px&quot;,&quot;y_end&quot;:0,&quot;y_end_unit&quot;:&quot;px&quot;,&quot;scale_start&quot;:100,&quot;scale_end&quot;:100,&quot;rotate_start&quot;:0,&quot;rotate_end&quot;:0,&quot;opacity_start&quot;:1,&quot;opacity_end&quot;:1,&quot;crop_start&quot;:0,&quot;crop_end&quot;:100,&quot;range_start_tablet&quot;:0,&quot;range_end_tablet&quot;:40,&quot;sticky_offset_tablet&quot;:0,&quot;lag_tablet&quot;:0,&quot;x_start_tablet&quot;:0,&quot;x_start_tablet_unit&quot;:&quot;px&quot;,&quot;x_end_tablet&quot;:0,&quot;x_end_tablet_unit&quot;:&quot;px&quot;,&quot;y_start_tablet&quot;:0,&quot;y_start_tablet_unit&quot;:&quot;px&quot;,&quot;y_end_tablet&quot;:0,&quot;y_end_tablet_unit&quot;:&quot;px&quot;,&quot;scale_start_tablet&quot;:100,&quot;scale_end_tablet&quot;:100,&quot;rotate_start_tablet&quot;:0,&quot;rotate_end_tablet&quot;:0,&quot;opacity_start_tablet&quot;:1,&quot;opacity_end_tablet&quot;:1,&quot;crop_start_tablet&quot;:0,&quot;crop_end_tablet&quot;:100,&quot;range_start_mobile&quot;:0,&quot;range_end_mobile&quot;:40,&quot;sticky_offset_mobile&quot;:0,&quot;lag_mobile&quot;:0,&quot;x_start_mobile&quot;:0,&quot;x_start_mobile_unit&quot;:&quot;px&quot;,&quot;x_end_mobile&quot;:0,&quot;x_end_mobile_unit&quot;:&quot;px&quot;,&quot;y_start_mobile&quot;:0,&quot;y_start_mobile_unit&quot;:&quot;px&quot;,&quot;y_end_mobile&quot;:0,&quot;y_end_mobile_unit&quot;:&quot;px&quot;,&quot;scale_start_mobile&quot;:100,&quot;scale_end_mobile&quot;:100,&quot;rotate_start_mobile&quot;:0,&quot;rotate_end_mobile&quot;:0,&quot;opacity_start_mobile&quot;:1,&quot;opacity_end_mobile&quot;:1,&quot;crop_start_mobile&quot;:0,&quot;crop_end_mobile&quot;:100}\" class=\"elementor-column elementor-col-50 elementor-top-column elementor-element elementor-element-ff3e72d sc_column_fixed sc_parallax sc_parallax_entrance sc_content_align_inherit sc_layouts_column_icons_position_left sc_fly_static\" data-id=\"ff3e72d\" data-element_type=\"column\" data-e-type=\"column\">\n\t\t\t<div class=\"elementor-widget-wrap elementor-element-populated\">\n\t\t\t\t\t\t<div class=\"elementor-element elementor-element-bf43d77 elementor-widget elementor-widget-spacer\" data-id=\"bf43d77\" data-element_type=\"widget\" data-e-type=\"widget\" data-widget_type=\"spacer.default\">\n\t\t\t\t\t\t\t<div class=\"elementor-spacer\">\n\t\t\t<div class=\"elementor-spacer-inner\"><\/div>\n\t\t<\/div>\n\t\t\t\t\t\t<\/div>\n\t\t\t\t<div class=\"elementor-element elementor-element-2bc3241 sc_fly_static elementor-widget elementor-widget-trx_sc_title\" data-id=\"2bc3241\" data-element_type=\"widget\" data-e-type=\"widget\" data-widget_type=\"trx_sc_title.default\">\n\t\t\t\t<div class=\"elementor-widget-container\">\n\t\t\t\t\t<div\t\tclass=\"sc_title sc_title_default\" ><span class=\"sc_item_subtitle sc_title_subtitle sc_item_subtitle_above sc_item_title_style_default\">mit F\u00fchrerschein oder Skipper, 150 PS, 8 Passagiere, 6 Meter<\/span><\/div>\t\t\t\t<\/div>\n\t\t\t\t<\/div>\n\t\t\t\t<div class=\"elementor-element elementor-element-1aa1d12 elementor-widget elementor-widget-text-editor\" data-id=\"1aa1d12\" data-element_type=\"widget\" data-e-type=\"widget\" data-widget_type=\"text-editor.default\">\n\t\t\t\t\t\t\t\t\t<div class=\"elementor-element elementor-element-fd757e9 elementor-widget elementor-widget-text-editor\" data-id=\"fd757e9\" data-element_type=\"widget\" data-widget_type=\"text-editor.default\"><div class=\"elementor-widget-container\"><div class=\"elementor-text-editor elementor-clearfix\"><div class=\"elementor-element elementor-element-ea01128 elementor-widget elementor-widget-text-editor\" data-id=\"ea01128\" data-element_type=\"widget\" data-widget_type=\"text-editor.default\"><div class=\"elementor-widget-container\"><div class=\"elementor-text-editor elementor-clearfix\"><div class=\"elementor-element elementor-element-06bc604 elementor-widget elementor-widget-text-editor\" data-id=\"06bc604\" data-element_type=\"widget\" data-widget_type=\"text-editor.default\"><div class=\"elementor-widget-container\"><div class=\"elementor-text-editor elementor-clearfix\"><p>Das GRAND Boot wurde f\u00fcr diejenigen entworfen, die etwas suchen\u00a0<strong>neu, frisch und hervorragend<\/strong>.  Einfache und gro\u00dfe offene Deck erm\u00f6glicht es uns, leicht zu verwandeln das Boot in drei verschiedenen M\u00f6glichkeiten durch die Bedingungen der Nutzung \u00c4nderungen - LUX, ACTIVE und DRIVE. Egal, welche Aktivit\u00e4t Sie bevorzugen, oder was Sie dieses Boot f\u00fcr, Grand wollen, wird es Ihre Erwartungen erf\u00fcllen.<\/p><\/div><\/div><\/div><\/div><\/div><\/div><\/div><\/div><\/div><p>Mieten Sie dieses Boot in Alcudia - Mallorca.<\/p>\t\t\t\t\t\t\t\t<\/div>\n\t\t\t\t<div class=\"elementor-element elementor-element-0a26b76 elementor-widget elementor-widget-spacer\" data-id=\"0a26b76\" data-element_type=\"widget\" data-e-type=\"widget\" data-widget_type=\"spacer.default\">\n\t\t\t\t\t\t\t<div class=\"elementor-spacer\">\n\t\t\t<div class=\"elementor-spacer-inner\"><\/div>\n\t\t<\/div>\n\t\t\t\t\t\t<\/div>\n\t\t\t\t<div class=\"elementor-element elementor-element-26956e2 sc_fly_static elementor-widget elementor-widget-trx_sc_table\" data-id=\"26956e2\" data-element_type=\"widget\" data-e-type=\"widget\" data-widget_type=\"trx_sc_table.default\">\n\t\t\t\t<div class=\"elementor-widget-container\">\n\t\t\t\t\t<div class=\"sc_table_wrap\"><div\t\tclass=\"sc_table sc_table_default alignleft trx_addons_inline_1689768840\" ><table cellspacing=\"0\" summary=\"text\">\n\t<tr>\n\t\t<td>4 Stunden<\/td>\n\t\t<td>400 EUR<\/td>\n\t<\/tr>\n\t<tr>\n\t\t<td>8 Stunden<\/td>\n\t\t<td>500 EUR<\/td>\n\t<\/tr>\n\t<tr>\n\t\t<td>Skipper<\/td>\n\t\t<td>250 EUR<\/td>\n\t<\/tr>\n<tr>\n\t\t<td>Einzahlung<\/td>\n\t\t<td>1000 EUR<\/td>\n\t<\/tr>\n\t<tr>\n\t\t<td>Kraftstoff<\/td>\n\t\t<td>nicht enthalten<\/td>\n\t<\/tr>\n<\/table><\/div><\/div>\t\t\t\t<\/div>\n\t\t\t\t<\/div>\n\t\t\t\t<div class=\"elementor-element elementor-element-cd7cd71 elementor-widget elementor-widget-spacer\" data-id=\"cd7cd71\" data-element_type=\"widget\" data-e-type=\"widget\" data-widget_type=\"spacer.default\">\n\t\t\t\t\t\t\t<div class=\"elementor-spacer\">\n\t\t\t<div class=\"elementor-spacer-inner\"><\/div>\n\t\t<\/div>\n\t\t\t\t\t\t<\/div>\n\t\t\t\t<div class=\"elementor-element elementor-element-26fbe0f sc_fly_static elementor-widget elementor-widget-trx_sc_button\" data-id=\"26fbe0f\" data-element_type=\"widget\" data-e-type=\"widget\" data-widget_type=\"trx_sc_button.default\">\n\t\t\t\t<div class=\"elementor-widget-container\">\n\t\t\t\t\t<div\tclass=\"sc_item_button sc_button_wrap sc_align_left\" ><a href=\"https:\/\/questheroes.es\/de\/alle-yachten\/\" class=\"sc_button sc_button_default sc_button_size_normal sc_button_icon_left color_style_link2\" ><span class=\"sc_button_text\"><span class=\"sc_button_title\">Buchen Sie dieses Boot<\/span><\/span><\/a><\/div>\t\t\t\t<\/div>\n\t\t\t\t<\/div>\n\t\t\t\t\t<\/div>\n\t\t<\/div>\n\t\t\t\t\t<\/div>\n\t\t<\/section>\n\t\t\t\t<\/div>","protected":false},"excerpt":{"rendered":"<p>Grand 600 with license or skipper, 150 HP, 8 pax, 6 meters GRAND boat has&hellip;<\/p>","protected":false},"author":4309,"featured_media":0,"parent":0,"menu_order":0,"comment_status":"closed","ping_status":"closed","template":"","meta":{"_joinchat":[],"footnotes":""},"class_list":["post-20349","page","type-page","status-publish","hentry"],"yoast_head":"<!-- This site is optimized with the Yoast SEO plugin v27.3 - https:\/\/yoast.com\/product\/yoast-seo-wordpress\/ -->\n<title>Grand 600 - Quest Heroes Boat Rental Mallorca<\/title>\n<meta name=\"robots\" content=\"index, follow, max-snippet:-1, max-image-preview:large, max-video-preview:-1\" \/>\n<link rel=\"canonical\" href=\"https:\/\/questheroes.es\/de\/grose-600\/\" \/>\n<meta property=\"og:locale\" content=\"de_DE\" \/>\n<meta property=\"og:type\" content=\"article\" \/>\n<meta property=\"og:title\" content=\"Grand 600 - Quest Heroes Boat Rental Mallorca\" \/>\n<meta property=\"og:description\" content=\"Grand 600 with license or skipper, 150 HP, 8 pax, 6 meters GRAND boat has&hellip;\" \/>\n<meta property=\"og:url\" content=\"https:\/\/questheroes.es\/de\/grose-600\/\" \/>\n<meta property=\"og:site_name\" content=\"Quest Heroes Boat Rental Mallorca\" \/>\n<meta property=\"article:modified_time\" content=\"2024-07-29T09:19:27+00:00\" \/>\n<meta property=\"og:image\" content=\"https:\/\/questheroes.es\/wp-content\/uploads\/2023\/07\/AbrahamGarciaphotography-10-2-768x512.jpg\" \/>\n<meta name=\"twitter:card\" content=\"summary_large_image\" \/>\n<meta name=\"twitter:label1\" content=\"Gesch\u00e4tzte Lesezeit\" \/>\n\t<meta name=\"twitter:data1\" content=\"3\u00a0Minuten\" \/>\n<script type=\"application\/ld+json\" class=\"yoast-schema-graph\">{\"@context\":\"https:\\\/\\\/schema.org\",\"@graph\":[{\"@type\":\"WebPage\",\"@id\":\"https:\\\/\\\/questheroes.es\\\/grand-600\\\/\",\"url\":\"https:\\\/\\\/questheroes.es\\\/grand-600\\\/\",\"name\":\"Grand 600 - Quest Heroes Boat Rental Mallorca\",\"isPartOf\":{\"@id\":\"https:\\\/\\\/questheroes.es\\\/#website\"},\"primaryImageOfPage\":{\"@id\":\"https:\\\/\\\/questheroes.es\\\/grand-600\\\/#primaryimage\"},\"image\":{\"@id\":\"https:\\\/\\\/questheroes.es\\\/grand-600\\\/#primaryimage\"},\"thumbnailUrl\":\"https:\\\/\\\/questheroes.es\\\/wp-content\\\/uploads\\\/2023\\\/07\\\/AbrahamGarciaphotography-10-2-768x512.jpg\",\"datePublished\":\"2023-07-09T15:24:44+00:00\",\"dateModified\":\"2024-07-29T09:19:27+00:00\",\"breadcrumb\":{\"@id\":\"https:\\\/\\\/questheroes.es\\\/grand-600\\\/#breadcrumb\"},\"inLanguage\":\"de\",\"potentialAction\":[{\"@type\":\"ReadAction\",\"target\":[\"https:\\\/\\\/questheroes.es\\\/grand-600\\\/\"]}]},{\"@type\":\"ImageObject\",\"inLanguage\":\"de\",\"@id\":\"https:\\\/\\\/questheroes.es\\\/grand-600\\\/#primaryimage\",\"url\":\"https:\\\/\\\/questheroes.es\\\/wp-content\\\/uploads\\\/2023\\\/07\\\/AbrahamGarciaphotography-10-2-768x512.jpg\",\"contentUrl\":\"https:\\\/\\\/questheroes.es\\\/wp-content\\\/uploads\\\/2023\\\/07\\\/AbrahamGarciaphotography-10-2-768x512.jpg\"},{\"@type\":\"BreadcrumbList\",\"@id\":\"https:\\\/\\\/questheroes.es\\\/grand-600\\\/#breadcrumb\",\"itemListElement\":[{\"@type\":\"ListItem\",\"position\":1,\"name\":\"Home\",\"item\":\"https:\\\/\\\/questheroes.es\\\/\"},{\"@type\":\"ListItem\",\"position\":2,\"name\":\"Grand 600\"}]},{\"@type\":\"WebSite\",\"@id\":\"https:\\\/\\\/questheroes.es\\\/#website\",\"url\":\"https:\\\/\\\/questheroes.es\\\/\",\"name\":\"Quest Heroes Boat Rental Mallorca\",\"description\":\"Rent a Boat In Mallorca\",\"potentialAction\":[{\"@type\":\"SearchAction\",\"target\":{\"@type\":\"EntryPoint\",\"urlTemplate\":\"https:\\\/\\\/questheroes.es\\\/?s={search_term_string}\"},\"query-input\":{\"@type\":\"PropertyValueSpecification\",\"valueRequired\":true,\"valueName\":\"search_term_string\"}}],\"inLanguage\":\"de\"}]}<\/script>\n<!-- \/ Yoast SEO plugin. -->","yoast_head_json":{"title":"Grand 600 - Quest Heroes Bootsverleih Mallorca","robots":{"index":"index","follow":"follow","max-snippet":"max-snippet:-1","max-image-preview":"max-image-preview:large","max-video-preview":"max-video-preview:-1"},"canonical":"https:\/\/questheroes.es\/de\/grose-600\/","og_locale":"de_DE","og_type":"article","og_title":"Grand 600 - Quest Heroes Boat Rental Mallorca","og_description":"Grand 600 with license or skipper, 150 HP, 8 pax, 6 meters GRAND boat has&hellip;","og_url":"https:\/\/questheroes.es\/de\/grose-600\/","og_site_name":"Quest Heroes Boat Rental Mallorca","article_modified_time":"2024-07-29T09:19:27+00:00","og_image":[{"url":"https:\/\/questheroes.es\/wp-content\/uploads\/2023\/07\/AbrahamGarciaphotography-10-2-768x512.jpg","type":"","width":"","height":""}],"twitter_card":"summary_large_image","twitter_misc":{"Gesch\u00e4tzte Lesezeit":"3\u00a0Minuten"},"schema":{"@context":"https:\/\/schema.org","@graph":[{"@type":"WebPage","@id":"https:\/\/questheroes.es\/grand-600\/","url":"https:\/\/questheroes.es\/grand-600\/","name":"Grand 600 - Quest Heroes Bootsverleih Mallorca","isPartOf":{"@id":"https:\/\/questheroes.es\/#website"},"primaryImageOfPage":{"@id":"https:\/\/questheroes.es\/grand-600\/#primaryimage"},"image":{"@id":"https:\/\/questheroes.es\/grand-600\/#primaryimage"},"thumbnailUrl":"https:\/\/questheroes.es\/wp-content\/uploads\/2023\/07\/AbrahamGarciaphotography-10-2-768x512.jpg","datePublished":"2023-07-09T15:24:44+00:00","dateModified":"2024-07-29T09:19:27+00:00","breadcrumb":{"@id":"https:\/\/questheroes.es\/grand-600\/#breadcrumb"},"inLanguage":"de","potentialAction":[{"@type":"ReadAction","target":["https:\/\/questheroes.es\/grand-600\/"]}]},{"@type":"ImageObject","inLanguage":"de","@id":"https:\/\/questheroes.es\/grand-600\/#primaryimage","url":"https:\/\/questheroes.es\/wp-content\/uploads\/2023\/07\/AbrahamGarciaphotography-10-2-768x512.jpg","contentUrl":"https:\/\/questheroes.es\/wp-content\/uploads\/2023\/07\/AbrahamGarciaphotography-10-2-768x512.jpg"},{"@type":"BreadcrumbList","@id":"https:\/\/questheroes.es\/grand-600\/#breadcrumb","itemListElement":[{"@type":"ListItem","position":1,"name":"Home","item":"https:\/\/questheroes.es\/"},{"@type":"ListItem","position":2,"name":"Grand 600"}]},{"@type":"WebSite","@id":"https:\/\/questheroes.es\/#website","url":"https:\/\/questheroes.es\/","name":"Quest Heroes Bootsverleih Mallorca","description":"Mieten Sie ein Boot auf Mallorca","potentialAction":[{"@type":"SearchAction","target":{"@type":"EntryPoint","urlTemplate":"https:\/\/questheroes.es\/?s={search_term_string}"},"query-input":{"@type":"PropertyValueSpecification","valueRequired":true,"valueName":"search_term_string"}}],"inLanguage":"de"}]}},"_links":{"self":[{"href":"https:\/\/questheroes.es\/de\/wp-json\/wp\/v2\/pages\/20349","targetHints":{"allow":["GET"]}}],"collection":[{"href":"https:\/\/questheroes.es\/de\/wp-json\/wp\/v2\/pages"}],"about":[{"href":"https:\/\/questheroes.es\/de\/wp-json\/wp\/v2\/types\/page"}],"author":[{"embeddable":true,"href":"https:\/\/questheroes.es\/de\/wp-json\/wp\/v2\/users\/4309"}],"replies":[{"embeddable":true,"href":"https:\/\/questheroes.es\/de\/wp-json\/wp\/v2\/comments?post=20349"}],"version-history":[{"count":3,"href":"https:\/\/questheroes.es\/de\/wp-json\/wp\/v2\/pages\/20349\/revisions"}],"predecessor-version":[{"id":21496,"href":"https:\/\/questheroes.es\/de\/wp-json\/wp\/v2\/pages\/20349\/revisions\/21496"}],"wp:attachment":[{"href":"https:\/\/questheroes.es\/de\/wp-json\/wp\/v2\/media?parent=20349"}],"curies":[{"name":"wp","href":"https:\/\/api.w.org\/{rel}","templated":true}]}}