{"id":18116,"date":"2021-10-15T11:07:12","date_gmt":"2021-10-15T11:07:12","guid":{"rendered":"https:\/\/questheroes.es\/?page_id=18116"},"modified":"2023-07-02T13:30:29","modified_gmt":"2023-07-02T11:30:29","slug":"datenschutzrichtlinie-2","status":"publish","type":"page","link":"https:\/\/questheroes.es\/de\/privacy-policy-2\/","title":{"rendered":"Datenschutzbestimmungen"},"content":{"rendered":"<div data-elementor-type=\"wp-page\" data-elementor-id=\"18116\" class=\"elementor elementor-18116\">\n\t\t\t\t\t\t<section class=\"elementor-section elementor-top-section elementor-element elementor-element-c24f627 elementor-section-boxed elementor-section-height-default elementor-section-height-default sc_fly_static\" data-id=\"c24f627\" data-element_type=\"section\" data-e-type=\"section\">\n\t\t\t\t\t\t<div class=\"elementor-container elementor-column-gap-extended\">\n\t\t\t\t\t<div class=\"elementor-column elementor-col-100 elementor-top-column elementor-element elementor-element-0b569d5 sc_content_align_inherit sc_layouts_column_icons_position_left sc_fly_static\" data-id=\"0b569d5\" data-element_type=\"column\" data-e-type=\"column\">\n\t\t\t<div class=\"elementor-widget-wrap elementor-element-populated\">\n\t\t\t\t\t\t<div class=\"elementor-element elementor-element-472dc1e elementor-widget elementor-widget-text-editor\" data-id=\"472dc1e\" data-element_type=\"widget\" data-e-type=\"widget\" data-widget_type=\"text-editor.default\">\n\t\t\t\t\t\t\t\t\t<p>Wir informieren Sie dar\u00fcber, dass die personenbezogenen Daten unserer Kunden nach den Grunds\u00e4tzen der Transparenz, der Zweckbindung, der Datenminimierung, der Richtigkeit, der Integrit\u00e4t und der Vertraulichkeit sowie unter Einhaltung anderer Verpflichtungen und Garantien gem\u00e4\u00df der Verordnung (EU) 2016\/679 des Europ\u00e4ischen Parlaments und des Rates vom 27. April 2016 zum Schutz nat\u00fcrlicher Personen bei der Verarbeitung personenbezogener Daten und zum freien Datenverkehr verarbeitet werden.<\/p><p>Um der Verordnung zu entsprechen, haben wir unsere Datenschutzrichtlinie aktualisiert:<\/p><ol><li><b>Verantwortlicher f\u00fcr die Datenverarbeitung:<\/b>\u00a0Quest Heroes S.L., NIF B57957466, Adresse: C\/ Ginebro 417 A 1\u00ba, 07458 Playa de Muro, Telefon:\u00a0<a href=\"about:blank\">+34 63 636 0349<\/a>, E-Mail:\u00a0<a href=\"mailto:info@questheroes.es\">info@questheroes.es<\/a><\/li><li><b>Zweck der Verarbeitung:<\/b>\u00a0Wir verarbeiten Ihre Daten, um Ihnen die von Ihnen angeforderten Dienstleistungen zu erbringen, um Ihnen Mitteilungen \u00fcber gekaufte oder \u00e4hnliche Produkte zukommen zu lassen und um Rechnungen zu erstellen.<\/li><li><b>Herkunft und Kategorie der verarbeiteten Daten:<\/b>\u00a0Bei den von uns verarbeiteten personenbezogenen Daten handelt es sich um die Identifikationsdaten, die Sie \u00fcber das Anmeldeformular auf unserer Website angeben.<\/li><li><b>Lagerzeit:<\/b>\u00a0Die \u00fcbermittelten Daten werden so lange aufbewahrt, wie das Vertragsverh\u00e4ltnis dauert oder wie viele Jahre es erforderlich ist, um unseren gesetzlichen Verpflichtungen nachzukommen.<\/li><li><b>Legitimit\u00e4t:<\/b>\u00a0Wir verarbeiten Ihre Daten nur, wenn Sie ausdr\u00fccklich und in Kenntnis der Sachlage eingewilligt haben, und immer in \u00dcbereinstimmung mit den beschriebenen Zwecken.<\/li><li><b>Beg\u00fcnstigte:<\/b>\u00a0Die von Ihnen zur Verf\u00fcgung gestellten Daten werden nicht an Dritte weitergegeben, es sei denn, es besteht eine gesetzliche Verpflichtung dazu.<br \/>Um bestimmte, f\u00fcr die Erbringung des Dienstes notwendige Funktionen auszuf\u00fchren, k\u00f6nnen Ihre Daten jedoch von Dritten verarbeitet werden, die als Datenverarbeiter fungieren und vertraglich verpflichtet sind, ihre gesetzlichen Verpflichtungen zur Wahrung der Vertraulichkeit und der Geheimhaltung von Informationen einzuhalten.\u00a0<\/li><li><b>Internationale \u00dcberweisungen:<\/b>\u00a0Sie werden dar\u00fcber informiert, dass das Unternehmen die Verwaltung einiger Funktionen, die f\u00fcr die Erbringung des Dienstes erforderlich sind, an Datenverarbeiter au\u00dferhalb der EU vergibt und dass diese ein angemessenes Schutzniveau f\u00fcr personenbezogene Daten gew\u00e4hrleisten.<\/li><li><b>Rechte:<\/b>\u00a0Sie haben die folgenden Rechte in Bezug auf Ihre personenbezogenen Daten:<br \/>- Recht auf Zugang zu personenbezogenen Daten.<br \/>- Recht auf Berichtigung oder L\u00f6schung.<br \/>- Recht auf Einschr\u00e4nkung der Verarbeitung oder auf Widerspruch gegen die Verarbeitung.<br \/>- Recht auf Daten\u00fcbertragbarkeit.\u00a0<\/li><\/ol><p>Um Ihre Rechte auszu\u00fcben, k\u00f6nnen Sie uns per E-Mail benachrichtigen unter\u00a0<a href=\"mailto:info@questheroes.es\">info@questheroes.es<\/a>unter Angabe des Rechts, das Sie aus\u00fcben m\u00f6chten.<\/p><p>Wir informieren Sie auch dar\u00fcber, dass Sie bei der spanischen Datenschutzbeh\u00f6rde unter der Adresse Calle de Jorge Juan, 6, 28001 Madrid eine Beschwerde zum Schutz Ihrer Rechte einreichen k\u00f6nnen.<\/p><p><a href=\"https:\/\/www.nautal.com\/#privacy-more\">Mehr sehen<\/a>\u00a0<\/p><h4><b><i>Einf\u00fchrung<\/i><\/b><\/h4><p>Wir informieren Sie dar\u00fcber, dass die personenbezogenen Daten unserer Kunden nach den Grunds\u00e4tzen der Transparenz, der Zweckbindung, der Datenminimierung, der Richtigkeit, der Integrit\u00e4t und der Vertraulichkeit sowie unter Einhaltung anderer Verpflichtungen und Garantien gem\u00e4\u00df der Verordnung (EU) 2016\/679 des Europ\u00e4ischen Parlaments und des Rates vom 27. April 2016 zum Schutz nat\u00fcrlicher Personen bei der Verarbeitung personenbezogener Daten und zum freien Datenverkehr verarbeitet werden.<\/p><p>Um der oben genannten Verordnung zu entsprechen, haben wir unsere Datenschutzrichtlinie aktualisiert, die im Folgenden aufgef\u00fchrt ist:<\/p><p>\u00a0<\/p><ul><li><b>Wer ist der f\u00fcr die Verarbeitung Ihrer Daten Verantwortliche?<\/b><\/li><\/ul><ul><li>Zu welchem Zweck verarbeiten wir Ihre Daten und mit welcher Berechtigung?<\/li><\/ul><ul><li>Welche Datenkategorien verarbeiten wir und woher erhalten wir diese Daten?<\/li><\/ul><ul><li>Wer sind die Empf\u00e4nger Ihrer Daten und wie speichern wir sie?<\/li><\/ul><ul><li>Wie lange bewahren wir Ihre Daten auf?<\/li><\/ul><ul><li>Welche Rechte haben Sie und wie k\u00f6nnen Sie sie wahrnehmen?<\/li><\/ul><ul><li>\u00c4nderungen an der Datenschutzrichtlinie.<\/li><\/ul><p>\u00a0<\/p><p><br \/><br \/><\/p><h6><b>1. WER IST DER F\u00dcR DIE VERARBEITUNG IHRER DATEN VERANTWORTLICHE?\u00a0<\/b><\/h6><p>Der Inhaber der Datenverarbeitung ist die Firma Quest Heroes S.L., Steuernummer: NIF B57957466, Adresse: C\/ Ginebro 417 A 1\u00ba, 07458 Playa de Muro, vertreten durch Pawel Wiertel, als Verwalter. Telefon:\u00a0<a href=\"about:blank\">+34 636 36 03 49<\/a>,\u00a0<a href=\"mailto:info@questheroes.es\">info@questheroes.es<\/a>.<br \/>Das Unternehmen besch\u00e4ftigt sich mit der Vermietung von Freizeitbooten und bietet seine Dienstleistungen unter der Marke Quest Heroes an.<br \/>(nachstehend das \"Unternehmen\").\u00a0<\/p><h6><b>2. ZU WELCHEM ZWECK VERARBEITEN WIR IHRE DATEN UND MIT WELCHER BERECHTIGUNG?<\/b><\/h6><p>Die Informationen, die Sie uns \u00fcber die Website oder die Anwendung zur Verf\u00fcgung stellen, k\u00f6nnen je nach den von Ihnen angeforderten Dienstleistungen oder den Aktionen, zu denen Sie uns ausdr\u00fccklich erm\u00e4chtigen, variieren. Wir k\u00f6nnen Ihre Daten f\u00fcr die folgenden Zwecke verarbeiten:<\/p><ol><li>Um Ihnen den Verleih von Freizeitbooten anzubieten, Sie als Kunden zu registrieren und die vertragliche Beziehung zu verwalten, die wir mit Ihnen haben. Die Legitimationsgrundlage f\u00fcr diesen Zweck ist das Vertragsverh\u00e4ltnis zwischen Ihnen, dem Kunden, und uns, dem Unternehmen, und Ihr Antrag auf Registrierung.\u00a0<\/li><li>Um Ihnen per E-Mail Nachrichten \u00fcber vertraglich vereinbarte oder \u00e4hnliche Dienstleistungen zu senden. Wenn Sie diese Nachrichten nicht erhalten m\u00f6chten, k\u00f6nnen Sie den Empfang jederzeit ablehnen, indem Sie auf die erhaltene E-Mail antworten oder sich an unseren Kundendienst wenden. Die Legitimationsgrundlage f\u00fcr diesen Zweck ist das Vertragsverh\u00e4ltnis zwischen Ihnen, dem Kunden, und uns, dem Unternehmen, und die von Ihnen erteilte Einwilligung.\u00a0<\/li><li>Um unsere Dienstleistung in Rechnung zu stellen. Die Legitimationsgrundlage f\u00fcr diesen Zweck ist das Vertragsverh\u00e4ltnis zwischen Ihnen, dem Kunden, und uns, dem Unternehmen.\u00a0<\/li><\/ol><h6><b>3. WELCHE DATENKATEGORIEN VERARBEITEN WIR UND WOHER ERHALTEN WIR DIESE DATEN?<\/b><\/h6><p>Bei den von uns verarbeiteten personenbezogenen Daten handelt es sich um die Identifizierungsdaten, die Sie uns entweder direkt \u00fcber das Anmeldeformular auf unserer Website oder auf anderem Wege zur Verf\u00fcgung stellen, z. B. bei Anfragen oder Beschwerden, die an unseren Kundendienst gerichtet werden.<\/p><p>Die personenbezogenen Daten, die verarbeitet werden, umfassen die folgenden spezifischen Kategorien:<\/p><ul><li><b>Informationen zur Identifizierung:<\/b>\u00a0Vor- und Nachname, Adresse, E-Mail-Adresse, Telefonnummer, Nummer des Reisepasses oder eines anerkannten Identit\u00e4tsdokuments und Informationen.<\/li><li><b>Informationen zur Bezahlung:<\/b>\u00a0Kredit-\/Debitkartendaten oder andere Zahlungsinformationen.<\/li><li><b>Standort:<\/b>\u00a0wenn Sie standortbezogene Funktionen nutzen und in den Einstellungen Ihres Computers oder Mobiltelefons Standortdienste aktiviert haben, Ihren geografischen Echtzeit-Standort und Ihre IP-Adresse sowie die Standorte von Wi-Fi-Hotspots und Telefon-Relaisantennen.<\/li><\/ul><p>Das Unternehmen \u00fcbernimmt unter keinen Umst\u00e4nden die Haftung f\u00fcr die Verwendung falscher, ungenauer, unvollst\u00e4ndiger oder veralteter Informationen, die vom Kunden zur Verf\u00fcgung gestellt wurden.<\/p><h6><b>4. WER SIND DIE EMPF\u00c4NGER IHRER DATEN UND WIE SPEICHERN WIR SIE?<\/b><\/h6><p><b>4.1. Beg\u00fcnstigte:<\/b>\u00a0Die von Ihnen zur Verf\u00fcgung gestellten Daten werden nicht an Dritte weitergegeben, au\u00dfer an Beh\u00f6rden, Richter, Gerichte oder die Polizei, wenn wir gesetzlich dazu verpflichtet sind.<\/p><p><b>4.2. Datenverarbeiter:<\/b>\u00a0Zur Erf\u00fcllung bestimmter, f\u00fcr die Erbringung der Dienstleistungen des Unternehmens notwendiger Funktionen k\u00f6nnen Ihre Daten von Dritten verarbeitet werden, die als Datenverarbeiter fungieren und vertraglich verpflichtet sind, ihre gesetzlichen Verpflichtungen zur Vertraulichkeit und Geheimhaltung von Informationen einzuhalten.<\/p><p><b>4.3. Internationale \u00dcberweisungen:<\/b>\u00a0Die Daten, die wir \u00fcber Sie erheben, werden zwar in der Regel im Europ\u00e4ischen Wirtschaftsraum (EWR) gespeichert, sie k\u00f6nnen aber auch in ein Land au\u00dferhalb des EWR \u00fcbertragen und verarbeitet werden, indem das Cloud-Speichermodell verwendet wird. Wir weisen Sie darauf hin, dass eine \u00dcbermittlung an einen Ort au\u00dferhalb des EWR nur an Unternehmen erfolgt, die dem EU-US-Datenschutzschild angeh\u00f6ren, das ein angemessenes Niveau des Schutzes personenbezogener Daten gew\u00e4hrleistet. Weitere Informationen finden Sie unter:\u00a0<a href=\"https:\/\/www.privacyshield.gov\/welcome\">https:\/\/www.privacyshield.gov\/welcome.\u00a0<\/a><\/p><p><b>4.4. Kategorien:<\/b>\u00a0Die Kategorien von Empf\u00e4ngern, die Ihre Daten zu den angegebenen Zwecken und gem\u00e4\u00df der Legitimationsgrundlage verarbeiten d\u00fcrfen, sind die folgenden:<\/p><table><tbody><tr><td><p><b>EMPF\u00c4NGER<\/b><\/p><\/td><td><p><b>ART DER DATEN<\/b><\/p><\/td><td><p><b>LEGITIMIERENDE GRUNDLAGE<\/b><\/p><\/td><\/tr><tr><td><p>Beh\u00f6rden, Richter, Gerichte, die Polizei<\/p><\/td><td><p>Informationen zur Identifizierung<\/p><\/td><td><p>Erf\u00fcllung einer rechtlichen Verpflichtung<\/p><\/td><\/tr><tr><td><p>Hosting und Cloud-Speicherdienste<\/p><\/td><td><p>Informationen zur Identifizierung<\/p><\/td><td><p>Verwaltung des Vertragsverh\u00e4ltnisses<\/p><\/td><\/tr><tr><td><p>Post-, Verteilungs- und Nachrichtendienste<\/p><\/td><td><p>Informationen zur Identifizierung<\/p><\/td><td><p>Verwaltung des Vertragsverh\u00e4ltnisses<\/p><\/td><\/tr><\/tbody><\/table><h6><b>5. WIE LANGE BEWAHREN WIR IHRE DATEN AUF?<\/b><\/h6><p>Die \u00fcbermittelten Daten werden so lange aufbewahrt, wie das Vertragsverh\u00e4ltnis mit Ihnen, dem Kunden, andauert.<\/p><p>Wenn Ihre Daten f\u00fcr den Zweck, f\u00fcr den sie erhoben wurden, nicht mehr erforderlich sind, werden sie gesperrt und nur den zust\u00e4ndigen Beh\u00f6rden, Richtern, Gerichten, Staatsanw\u00e4lten usw. auf deren Ersuchen hin f\u00fcr die zur Erf\u00fcllung der gesetzlichen Verpflichtungen erforderliche Anzahl von Jahren zur Verf\u00fcgung gestellt; danach werden sie vollst\u00e4ndig gel\u00f6scht.<\/p><h6><b>6. WELCHE RECHTE HABEN SIE UND WIE K\u00d6NNEN SIE SIE WAHRNEHMEN?<\/b><\/h6><p><b>6.1. Rechte.<\/b>\u00a0Unsere Datenschutzbestimmungen gew\u00e4hren Ihnen eine Reihe von Rechten in Bezug auf die Verarbeitung Ihrer Daten, wenn Sie unsere Dienste in Anspruch nehmen. Diese lassen sich wie folgt zusammenfassen:<\/p><ol><li><b>Recht auf Zugang:<\/b>\u00a0um zu erfahren, welche Daten wir von Ihnen verarbeiten.<\/li><li><b>Recht auf Korrektur:<\/b>\u00a0die Berichtigung Ihrer Daten zu verlangen, wenn diese unrichtig oder unwahr sind.<\/li><li><b>Recht auf L\u00f6schung:<\/b>\u00a0die L\u00f6schung Ihrer Daten zu verlangen, wenn die Verarbeitung nicht mehr erforderlich ist.<\/li><li><b>Recht auf Einschr\u00e4nkung:<\/b>\u00a0die k\u00fcnftige Verarbeitung Ihrer Daten einzuschr\u00e4nken.<\/li><li><b>Recht auf Einspruch:<\/b>\u00a0den Empfang von kommerzieller Kommunikation abzulehnen.<\/li><li><b>Recht auf \u00dcbertragbarkeit:<\/b>\u00a0Ihnen die M\u00f6glichkeit zu geben, Ihre personenbezogenen Daten in einem allgemein gebr\u00e4uchlichen, strukturierten und maschinenlesbaren Format zu erhalten, damit sie an einen anderen f\u00fcr die Datenverarbeitung Verantwortlichen \u00fcbertragen, kopiert oder \u00fcbermittelt werden k\u00f6nnen.<\/li><\/ol><p><b>6.2. Recht auf Widerruf der Einwilligung.<\/b>\u00a0Sie k\u00f6nnen die von Ihnen erteilte Einwilligung widerrufen, indem Sie uns per E-Mail benachrichtigen\u00a0<a href=\"mailto:info@questheroes.es\">info@questheroes.es<\/a>\u00a0oder per Post an Apartado de Correos 6, 07400 Alcudia, Spanien.<\/p><p><b>6.3. Recht, nicht Gegenstand einer Entscheidung zu sein, die ausschlie\u00dflich auf einer automatisierten Verarbeitung von Daten beruht.<\/b>\u00a0Sie haben auch das Recht zu verlangen, dass keine Verarbeitung personenbezogener Daten erfolgt, bei der der f\u00fcr die Verarbeitung Verantwortliche Entscheidungen, die Sie erheblich beeintr\u00e4chtigen k\u00f6nnten, auf der Grundlage einer automatisierten Verarbeitung von Daten ohne menschliches Zutun trifft.<\/p><p><b>6.4. Aus\u00fcbung der Rechte.<\/b>\u00a0Das Unternehmen garantiert, dass es die notwendigen Ma\u00dfnahmen ergreift, um sicherzustellen, dass diese Rechte kostenlos ausge\u00fcbt werden k\u00f6nnen. Um Ihre Rechte auszu\u00fcben, k\u00f6nnen Sie uns per E-Mail benachrichtigen unter\u00a0<a href=\"mailto:info@questheroes.es\">info@questheroes.es<\/a>unter Angabe des Rechts, das Sie aus\u00fcben m\u00f6chten.<\/p><p><b>6.5. Recht auf Einreichung einer Beschwerde bei der Aufsichtsbeh\u00f6rde.<\/b>\u00a0Wir informieren Sie auch dar\u00fcber, dass Sie bei der spanischen Datenschutzbeh\u00f6rde unter der Adresse Calle de Jorge Juan, 6, 28001 Madrid eine Beschwerde zum Schutz Ihrer Rechte einreichen k\u00f6nnen.<\/p><h6><b>7. \u00c4NDERUNGEN AN DER DATENSCHUTZPOLITIK.\u00a0<\/b><\/h6><p>Unsere Datenschutzrichtlinie unterliegt regelm\u00e4\u00dfigen \u00c4nderungen. Die neueste Version unserer Datenschutzrichtlinie finden Sie auf unserer Website.<\/p>\t\t\t\t\t\t\t\t<\/div>\n\t\t\t\t\t<\/div>\n\t\t<\/div>\n\t\t\t\t\t<\/div>\n\t\t<\/section>\n\t\t\t\t<\/div>","protected":false},"excerpt":{"rendered":"<p>Wir informieren Sie, dass die pers\u00f6nlichen Daten unserer Kunden in \u00dcbereinstimmung mit den...<\/p>","protected":false},"author":4309,"featured_media":0,"parent":0,"menu_order":0,"comment_status":"closed","ping_status":"closed","template":"","meta":{"_joinchat":[],"footnotes":""},"class_list":["post-18116","page","type-page","status-publish","hentry"],"yoast_head":"<!-- This site is optimized with the Yoast SEO plugin v27.5 - https:\/\/yoast.com\/product\/yoast-seo-wordpress\/ -->\n<title>Privacy Policy - Quest Heroes Boat Rental Mallorca<\/title>\n<meta name=\"robots\" content=\"index, follow, max-snippet:-1, max-image-preview:large, max-video-preview:-1\" \/>\n<link rel=\"canonical\" href=\"https:\/\/questheroes.es\/de\/datenschutzrichtlinie-2\/\" \/>\n<meta property=\"og:locale\" content=\"de_DE\" \/>\n<meta property=\"og:type\" content=\"article\" \/>\n<meta property=\"og:title\" content=\"Privacy Policy - Quest Heroes Boat Rental Mallorca\" \/>\n<meta property=\"og:description\" content=\"We inform you that the personal data of our Customers is processed in accordance with&hellip;\" \/>\n<meta property=\"og:url\" content=\"https:\/\/questheroes.es\/de\/datenschutzrichtlinie-2\/\" \/>\n<meta property=\"og:site_name\" content=\"Quest Heroes Boat Rental Mallorca\" \/>\n<meta property=\"article:modified_time\" content=\"2023-07-02T11:30:29+00:00\" \/>\n<meta name=\"twitter:card\" content=\"summary_large_image\" \/>\n<meta name=\"twitter:label1\" content=\"Gesch\u00e4tzte Lesezeit\" \/>\n\t<meta name=\"twitter:data1\" content=\"8\u00a0Minuten\" \/>\n<script type=\"application\/ld+json\" class=\"yoast-schema-graph\">{\"@context\":\"https:\\\/\\\/schema.org\",\"@graph\":[{\"@type\":\"WebPage\",\"@id\":\"https:\\\/\\\/questheroes.es\\\/privacy-policy-2\\\/\",\"url\":\"https:\\\/\\\/questheroes.es\\\/privacy-policy-2\\\/\",\"name\":\"Privacy Policy - Quest Heroes Boat Rental Mallorca\",\"isPartOf\":{\"@id\":\"https:\\\/\\\/questheroes.es\\\/#website\"},\"datePublished\":\"2021-10-15T11:07:12+00:00\",\"dateModified\":\"2023-07-02T11:30:29+00:00\",\"breadcrumb\":{\"@id\":\"https:\\\/\\\/questheroes.es\\\/privacy-policy-2\\\/#breadcrumb\"},\"inLanguage\":\"de\",\"potentialAction\":[{\"@type\":\"ReadAction\",\"target\":[\"https:\\\/\\\/questheroes.es\\\/privacy-policy-2\\\/\"]}]},{\"@type\":\"BreadcrumbList\",\"@id\":\"https:\\\/\\\/questheroes.es\\\/privacy-policy-2\\\/#breadcrumb\",\"itemListElement\":[{\"@type\":\"ListItem\",\"position\":1,\"name\":\"Home\",\"item\":\"https:\\\/\\\/questheroes.es\\\/\"},{\"@type\":\"ListItem\",\"position\":2,\"name\":\"Privacy Policy\"}]},{\"@type\":\"WebSite\",\"@id\":\"https:\\\/\\\/questheroes.es\\\/#website\",\"url\":\"https:\\\/\\\/questheroes.es\\\/\",\"name\":\"Quest Heroes Boat Rental Mallorca\",\"description\":\"Rent a Boat In Mallorca\",\"potentialAction\":[{\"@type\":\"SearchAction\",\"target\":{\"@type\":\"EntryPoint\",\"urlTemplate\":\"https:\\\/\\\/questheroes.es\\\/?s={search_term_string}\"},\"query-input\":{\"@type\":\"PropertyValueSpecification\",\"valueRequired\":true,\"valueName\":\"search_term_string\"}}],\"inLanguage\":\"de\"}]}<\/script>\n<!-- \/ Yoast SEO plugin. -->","yoast_head_json":{"title":"Datenschutzerkl\u00e4rung - Quest Heroes Bootsverleih Mallorca","robots":{"index":"index","follow":"follow","max-snippet":"max-snippet:-1","max-image-preview":"max-image-preview:large","max-video-preview":"max-video-preview:-1"},"canonical":"https:\/\/questheroes.es\/de\/datenschutzrichtlinie-2\/","og_locale":"de_DE","og_type":"article","og_title":"Privacy Policy - Quest Heroes Boat Rental Mallorca","og_description":"We inform you that the personal data of our Customers is processed in accordance with&hellip;","og_url":"https:\/\/questheroes.es\/de\/datenschutzrichtlinie-2\/","og_site_name":"Quest Heroes Boat Rental Mallorca","article_modified_time":"2023-07-02T11:30:29+00:00","twitter_card":"summary_large_image","twitter_misc":{"Gesch\u00e4tzte Lesezeit":"8\u00a0Minuten"},"schema":{"@context":"https:\/\/schema.org","@graph":[{"@type":"WebPage","@id":"https:\/\/questheroes.es\/privacy-policy-2\/","url":"https:\/\/questheroes.es\/privacy-policy-2\/","name":"Datenschutzerkl\u00e4rung - Quest Heroes Bootsverleih Mallorca","isPartOf":{"@id":"https:\/\/questheroes.es\/#website"},"datePublished":"2021-10-15T11:07:12+00:00","dateModified":"2023-07-02T11:30:29+00:00","breadcrumb":{"@id":"https:\/\/questheroes.es\/privacy-policy-2\/#breadcrumb"},"inLanguage":"de","potentialAction":[{"@type":"ReadAction","target":["https:\/\/questheroes.es\/privacy-policy-2\/"]}]},{"@type":"BreadcrumbList","@id":"https:\/\/questheroes.es\/privacy-policy-2\/#breadcrumb","itemListElement":[{"@type":"ListItem","position":1,"name":"Home","item":"https:\/\/questheroes.es\/"},{"@type":"ListItem","position":2,"name":"Privacy Policy"}]},{"@type":"WebSite","@id":"https:\/\/questheroes.es\/#website","url":"https:\/\/questheroes.es\/","name":"Quest Heroes Bootsverleih Mallorca","description":"Mieten Sie ein Boot auf Mallorca","potentialAction":[{"@type":"SearchAction","target":{"@type":"EntryPoint","urlTemplate":"https:\/\/questheroes.es\/?s={search_term_string}"},"query-input":{"@type":"PropertyValueSpecification","valueRequired":true,"valueName":"search_term_string"}}],"inLanguage":"de"}]}},"_links":{"self":[{"href":"https:\/\/questheroes.es\/de\/wp-json\/wp\/v2\/pages\/18116","targetHints":{"allow":["GET"]}}],"collection":[{"href":"https:\/\/questheroes.es\/de\/wp-json\/wp\/v2\/pages"}],"about":[{"href":"https:\/\/questheroes.es\/de\/wp-json\/wp\/v2\/types\/page"}],"author":[{"embeddable":true,"href":"https:\/\/questheroes.es\/de\/wp-json\/wp\/v2\/users\/4309"}],"replies":[{"embeddable":true,"href":"https:\/\/questheroes.es\/de\/wp-json\/wp\/v2\/comments?post=18116"}],"version-history":[{"count":0,"href":"https:\/\/questheroes.es\/de\/wp-json\/wp\/v2\/pages\/18116\/revisions"}],"wp:attachment":[{"href":"https:\/\/questheroes.es\/de\/wp-json\/wp\/v2\/media?parent=18116"}],"curies":[{"name":"wp","href":"https:\/\/api.w.org\/{rel}","templated":true}]}}