{"id":18041,"date":"2021-10-15T08:12:55","date_gmt":"2021-10-15T08:12:55","guid":{"rendered":"https:\/\/questheroes.es\/?page_id=18041"},"modified":"2022-05-30T09:11:35","modified_gmt":"2022-05-30T09:11:35","slug":"dienstleistung-plus","status":"publish","type":"page","link":"https:\/\/questheroes.es\/de\/service-plus\/","title":{"rendered":"Service Plus"},"content":{"rendered":"<div data-elementor-type=\"wp-page\" data-elementor-id=\"18041\" class=\"elementor elementor-18041\">\n\t\t\t\t\t\t<section class=\"elementor-section elementor-top-section elementor-element elementor-element-16f9992 elementor-section-boxed elementor-section-height-default elementor-section-height-default sc_fly_static\" data-id=\"16f9992\" data-element_type=\"section\" data-e-type=\"section\" data-settings=\"{&quot;background_background&quot;:&quot;classic&quot;}\">\n\t\t\t\t\t\t<div class=\"elementor-container elementor-column-gap-extended\">\n\t\t\t\t\t<div class=\"elementor-column elementor-col-100 elementor-top-column elementor-element elementor-element-1900e3f sc_content_align_inherit sc_layouts_column_icons_position_left sc_fly_static\" data-id=\"1900e3f\" data-element_type=\"column\" data-e-type=\"column\">\n\t\t\t<div class=\"elementor-widget-wrap elementor-element-populated\">\n\t\t\t\t\t\t<section class=\"elementor-section elementor-inner-section elementor-element elementor-element-7193f8f elementor-section-boxed elementor-section-height-default elementor-section-height-default sc_fly_static\" data-id=\"7193f8f\" data-element_type=\"section\" data-e-type=\"section\">\n\t\t\t\t\t\t<div class=\"elementor-container elementor-column-gap-no\">\n\t\t\t\t\t<div class=\"elementor-column elementor-col-100 elementor-inner-column elementor-element elementor-element-fc970f2 sc_content_align_inherit sc_layouts_column_icons_position_left sc_fly_static\" data-id=\"fc970f2\" data-element_type=\"column\" data-e-type=\"column\">\n\t\t\t<div class=\"elementor-widget-wrap elementor-element-populated\">\n\t\t\t\t\t\t<div class=\"elementor-element elementor-element-292caf4 elementor-widget elementor-widget-spacer\" data-id=\"292caf4\" data-element_type=\"widget\" data-e-type=\"widget\" data-widget_type=\"spacer.default\">\n\t\t\t\t\t\t\t<div class=\"elementor-spacer\">\n\t\t\t<div class=\"elementor-spacer-inner\"><\/div>\n\t\t<\/div>\n\t\t\t\t\t\t<\/div>\n\t\t\t\t<div class=\"elementor-element elementor-element-aa49ccf sc_fly_static elementor-widget elementor-widget-trx_sc_layouts_title\" data-id=\"aa49ccf\" data-element_type=\"widget\" data-e-type=\"widget\" data-widget_type=\"trx_sc_layouts_title.default\">\n\t\t\t\t<div class=\"elementor-widget-container\">\n\t\t\t\t\t<div class=\"sc_layouts_title sc_align_center with_content without_image without_tint\" ><div class=\"sc_layouts_title_content\"><div class=\"sc_layouts_title_title\"><h1 class=\"sc_layouts_title_caption\">Service Plus<\/h1><\/div><\/div><\/div>\t\t\t\t<\/div>\n\t\t\t\t<\/div>\n\t\t\t\t<div class=\"elementor-element elementor-element-995b483 elementor-widget elementor-widget-spacer\" data-id=\"995b483\" data-element_type=\"widget\" data-e-type=\"widget\" data-widget_type=\"spacer.default\">\n\t\t\t\t\t\t\t<div class=\"elementor-spacer\">\n\t\t\t<div class=\"elementor-spacer-inner\"><\/div>\n\t\t<\/div>\n\t\t\t\t\t\t<\/div>\n\t\t\t\t<div class=\"elementor-element elementor-element-bbeec11 elementor-view-default elementor-widget elementor-widget-icon\" data-id=\"bbeec11\" data-element_type=\"widget\" data-e-type=\"widget\" data-widget_type=\"icon.default\">\n\t\t\t\t\t\t\t<div class=\"elementor-icon-wrapper\">\n\t\t\t<div class=\"elementor-icon\">\n\t\t\t\t\t\t<\/div>\n\t\t<\/div>\n\t\t\t\t\t\t<\/div>\n\t\t\t\t<div class=\"elementor-element elementor-element-073eef4 sc_height_huge elementor-widget elementor-widget-spacer\" data-id=\"073eef4\" data-element_type=\"widget\" data-e-type=\"widget\" data-widget_type=\"spacer.default\">\n\t\t\t\t\t\t\t<div class=\"elementor-spacer\">\n\t\t\t<div class=\"elementor-spacer-inner\"><\/div>\n\t\t<\/div>\n\t\t\t\t\t\t<\/div>\n\t\t\t\t\t<\/div>\n\t\t<\/div>\n\t\t\t\t\t<\/div>\n\t\t<\/section>\n\t\t\t\t<section class=\"elementor-section elementor-inner-section elementor-element elementor-element-7c719fc elementor-section-boxed elementor-section-height-default elementor-section-height-default sc_fly_static\" data-id=\"7c719fc\" data-element_type=\"section\" data-e-type=\"section\">\n\t\t\t\t\t\t<div class=\"elementor-container elementor-column-gap-no\">\n\t\t\t\t\t<div class=\"elementor-column elementor-col-100 elementor-inner-column elementor-element elementor-element-b9f5c09 sc_content_align_inherit sc_layouts_column_icons_position_left sc_fly_static\" data-id=\"b9f5c09\" data-element_type=\"column\" data-e-type=\"column\">\n\t\t\t<div class=\"elementor-widget-wrap elementor-element-populated\">\n\t\t\t\t\t\t<div class=\"elementor-element elementor-element-cb76821 sc_fly_static elementor-widget elementor-widget-trx_sc_title\" data-id=\"cb76821\" data-element_type=\"widget\" data-e-type=\"widget\" data-widget_type=\"trx_sc_title.default\">\n\t\t\t\t<div class=\"elementor-widget-container\">\n\t\t\t\t\t<div\t\tclass=\"sc_title sc_title_default\" ><h5 class=\"sc_item_title sc_title_title sc_item_title_style_default sc_item_title_tag\"\n\t\t\t><span class=\"sc_item_title_text\">Sehr geehrte Kunden,<\/span><\/h5><\/div>\t\t\t\t<\/div>\n\t\t\t\t<\/div>\n\t\t\t\t<div class=\"elementor-element elementor-element-d34a474 elementor-widget elementor-widget-text-editor\" data-id=\"d34a474\" data-element_type=\"widget\" data-e-type=\"widget\" data-widget_type=\"text-editor.default\">\n\t\t\t\t\t\t\t\t\t<p>Unser vorrangiges Ziel ist die Entwicklung eines sicheren und anpassbaren Theme-Frameworks, das den Anforderungen der Endnutzer gerecht wird. Daher k\u00f6nnen unsere Kunden mit minimalem Aufwand Websites auf Basis unserer Vorlagen erstellen! Dieser Prozess erfordert nur minimale Kenntnisse in WordPress oder Programmierung; umfangreiche Dokumentationen sowie unser Support-Team stehen Ihnen jederzeit zur Verf\u00fcgung. Bitte beachten Sie jedoch, dass manchmal Probleme auftreten k\u00f6nnen, die nicht durch eine Fehlfunktion der Vorlage verursacht werden. Es kann Situationen geben, in denen weder das Produkt selbst noch unser Framework schuld sind. Unter anderem kann die Leistung des Themes durch Servereinstellungen, zus\u00e4tzliche Funktionen, die eine tiefgreifende Dateianpassung erfordern, die Verwendung externer Plugins und nat\u00fcrlich durch den Versuch, eine Website in sehr kurzer Zeit zu erstellen, beeintr\u00e4chtigt werden.<\/p><p>Wir kennen unser Theme-Framework in- und auswendig und verf\u00fcgen \u00fcber ein hochprofessionelles Entwicklerteam. Dieses hilft Ihnen bei der Entwicklung der Website, die Sie ben\u00f6tigen. Wenn Sie eine Anpassung Ihrer Website w\u00fcnschen, wenden Sie sich bitte an unser Support-Team, um weitere Informationen zu erhalten: <a href=\"https:\/\/themerex.net\/support\/\">https:\/\/themerex.net\/support\/<\/a>.<\/p>\t\t\t\t\t\t\t\t<\/div>\n\t\t\t\t<div class=\"elementor-element elementor-element-12b1da0 sc_layouts_hide_on_tablet sc_layouts_hide_on_mobile elementor-widget elementor-widget-spacer\" data-id=\"12b1da0\" data-element_type=\"widget\" data-e-type=\"widget\" data-widget_type=\"spacer.default\">\n\t\t\t\t\t\t\t<div class=\"elementor-spacer\">\n\t\t\t<div class=\"elementor-spacer-inner\"><\/div>\n\t\t<\/div>\n\t\t\t\t\t\t<\/div>\n\t\t\t\t\t<\/div>\n\t\t<\/div>\n\t\t\t\t\t<\/div>\n\t\t<\/section>\n\t\t\t\t<section class=\"elementor-section elementor-inner-section elementor-element elementor-element-cdf0d72 elementor-section-boxed elementor-section-height-default elementor-section-height-default sc_fly_static\" data-id=\"cdf0d72\" data-element_type=\"section\" data-e-type=\"section\">\n\t\t\t\t\t\t<div class=\"elementor-container elementor-column-gap-no\">\n\t\t\t\t\t<div class=\"elementor-column elementor-col-100 elementor-inner-column elementor-element elementor-element-08a806d sc_content_align_inherit sc_layouts_column_icons_position_left sc_fly_static\" data-id=\"08a806d\" data-element_type=\"column\" data-e-type=\"column\">\n\t\t\t<div class=\"elementor-widget-wrap elementor-element-populated\">\n\t\t\t\t\t\t<div class=\"elementor-element elementor-element-c25b9fb sc_height_large elementor-widget elementor-widget-spacer\" data-id=\"c25b9fb\" data-element_type=\"widget\" data-e-type=\"widget\" data-widget_type=\"spacer.default\">\n\t\t\t\t\t\t\t<div class=\"elementor-spacer\">\n\t\t\t<div class=\"elementor-spacer-inner\"><\/div>\n\t\t<\/div>\n\t\t\t\t\t\t<\/div>\n\t\t\t\t<div class=\"elementor-element elementor-element-234663c sc_fly_static elementor-widget elementor-widget-trx_sc_title\" data-id=\"234663c\" data-element_type=\"widget\" data-e-type=\"widget\" data-widget_type=\"trx_sc_title.default\">\n\t\t\t\t<div class=\"elementor-widget-container\">\n\t\t\t\t\t<div\t\tclass=\"sc_title sc_title_default\" ><span class=\"sc_item_subtitle sc_title_subtitle sc_align_center sc_item_subtitle_above sc_item_title_style_default\">Anpassung<\/span><h1 class=\"sc_item_title sc_title_title sc_align_center sc_item_title_style_default sc_item_title_tag\"\n\t\t\t><span class=\"sc_item_title_text\">Pakete<\/span><\/h1><\/div>\t\t\t\t<\/div>\n\t\t\t\t<\/div>\n\t\t\t\t<div class=\"elementor-element elementor-element-6b1b6e8 elementor-widget elementor-widget-spacer\" data-id=\"6b1b6e8\" data-element_type=\"widget\" data-e-type=\"widget\" data-widget_type=\"spacer.default\">\n\t\t\t\t\t\t\t<div class=\"elementor-spacer\">\n\t\t\t<div class=\"elementor-spacer-inner\"><\/div>\n\t\t<\/div>\n\t\t\t\t\t\t<\/div>\n\t\t\t\t<div class=\"elementor-element elementor-element-54e2143 sc_fly_static elementor-widget elementor-widget-trx_sc_price\" data-id=\"54e2143\" data-element_type=\"widget\" data-e-type=\"widget\" data-widget_type=\"trx_sc_price.default\">\n\t\t\t\t<div class=\"elementor-widget-container\">\n\t\t\t\t\t<div  \r\n\tclass=\"sc_price color_style_link2 sc_price_focus\"><div class=\"sc_price_columns_wrap sc_item_columns trx_addons_columns_wrap columns_padding_bottom columns_in_single_row\"><div class=\"trx_addons_column-1_3\"><div class=\"sc_price_item sc_price_item_focus\">\r\n\t\t\t<div class=\"sc_price_item_inner\"><div class=\"sc_price_item_info_top\"><h3 class=\"sc_price_item_title\"><span>Installation + Logo-\u00c4nderung<\/span><\/h3><\/div><div class=\"sc_price_item_icon sc_price_item_icon_type_ icon-buoys\"\r\n\t\t\t\t\t\t\t\t\t\t\t\t><span class=\"sc_icon_type_ icon-buoys\"\r\n\t\t\t\t\t\t\t\t\t\t\t\t\t\t\t><\/span><\/div><div class=\"sc_price_item_info\"><div class=\"sc_price_item_price\"><span class=\"sc_price_item_price_before\">$<\/span><span class=\"sc_price_item_price_value\">39<\/span><\/div><div class=\"sc_price_item_details\"><ul class=\"trx_addons_list trx_addons_list_dot\">\n \t<li>Die Vorlage wird genau so auf Ihrem Server installiert, wie sie in der Demo aussieht. Sie erhalten Zugriff auf das Admin-Panel, sodass Sie Ihre Website verwalten k\u00f6nnen.<\/li>\n \t<li>Wir ersetzen das Logo der Vorlage auf jeder Seite der Vorlage durch Ihr Logo. Das Logo muss in guter Qualit\u00e4t im Format .PSD, .EPS, .PNG oder .JPG vorliegen. Die Breite des Logos sollte zwischen 300 und 600 Pixel betragen.<\/li>\n<\/ul><\/div><a href=\"https:\/\/themerex.net\/downloads\/theme-installation\/?utm_source=demosplus&#038;utm_medium=demosplus&#038;utm_campaign=demosplus\" class=\"sc_price_item_link sc_button_bordered sc_button\" target=\"_blank\">SCHNAPPEN SIE SICH DIESES ANGEBOT<\/a><\/div><!-- \/.sc_price_item_info --><\/div><!-- \/.sc_price_item_inner --><\/div><\/div><div class=\"trx_addons_column-1_3\"><div class=\"sc_price_item sc_price_active sc_price_item_focus\">\r\n\t\t\t<div class=\"sc_price_item_inner\"><div class=\"sc_price_item_info_top\"><h3 class=\"sc_price_item_title\"><span>Gebrauchsfertige Website<\/span><\/h3><\/div><div class=\"sc_price_item_icon sc_price_item_icon_type_ icon-compass\"\r\n\t\t\t\t\t\t\t\t\t\t\t\t><span class=\"sc_icon_type_ icon-compass\"\r\n\t\t\t\t\t\t\t\t\t\t\t\t\t\t\t><\/span><\/div><div class=\"sc_price_item_info\"><div class=\"sc_price_item_price\"><span class=\"sc_price_item_price_before\">$<\/span><span class=\"sc_price_item_price_value\">350<\/span><\/div><div class=\"sc_price_item_details\"><ul class=\"trx_addons_list trx_addons_list_dot\">\n \t<li class=\"icon-check-1\" aria-level=\"1\">Theme-Installation auf Ihrem Server mit Ihrem Logo<\/li>\n \t<li class=\"icon icon-check-1\" aria-level=\"1\">Google-Karte mit Ihrer Adresse<\/li>\n \t<li class=\"icon icon-check-1\" aria-level=\"1\">Ersetzen von Inhalten und Bildern auf bis zu 6 Seiten (ohne Layout\u00e4nderung)<\/li>\n \t<li class=\"icon icon-check-1\" aria-level=\"1\">Entfernen Sie Elemente, die Sie auf Ihrer Website nicht ben\u00f6tigen.<\/li>\n \t<li class=\"icon icon-check-1\" aria-level=\"1\">Soziale Symbole (ohne \u00c4nderung des Layouts des Themas)<\/li>\n \t<li class=\"icon icon-check-1\" aria-level=\"1\">Ersetzen des Farbschemas<\/li>\n<\/ul><\/div><a href=\"https:\/\/themerex.net\/downloads\/ready-use-website\/?utm_source=demosplus&#038;utm_medium=demosplus&#038;utm_campaign=demosplus\" class=\"sc_price_item_link sc_button_bordered sc_button\" target=\"_blank\">SCHNAPPEN SIE SICH DIESES ANGEBOT<\/a><\/div><!-- \/.sc_price_item_info --><\/div><!-- \/.sc_price_item_inner --><\/div><\/div><div class=\"trx_addons_column-1_3\"><div class=\"sc_price_item sc_price_item_focus\">\r\n\t\t\t<div class=\"sc_price_item_inner\"><div class=\"sc_price_item_info_top\"><h3 class=\"sc_price_item_title\"><span>Komplettes Website-Paket<\/span><\/h3><\/div><div class=\"sc_price_item_icon sc_price_item_icon_type_ icon-yacht\"\r\n\t\t\t\t\t\t\t\t\t\t\t\t><span class=\"sc_icon_type_ icon-yacht\"\r\n\t\t\t\t\t\t\t\t\t\t\t\t\t\t\t><\/span><\/div><div class=\"sc_price_item_info\"><div class=\"sc_price_item_price\"><span class=\"sc_price_item_price_before\">$<\/span><span class=\"sc_price_item_price_value\">699<\/span><\/div><div class=\"sc_price_item_details\"><ul class=\"trx_addons_list trx_addons_list_dot\">\n \t<li class=\"icon icon-check-1\" aria-level=\"1\">WordPress und Theme-Installation<\/li>\n \t<li class=\"icon icon-check-1\" aria-level=\"1\">Anpassung des Website-Brandings<\/li>\n \t<li class=\"icon icon-check-1\" aria-level=\"1\">Inhaltsentwicklung (15 lizenzfreie Bilder und 1500 W\u00f6rter Text)<\/li>\n \t<li class=\"icon icon-check-1\" aria-level=\"1\">Einrichtung der Inhalte (Hinzuf\u00fcgen von 6 Seiten, 6 Beitr\u00e4gen, Revolution Sliders)<\/li>\n \t<li class=\"icon icon-check-1\" aria-level=\"1\">SEO-Grundlagen<\/li>\n \t<li class=\"icon icon-check-1\" aria-level=\"1\">Optimierung der Website-Geschwindigkeit<\/li>\n<\/ul><\/div><a href=\"https:\/\/themerex.net\/downloads\/full-website-package\/?utm_source=demosplus&#038;utm_medium=demosplus&#038;utm_campaign=demosplus\" class=\"sc_price_item_link sc_button_bordered sc_button\" target=\"_blank\">SCHNAPPEN SIE SICH DIESES ANGEBOT<\/a><\/div><!-- \/.sc_price_item_info --><\/div><!-- \/.sc_price_item_inner --><\/div><\/div><\/div><\/div><!-- \/.sc_price -->\t\t\t\t<\/div>\n\t\t\t\t<\/div>\n\t\t\t\t<div class=\"elementor-element elementor-element-6e5fc0b sc_height_huge sc_layouts_hide_on_mobile elementor-widget elementor-widget-spacer\" data-id=\"6e5fc0b\" data-element_type=\"widget\" data-e-type=\"widget\" data-widget_type=\"spacer.default\">\n\t\t\t\t\t\t\t<div class=\"elementor-spacer\">\n\t\t\t<div class=\"elementor-spacer-inner\"><\/div>\n\t\t<\/div>\n\t\t\t\t\t\t<\/div>\n\t\t\t\t<div class=\"elementor-element elementor-element-9049989 sc_height_medium sc_layouts_hide_on_wide sc_layouts_hide_on_desktop sc_layouts_hide_on_notebook sc_layouts_hide_on_tablet elementor-widget elementor-widget-spacer\" data-id=\"9049989\" data-element_type=\"widget\" data-e-type=\"widget\" data-widget_type=\"spacer.default\">\n\t\t\t\t\t\t\t<div class=\"elementor-spacer\">\n\t\t\t<div class=\"elementor-spacer-inner\"><\/div>\n\t\t<\/div>\n\t\t\t\t\t\t<\/div>\n\t\t\t\t\t<\/div>\n\t\t<\/div>\n\t\t\t\t\t<\/div>\n\t\t<\/section>\n\t\t\t\t\t<\/div>\n\t\t<\/div>\n\t\t\t\t\t<\/div>\n\t\t<\/section>\n\t\t\t\t<\/div>","protected":false},"excerpt":{"rendered":"<p>Service Plus Dear Customers, Our primary goal is developing a secure and customizable theme framework&hellip;<\/p>","protected":false},"author":4309,"featured_media":0,"parent":0,"menu_order":0,"comment_status":"closed","ping_status":"closed","template":"","meta":{"_joinchat":[],"footnotes":""},"class_list":["post-18041","page","type-page","status-publish","hentry"],"yoast_head":"<!-- This site is optimized with the Yoast SEO plugin v27.5 - https:\/\/yoast.com\/product\/yoast-seo-wordpress\/ -->\n<title>Service Plus - Quest Heroes Boat Rental Mallorca<\/title>\n<meta name=\"robots\" content=\"index, follow, max-snippet:-1, max-image-preview:large, max-video-preview:-1\" \/>\n<link rel=\"canonical\" href=\"https:\/\/questheroes.es\/de\/dienstleistung-plus\/\" \/>\n<meta property=\"og:locale\" content=\"de_DE\" \/>\n<meta property=\"og:type\" content=\"article\" \/>\n<meta property=\"og:title\" content=\"Service Plus - Quest Heroes Boat Rental Mallorca\" \/>\n<meta property=\"og:description\" content=\"Service Plus Dear Customers, Our primary goal is developing a secure and customizable theme framework&hellip;\" \/>\n<meta property=\"og:url\" content=\"https:\/\/questheroes.es\/de\/dienstleistung-plus\/\" \/>\n<meta property=\"og:site_name\" content=\"Quest Heroes Boat Rental Mallorca\" \/>\n<meta property=\"article:modified_time\" content=\"2022-05-30T09:11:35+00:00\" \/>\n<meta name=\"twitter:card\" content=\"summary_large_image\" \/>\n<meta name=\"twitter:label1\" content=\"Gesch\u00e4tzte Lesezeit\" \/>\n\t<meta name=\"twitter:data1\" content=\"2\u00a0Minuten\" \/>\n<script type=\"application\/ld+json\" class=\"yoast-schema-graph\">{\"@context\":\"https:\\\/\\\/schema.org\",\"@graph\":[{\"@type\":\"WebPage\",\"@id\":\"https:\\\/\\\/questheroes.es\\\/service-plus\\\/\",\"url\":\"https:\\\/\\\/questheroes.es\\\/service-plus\\\/\",\"name\":\"Service Plus - Quest Heroes Boat Rental Mallorca\",\"isPartOf\":{\"@id\":\"https:\\\/\\\/questheroes.es\\\/#website\"},\"datePublished\":\"2021-10-15T08:12:55+00:00\",\"dateModified\":\"2022-05-30T09:11:35+00:00\",\"breadcrumb\":{\"@id\":\"https:\\\/\\\/questheroes.es\\\/service-plus\\\/#breadcrumb\"},\"inLanguage\":\"de\",\"potentialAction\":[{\"@type\":\"ReadAction\",\"target\":[\"https:\\\/\\\/questheroes.es\\\/service-plus\\\/\"]}]},{\"@type\":\"BreadcrumbList\",\"@id\":\"https:\\\/\\\/questheroes.es\\\/service-plus\\\/#breadcrumb\",\"itemListElement\":[{\"@type\":\"ListItem\",\"position\":1,\"name\":\"Home\",\"item\":\"https:\\\/\\\/questheroes.es\\\/\"},{\"@type\":\"ListItem\",\"position\":2,\"name\":\"Service Plus\"}]},{\"@type\":\"WebSite\",\"@id\":\"https:\\\/\\\/questheroes.es\\\/#website\",\"url\":\"https:\\\/\\\/questheroes.es\\\/\",\"name\":\"Quest Heroes Boat Rental Mallorca\",\"description\":\"Rent a Boat In Mallorca\",\"potentialAction\":[{\"@type\":\"SearchAction\",\"target\":{\"@type\":\"EntryPoint\",\"urlTemplate\":\"https:\\\/\\\/questheroes.es\\\/?s={search_term_string}\"},\"query-input\":{\"@type\":\"PropertyValueSpecification\",\"valueRequired\":true,\"valueName\":\"search_term_string\"}}],\"inLanguage\":\"de\"}]}<\/script>\n<!-- \/ Yoast SEO plugin. -->","yoast_head_json":{"title":"Service Plus \u2013 Quest Heroes Bootsverleih Mallorca","robots":{"index":"index","follow":"follow","max-snippet":"max-snippet:-1","max-image-preview":"max-image-preview:large","max-video-preview":"max-video-preview:-1"},"canonical":"https:\/\/questheroes.es\/de\/dienstleistung-plus\/","og_locale":"de_DE","og_type":"article","og_title":"Service Plus - Quest Heroes Boat Rental Mallorca","og_description":"Service Plus Dear Customers, Our primary goal is developing a secure and customizable theme framework&hellip;","og_url":"https:\/\/questheroes.es\/de\/dienstleistung-plus\/","og_site_name":"Quest Heroes Boat Rental Mallorca","article_modified_time":"2022-05-30T09:11:35+00:00","twitter_card":"summary_large_image","twitter_misc":{"Gesch\u00e4tzte Lesezeit":"2\u00a0Minuten"},"schema":{"@context":"https:\/\/schema.org","@graph":[{"@type":"WebPage","@id":"https:\/\/questheroes.es\/service-plus\/","url":"https:\/\/questheroes.es\/service-plus\/","name":"Service Plus \u2013 Quest Heroes Bootsverleih Mallorca","isPartOf":{"@id":"https:\/\/questheroes.es\/#website"},"datePublished":"2021-10-15T08:12:55+00:00","dateModified":"2022-05-30T09:11:35+00:00","breadcrumb":{"@id":"https:\/\/questheroes.es\/service-plus\/#breadcrumb"},"inLanguage":"de","potentialAction":[{"@type":"ReadAction","target":["https:\/\/questheroes.es\/service-plus\/"]}]},{"@type":"BreadcrumbList","@id":"https:\/\/questheroes.es\/service-plus\/#breadcrumb","itemListElement":[{"@type":"ListItem","position":1,"name":"Home","item":"https:\/\/questheroes.es\/"},{"@type":"ListItem","position":2,"name":"Service Plus"}]},{"@type":"WebSite","@id":"https:\/\/questheroes.es\/#website","url":"https:\/\/questheroes.es\/","name":"Quest Heroes Bootsverleih Mallorca","description":"Mieten Sie ein Boot auf Mallorca","potentialAction":[{"@type":"SearchAction","target":{"@type":"EntryPoint","urlTemplate":"https:\/\/questheroes.es\/?s={search_term_string}"},"query-input":{"@type":"PropertyValueSpecification","valueRequired":true,"valueName":"search_term_string"}}],"inLanguage":"de"}]}},"_links":{"self":[{"href":"https:\/\/questheroes.es\/de\/wp-json\/wp\/v2\/pages\/18041","targetHints":{"allow":["GET"]}}],"collection":[{"href":"https:\/\/questheroes.es\/de\/wp-json\/wp\/v2\/pages"}],"about":[{"href":"https:\/\/questheroes.es\/de\/wp-json\/wp\/v2\/types\/page"}],"author":[{"embeddable":true,"href":"https:\/\/questheroes.es\/de\/wp-json\/wp\/v2\/users\/4309"}],"replies":[{"embeddable":true,"href":"https:\/\/questheroes.es\/de\/wp-json\/wp\/v2\/comments?post=18041"}],"version-history":[{"count":0,"href":"https:\/\/questheroes.es\/de\/wp-json\/wp\/v2\/pages\/18041\/revisions"}],"wp:attachment":[{"href":"https:\/\/questheroes.es\/de\/wp-json\/wp\/v2\/media?parent=18041"}],"curies":[{"name":"wp","href":"https:\/\/api.w.org\/{rel}","templated":true}]}}